{"id":2398,"date":"2022-06-12T15:04:04","date_gmt":"2022-06-12T13:04:04","guid":{"rendered":"https:\/\/www.xlspadlock.com\/?page_id=2398"},"modified":"2023-11-26T20:43:43","modified_gmt":"2023-11-26T19:43:43","slug":"caracteristicas","status":"publish","type":"page","link":"https:\/\/www.xlspadlock.com\/es\/features","title":{"rendered":"Caracter\u00edsticas"},"content":{"rendered":"<h1 class=\"gb-headline gb-headline-a9544655 gb-headline-text gb-headline-197f6b28\">Tour de caracter\u00edsticas<\/h1>\n\n\n\n<p>Elige la caracter\u00edstica que quieres explorar:<\/p>\n\n\n\n<div class=\"gb-grid-wrapper gb-grid-wrapper-6d82d4bf gb-query-loop-wrapper\">\n<div class=\"gb-grid-column gb-grid-column-14cf7830 gb-query-loop-item post-2404 page type-page status-publish\"><div class=\"gb-container gb-container-14cf7830\"><div class=\"gb-inside-container\">\n<h2 class=\"gb-headline gb-headline-d29ee5c8 gb-headline-text\"><a href=\"https:\/\/www.xlspadlock.com\/es\/protect-workbook\">Proteja su libro de trabajo de Excel con XLS Padlock<\/a><\/h2>\n\n<div class=\"gb-headline gb-headline-4ee4a8fa gb-headline-text\">Convierte un libro de Excel en EXE protegido Pasos para proteger un libro de Excel 1. En Excel, abre el libro que quieres proteger (cualquier Excel &#8230; <a title=\"Proteja su libro de trabajo de Excel con XLS Padlock\" class=\"read-more\" href=\"https:\/\/www.xlspadlock.com\/es\/protect-workbook\" aria-label=\"Leer m\u00e1s sobre Protege tu libro de Excel con XLS Padlock\">Leer m\u00e1s<\/a><\/div>\n<\/div><\/div><\/div>\n\n<div class=\"gb-grid-column gb-grid-column-14cf7830 gb-query-loop-item post-2476 page type-page status-publish\"><div class=\"gb-container gb-container-14cf7830\"><div class=\"gb-inside-container\">\n<h2 class=\"gb-headline gb-headline-d29ee5c8 gb-headline-text\"><a href=\"https:\/\/www.xlspadlock.com\/es\/distribute-workbook\">Distribuya un libro de trabajo protegido<\/a><\/h2>\n\n<div class=\"gb-headline gb-headline-4ee4a8fa gb-headline-text\">C\u00f3mo distribuir un libro protegido Es f\u00e1cil distribuir un libro protegido con XLS Padlock. Cuando haces clic en \u201cConstruir aplicaci\u00f3n segura\u201d, XLS Padlock genera &#8230; <a title=\"Distribuya un libro de trabajo protegido\" class=\"read-more\" href=\"https:\/\/www.xlspadlock.com\/es\/distribute-workbook\" aria-label=\"Leer m\u00e1s sobre Distribuir un libro protegido\">Leer m\u00e1s<\/a><\/div>\n<\/div><\/div><\/div>\n\n<div class=\"gb-grid-column gb-grid-column-14cf7830 gb-query-loop-item post-2507 page type-page status-publish\"><div class=\"gb-container gb-container-14cf7830\"><div class=\"gb-inside-container\">\n<h2 class=\"gb-headline gb-headline-d29ee5c8 gb-headline-text\"><a href=\"https:\/\/www.xlspadlock.com\/es\/security\">Seguridad para libros de trabajo de Excel<\/a><\/h2>\n\n<div class=\"gb-headline gb-headline-4ee4a8fa gb-headline-text\">Seguridad \u00f3ptima para tus libros de Excel XLS Padlock proporciona seguridad \u00f3ptima para tus libros de Excel a trav\u00e9s de varias opciones y caracter\u00edsticas de seguridad como se detalla a continuaci\u00f3n. Haz &#8230; <a title=\"Seguridad para libros de trabajo de Excel\" class=\"read-more\" href=\"https:\/\/www.xlspadlock.com\/es\/security\" aria-label=\"Leer m\u00e1s sobre Seguridad para libros de Excel\">Leer m\u00e1s<\/a><\/div>\n<\/div><\/div><\/div>\n\n<div class=\"gb-grid-column gb-grid-column-14cf7830 gb-query-loop-item post-2515 page type-page status-publish\"><div class=\"gb-container gb-container-14cf7830\"><div class=\"gb-inside-container\">\n<h2 class=\"gb-headline gb-headline-d29ee5c8 gb-headline-text\"><a href=\"https:\/\/www.xlspadlock.com\/es\/hardware-locked-keys\">Protecci\u00f3n de libros de trabajo de Excel con claves vinculadas al hardware<\/a><\/h2>\n\n<div class=\"gb-headline gb-headline-4ee4a8fa gb-headline-text\">Claves bloqueadas por hardware: un medio eficiente para prevenir el intercambio de tu libro de Excel Quieres dar acceso a tu libro de Excel a algunas personas &#8230; <a title=\"Protecci\u00f3n de libros de trabajo de Excel con claves vinculadas al hardware\" class=\"read-more\" href=\"https:\/\/www.xlspadlock.com\/es\/hardware-locked-keys\" aria-label=\"Leer m\u00e1s sobre Protecci\u00f3n de libros Excel con claves ligadas al hardware\">Leer m\u00e1s<\/a><\/div>\n<\/div><\/div><\/div>\n\n<div class=\"gb-grid-column gb-grid-column-14cf7830 gb-query-loop-item post-2532 page type-page status-publish\"><div class=\"gb-container gb-container-14cf7830\"><div class=\"gb-inside-container\">\n<h2 class=\"gb-headline gb-headline-d29ee5c8 gb-headline-text\"><a href=\"https:\/\/www.xlspadlock.com\/es\/xl-workbook-online-activation\">Activaci\u00f3n y licencias en l\u00ednea para libros de trabajo de Excel<\/a><\/h2>\n\n<div class=\"gb-headline gb-headline-4ee4a8fa gb-headline-text\">Activaci\u00f3n en l\u00ednea: controla qui\u00e9n puede usar tu libro de Excel \u00bfQuieres ofrecer una prueba gratuita de tu libro a tus futuros clientes y recopilar correos electr\u00f3nicos &#8230; <a title=\"Activaci\u00f3n y licencias en l\u00ednea para libros de trabajo de Excel\" class=\"read-more\" href=\"https:\/\/www.xlspadlock.com\/es\/xl-workbook-online-activation\" aria-label=\"Leer m\u00e1s sobre Activaci\u00f3n y licenciamiento en l\u00ednea para libros Excel\">Leer m\u00e1s<\/a><\/div>\n<\/div><\/div><\/div>\n\n<div class=\"gb-grid-column gb-grid-column-14cf7830 gb-query-loop-item post-2543 page type-page status-publish\"><div class=\"gb-container gb-container-14cf7830\"><div class=\"gb-inside-container\">\n<h2 class=\"gb-headline gb-headline-d29ee5c8 gb-headline-text\"><a href=\"https:\/\/www.xlspadlock.com\/es\/dongle-protection\">Protecci\u00f3n con dongle para hojas de c\u00e1lculo de Excel<\/a><\/h2>\n\n<div class=\"gb-headline gb-headline-4ee4a8fa gb-headline-text\">Protecci\u00f3n por dongle: alta seguridad para tu hoja de c\u00e1lculo de Excel Puedes bloquear tu libro de Excel a un dongle, lo que significa que el libro no funcionar\u00e1 &#8230; <a title=\"Protecci\u00f3n con dongle para hojas de c\u00e1lculo de Excel\" class=\"read-more\" href=\"https:\/\/www.xlspadlock.com\/es\/dongle-protection\" aria-label=\"Leer m\u00e1s sobre Protecci\u00f3n con dongle para hojas de Excel\">Leer m\u00e1s<\/a><\/div>\n<\/div><\/div><\/div>\n\n<div class=\"gb-grid-column gb-grid-column-14cf7830 gb-query-loop-item post-2556 page type-page status-publish\"><div class=\"gb-container gb-container-14cf7830\"><div class=\"gb-inside-container\">\n<h2 class=\"gb-headline gb-headline-d29ee5c8 gb-headline-text\"><a href=\"https:\/\/www.xlspadlock.com\/es\/sell-workbooks-with-woocommerce\">Venda libros de trabajo y licencias de Excel con WooCommerce<\/a><\/h2>\n\n<div class=\"gb-headline gb-headline-4ee4a8fa gb-headline-text\">Sell &amp; Secure Excel Workbooks with WooCommerce Integration Kit 2025 Want to sell your Excel workbooks with WooCommerce and without efforts? \u21d2 With XLS Padlock, &#8230; <a title=\"Venda libros de trabajo y licencias de Excel con WooCommerce\" class=\"read-more\" href=\"https:\/\/www.xlspadlock.com\/es\/sell-workbooks-with-woocommerce\" aria-label=\"Leer m\u00e1s sobre Vender libros y licencias de Excel con WooCommerce\">Leer m\u00e1s<\/a><\/div>\n<\/div><\/div><\/div>\n\n<div class=\"gb-grid-column gb-grid-column-14cf7830 gb-query-loop-item post-2573 page type-page status-publish\"><div class=\"gb-container gb-container-14cf7830\"><div class=\"gb-inside-container\">\n<h2 class=\"gb-headline gb-headline-d29ee5c8 gb-headline-text\"><a href=\"https:\/\/www.xlspadlock.com\/es\/excel-workbook-subscriptions-make-money\">Suscripciones para libros de trabajo de Excel: una forma de ganar dinero<\/a><\/h2>\n\n<div class=\"gb-headline gb-headline-4ee4a8fa gb-headline-text\">Gana dinero regularmente con suscripciones para libros de Excel S\u00ed, puedes generar ingresos regulares de una hoja de c\u00e1lculo de Excel que dise\u00f1aste gracias a las suscripciones para Excel &#8230; <a title=\"Suscripciones para libros de trabajo de Excel: una forma de ganar dinero\" class=\"read-more\" href=\"https:\/\/www.xlspadlock.com\/es\/excel-workbook-subscriptions-make-money\" aria-label=\"Leer m\u00e1s sobre Suscripciones para libros Excel: forma de ganar dinero\">Leer m\u00e1s<\/a><\/div>\n<\/div><\/div><\/div>\n\n<div class=\"gb-grid-column gb-grid-column-14cf7830 gb-query-loop-item post-2594 page type-page status-publish\"><div class=\"gb-container gb-container-14cf7830\"><div class=\"gb-inside-container\">\n<h2 class=\"gb-headline gb-headline-d29ee5c8 gb-headline-text\"><a href=\"https:\/\/www.xlspadlock.com\/es\/protect-formulas\">Proteja sus f\u00f3rmulas de Excel con XLS Padlock<\/a><\/h2>\n\n<div class=\"gb-headline gb-headline-4ee4a8fa gb-headline-text\">Protege eficientemente tus f\u00f3rmulas en tu libro de Excel Nuestro compilador de Excel XLS Padlock te permite mantener tus f\u00f3rmulas secretas. Protege tus f\u00f3rmulas de Excel contra copia, &#8230; <a title=\"Proteja sus f\u00f3rmulas de Excel con XLS Padlock\" class=\"read-more\" href=\"https:\/\/www.xlspadlock.com\/es\/protect-formulas\" aria-label=\"Leer m\u00e1s sobre Protege tus f\u00f3rmulas de Excel con XLS Padlock\">Leer m\u00e1s<\/a><\/div>\n<\/div><\/div><\/div>\n\n<div class=\"gb-grid-column gb-grid-column-14cf7830 gb-query-loop-item post-2605 page type-page status-publish\"><div class=\"gb-container gb-container-14cf7830\"><div class=\"gb-inside-container\">\n<h2 class=\"gb-headline gb-headline-d29ee5c8 gb-headline-text\"><a href=\"https:\/\/www.xlspadlock.com\/es\/vba-code-protection\">Protecci\u00f3n y compilaci\u00f3n de c\u00f3digo VBA<\/a><\/h2>\n\n<div class=\"gb-headline gb-headline-4ee4a8fa gb-headline-text\">Asegura tu c\u00f3digo VBA de Excel con nuestras caracter\u00edsticas de protecci\u00f3n de c\u00f3digo VBA XLS Padlock te ofrece una potente protecci\u00f3n e incluso compilaci\u00f3n de c\u00f3digo VBA. Te permite &#8230; <a title=\"Protecci\u00f3n y compilaci\u00f3n de c\u00f3digo VBA\" class=\"read-more\" href=\"https:\/\/www.xlspadlock.com\/es\/vba-code-protection\" aria-label=\"Leer m\u00e1s sobre Protecci\u00f3n y compilaci\u00f3n de c\u00f3digo VBA\">Leer m\u00e1s<\/a><\/div>\n<\/div><\/div><\/div>\n\n<div class=\"gb-grid-column gb-grid-column-14cf7830 gb-query-loop-item post-2615 page type-page status-publish\"><div class=\"gb-container gb-container-14cf7830\"><div class=\"gb-inside-container\">\n<h2 class=\"gb-headline gb-headline-d29ee5c8 gb-headline-text\"><a href=\"https:\/\/www.xlspadlock.com\/es\/save-options\">Permitir o denegar el guardado en su libro de trabajo de Excel<\/a><\/h2>\n\n<div class=\"gb-headline gb-headline-4ee4a8fa gb-headline-text\">\u00bfPermitir guardar en tu libro de Excel o no? Con XLS Padlock, decide si quieres que tus usuarios puedan guardar sus cambios en &#8230; <a title=\"Permitir o denegar el guardado en su libro de trabajo de Excel\" class=\"read-more\" href=\"https:\/\/www.xlspadlock.com\/es\/save-options\" aria-label=\"Leer m\u00e1s sobre Permitir o impedir guardar en tu libro de Excel\">Leer m\u00e1s<\/a><\/div>\n<\/div><\/div><\/div>\n\n<div class=\"gb-grid-column gb-grid-column-14cf7830 gb-query-loop-item post-2620 page type-page status-publish\"><div class=\"gb-container gb-container-14cf7830\"><div class=\"gb-inside-container\">\n<h2 class=\"gb-headline gb-headline-d29ee5c8 gb-headline-text\"><a href=\"https:\/\/www.xlspadlock.com\/es\/make-setup-installer\">Crear un instalador o Setup para sus libros de trabajo de Excel<\/a><\/h2>\n\n<div class=\"gb-headline gb-headline-4ee4a8fa gb-headline-text\">C\u00f3mo crear un instalador o programa de configuraci\u00f3n para tus libros de Excel Puedes empaquetar tu libro compilado en un instalador o programa de configuraci\u00f3n. Configuraci\u00f3n &#8230; <a title=\"Crear un instalador o Setup para sus libros de trabajo de Excel\" class=\"read-more\" href=\"https:\/\/www.xlspadlock.com\/es\/make-setup-installer\" aria-label=\"Leer m\u00e1s sobre Crea un instalador o setup para tus libros Excel\">Leer m\u00e1s<\/a><\/div>\n<\/div><\/div><\/div>\n<\/div>","protected":false},"excerpt":{"rendered":"<p>Recorrido por las caracter\u00edsticas Elige la caracter\u00edstica que quieres explorar:<\/p>","protected":false},"author":2,"featured_media":0,"parent":0,"menu_order":0,"comment_status":"closed","ping_status":"closed","template":"","meta":{"inline_featured_image":false,"_uag_custom_page_level_css":"","footnotes":""},"class_list":["post-2398","page","type-page","status-publish"],"uagb_featured_image_src":{"full":false,"thumbnail":false,"medium":false,"medium_large":false,"large":false,"1536x1536":false,"2048x2048":false,"trp-custom-language-flag":false,"betterdocs-category-thumb":false},"uagb_author_info":{"display_name":"G.D.G. Software","author_link":"https:\/\/www.xlspadlock.com\/es\/author\/gdgsoft"},"uagb_comment_info":0,"uagb_excerpt":"Feature Tour Choose the feature you want to explore:","_links":{"self":[{"href":"https:\/\/www.xlspadlock.com\/es\/wp-json\/wp\/v2\/pages\/2398","targetHints":{"allow":["GET"]}}],"collection":[{"href":"https:\/\/www.xlspadlock.com\/es\/wp-json\/wp\/v2\/pages"}],"about":[{"href":"https:\/\/www.xlspadlock.com\/es\/wp-json\/wp\/v2\/types\/page"}],"author":[{"embeddable":true,"href":"https:\/\/www.xlspadlock.com\/es\/wp-json\/wp\/v2\/users\/2"}],"replies":[{"embeddable":true,"href":"https:\/\/www.xlspadlock.com\/es\/wp-json\/wp\/v2\/comments?post=2398"}],"version-history":[{"count":0,"href":"https:\/\/www.xlspadlock.com\/es\/wp-json\/wp\/v2\/pages\/2398\/revisions"}],"wp:attachment":[{"href":"https:\/\/www.xlspadlock.com\/es\/wp-json\/wp\/v2\/media?parent=2398"}],"curies":[{"name":"wp","href":"https:\/\/api.w.org\/{rel}","templated":true}]}}