{"id":2404,"date":"2022-06-14T15:47:11","date_gmt":"2022-06-14T13:47:11","guid":{"rendered":"https:\/\/www.xlspadlock.com\/?page_id=2404"},"modified":"2025-11-16T10:58:50","modified_gmt":"2025-11-16T09:58:50","slug":"proteger-libro","status":"publish","type":"page","link":"https:\/\/www.xlspadlock.com\/es\/protect-workbook","title":{"rendered":"Proteja su libro de trabajo de Excel con XLS Padlock"},"content":{"rendered":"<h1 class=\"gb-headline gb-headline-b8c33dad gb-headline-text gb-headline-197f6b28\">Convertir un libro de trabajo de Excel en EXE protegido<\/h1>\n\n\n\n<h2 class=\"wp-block-heading\">Pasos para proteger un libro de trabajo de Excel<\/h2>\n\n\n\n<h3 class=\"wp-block-heading\" id=\"1-in-excel-open-the-workbook-you-want-to-protect-any-excel-format-such-as-xls-xlsx-xlsm-xlsb-files-and-save-changes-\">1. En Excel, abra el libro de trabajo que desea proteger (cualquier formato de Excel como archivos XLS, XLSX, XLSM, XLSB) y guarde los cambios. <\/h3>\n\n\n\n<h3 class=\"wp-block-heading\" id=\"2-configure-general-and-security-options-in-xls-padlock\">2. Configure las opciones generales y de <a href=\"\/es\/seguridad\/\">seguridad<\/a> en XLS Padlock.<\/h3>\n\n\n\n<p>Para iniciar el <a href=\"https:\/\/www.xlspadlock.com\/es\/compilador-excel\/\">compilador de Excel<\/a>, elija <strong>Compilar a EXE<\/strong> en el men\u00fa o cinta de XLS Padlock:<\/p>\n\n\n<div class=\"wp-block-image\">\n<figure class=\"aligncenter size-full\"><img loading=\"lazy\" decoding=\"async\" width=\"793\" height=\"124\" src=\"https:\/\/cdn.xlspadlock.com\/20251108181104\/image.png\" alt=\"\" class=\"wp-image-2408\" srcset=\"https:\/\/cdn.xlspadlock.com\/20251108181104\/image.png 793w, https:\/\/cdn.xlspadlock.com\/20251108181104\/image-300x47.png 300w, https:\/\/cdn.xlspadlock.com\/20251108181104\/image-768x120.png 768w\" sizes=\"auto, (max-width: 793px) 100vw, 793px\" \/><figcaption class=\"wp-element-caption\"><em>A partir de Excel 2007<\/em>: Cinta \"XLS Padlock\"<\/figcaption><\/figure>\n<\/div>\n\n<div class=\"wp-block-image\">\n<figure class=\"aligncenter size-full\"><img loading=\"lazy\" decoding=\"async\" width=\"672\" height=\"151\" src=\"https:\/\/cdn.xlspadlock.com\/20251108181105\/image-1.png\" alt=\"\" class=\"wp-image-2409\" srcset=\"https:\/\/cdn.xlspadlock.com\/20251108181105\/image-1.png 672w, https:\/\/cdn.xlspadlock.com\/20251108181105\/image-1-300x67.png 300w\" sizes=\"auto, (max-width: 672px) 100vw, 672px\" \/><figcaption class=\"wp-element-caption\"><em>Antes de Excel 2007<\/em>: Men\u00fa \"XLS Padlock\"<\/figcaption><\/figure>\n<\/div>\n\n\n<p><\/p>\n\n\n\n<div class=\"wp-block-uagb-inline-notice uagb-inline_notice__align-left uagb-block-5742130a uagb-inline_notice__outer-wrap\"><span class=\"uagb-notice-title\">Nota<\/span><div class=\"uagb-notice-text\"><p><em>Aseg\u00farese de haber guardado su documento de Excel antes de abrir XLS Padlock.<\/em><\/p><\/div><\/div>\n\n\n<div class=\"wp-block-image\">\n<figure class=\"aligncenter size-full\"><img loading=\"lazy\" decoding=\"async\" width=\"835\" height=\"702\" src=\"https:\/\/cdn.xlspadlock.com\/20251108181105\/xlspadlock1.png\" alt=\"XLS Padlock\" class=\"wp-image-2472\" srcset=\"https:\/\/cdn.xlspadlock.com\/20251108181105\/xlspadlock1.png 835w, https:\/\/cdn.xlspadlock.com\/20251108181105\/xlspadlock1-300x252.png 300w, https:\/\/cdn.xlspadlock.com\/20251108181105\/xlspadlock1-768x646.png 768w\" sizes=\"auto, (max-width: 835px) 100vw, 835px\" \/><\/figure>\n<\/div>\n\n\n<p><\/p>\n\n\n\n<p>Asigne <strong>un t\u00edtulo<\/strong> a su libro de trabajo. Se mostrar\u00e1 despu\u00e9s del nombre del archivo en la cinta superior de su libro de trabajo, reemplazando la menci\u00f3n \"Microsoft Excel\".<\/p>\n\n\n\n<p>Puede configurar varias otras opciones haciendo clic en los iconos apropiados en la barra de herramientas. Pero tambi\u00e9n puede crear directamente la aplicaci\u00f3n segura.<\/p>\n\n\n\n<h3 class=\"wp-block-heading\" id=\"3-build-your-workbook-as-secure-application-or-save-your-project\"><strong>3. Compile su libro de trabajo como aplicaci\u00f3n segura o Guarde su proyecto<\/strong><\/h3>\n\n\n\n<p>Despu\u00e9s de configurar los ajustes de su libro de trabajo, puede:<\/p>\n\n\n\n<ul class=\"wp-block-list\">\n<li>compilar su aplicaci\u00f3n segura: su <a href=\"https:\/\/www.xlspadlock.com\/es\/distribuir-libro-excel\/\">distribuible<\/a> el libro de trabajo est\u00e1 compilado y listo para usar.<\/li>\n<\/ul>\n\n\n<div class=\"wp-block-image\">\n<figure class=\"aligncenter size-full\"><img loading=\"lazy\" decoding=\"async\" width=\"274\" height=\"68\" src=\"https:\/\/cdn.xlspadlock.com\/20251108181105\/image-2.png\" alt=\"\" class=\"wp-image-2454\"\/><\/figure>\n<\/div>\n\n\n<ul class=\"wp-block-list\">\n<li>guardar su proyecto para compilarlo m\u00e1s tarde.<\/li>\n<\/ul>\n\n\n<div class=\"wp-block-image\">\n<figure class=\"aligncenter size-full\"><img loading=\"lazy\" decoding=\"async\" width=\"192\" height=\"69\" src=\"https:\/\/cdn.xlspadlock.com\/20251108181105\/image-3.png\" alt=\"\" class=\"wp-image-2455\"\/><\/figure>\n<\/div>\n\n\n<div class=\"wp-block-uagb-separator uagb-block-cfb09cb4\"><div class=\"wp-block-uagb-separator__inner\" style=\"--my-background-image:url(&quot;data:image\/svg+xml,%3Csvg width='16' height='16' viewBox='0 0 16 16' fill='none' xmlns='http:\/\/www.w3.org\/2000\/svg'%3E%3Cg clip-path='url(%23clip0_2356_5631)'%3E%3Cpath d='M15 1C10.5 1 9 2.5 9 7C13.5 7 15 5.5 15 1Z' stroke='black'\/%3E%3Cpath d='M1 1C5.5 1 7 2.5 7 7C2.5 7 1 5.5 1 1Z' stroke='black'\/%3E%3Cpath d='M15 15C10.5 15 9 13.5 9 9C13.5 9 15 10.5 15 15Z' stroke='black'\/%3E%3Cpath d='M1 15C5.5 15 7 13.5 7 9C2.5 9 1 10.5 1 15Z' stroke='black'\/%3E%3C\/g%3E%3Cdefs%3E%3CclipPath id='clip0_2356_5631'%3E%3Crect width='16' height='16' fill='white'\/%3E%3C\/clipPath%3E%3C\/defs%3E%3C\/svg%3E&quot;)\"><\/div><\/div>\n\n\n\n<div class=\"wp-block-getwid-icon-box has-icon-left has-text-left\"><div class=\"wp-block-getwid-icon-box__icon-container is-position-top\"><div class=\"wp-block-getwid-icon-box__icon-wrapper\"><i class=\"fas fa-arrow-alt-circle-right\"><\/i><\/div><\/div><div class=\"wp-block-getwid-icon-box__content\">\n<h3 class=\"wp-block-heading\">Ahora, su libro de trabajo de Excel est\u00e1 <strong>seguro<\/strong><\/h3>\n\n\n\n<p>Se puede distribuir simplemente proporcionando el archivo EXE generado por XLS Padlock a sus clientes y usuarios. Por supuesto, se recomienda personalizar las diferentes opciones ofrecidas por XLS Padlock para agregar m\u00e1s funcionalidades a su nueva aplicaci\u00f3n basada en Excel.<\/p>\n<\/div><\/div>\n\n\n<div class=\"gb-button-wrapper wp-block-comments-pagination aligncenter\"><a class=\"gb-button gb-button-text gb-button-59335cce\" href=\"https:\/\/www.xlspadlock.com\/es\/features\" title=\"Caracter\u00edsticas\"><span class=\"gb-button-text\"><i class=\"fa fa-arrow-left\"><\/i>&nbsp;&nbsp;Anterior<\/span><\/a>&nbsp;&nbsp;<a class=\"gb-button gb-button-text gb-button-59335cce\" href=\"https:\/\/www.xlspadlock.com\/es\/distribute-workbook\" title=\"Distribuya un libro de trabajo protegido\"><span class=\"gb-button-text\">Siguiente&nbsp;&nbsp;<i class=\"fa fa-arrow-right\"><\/i><\/span><\/a><\/div>","protected":false},"excerpt":{"rendered":"<p>Convierte un libro de Excel en EXE protegido Pasos para proteger un libro de Excel 1. En Excel, abre el libro que quieres proteger (cualquier Excel &#8230; <a title=\"Proteja su libro de trabajo de Excel con XLS Padlock\" class=\"read-more\" href=\"https:\/\/www.xlspadlock.com\/es\/protect-workbook\" aria-label=\"Leer m\u00e1s sobre Protege tu libro de Excel con XLS Padlock\">Leer m\u00e1s<\/a><\/p>","protected":false},"author":2,"featured_media":0,"parent":2398,"menu_order":1,"comment_status":"closed","ping_status":"closed","template":"","meta":{"inline_featured_image":false,"_uag_custom_page_level_css":"","footnotes":""},"class_list":["post-2404","page","type-page","status-publish"],"uagb_featured_image_src":{"full":false,"thumbnail":false,"medium":false,"medium_large":false,"large":false,"1536x1536":false,"2048x2048":false,"trp-custom-language-flag":false,"betterdocs-category-thumb":false},"uagb_author_info":{"display_name":"G.D.G. Software","author_link":"https:\/\/www.xlspadlock.com\/es\/author\/gdgsoft"},"uagb_comment_info":0,"uagb_excerpt":"Turn an Excel workbook into protected EXE Steps to protect an Excel workbook 1. In Excel, open the workbook you want to protect (any Excel ... Read More","_links":{"self":[{"href":"https:\/\/www.xlspadlock.com\/es\/wp-json\/wp\/v2\/pages\/2404","targetHints":{"allow":["GET"]}}],"collection":[{"href":"https:\/\/www.xlspadlock.com\/es\/wp-json\/wp\/v2\/pages"}],"about":[{"href":"https:\/\/www.xlspadlock.com\/es\/wp-json\/wp\/v2\/types\/page"}],"author":[{"embeddable":true,"href":"https:\/\/www.xlspadlock.com\/es\/wp-json\/wp\/v2\/users\/2"}],"replies":[{"embeddable":true,"href":"https:\/\/www.xlspadlock.com\/es\/wp-json\/wp\/v2\/comments?post=2404"}],"version-history":[{"count":1,"href":"https:\/\/www.xlspadlock.com\/es\/wp-json\/wp\/v2\/pages\/2404\/revisions"}],"predecessor-version":[{"id":4564,"href":"https:\/\/www.xlspadlock.com\/es\/wp-json\/wp\/v2\/pages\/2404\/revisions\/4564"}],"up":[{"embeddable":true,"href":"https:\/\/www.xlspadlock.com\/es\/wp-json\/wp\/v2\/pages\/2398"}],"wp:attachment":[{"href":"https:\/\/www.xlspadlock.com\/es\/wp-json\/wp\/v2\/media?parent=2404"}],"curies":[{"name":"wp","href":"https:\/\/api.w.org\/{rel}","templated":true}]}}