{"id":2476,"date":"2022-06-16T09:57:26","date_gmt":"2022-06-16T07:57:26","guid":{"rendered":"https:\/\/www.xlspadlock.com\/?page_id=2476"},"modified":"2025-11-16T11:01:12","modified_gmt":"2025-11-16T10:01:12","slug":"distribuir-libro-excel","status":"publish","type":"page","link":"https:\/\/www.xlspadlock.com\/es\/distribute-workbook","title":{"rendered":"Distribuya un libro de trabajo protegido"},"content":{"rendered":"<h1 class=\"gb-headline gb-headline-b8c33dad gb-headline-text gb-headline-197f6b28\">C\u00f3mo distribuir un libro de trabajo protegido<\/h1>\n\n\n\n<p>Es f\u00e1cil distribuir un libro de trabajo protegido con XLS Padlock. Cuando hace clic en \"Construir Aplicaci\u00f3n Segura\", XLS Padlock genera un \u00fanico archivo ejecutable (.EXE) reconocido por Windows a partir de su libro de Excel. Este archivo .EXE se crea en la ubicaci\u00f3n que especifique con \"Ruta de Salida\":<\/p>\n\n\n<div class=\"wp-block-image\">\n<figure class=\"aligncenter size-full\"><img loading=\"lazy\" decoding=\"async\" width=\"863\" height=\"644\" src=\"https:\/\/cdn.xlspadlock.com\/20251108184218\/annotations_how_to_distribute_a_protected_workbook_image_98.png\" alt=\"\" class=\"wp-image-4216\" srcset=\"https:\/\/cdn.xlspadlock.com\/20251108184218\/annotations_how_to_distribute_a_protected_workbook_image_98.png 863w, https:\/\/cdn.xlspadlock.com\/20251108184218\/annotations_how_to_distribute_a_protected_workbook_image_98-300x224.png 300w, https:\/\/cdn.xlspadlock.com\/20251108184218\/annotations_how_to_distribute_a_protected_workbook_image_98-768x573.png 768w, https:\/\/cdn.xlspadlock.com\/20251108184218\/annotations_how_to_distribute_a_protected_workbook_image_98-16x12.png 16w, https:\/\/cdn.xlspadlock.com\/20251108184218\/annotations_how_to_distribute_a_protected_workbook_image_98-360x269.png 360w\" sizes=\"auto, (max-width: 863px) 100vw, 863px\" \/><\/figure>\n<\/div>\n\n\n<p>Usted <strong>solo tiene que distribuir este archivo .EXE<\/strong> a sus usuarios finales, nada m\u00e1s. El archivo original del libro de Excel, por supuesto, no es necesario.<\/p>\n\n\n\n<p>Para abrir su libro de trabajo protegido, <strong>sus usuarios finales ejecutan este archivo .EXE<\/strong>. No se requiere nada m\u00e1s, excepto una copia local de Microsoft Excel.<\/p>\n\n\n\n<div class=\"wp-block-uagb-inline-notice uagb-inline_notice__align-left uagb-block-29e45319 uagb-inline_notice__outer-wrap\"><button class=\"uagb-notice-close-button\" type=\"button\" aria-label=\"Cerrar\"><\/button><span class=\"uagb-notice-title\">Nota<\/span><div class=\"uagb-notice-text\">\n<p><\/p>\n\n\n\n<p>\u00a0\u00a0<code><i class=\"fas fa-info-circle fa-2x\"><\/i><\/code> XLS Padlock funciona con <strong>any recent or old Excel version, including Excel 2024<\/strong> (32 bits o 64 bits) y Microsoft 365.<\/p>\n<\/div><\/div>\n\n\n\n<p>Al ejecutar el archivo .EXE, se inicia Excel y se abre el libro de trabajo protegido. Los usuarios finales pueden trabajar con \u00e9l como si lo hubieran abierto de la manera habitual.<\/p>\n\n\n\n<p>Algunas opciones como \"Nuevo libro\", Abrir, Guardar (opcionalmente) est\u00e1n deshabilitadas por razones de seguridad.<\/p>\n\n\n\n<p>Si no se encuentra Excel en la computadora local, se muestra un mensaje de error. Tambi\u00e9n puede configurar su aplicaci\u00f3n para requerir una versi\u00f3n m\u00ednima y\/o m\u00e1xima de Excel.<\/p>\n\n\n\n<p>Finalmente, tambi\u00e9n puede <strong>mostrar su propio EULA (Acuerdo de Licencia de Usuario Final)<\/strong>. Los usuarios finales deben estar de acuerdo antes de poder acceder al libro de trabajo:<\/p>\n\n\n<div class=\"wp-block-image\">\n<figure class=\"aligncenter size-full\"><img loading=\"lazy\" decoding=\"async\" width=\"807\" height=\"654\" src=\"https:\/\/cdn.xlspadlock.com\/20251108181105\/image-4.png\" alt=\"\" class=\"wp-image-2487\" srcset=\"https:\/\/cdn.xlspadlock.com\/20251108181105\/image-4.png 807w, https:\/\/cdn.xlspadlock.com\/20251108181105\/image-4-300x243.png 300w, https:\/\/cdn.xlspadlock.com\/20251108181105\/image-4-768x622.png 768w\" sizes=\"auto, (max-width: 807px) 100vw, 807px\" \/><\/figure>\n<\/div>\n\n\n<div class=\"wp-block-uagb-inline-notice uagb-inline_notice__align-left uagb-block-f6ccfc45 uagb-inline_notice__outer-wrap\"><button class=\"uagb-notice-close-button\" type=\"button\" aria-label=\"Cerrar\"><\/button><span class=\"uagb-notice-title\">Sugerencia<\/span><div class=\"uagb-notice-text\">\n<p><\/p>\n\n\n\n<p>&nbsp;&nbsp;<code><i class=\"fas fa-info-circle fa-2x\"><\/i><\/code> Si desea crear accesos directos a su libro de trabajo o tener un desinstalador, tambi\u00e9n puede <a href=\"https:\/\/www.xlspadlock.com\/es\/crear-instalador-setup\/\" data-type=\"page\" data-id=\"2620\">crear un instalador para su libro de trabajo<\/a>.<\/p>\n\n\n\n<p><\/p>\n<\/div><\/div>\n\n\n<div class=\"gb-button-wrapper wp-block-comments-pagination aligncenter\"><a class=\"gb-button gb-button-text gb-button-59335cce\" href=\"https:\/\/www.xlspadlock.com\/es\/protect-workbook\" title=\"Proteja su libro de trabajo de Excel con XLS Padlock\"><span class=\"gb-button-text\"><i class=\"fa fa-arrow-left\"><\/i>&nbsp;&nbsp;Anterior<\/span><\/a>&nbsp;&nbsp;<a class=\"gb-button gb-button-text gb-button-59335cce\" href=\"https:\/\/www.xlspadlock.com\/es\/security\" title=\"Seguridad para libros de trabajo de Excel\"><span class=\"gb-button-text\">Siguiente&nbsp;&nbsp;<i class=\"fa fa-arrow-right\"><\/i><\/span><\/a><\/div>","protected":false},"excerpt":{"rendered":"<p>C\u00f3mo distribuir un libro protegido Es f\u00e1cil distribuir un libro protegido con XLS Padlock. Cuando haces clic en \u201cConstruir aplicaci\u00f3n segura\u201d, XLS Padlock genera &#8230; <a title=\"Distribuya un libro de trabajo protegido\" class=\"read-more\" href=\"https:\/\/www.xlspadlock.com\/es\/distribute-workbook\" aria-label=\"Leer m\u00e1s sobre Distribuir un libro protegido\">Leer m\u00e1s<\/a><\/p>","protected":false},"author":2,"featured_media":0,"parent":2398,"menu_order":2,"comment_status":"closed","ping_status":"closed","template":"","meta":{"inline_featured_image":false,"_uag_custom_page_level_css":"","footnotes":""},"class_list":["post-2476","page","type-page","status-publish"],"uagb_featured_image_src":{"full":false,"thumbnail":false,"medium":false,"medium_large":false,"large":false,"1536x1536":false,"2048x2048":false,"trp-custom-language-flag":false,"betterdocs-category-thumb":false},"uagb_author_info":{"display_name":"G.D.G. Software","author_link":"https:\/\/www.xlspadlock.com\/es\/author\/gdgsoft"},"uagb_comment_info":0,"uagb_excerpt":"How to distribute a protected workbook It&#8217;s easy to distribute a workbook protected with XLS Padlock. When you click \u201cBuild Secure Application\u201d, XLS Padlock generates ... Read More","_links":{"self":[{"href":"https:\/\/www.xlspadlock.com\/es\/wp-json\/wp\/v2\/pages\/2476","targetHints":{"allow":["GET"]}}],"collection":[{"href":"https:\/\/www.xlspadlock.com\/es\/wp-json\/wp\/v2\/pages"}],"about":[{"href":"https:\/\/www.xlspadlock.com\/es\/wp-json\/wp\/v2\/types\/page"}],"author":[{"embeddable":true,"href":"https:\/\/www.xlspadlock.com\/es\/wp-json\/wp\/v2\/users\/2"}],"replies":[{"embeddable":true,"href":"https:\/\/www.xlspadlock.com\/es\/wp-json\/wp\/v2\/comments?post=2476"}],"version-history":[{"count":1,"href":"https:\/\/www.xlspadlock.com\/es\/wp-json\/wp\/v2\/pages\/2476\/revisions"}],"predecessor-version":[{"id":4565,"href":"https:\/\/www.xlspadlock.com\/es\/wp-json\/wp\/v2\/pages\/2476\/revisions\/4565"}],"up":[{"embeddable":true,"href":"https:\/\/www.xlspadlock.com\/es\/wp-json\/wp\/v2\/pages\/2398"}],"wp:attachment":[{"href":"https:\/\/www.xlspadlock.com\/es\/wp-json\/wp\/v2\/media?parent=2476"}],"curies":[{"name":"wp","href":"https:\/\/api.w.org\/{rel}","templated":true}]}}