{"id":2515,"date":"2022-06-17T11:13:56","date_gmt":"2022-06-17T09:13:56","guid":{"rendered":"https:\/\/www.xlspadlock.com\/?page_id=2515"},"modified":"2025-11-16T12:48:26","modified_gmt":"2025-11-16T11:48:26","slug":"claves-bloqueadas-hardware","status":"publish","type":"page","link":"https:\/\/www.xlspadlock.com\/es\/hardware-locked-keys","title":{"rendered":"Protecci\u00f3n de libros de trabajo de Excel con claves vinculadas al hardware"},"content":{"rendered":"<h1 class=\"gb-headline gb-headline-70402978 gb-headline-text gb-headline-197f6b28\">Claves bloqueadas por hardware: un medio eficiente para prevenir el intercambio de su libro de Excel<\/h1>\n\n\n\n<p>Quiere dar acceso a su libro de Excel a <strong>solo algunas personas<\/strong> y no quiere que lo <strong>compartan<\/strong> con otros?<\/p>\n\n\n\n<p>\ud83d\udc49 <strong>Usar claves bloqueadas por hardware es una soluci\u00f3n<\/strong><\/p>\n\n\n\n<p>La otra es <a href=\"\/es\/proteccion-dongle\/\">protecci\u00f3n con dongle o bloqueo de memoria USB<\/a><\/p>\n\n\n\n<div class=\"wp-block-uagb-inline-notice uagb-inline_notice__align-left uagb-block-34fa16ab\"><button class=\"uagb-notice-close-button\" type=\"button\" aria-label=\"Cerrar\"><\/button><span class=\"uagb-notice-title\">Pru\u00e9belo usted mismo en l\u00ednea<\/span><div class=\"uagb-notice-text\">\n<p><p>\u00a0\u00a0<code><i class=\"fas fa-info-circle fa-2x\"><\/i><\/code> Vea c\u00f3mo funciona esta caracter\u00edstica en l\u00ednea <a href=\"\/es\/demo-libro-excel\/\">gracias a nuestra Demostraci\u00f3n de Libro de Trabajo en Vivo<\/a>.<\/p><\/p>\n<\/div><\/div>\n\n\n\n<h2 class=\"wp-block-heading\" id=\"what-is-a-hardware-locked-key\">\u00bfQu\u00e9 es una clave bloqueada por hardware?<\/h2>\n\n\n\n<p>Para abrir su libro de Excel, los usuarios tendr\u00e1n que <strong>introducir una clave de activaci\u00f3n<\/strong>. Si no tienen una clave correcta, el libro de trabajo no se abrir\u00e1.<\/p>\n\n\n\n<p>Una clave bloqueada por hardware es una clave entregada a un usuario que <strong>solo funcionar\u00e1 en su computadora<\/strong>. No funcionar\u00e1 en ninguna otra m\u00e1quina, por lo que se vuelve in\u00fatil si se comparte con otros.<\/p>\n\n\n\n<p>La clave se basa en un <strong>ID de sistema \u00fanico<\/strong> que depende del hardware de la computadora del usuario.<\/p>\n\n\n\n<h2 class=\"wp-block-heading\" id=\"how-to-use-hardware-locked-key-protection\">\u00bfC\u00f3mo usar la protecci\u00f3n de clave bloqueada por hardware?<\/h2>\n\n\n\n<p>Al configurar su libro de Excel en XLS Padlock, necesita marcar estas dos opciones en la p\u00e1gina de Seguridad:<\/p>\n\n\n\n<p><em>\"Los usuarios finales deben introducir una clave de activaci\u00f3n para usar el libro de trabajo protegido\"<\/em><\/p>\n\n\n\n<p><em>\"Usar claves bloqueadas por hardware\"<\/em><\/p>\n\n\n\n<p>Compile su aplicaci\u00f3n, y est\u00e1 <strong>lista para distribuci\u00f3n<\/strong>.<\/p>\n\n\n\n<p>Cuando sus usuarios ejecuten su libro de Excel por primera vez, obtendr\u00e1n esta ventana:<\/p>\n\n\n<div class=\"wp-block-image\">\n<figure class=\"aligncenter size-full\"><img loading=\"lazy\" decoding=\"async\" width=\"504\" height=\"318\" src=\"https:\/\/cdn.xlspadlock.com\/20251108184443\/image_85.png\" alt=\"\" class=\"wp-image-4386\" srcset=\"https:\/\/cdn.xlspadlock.com\/20251108184443\/image_85.png 504w, https:\/\/cdn.xlspadlock.com\/20251108184443\/image_85-300x189.png 300w, https:\/\/cdn.xlspadlock.com\/20251108184443\/image_85-18x12.png 18w, https:\/\/cdn.xlspadlock.com\/20251108184443\/image_85-360x227.png 360w\" sizes=\"auto, (max-width: 504px) 100vw, 504px\" \/><\/figure>\n<\/div>\n\n\n<p>El usuario tiene que copiar su ID de sistema y envi\u00e1rselo a usted. Alternativamente, si tiene un sitio web, es posible configurar el bot\u00f3n \"Obtener Clave en L\u00ednea\" para que el usuario pueda recuperar una clave directamente desde su sitio web.<\/p>\n\n\n\n<p>Luego puede crear su clave gracias al <strong>Generador de Claves<\/strong> en XLS Padlock (haga clic en el bot\u00f3n Generador de Claves en la p\u00e1gina de Claves de Activaci\u00f3n).<\/p>\n\n\n<div class=\"wp-block-image\">\n<figure class=\"aligncenter size-full\"><img loading=\"lazy\" decoding=\"async\" width=\"877\" height=\"666\" src=\"https:\/\/cdn.xlspadlock.com\/20251108181613\/front-security.png\" alt=\"Excel security options\" class=\"wp-image-2639\" srcset=\"https:\/\/cdn.xlspadlock.com\/20251108181613\/front-security.png 877w, https:\/\/cdn.xlspadlock.com\/20251108181613\/front-security-300x228.png 300w, https:\/\/cdn.xlspadlock.com\/20251108181613\/front-security-768x583.png 768w\" sizes=\"auto, (max-width: 877px) 100vw, 877px\" \/><\/figure>\n<\/div>\n\n\n<p>Solo tiene que <strong>introducir el ID de sistema<\/strong> que su usuario le ha enviado. Si lo desea, puede establecer <strong>restricciones en la clave<\/strong>: limitar el n\u00famero de veces que su libro de Excel puede ser ejecutado, hacer que su clave expire despu\u00e9s de un n\u00famero dado de d\u00edas o despu\u00e9s de una fecha dada.<\/p>\n\n\n\n<p>Haga clic en el <strong>Generar<\/strong> bot\u00f3n. Una <strong>clave se crea instant\u00e1neamente<\/strong>. Puede copiarla al portapapeles para enviarla a su cliente, y\/o guardarla como un archivo .txt. La <strong>clave est\u00e1 asociada al ID de sistema<\/strong> que introdujo, para que active su libro de Excel solo en la computadora con este ID de sistema.<\/p>\n\n\n\n<p>Su usuario ejecuta su libro de Excel de nuevo y obtendr\u00e1 la misma ventana que antes. Solo tendr\u00e1 que introducir la clave y hacer clic en Activar. Su aplicaci\u00f3n se abrir\u00e1. Para las pr\u00f3ximas ejecuciones en esta computadora, el libro de trabajo se abrir\u00e1 sin requerir ninguna clave.<\/p>\n\n\n\n<h2 class=\"wp-block-heading\" id=\"make-activation-keys-directly-without-using-xls-padlock\">Crear claves de activaci\u00f3n directamente sin usar XLS Padlock<\/h2>\n\n\n\n<p>Un generador de claves independiente para libros de trabajo protegidos tambi\u00e9n est\u00e1 disponible para clientes registrados de XLS Padlock. Con \u00e9l, puede crear claves de activaci\u00f3n para sus libros de trabajo protegidos sin tener que ejecutar Excel y XLS Padlock. <a href=\"\/es\/cuenta\/descargas\/\">Desc\u00e1rguelo aqu\u00ed<\/a>.<\/p>\n\n\n\n<p>Finalmente, tambi\u00e9n proporcionamos una aplicaci\u00f3n web en l\u00ednea gratuita y el c\u00f3digo PHP asociado para generar claves de activaci\u00f3n para sus libros de trabajo. Este <a href=\"\/es\/cuenta\/descargas\/\">SDK PHP del generador de claves<\/a> se puede usar en su propio sitio web, para que pueda generar y entregar claves de activaci\u00f3n autom\u00e1ticamente.<\/p>\n\n\n\n<h2 class=\"wp-block-heading\" id=\"go-further-and-automate-the-delivery-of-activation-keys-with-online-activation\">Vaya m\u00e1s all\u00e1 y automatice la entrega de claves de activaci\u00f3n con activaci\u00f3n en l\u00ednea<\/h2>\n\n\n\n<p>XLS Padlock viene con una funci\u00f3n de Activaci\u00f3n en l\u00ednea para automatizar la recuperaci\u00f3n de claves de activaci\u00f3n, incluso si est\u00e1n bloqueadas por hardware: el libro de trabajo seguro puede comunicarse con su sitio web y descargar claves de activaci\u00f3n directamente desde el servidor en lugar de preguntar a los usuarios finales.<\/p>\n\n\n\n<p><a href=\"\/es\/libro-excel-activacion-en-linea\/\"><span style=\"color:rgb(0, 0, 102);\" class=\"fa fa-chevron-circle-right\">&nbsp;<\/span>M\u00e1s informaci\u00f3n sobre c\u00f3mo agregar activaci\u00f3n en l\u00ednea a sus libros de Excel para una protecci\u00f3n mejorada<\/a>.<\/p>\n\n\n\n<div class=\"wp-block-uagb-inline-notice uagb-inline_notice__align-left uagb-block-213c07bb\"><button class=\"uagb-notice-close-button\" type=\"button\" aria-label=\"Cerrar\"><\/button><span class=\"uagb-notice-title\">Nota<\/span><div class=\"uagb-notice-text\">\n<p><p>\u00a0\u00a0<code><i class=\"fas fa-info-circle fa-2x\"><\/i><\/code> \u00a0Usamos nuestro generador de claves en l\u00ednea en <a href=\"\/es\/demo-libro-excel\/\">nuestra Demostraci\u00f3n de Libro de Trabajo en Vivo<\/a><\/p><\/p>\n<\/div><\/div>\n\n\n<div class=\"gb-button-wrapper wp-block-comments-pagination aligncenter\"><a class=\"gb-button gb-button-text gb-button-59335cce\" href=\"https:\/\/www.xlspadlock.com\/es\/security\" title=\"Seguridad para libros de trabajo de Excel\"><span class=\"gb-button-text\"><i class=\"fa fa-arrow-left\"><\/i>&nbsp;&nbsp;Anterior<\/span><\/a>&nbsp;&nbsp;<a class=\"gb-button gb-button-text gb-button-59335cce\" href=\"https:\/\/www.xlspadlock.com\/es\/xl-workbook-online-activation\" title=\"Activaci\u00f3n y licencias en l\u00ednea para libros de trabajo de Excel\"><span class=\"gb-button-text\">Siguiente&nbsp;&nbsp;<i class=\"fa fa-arrow-right\"><\/i><\/span><\/a><\/div>","protected":false},"excerpt":{"rendered":"<p>Claves bloqueadas por hardware: un medio eficiente para prevenir el intercambio de tu libro de Excel Quieres dar acceso a tu libro de Excel a algunas personas &#8230; <a title=\"Protecci\u00f3n de libros de trabajo de Excel con claves vinculadas al hardware\" class=\"read-more\" href=\"https:\/\/www.xlspadlock.com\/es\/hardware-locked-keys\" aria-label=\"Leer m\u00e1s sobre Protecci\u00f3n de libros Excel con claves ligadas al hardware\">Leer m\u00e1s<\/a><\/p>","protected":false},"author":2,"featured_media":0,"parent":2398,"menu_order":4,"comment_status":"closed","ping_status":"closed","template":"","meta":{"inline_featured_image":false,"_uag_custom_page_level_css":"","footnotes":""},"class_list":["post-2515","page","type-page","status-publish"],"uagb_featured_image_src":{"full":false,"thumbnail":false,"medium":false,"medium_large":false,"large":false,"1536x1536":false,"2048x2048":false,"trp-custom-language-flag":false,"betterdocs-category-thumb":false},"uagb_author_info":{"display_name":"G.D.G. Software","author_link":"https:\/\/www.xlspadlock.com\/es\/author\/gdgsoft"},"uagb_comment_info":0,"uagb_excerpt":"Hardware-locked keys: an efficient means to prevent the sharing of your Excel workbook You want to give access to your Excel workbook to some people ... Read More","_links":{"self":[{"href":"https:\/\/www.xlspadlock.com\/es\/wp-json\/wp\/v2\/pages\/2515","targetHints":{"allow":["GET"]}}],"collection":[{"href":"https:\/\/www.xlspadlock.com\/es\/wp-json\/wp\/v2\/pages"}],"about":[{"href":"https:\/\/www.xlspadlock.com\/es\/wp-json\/wp\/v2\/types\/page"}],"author":[{"embeddable":true,"href":"https:\/\/www.xlspadlock.com\/es\/wp-json\/wp\/v2\/users\/2"}],"replies":[{"embeddable":true,"href":"https:\/\/www.xlspadlock.com\/es\/wp-json\/wp\/v2\/comments?post=2515"}],"version-history":[{"count":0,"href":"https:\/\/www.xlspadlock.com\/es\/wp-json\/wp\/v2\/pages\/2515\/revisions"}],"up":[{"embeddable":true,"href":"https:\/\/www.xlspadlock.com\/es\/wp-json\/wp\/v2\/pages\/2398"}],"wp:attachment":[{"href":"https:\/\/www.xlspadlock.com\/es\/wp-json\/wp\/v2\/media?parent=2515"}],"curies":[{"name":"wp","href":"https:\/\/api.w.org\/{rel}","templated":true}]}}