{"id":2532,"date":"2022-06-17T19:27:27","date_gmt":"2022-06-17T17:27:27","guid":{"rendered":"https:\/\/www.xlspadlock.com\/?page_id=2532"},"modified":"2025-11-16T16:10:53","modified_gmt":"2025-11-16T15:10:53","slug":"libro-excel-activacion-en-linea","status":"publish","type":"page","link":"https:\/\/www.xlspadlock.com\/es\/xl-workbook-online-activation","title":{"rendered":"Activaci\u00f3n y licencias en l\u00ednea para libros de trabajo de Excel"},"content":{"rendered":"<h1 class=\"gb-headline gb-headline-d5b6e8dd gb-headline-text gb-headline-197f6b28\">Activaci\u00f3n en l\u00ednea: controle qui\u00e9n puede usar su libro de Excel<\/h1>\n\n\n\n<p>Want to offer a free trial of your workbook to your future customers and collect email addresses at least? \ud83d\udc49 <strong>Con XLS Padlock, es posible<\/strong>.<\/p>\n\n\n\n<p>\u00bfQuiere dar acceso a su libro de trabajo de Excel a <strong>solo algunas personas<\/strong> y no quiere que lo <strong>compartan<\/strong> con otros? \u00bfVender licencias para sus hojas de c\u00e1lculo de Excel?<\/p>\n\n\n\n<p>\ud83d\udc49 <strong>Usar activaci\u00f3n en l\u00ednea con bloqueo por hardware es una soluci\u00f3n<\/strong><\/p>\n\n\n\n<p>La otra es <a href=\"\/es\/proteccion-dongle\/\">protecci\u00f3n con dongle o bloqueo de memoria USB<\/a>.<\/p>\n\n\n\n<div class=\"wp-block-uagb-inline-notice uagb-inline_notice__align-left uagb-block-d7eedcd5\"><button class=\"uagb-notice-close-button\" type=\"button\" aria-label=\"Cerrar\"><\/button><span class=\"uagb-notice-title\">Pru\u00e9belo usted mismo<\/span><div class=\"uagb-notice-text\">\n<p><i class=\"fas fa-info-circle fa-2x\"><\/i> Vea c\u00f3mo funciona esta caracter\u00edstica en l\u00ednea <a href=\"\/es\/demo-libro-excel\/\">gracias a nuestra Demostraci\u00f3n de Libro de Trabajo en Vivo<\/a>.<\/p>\n<\/div><\/div>\n\n\n\n<h2 class=\"wp-block-heading\" id=\"how-does-online-activation-work\">\u00bfC\u00f3mo funciona la activaci\u00f3n en l\u00ednea?<\/h2>\n\n\n\n<p>Para abrir su libro de Excel, un cliente tendr\u00e1 que <strong>activarlo<\/strong> completando un formulario de registro opcional al inicio. Luego, los datos del formulario de registro se env\u00edan a una aplicaci\u00f3n web dedicada que verifica si el usuario tiene derecho a acceder al libro de trabajo o no. Si no, el libro de trabajo no se abrir\u00e1.<\/p>\n\n\n\n<p>Por ejemplo, el formulario de registro puede verse as\u00ed:<\/p>\n\n\n<div class=\"wp-block-image\">\n<figure class=\"aligncenter size-full\"><img loading=\"lazy\" decoding=\"async\" width=\"654\" height=\"420\" src=\"https:\/\/cdn.xlspadlock.com\/20251108182206\/image-30.png\" alt=\"Enter Activation Code\" class=\"wp-image-3428\" srcset=\"https:\/\/cdn.xlspadlock.com\/20251108182206\/image-30.png 654w, https:\/\/cdn.xlspadlock.com\/20251108182206\/image-30-300x193.png 300w\" sizes=\"auto, (max-width: 654px) 100vw, 654px\" \/><\/figure>\n<\/div>\n\n\n<p>La activaci\u00f3n puede vincularse al hardware para que una copia activada de su libro de trabajo <strong>solo funciona en el ordenador del cliente<\/strong>. El libro de Excel protegido no se abrir\u00e1 en ninguna otra m\u00e1quina, por lo que se vuelve in\u00fatil si se comparte con otros.<\/p>\n\n\n\n<h2 class=\"wp-block-heading\" id=\"create-your-own-registration-forms\">Cree sus propios formularios de registro<\/h2>\n\n\n\n<p>Cree formularios de registro para sus aplicaciones: el cuadro de di\u00e1logo de activaci\u00f3n en l\u00ednea se puede personalizar a voluntad: <strong>texto HTML b\u00e1sico<\/strong> se puede mostrar (puede usar etiquetas HTML como <code>&lt;B&gt;&lt;\/B&gt;<\/code> y as\u00ed sucesivamente), enlaces e incluso <strong>campos de formulario<\/strong>. Los clientes deben completar el formulario antes de acceder al libro de trabajo seguro.<\/p>\n\n\n\n<p>XLS Padlock viene con un pr\u00e1ctico editor HTML para configurar el cuadro de di\u00e1logo y crear campos de formulario:<\/p>\n\n\n<div class=\"wp-block-image\">\n<figure class=\"aligncenter size-full\"><img loading=\"lazy\" decoding=\"async\" width=\"706\" height=\"348\" src=\"https:\/\/cdn.xlspadlock.com\/20251116150752\/image-46.png\" alt=\"HTML Editor\" class=\"wp-image-4643\" srcset=\"https:\/\/cdn.xlspadlock.com\/20251116150752\/image-46.png 706w, https:\/\/cdn.xlspadlock.com\/20251116150752\/image-46-300x148.png 300w, https:\/\/cdn.xlspadlock.com\/20251116150752\/image-46-18x9.png 18w, https:\/\/cdn.xlspadlock.com\/20251116150752\/image-46-360x177.png 360w\" sizes=\"auto, (max-width: 706px) 100vw, 706px\" \/><\/figure>\n<\/div>\n\n\n<h2 class=\"wp-block-heading\" id=\"your-own-web-application-to-process-activation-requests\">Su propia aplicaci\u00f3n web para procesar solicitudes de activaci\u00f3n<\/h2>\n\n\n\n<p>Los datos del formulario de registro son manejados por <strong>su propia aplicaci\u00f3n web instalada en su servidor web<\/strong>, gracias al <a href=\"\/es\/cuenta\/descargas\/\">Kit de Activaci\u00f3n XLS Padlock proporcionado a nuestros clientes<\/a> <strong>gratis<\/strong>. Este paquete contiene una aplicaci\u00f3n web PHP b\u00e1sica que recibe datos del libro de trabajo seguro, genera claves de activaci\u00f3n apropiadas y las env\u00eda de vuelta a la aplicaci\u00f3n. Por lo tanto, <strong>todo est\u00e1 automatizado<\/strong>. Un <strong>se incluye una gu\u00eda de usuario dedicada<\/strong> tambi\u00e9n. Esta aplicaci\u00f3n web se puede mejorar y personalizar a voluntad.<\/p>\n\n\n<div class=\"wp-block-image\">\n<figure class=\"aligncenter size-full\"><img loading=\"lazy\" decoding=\"async\" width=\"650\" height=\"519\" src=\"https:\/\/cdn.xlspadlock.com\/20251108181105\/online-activation.png\" alt=\"Activaci\u00f3n en l\u00ednea\" class=\"wp-image-2534\" srcset=\"https:\/\/cdn.xlspadlock.com\/20251108181105\/online-activation.png 650w, https:\/\/cdn.xlspadlock.com\/20251108181105\/online-activation-300x240.png 300w\" sizes=\"auto, (max-width: 650px) 100vw, 650px\" \/><\/figure>\n<\/div>\n\n\n<h2 class=\"wp-block-heading\" id=\"integration-with-woocommerce\">Integraci\u00f3n con WooCommerce<\/h2>\n\n\n\n<p>Para los clientes de XLS Padlock que no quieren lidiar con PHP, tambi\u00e9n ofrecemos un <strong>Kit de Integraci\u00f3n de WooCommerce<\/strong>: gestione directamente las activaciones desde la interfaz de administraci\u00f3n de WooCommerce. Decida cu\u00e1ntas activaciones se permiten, gestione activaciones y pedidos existentes, bloquee el acceso en caso de reembolsos, venda sus libros de Excel y gane dinero... Descubra la <a href=\"\/es\/vender-libros-excel-woocommerce\/\">p\u00e1gina dedicada para vender libros de Excel con WooCommerce.<\/a><\/p>\n\n\n\n<h2 class=\"wp-block-heading\" id=\"validate-activation-regularly\">Validar activaci\u00f3n regularmente<\/h2>\n\n\n\n<p>La validaci\u00f3n en l\u00ednea ofrece control remoto sobre la activaci\u00f3n: si ha configurado el Kit de Activaci\u00f3n XLS Padlock o el Kit de Integraci\u00f3n WooCommerce XLS Padlock en su servidor web, la aplicaci\u00f3n una vez activada <strong>puede verificar regularmente la validez de la activaci\u00f3n.<\/strong><\/p>\n\n\n\n<h3 class=\"wp-block-heading\" id=\"possible-uses\">Usos posibles<\/h3>\n\n\n\n<ul class=\"wp-block-list\">\n<li>vende libros de trabajo de Excel y desea bloquear el acceso a ellos si los usuarios finales solicitan reembolsos.<\/li>\n\n\n\n<li>desea controlar qui\u00e9n puede acceder a los libros de trabajo de Excel regularmente.<\/li>\n<\/ul>\n\n\n\n<h2 class=\"wp-block-heading\" id=\"configure-activation-keys-automatically-and-remotely-set-limitations\">Configure claves de activaci\u00f3n autom\u00e1ticamente y de forma remota, establezca limitaciones<\/h2>\n\n\n\n<p>La aplicaci\u00f3n web responsable de recopilar solicitudes de activaci\u00f3n es la misma que generar\u00e1 claves de activaci\u00f3n. Por lo tanto, puede configurar la aplicaci\u00f3n web para generar claves de activaci\u00f3n con diferentes propiedades: \u00bfdeber\u00eda caducar el libro de trabajo despu\u00e9s de 6 meses y requerir una nueva activaci\u00f3n? \u00bfdeber\u00edamos mostrar una pantalla molesta porque es un libro de trabajo de prueba? Todas las <a href=\"\/es\/seguridad\/\">caracter\u00edsticas de limitaci\u00f3n ofrecidas por XLS Padlock<\/a> a\u00fan son posibles con la activaci\u00f3n en l\u00ednea y usted tiene el control sobre ellas directamente desde su servidor web, es decir, sin reconstruir el archivo EXE seguro.<\/p>\n\n\n\n<div class=\"wp-block-uagb-inline-notice uagb-inline_notice__align-left uagb-block-f1734a33\"><button class=\"uagb-notice-close-button\" type=\"button\" aria-label=\"Cerrar\"><\/button><span class=\"uagb-notice-title\">Pruebe una demostraci\u00f3n funcional en l\u00ednea<\/span><div class=\"uagb-notice-text\">\n<p><i class=\"fas fa-info-circle fa-2x\"><\/i> Vea c\u00f3mo funciona la activaci\u00f3n en l\u00ednea en <a href=\"\/es\/demo-libro-excel\/\">nuestra Demostraci\u00f3n de Libro de Trabajo en Vivo<\/a><\/p>\n<\/div><\/div>\n\n\n<div class=\"gb-button-wrapper wp-block-comments-pagination aligncenter\"><a class=\"gb-button gb-button-text gb-button-59335cce\" href=\"https:\/\/www.xlspadlock.com\/es\/hardware-locked-keys\" title=\"Protecci\u00f3n de libros de trabajo de Excel con claves vinculadas al hardware\"><span class=\"gb-button-text\"><i class=\"fa fa-arrow-left\"><\/i>&nbsp;&nbsp;Anterior<\/span><\/a>&nbsp;&nbsp;<a class=\"gb-button gb-button-text gb-button-59335cce\" href=\"https:\/\/www.xlspadlock.com\/es\/dongle-protection\" title=\"Protecci\u00f3n con dongle para hojas de c\u00e1lculo de Excel\"><span class=\"gb-button-text\">Siguiente&nbsp;&nbsp;<i class=\"fa fa-arrow-right\"><\/i><\/span><\/a><\/div>","protected":false},"excerpt":{"rendered":"<p>Activaci\u00f3n en l\u00ednea: controla qui\u00e9n puede usar tu libro de Excel \u00bfQuieres ofrecer una prueba gratuita de tu libro a tus futuros clientes y recopilar correos electr\u00f3nicos &#8230; <a title=\"Activaci\u00f3n y licencias en l\u00ednea para libros de trabajo de Excel\" class=\"read-more\" href=\"https:\/\/www.xlspadlock.com\/es\/xl-workbook-online-activation\" aria-label=\"Leer m\u00e1s sobre Activaci\u00f3n y licenciamiento en l\u00ednea para libros Excel\">Leer m\u00e1s<\/a><\/p>","protected":false},"author":2,"featured_media":0,"parent":2398,"menu_order":5,"comment_status":"closed","ping_status":"closed","template":"","meta":{"inline_featured_image":false,"_uag_custom_page_level_css":"","footnotes":""},"class_list":["post-2532","page","type-page","status-publish"],"uagb_featured_image_src":{"full":false,"thumbnail":false,"medium":false,"medium_large":false,"large":false,"1536x1536":false,"2048x2048":false,"trp-custom-language-flag":false,"betterdocs-category-thumb":false},"uagb_author_info":{"display_name":"G.D.G. Software","author_link":"https:\/\/www.xlspadlock.com\/es\/author\/gdgsoft"},"uagb_comment_info":0,"uagb_excerpt":"Online Activation: control who can use your Excel workbook Want to offer a free trial of your workbook to your future customers and collect email ... Read More","_links":{"self":[{"href":"https:\/\/www.xlspadlock.com\/es\/wp-json\/wp\/v2\/pages\/2532","targetHints":{"allow":["GET"]}}],"collection":[{"href":"https:\/\/www.xlspadlock.com\/es\/wp-json\/wp\/v2\/pages"}],"about":[{"href":"https:\/\/www.xlspadlock.com\/es\/wp-json\/wp\/v2\/types\/page"}],"author":[{"embeddable":true,"href":"https:\/\/www.xlspadlock.com\/es\/wp-json\/wp\/v2\/users\/2"}],"replies":[{"embeddable":true,"href":"https:\/\/www.xlspadlock.com\/es\/wp-json\/wp\/v2\/comments?post=2532"}],"version-history":[{"count":0,"href":"https:\/\/www.xlspadlock.com\/es\/wp-json\/wp\/v2\/pages\/2532\/revisions"}],"up":[{"embeddable":true,"href":"https:\/\/www.xlspadlock.com\/es\/wp-json\/wp\/v2\/pages\/2398"}],"wp:attachment":[{"href":"https:\/\/www.xlspadlock.com\/es\/wp-json\/wp\/v2\/media?parent=2532"}],"curies":[{"name":"wp","href":"https:\/\/api.w.org\/{rel}","templated":true}]}}