{"id":2543,"date":"2022-06-18T09:28:30","date_gmt":"2022-06-18T07:28:30","guid":{"rendered":"https:\/\/www.xlspadlock.com\/?page_id=2543"},"modified":"2025-11-16T13:09:01","modified_gmt":"2025-11-16T12:09:01","slug":"proteccion-dongle","status":"publish","type":"page","link":"https:\/\/www.xlspadlock.com\/es\/dongle-protection","title":{"rendered":"Protecci\u00f3n con dongle para hojas de c\u00e1lculo de Excel"},"content":{"rendered":"<h1 class=\"gb-headline gb-headline-d5b6e8dd gb-headline-text gb-headline-197f6b28\">Protecci\u00f3n con dongle: alta seguridad para su hoja de c\u00e1lculo de Excel<\/h1>\n\n\n\n<p>Puede bloquear su libro de Excel a un dongle, lo que significa que <strong>el libro de trabajo no funcionar\u00e1 <\/strong>sin el  <strong> dongle correcto c<\/strong>onectado. Esta protecci\u00f3n con dongle es una caracter\u00edstica de seguridad potente y fuerte proporcionada por XLS Padlock a los usuarios de Excel.<\/p>\n\n\n<div class=\"wp-block-image\">\n<figure class=\"aligncenter size-full\"><img loading=\"lazy\" decoding=\"async\" width=\"835\" height=\"702\" src=\"https:\/\/cdn.xlspadlock.com\/20251108182728\/dongle-page.png\" alt=\"\" class=\"wp-image-4183\" srcset=\"https:\/\/cdn.xlspadlock.com\/20251108182728\/dongle-page.png 835w, https:\/\/cdn.xlspadlock.com\/20251108182728\/dongle-page-300x252.png 300w, https:\/\/cdn.xlspadlock.com\/20251108182728\/dongle-page-768x646.png 768w, https:\/\/cdn.xlspadlock.com\/20251108182728\/dongle-page-14x12.png 14w, https:\/\/cdn.xlspadlock.com\/20251108182728\/dongle-page-360x303.png 360w\" sizes=\"auto, (max-width: 835px) 100vw, 835px\" \/><\/figure>\n<\/div>\n\n\n<h2 class=\"wp-block-heading\">La protecci\u00f3n con dongle requiere la presencia f\u00edsica del dongle para abrir el libro de trabajo<\/h2>\n\n\n\n<p>El libro de trabajo <strong>verificar\u00e1 la presencia del dongle<\/strong>:<\/p>\n\n\n\n<p>\u2714\ufe0f <strong>al inicio<\/strong><br>El libro de trabajo no se abrir\u00e1 si el usuario no tiene su dongle conectado.<\/p>\n\n\n\n<p>\u2714\ufe0f <strong>regularmente<\/strong> durante la ejecuci\u00f3n (si lo desea): puede definir la frecuencia de estas verificaciones, cada 30 segundos por ejemplo.<br>Por lo tanto, si no se encuentra el dongle, aparece una pantalla molesta que requiere la inserci\u00f3n del dongle en los 15 segundos. Si el dongle sigue sin estar disponible a tiempo, el libro de trabajo se cierra.<\/p>\n\n\n\n<h2 class=\"wp-block-heading\">A\u00f1adir restricciones al dongle<\/h2>\n\n\n\n<p>Tambi\u00e9n puede establecer <strong>restricciones<\/strong>: limitar el n\u00famero de veces que su libro de Excel puede ser ejecutado, hacer que su clave expire despu\u00e9s de un n\u00famero dado de d\u00edas o despu\u00e9s de una fecha dada.<\/p>\n\n\n\n<p>Por \u00faltimo, pero no menos importante, tambi\u00e9n se gestiona la actualizaci\u00f3n remota de dongles: actualice remotamente los <strong>dongles<\/strong> ya proporcionados a sus clientes extendiendo restricciones como nueva fecha de caducidad o contador de uso. <\/p>\n\n\n<div class=\"wp-block-image\">\n<figure class=\"aligncenter size-full\"><img loading=\"lazy\" decoding=\"async\" width=\"602\" height=\"368\" src=\"https:\/\/cdn.xlspadlock.com\/20251116120132\/Image34.png\" alt=\"Dongle Remote Update\" class=\"wp-image-4587\" srcset=\"https:\/\/cdn.xlspadlock.com\/20251116120132\/Image34.png 602w, https:\/\/cdn.xlspadlock.com\/20251116120132\/Image34-300x183.png 300w, https:\/\/cdn.xlspadlock.com\/20251116120132\/Image34-18x12.png 18w, https:\/\/cdn.xlspadlock.com\/20251116120132\/Image34-360x220.png 360w\" sizes=\"auto, (max-width: 602px) 100vw, 602px\" \/><\/figure>\n<\/div>\n\n\n<div class=\"wp-block-uagb-inline-notice uagb-inline_notice__align-left uagb-block-44f182dc\"><button class=\"uagb-notice-close-button\" type=\"button\" aria-label=\"Cerrar\"><\/button><span class=\"uagb-notice-title\">Modelos de dongle<\/span><div class=\"uagb-notice-text\">\n<p>XLS Padlock proporciona soporte para varios modelos de dongle: Enky CT, Enky LC.<\/p>\n\n\n\n<p><i class=\"fas fa-circle-caret-right\"><\/i> Visite el <a href=\"https:\/\/www.hs-securityware.com\/\" target=\"_blank\" rel=\"noopener\">sitio web de HS-Security Ware<\/a> para saber m\u00e1s sobre los dongles.<\/p>\n<\/div><\/div>\n\n\n<div class=\"gb-button-wrapper wp-block-comments-pagination aligncenter\"><a class=\"gb-button gb-button-text gb-button-59335cce\" href=\"https:\/\/www.xlspadlock.com\/es\/xl-workbook-online-activation\" title=\"Activaci\u00f3n y licencias en l\u00ednea para libros de trabajo de Excel\"><span class=\"gb-button-text\"><i class=\"fa fa-arrow-left\"><\/i>&nbsp;&nbsp;Anterior<\/span><\/a>&nbsp;&nbsp;<a class=\"gb-button gb-button-text gb-button-59335cce\" href=\"https:\/\/www.xlspadlock.com\/es\/sell-workbooks-with-woocommerce\" title=\"Venda libros de trabajo y licencias de Excel con WooCommerce\"><span class=\"gb-button-text\">Siguiente&nbsp;&nbsp;<i class=\"fa fa-arrow-right\"><\/i><\/span><\/a><\/div>","protected":false},"excerpt":{"rendered":"<p>Protecci\u00f3n por dongle: alta seguridad para tu hoja de c\u00e1lculo de Excel Puedes bloquear tu libro de Excel a un dongle, lo que significa que el libro no funcionar\u00e1 &#8230; <a title=\"Protecci\u00f3n con dongle para hojas de c\u00e1lculo de Excel\" class=\"read-more\" href=\"https:\/\/www.xlspadlock.com\/es\/dongle-protection\" aria-label=\"Leer m\u00e1s sobre Protecci\u00f3n con dongle para hojas de Excel\">Leer m\u00e1s<\/a><\/p>","protected":false},"author":2,"featured_media":0,"parent":2398,"menu_order":6,"comment_status":"closed","ping_status":"closed","template":"","meta":{"inline_featured_image":false,"_uag_custom_page_level_css":"","footnotes":""},"class_list":["post-2543","page","type-page","status-publish"],"uagb_featured_image_src":{"full":false,"thumbnail":false,"medium":false,"medium_large":false,"large":false,"1536x1536":false,"2048x2048":false,"trp-custom-language-flag":false,"betterdocs-category-thumb":false},"uagb_author_info":{"display_name":"G.D.G. Software","author_link":"https:\/\/www.xlspadlock.com\/es\/author\/gdgsoft"},"uagb_comment_info":0,"uagb_excerpt":"Dongle protection: high security for your Excel spreadsheet You can lock your Excel workbook to a dongle, which means that the workbook will not work ... Read More","_links":{"self":[{"href":"https:\/\/www.xlspadlock.com\/es\/wp-json\/wp\/v2\/pages\/2543","targetHints":{"allow":["GET"]}}],"collection":[{"href":"https:\/\/www.xlspadlock.com\/es\/wp-json\/wp\/v2\/pages"}],"about":[{"href":"https:\/\/www.xlspadlock.com\/es\/wp-json\/wp\/v2\/types\/page"}],"author":[{"embeddable":true,"href":"https:\/\/www.xlspadlock.com\/es\/wp-json\/wp\/v2\/users\/2"}],"replies":[{"embeddable":true,"href":"https:\/\/www.xlspadlock.com\/es\/wp-json\/wp\/v2\/comments?post=2543"}],"version-history":[{"count":0,"href":"https:\/\/www.xlspadlock.com\/es\/wp-json\/wp\/v2\/pages\/2543\/revisions"}],"up":[{"embeddable":true,"href":"https:\/\/www.xlspadlock.com\/es\/wp-json\/wp\/v2\/pages\/2398"}],"wp:attachment":[{"href":"https:\/\/www.xlspadlock.com\/es\/wp-json\/wp\/v2\/media?parent=2543"}],"curies":[{"name":"wp","href":"https:\/\/api.w.org\/{rel}","templated":true}]}}