{"id":2556,"date":"2022-07-02T16:38:16","date_gmt":"2022-07-02T14:38:16","guid":{"rendered":"https:\/\/www.xlspadlock.com\/?page_id=2556"},"modified":"2025-11-16T13:20:53","modified_gmt":"2025-11-16T12:20:53","slug":"vender-libros-excel-woocommerce","status":"publish","type":"page","link":"https:\/\/www.xlspadlock.com\/es\/sell-workbooks-with-woocommerce","title":{"rendered":"Venda libros de trabajo y licencias de Excel con WooCommerce"},"content":{"rendered":"<h1 class=\"gb-headline gb-headline-a9544655 gb-headline-text gb-headline-197f6b28\">Sell &amp; Secure Excel Workbooks with WooCommerce Integration Kit 2025<\/h1>\n\n\n\n<p>\u00bfQuiere vender sus libros de trabajo de Excel con WooCommerce y sin esfuerzo? \u21d2 <strong>Con XLS Padlock, es posible<\/strong>.<\/p>\n\n\n\n<p>\u00bfQuiere dar acceso a su libro de trabajo de Excel a <strong>solo algunas personas<\/strong> y no quiere que lo <strong>compartan<\/strong> con otros?<\/p>\n\n\n\n<p class=\"has-text-align-center\">\ud83d\udc49 <strong>\u00a1Use su sitio web WooCommerce combinado con la funci\u00f3n de activaci\u00f3n en l\u00ednea de XLS Padlock!<\/strong><\/p>\n\n\n\n<div class=\"wp-block-uagb-inline-notice uagb-inline_notice__align-left uagb-block-4fa9b216\"><button class=\"uagb-notice-close-button\" type=\"button\" aria-label=\"Cerrar\"><\/button><span class=\"uagb-notice-title\">Pru\u00e9belo usted mismo<\/span><div class=\"uagb-notice-text\">\n<p><\/p>\n\n\n\n<p>&nbsp;&nbsp;<code><i class=\"fas fa-info-circle fa-2x\"><\/i><\/code> Descubra nuestra <a href=\"https:\/\/demo.xlspadlock.com\" target=\"_blank\" rel=\"noopener\">tienda de demostraci\u00f3n funcional impulsada por WooCommerce y vea c\u00f3mo funciona<\/a><\/p>\n\n\n\n<p><\/p>\n<\/div><\/div>\n\n\n\n<div class=\"wp-block-uagb-inline-notice uagb-inline_notice__align-left uagb-block-0096149a\"><button class=\"uagb-notice-close-button\" type=\"button\" aria-label=\"Cerrar\"><\/button><span class=\"uagb-notice-title\">Gu\u00eda paso a paso<\/span><div class=\"uagb-notice-text\">\n<p><\/p>\n\n\n\n<p>&nbsp;&nbsp;<code><i class=\"fa fa-book fa-2x\"><\/i><\/code> Una completa <a href=\"https:\/\/download.xlspadlock.com\/XLSPadlock-WooCommerceIntegrationKit-Guide.pdf\" target=\"_blank\" rel=\"noopener\">La gu\u00eda de instalaci\u00f3n y explicaci\u00f3n del Kit de WooCommerce est\u00e1 disponible para descargar<\/a><\/p>\n\n\n\n<p><\/p>\n<\/div><\/div>\n\n\n\n<h2 class=\"wp-block-heading\" id=\"how-online-activation-can-help-you-selling-more-excel-workbooks\">\u00bfC\u00f3mo puede ayudarle la activaci\u00f3n en l\u00ednea a vender m\u00e1s libros de trabajo de Excel?<\/h2>\n\n\n\n<p>Quiere ganar dinero con un libro de trabajo de Excel que hizo. Desafortunadamente, los libros de trabajo de Excel no fueron dise\u00f1ados para eso: pueden modificarse y compartirse f\u00e1cilmente. <\/p>\n\n\n\n<p>Con XLS Padlock y sus caracter\u00edsticas de seguridad, puede crear una versi\u00f3n segura de su libro de trabajo para controlar su distribuci\u00f3n e incluso implementar licencias: puede cobrar a las personas por usar su libro de trabajo de Excel. Esto es posible gracias a la funci\u00f3n de activaci\u00f3n en l\u00ednea de XLS Padlock.<\/p>\n\n\n\n<p>Una vez que haya creado su aplicaci\u00f3n de libro de trabajo segura con XLS Padlock, puede distribuirla a cualquiera (incluso publicarla en su propio sitio web). Un cliente tendr\u00e1 que <strong>activarlo<\/strong> completando un <strong>c\u00f3digo de activaci\u00f3n<\/strong> al inicio. Luego, la aplicaci\u00f3n de libro de trabajo segura se conecta a una aplicaci\u00f3n web dedicada que verifica si el usuario <strong>tiene derecho a acceder al libro de trabajo o no<\/strong>. Si no es as\u00ed, el libro de trabajo no se abrir\u00e1.<\/p>\n\n\n\n<p>Por ejemplo, la pantalla de activaci\u00f3n inicial puede verse as\u00ed:<\/p>\n\n\n<div class=\"wp-block-image\">\n<figure class=\"aligncenter size-full\"><img loading=\"lazy\" decoding=\"async\" width=\"654\" height=\"420\" src=\"https:\/\/cdn.xlspadlock.com\/20251108182206\/image-30.png\" alt=\"Enter Activation Code\" class=\"wp-image-3428\" srcset=\"https:\/\/cdn.xlspadlock.com\/20251108182206\/image-30.png 654w, https:\/\/cdn.xlspadlock.com\/20251108182206\/image-30-300x193.png 300w\" sizes=\"auto, (max-width: 654px) 100vw, 654px\" \/><\/figure>\n<\/div>\n\n\n<p>\ud83d\udd25 <strong>Server-Side Expiration Control<\/strong><br>Expiry dates can also be managed centrally on your server, not locally on the computer.<br>This ensures tamper-proof enforcement, instant date adjustments, and protection against clock changes.<\/p>\n\n\n\n<div class=\"wp-block-uagb-inline-notice uagb-inline_notice__align-left uagb-block-03a22544\"><button class=\"uagb-notice-close-button\" type=\"button\" aria-label=\"Cerrar\"><\/button><span class=\"uagb-notice-title\">\u00bfSab\u00eda que?<\/span><div class=\"uagb-notice-text\">\n<p><\/p>\n\n\n\n<p>&nbsp;&nbsp;<code><i class=\"fa fa-unlock-alt fa-2x\"><\/i><\/code> La activaci\u00f3n puede vincularse al hardware para que una copia activada de su libro de trabajo <strong>solo funciona en el ordenador del cliente<\/strong>. El libro de trabajo de Excel protegido no se abrir\u00e1 en ninguna otra m\u00e1quina, por lo que <strong>se vuelve in\u00fatil si se comparte con otros<\/strong>.<\/p>\n\n\n\n<p><\/p>\n<\/div><\/div>\n\n\n\n<h2 class=\"wp-block-heading\" id=\"manage-activations-and-licenses-directly-with-woocommerce\">Gestione activaciones y licencias directamente con WooCommerce<\/h2>\n\n\n\n<p><a rel=\"nofollow noopener\" href=\"https:\/\/woocommerce.com\" target=\"_blank\">WooCommerce<\/a> es una plataforma de comercio electr\u00f3nico de c\u00f3digo abierto y completamente personalizable disponible para cualquiera. Puede usarla para vender o distribuir cualquier cosa, incluidos los libros de trabajo de Excel.<\/p>\n\n\n\n<p><strong>Todos los clientes de XLS Padlock tienen acceso<\/strong> a nuestro <a href=\"\/es\/cuenta\/descargas\/\">Kit de Integraci\u00f3n de WooCommerce gratuito de XLS Padlock<\/a>. Este kit contiene una aplicaci\u00f3n web PHP que puede funcionar con un sitio web WooCommerce existente. Se incluye una <strong>se incluye una gu\u00eda dedicada paso a paso<\/strong>. Despu\u00e9s de la instalaci\u00f3n y configuraci\u00f3n, todo est\u00e1 automatizado.<\/p>\n\n\n\n<h3 class=\"wp-block-heading\" id=\"highlights\">Aspectos destacados<\/h3>\n\n\n\n<ul class=\"wp-block-list\">\n<li><p>Decida en cu\u00e1ntos ordenadores puede activar un usuario el libro de trabajo seguro.  <\/p><\/li>\n\n\n\n<li><p>Use la secci\u00f3n Pedidos de WooCommerce y luego Editar pedido para administrar las activaciones de un pedido determinado:<\/p> <\/li>\n<\/ul>\n\n\n<div class=\"wp-block-image\">\n<figure class=\"aligncenter size-full\"><img loading=\"lazy\" decoding=\"async\" width=\"650\" height=\"390\" src=\"https:\/\/cdn.xlspadlock.com\/20251108181106\/image-5.png\" alt=\"\" class=\"wp-image-2560\" srcset=\"https:\/\/cdn.xlspadlock.com\/20251108181106\/image-5.png 650w, https:\/\/cdn.xlspadlock.com\/20251108181106\/image-5-300x180.png 300w\" sizes=\"auto, (max-width: 650px) 100vw, 650px\" \/><\/figure>\n<\/div>\n\n\n<p>Puede usar entonces <strong>campos personalizados para gestionar activaciones<\/strong> para un pedido (y cliente) determinado:<\/p>\n\n\n<div class=\"wp-block-image\">\n<figure class=\"aligncenter size-full\"><img loading=\"lazy\" decoding=\"async\" width=\"650\" height=\"448\" src=\"https:\/\/cdn.xlspadlock.com\/20251108181106\/image-6.png\" alt=\"\" class=\"wp-image-2562\" srcset=\"https:\/\/cdn.xlspadlock.com\/20251108181106\/image-6.png 650w, https:\/\/cdn.xlspadlock.com\/20251108181106\/image-6-300x207.png 300w\" sizes=\"auto, (max-width: 650px) 100vw, 650px\" \/><\/figure>\n<\/div>\n\n\n<ul class=\"wp-block-list\">\n<li><strong>Bloquear activaciones si su cliente, por ejemplo, solicit\u00f3 un reembolso<\/strong>.<br><\/li>\n\n\n\n<li><strong>Server-Side Expiration Control<\/strong>: centralized, tamper-proof license expiry.<br><\/li>\n\n\n\n<li><strong>Advanced Logging<\/strong>: detailed activation logs, for easy debugging in case of problems.<br><\/li>\n<\/ul>\n\n\n\n<h2 class=\"wp-block-heading\" id=\"control-who-can-activate-remotely-and-regularly-set-limitations\">Controle qui\u00e9n puede activar de forma remota y regular, establezca limitaciones<\/h2>\n\n\n\n<p>El Kit de Integraci\u00f3n de WooCommerce de XLS Padlock admite la funci\u00f3n de validaci\u00f3n de XLS Padlock: puede configurar su libro de trabajo seguro para que se conecte a su sitio web WooCommerce y <strong>verificar la validez de la activaci\u00f3n regularmente<\/strong>.<\/p>\n\n\n\n<h3 class=\"wp-block-heading\" id=\"possible-uses\">Usos posibles<\/h3>\n\n\n\n<ul class=\"wp-block-list\">\n<li>vende libros de trabajo de Excel y desea bloquear el acceso a ellos si los usuarios finales solicitan reembolsos.<\/li>\n\n\n\n<li>desea controlar qui\u00e9n puede acceder a los libros de trabajo de Excel regularmente.<\/li>\n<\/ul>\n\n\n<div class=\"wp-block-image\">\n<figure class=\"aligncenter size-full\"><img loading=\"lazy\" decoding=\"async\" width=\"876\" height=\"773\" src=\"https:\/\/cdn.xlspadlock.com\/20251108181106\/image-7.png\" alt=\"\" class=\"wp-image-2563\" srcset=\"https:\/\/cdn.xlspadlock.com\/20251108181106\/image-7.png 876w, https:\/\/cdn.xlspadlock.com\/20251108181106\/image-7-300x265.png 300w, https:\/\/cdn.xlspadlock.com\/20251108181106\/image-7-768x678.png 768w\" sizes=\"auto, (max-width: 876px) 100vw, 876px\" \/><\/figure>\n<\/div>\n\n\n<p>Elija cu\u00e1ndo debe realizar la aplicaci\u00f3n una validaci\u00f3n: en cada inicio, aleatoriamente o cada X veces.<\/p>\n\n\n\n<p>Defina qu\u00e9 debe hacer la aplicaci\u00f3n si la validaci\u00f3n falla: salir de la aplicaci\u00f3n, incluir la clave de activaci\u00f3n en la lista negra o incluso, para los programadores de VBA, \u00a1puede usar nuestra API VBA de XLS Padlock para una mayor personalizaci\u00f3n!<\/p>\n\n\n\n<p>Enforce expirations centrally and block access automatically when a license lapses.<\/p>\n\n\n\n<ul class=\"wp-block-list\">\n<li>Suponga que bloque\u00f3 el acceso de sus clientes, obtendr\u00e1n este error:<\/li>\n<\/ul>\n\n\n<div class=\"wp-block-image\">\n<figure class=\"aligncenter size-full\"><img loading=\"lazy\" decoding=\"async\" width=\"362\" height=\"150\" src=\"https:\/\/cdn.xlspadlock.com\/20251108181106\/image-8.png\" alt=\"\" class=\"wp-image-2565\" srcset=\"https:\/\/cdn.xlspadlock.com\/20251108181106\/image-8.png 362w, https:\/\/cdn.xlspadlock.com\/20251108181106\/image-8-300x124.png 300w\" sizes=\"auto, (max-width: 362px) 100vw, 362px\" \/><\/figure>\n<\/div>\n\n\n<p>De lo contrario, si la validaci\u00f3n es exitosa, el EXE del libro de trabajo compilado contin\u00faa su ejecuci\u00f3n.<\/p>\n\n\n\n<h2 class=\"wp-block-heading\" id=\"earn-monthly-incomes-from-your-excel-workbooks-with-subscriptions\">Gane ingresos mensuales de sus libros de trabajo de Excel con suscripciones<\/h2>\n\n\n\n<p>El Kit de Integraci\u00f3n de WooCommerce de XLS Padlock tambi\u00e9n ofrece soporte para suscripciones. Si tiene el complemento WooCommerce Subscriptions, puede vincular sus libros de trabajo de Excel compilados con XLS Padlock a suscripciones.<\/p>\n\n\n\n<p>Para acceder a sus libros de trabajo, los clientes necesitar\u00edan una suscripci\u00f3n activa y pagarle cada mes, por ejemplo. Las suscripciones para libros de trabajo de Excel ahora son posibles con XLS Padlock e incluso f\u00e1ciles de implementar.<\/p>\n\n\n\n<p>Si usted <strong>no tiene WooCommerce y a\u00fan desea utilizar el modelo de suscripci\u00f3n<\/strong>, tambi\u00e9n ofrecemos un kit de suscripci\u00f3n que no requiere ning\u00fan complemento de pago y es una soluci\u00f3n PHP pura que funcionar\u00e1 en casi cualquier servidor web. <a href=\"\/es\/suscripciones-libro-excel-ganar-dinero\/\">Eche un vistazo a nuestro Kit de Suscripci\u00f3n FastSpring<\/a>.<\/p>\n\n\n\n<div class=\"wp-block-uagb-inline-notice uagb-inline_notice__align-left uagb-block-bf2042e0\"><button class=\"uagb-notice-close-button\" type=\"button\" aria-label=\"Cerrar\"><\/button><span class=\"uagb-notice-title\">Pru\u00e9belo usted mismo<\/span><div class=\"uagb-notice-text\">\n<p><\/p>\n\n\n\n<p>  <code><i class=\"fas fa-info-circle fa-2x\"><\/i><\/code> Descubra nuestra <a href=\"https:\/\/demo.xlspadlock.com\" target=\"_blank\" rel=\"noopener\">tienda de demostraci\u00f3n funcional impulsada por WooCommerce y vea c\u00f3mo funciona<\/a><\/p>\n\n\n\n<p><\/p>\n<\/div><\/div>\n\n\n\n<div class=\"wp-block-uagb-inline-notice uagb-inline_notice__align-left uagb-block-825ba41a\"><button class=\"uagb-notice-close-button\" type=\"button\" aria-label=\"Cerrar\"><\/button><span class=\"uagb-notice-title\">Gu\u00eda paso a paso<\/span><div class=\"uagb-notice-text\">\n<p><\/p>\n\n\n\n<p>  <code><i class=\"fa fa-book fa-2x\"><\/i><\/code> Una completa <a href=\"https:\/\/download.xlspadlock.com\/XLSPadlock-WooCommerceIntegrationKit-Guide.pdf\" target=\"_blank\" rel=\"noopener\">La gu\u00eda de instalaci\u00f3n y explicaci\u00f3n del Kit de WooCommerce est\u00e1 disponible para descargar<\/a><\/p>\n\n\n\n<p><\/p>\n<\/div><\/div>\n\n\n<div class=\"gb-button-wrapper wp-block-comments-pagination aligncenter\"><a class=\"gb-button gb-button-text gb-button-59335cce\" href=\"https:\/\/www.xlspadlock.com\/es\/dongle-protection\" title=\"Protecci\u00f3n con dongle para hojas de c\u00e1lculo de Excel\"><span class=\"gb-button-text\"><i class=\"fa fa-arrow-left\"><\/i>&nbsp;&nbsp;Anterior<\/span><\/a>&nbsp;&nbsp;<a class=\"gb-button gb-button-text gb-button-59335cce\" href=\"https:\/\/www.xlspadlock.com\/es\/excel-workbook-subscriptions-make-money\" title=\"Suscripciones para libros de trabajo de Excel: una forma de ganar dinero\"><span class=\"gb-button-text\">Siguiente&nbsp;&nbsp;<i class=\"fa fa-arrow-right\"><\/i><\/span><\/a><\/div>","protected":false},"excerpt":{"rendered":"<p>Sell &amp; Secure Excel Workbooks with WooCommerce Integration Kit 2025 Want to sell your Excel workbooks with WooCommerce and without efforts? \u21d2 With XLS Padlock, &#8230; <a title=\"Venda libros de trabajo y licencias de Excel con WooCommerce\" class=\"read-more\" href=\"https:\/\/www.xlspadlock.com\/es\/sell-workbooks-with-woocommerce\" aria-label=\"Leer m\u00e1s sobre Vender libros y licencias de Excel con WooCommerce\">Leer m\u00e1s<\/a><\/p>","protected":false},"author":2,"featured_media":0,"parent":2398,"menu_order":7,"comment_status":"closed","ping_status":"closed","template":"","meta":{"inline_featured_image":false,"_uag_custom_page_level_css":"","footnotes":""},"class_list":["post-2556","page","type-page","status-publish"],"uagb_featured_image_src":{"full":false,"thumbnail":false,"medium":false,"medium_large":false,"large":false,"1536x1536":false,"2048x2048":false,"trp-custom-language-flag":false,"betterdocs-category-thumb":false},"uagb_author_info":{"display_name":"G.D.G. Software","author_link":"https:\/\/www.xlspadlock.com\/es\/author\/gdgsoft"},"uagb_comment_info":0,"uagb_excerpt":"Sell &amp; Secure Excel Workbooks with WooCommerce Integration Kit 2025 Want to sell your Excel workbooks with WooCommerce and without efforts? \u21d2 With XLS Padlock, ... Read More","_links":{"self":[{"href":"https:\/\/www.xlspadlock.com\/es\/wp-json\/wp\/v2\/pages\/2556","targetHints":{"allow":["GET"]}}],"collection":[{"href":"https:\/\/www.xlspadlock.com\/es\/wp-json\/wp\/v2\/pages"}],"about":[{"href":"https:\/\/www.xlspadlock.com\/es\/wp-json\/wp\/v2\/types\/page"}],"author":[{"embeddable":true,"href":"https:\/\/www.xlspadlock.com\/es\/wp-json\/wp\/v2\/users\/2"}],"replies":[{"embeddable":true,"href":"https:\/\/www.xlspadlock.com\/es\/wp-json\/wp\/v2\/comments?post=2556"}],"version-history":[{"count":0,"href":"https:\/\/www.xlspadlock.com\/es\/wp-json\/wp\/v2\/pages\/2556\/revisions"}],"up":[{"embeddable":true,"href":"https:\/\/www.xlspadlock.com\/es\/wp-json\/wp\/v2\/pages\/2398"}],"wp:attachment":[{"href":"https:\/\/www.xlspadlock.com\/es\/wp-json\/wp\/v2\/media?parent=2556"}],"curies":[{"name":"wp","href":"https:\/\/api.w.org\/{rel}","templated":true}]}}