{"id":2573,"date":"2022-07-02T19:58:50","date_gmt":"2022-07-02T17:58:50","guid":{"rendered":"https:\/\/www.xlspadlock.com\/?page_id=2573"},"modified":"2025-11-16T13:24:37","modified_gmt":"2025-11-16T12:24:37","slug":"suscripciones-libro-excel-ganar-dinero","status":"publish","type":"page","link":"https:\/\/www.xlspadlock.com\/es\/excel-workbook-subscriptions-make-money","title":{"rendered":"Suscripciones para libros de trabajo de Excel: una forma de ganar dinero"},"content":{"rendered":"<h1 class=\"gb-headline gb-headline-a9544655 gb-headline-text gb-headline-197f6b28\">Gane Dinero Regularmente Con Suscripciones Para Libros de Excel<\/h1>\n\n\n<div class=\"wp-block-image\">\n<figure class=\"alignleft size-full\"><img loading=\"lazy\" decoding=\"async\" width=\"400\" height=\"267\" src=\"https:\/\/cdn.xlspadlock.com\/20251108181106\/chart-data.jpg\" alt=\"Datos de gr\u00e1fico de Excel\" class=\"wp-image-2576\" srcset=\"https:\/\/cdn.xlspadlock.com\/20251108181106\/chart-data.jpg 400w, https:\/\/cdn.xlspadlock.com\/20251108181106\/chart-data-300x200.jpg 300w\" sizes=\"auto, (max-width: 400px) 100vw, 400px\" \/><\/figure>\n<\/div>\n\n\n<p>S\u00ed, puede generar ingresos regulares de una hoja de c\u00e1lculo de Excel que dise\u00f1\u00f3 gracias a las suscripciones para libros de Excel. Lamentablemente, los libros de Excel no fueron creados para eso, pueden cambiarse y compartirse r\u00e1pidamente.<\/p>\n\n\n\n<p>Pero, gracias a XLS Padlock y sus funciones de seguridad, desarrolla una <strong>aplicaci\u00f3n protegida de su hoja de c\u00e1lculo de Excel para regular su uso y compartici\u00f3n<\/strong>. A\u00fan mejor, puede <strong>cobrar a las personas por utilizar sus hojas de c\u00e1lculo de Excel<\/strong>. S\u00ed, eso es factible con las potentes funciones de activaci\u00f3n en l\u00ednea de XLS Padlock.<\/p>\n\n\n\n<p>Ahora, imagine que quiere <strong>cobrar a los usuarios de su hoja de c\u00e1lculo de forma regular<\/strong>. Por ejemplo, por semana, por mes... A menos que use servicios de hojas de c\u00e1lculo en l\u00ednea, esto es dif\u00edcilmente imaginable solo con Excel. Y, sin embargo, ahora es posible exclusivamente con XLS Padlock y nuestro kit de suscripci\u00f3n FastSpring. <\/p>\n\n\n\n<p>La <strong>Kit de Suscripci\u00f3n FastSpring de XLS Padlock<\/strong> es una aplicaci\u00f3n PHP completa y lista para usar que se instala en su sitio web y que vincular\u00e1 las suscripciones de FastSpring a sus libros de Excel protegidos con XLS Padlock. Esto le permite automatizar la concesi\u00f3n de licencias de sus libros de Excel compilados y ganar dinero regularmente a trav\u00e9s de suscripciones.<\/p>\n\n\n\n<p><strong>We even offer this kit <mark style=\"background-color:#f2ff15\" class=\"has-inline-color has-contrast-2-color\">gratis <\/mark>to all our XLS Padlock customers<\/strong>.<\/p>\n\n\n<div class=\"wp-block-image\">\n<figure class=\"aligncenter size-full\"><img loading=\"lazy\" decoding=\"async\" width=\"700\" height=\"215\" src=\"https:\/\/cdn.xlspadlock.com\/20251108181106\/subscription.png\" alt=\"Modelo de Suscripciones para Excel\" class=\"wp-image-2577\" srcset=\"https:\/\/cdn.xlspadlock.com\/20251108181106\/subscription.png 700w, https:\/\/cdn.xlspadlock.com\/20251108181106\/subscription-300x92.png 300w\" sizes=\"auto, (max-width: 700px) 100vw, 700px\" \/><\/figure>\n<\/div>\n\n\n<h2 class=\"wp-block-heading\" id=\"what-are-subscriptions\">\u00bfQu\u00e9 son las suscripciones?<\/h2>\n\n\n\n<p>Hoy en d\u00eda, muchas empresas ofrecen planes de pago mensuales o anuales a sus clientes. Este modelo de \"suscripci\u00f3n\" es realmente similar al arrendamiento, ya que el cliente paga para usar el producto. Sin embargo, no poseen el software, <strong>pueden utilizarlo solo por un per\u00edodo determinado<\/strong>. Cuando finaliza el plan de pago, la persona ya no puede acceder al software.<\/p>\n\n\n\n<p>Las suscripciones le permiten descubrir un nuevo nivel de potencial de ingresos que es consistente. Muchos clientes de XLS Padlock ya utilizan este modelo de suscripci\u00f3n. \u00a1Solo siga las tendencias!<\/p>\n\n\n\n<h2 class=\"wp-block-heading\" id=\"fastspring-good-platform-for-excel-workbook-subscriptions\">FastSpring, buena plataforma para suscripciones de libros de Excel<\/h2>\n\n\n\n<p>Elegimos <a href=\"https:\/\/fastspring.com\/subscription-management\/\" target=\"_blank\" rel=\"noopener\">FastSpring<\/a>, una plataforma de comercio electr\u00f3nico de servicio completo, que incluye todo lo necesario para vender software en l\u00ednea. FastSpring proporciona una plataforma s\u00f3lida con todas las herramientas necesarias para administrar sus suscripciones f\u00e1cilmente y cobrar pagos de los clientes.<\/p>\n\n\n\n<p>Igualmente puede explorar nuevos medios de fijaci\u00f3n de precios para su suscripci\u00f3n, como pruebas gratuitas limitadas, estructuras de precios basadas en el uso y mucho m\u00e1s.<\/p>\n\n\n\n<p>Por lo tanto, hemos <strong>creado un kit completo para instalar en su sitio web<\/strong>. Este kit crea un puente entre sus <a href=\"\/es\/seguridad\/\">aplicaciones de hoja de Excel protegidas con XLS Padlock<\/a> y los servicios en l\u00ednea de FastSpring.<\/p>\n\n\n\n<h2 class=\"wp-block-heading\" id=\"set-up-your-own-fastspring-subscriptions-with-our-guide\">Configure sus propias suscripciones de FastSpring para libros de Excel con nuestra gu\u00eda<\/h2>\n\n\n\n<p>Incluso sin habilidades avanzadas de programaci\u00f3n o desarrollo web, puede seguir <strong>las instrucciones completas paso a paso en nuestra gu\u00eda<\/strong> para instalar nuestro kit de suscripci\u00f3n FastSpring para hojas de c\u00e1lculo de Excel en su sitio web.<\/p>\n\n\n\n<div class=\"wp-block-uagb-inline-notice uagb-inline_notice__align-left uagb-block-237e0cd2\"><button class=\"uagb-notice-close-button\" type=\"button\" aria-label=\"Cerrar\"><\/button><span class=\"uagb-notice-title\">Una gu\u00eda completa paso a paso est\u00e1 disponible<\/span><div class=\"uagb-notice-text\">\n<p><p>\u00a0\u00a0<code><i class=\"fas fa-book fa-2x\"><\/i><\/code> La completa <a href=\"https:\/\/www.xlspadlock.com\/guide\/fs-subscription-kit\/\">gu\u00eda de instalaci\u00f3n y explicaci\u00f3n del Kit de Suscripci\u00f3n FastSpring est\u00e1 disponible en l\u00ednea<\/a> o puede <a href=\"https:\/\/download.xlspadlock.com\/XLSPadlock-FS-Subscription-Kit-Guide.pdf\" target=\"_blank\" rel=\"noopener\">descargar la gu\u00eda en formato PDF<\/a>.<\/p><\/p>\n<\/div><\/div>\n\n\n\n<p>En poco tiempo, podr\u00e1 configurar su primera suscripci\u00f3n, vincularla a su <a href=\"\/es\/proteger-libro\/\">libro de Excel una vez protegido con XLS Padlock<\/a>.<\/p>\n\n\n\n<p>Cuando los clientes ejecutan el archivo EXE de la aplicaci\u00f3n del libro de trabajo, aparece una ventana que les dice que <a href=\"\/es\/libro-excel-activacion-en-linea\/\">requiere una activaci\u00f3n<\/a>.<\/p>\n\n\n<div class=\"wp-block-image\">\n<figure class=\"aligncenter size-full\"><img loading=\"lazy\" decoding=\"async\" width=\"654\" height=\"421\" src=\"https:\/\/cdn.xlspadlock.com\/20251108184348\/enter_activation_token.png\" alt=\"enter activation token\" class=\"wp-image-4351\" srcset=\"https:\/\/cdn.xlspadlock.com\/20251108184348\/enter_activation_token.png 654w, https:\/\/cdn.xlspadlock.com\/20251108184348\/enter_activation_token-300x193.png 300w, https:\/\/cdn.xlspadlock.com\/20251108184348\/enter_activation_token-18x12.png 18w, https:\/\/cdn.xlspadlock.com\/20251108184348\/enter_activation_token-360x232.png 360w\" sizes=\"auto, (max-width: 654px) 100vw, 654px\" \/><\/figure>\n<\/div>\n\n\n<p>El c\u00f3digo de activaci\u00f3n est\u00e1 vinculado a la suscripci\u00f3n del cliente en FastSpring.<\/p>\n\n\n\n<p>Cuando el cliente hace clic en Activar, la aplicaci\u00f3n del libro de Excel <strong>verifica la validez de la suscripci\u00f3n<\/strong> contactando a los servidores de FastSpring.<\/p>\n\n\n<div class=\"wp-block-image\">\n<figure class=\"aligncenter size-full\"><img loading=\"lazy\" decoding=\"async\" width=\"654\" height=\"421\" src=\"https:\/\/cdn.xlspadlock.com\/20251108182700\/activation-wait.png\" alt=\"activation-wait\" class=\"wp-image-4140\" srcset=\"https:\/\/cdn.xlspadlock.com\/20251108182700\/activation-wait.png 654w, https:\/\/cdn.xlspadlock.com\/20251108182700\/activation-wait-300x193.png 300w, https:\/\/cdn.xlspadlock.com\/20251108182700\/activation-wait-18x12.png 18w, https:\/\/cdn.xlspadlock.com\/20251108182700\/activation-wait-360x232.png 360w\" sizes=\"auto, (max-width: 654px) 100vw, 654px\" \/><\/figure>\n<\/div>\n\n\n<p>Esto asegura que <strong>solo los clientes de pago con una suscripci\u00f3n activa pueden activar<\/strong> su aplicaci\u00f3n de hoja de c\u00e1lculo de Excel y acceder a ella.<\/p>\n\n\n\n<h2 class=\"wp-block-heading\" id=\"no-more-problems-for-refunds-or-cancelled-subscriptions\">No m\u00e1s problemas por reembolsos o suscripciones canceladas para libros de Excel<\/h2>\n\n\n\n<p>El Kit de Suscripci\u00f3n FastSpring de XLS Padlock maneja la <a href=\"\/doc\/topics\/online-validation.htm\/\">funcionalidad de validaci\u00f3n de XLS Padlock<\/a>. Configure su aplicaci\u00f3n de hoja de c\u00e1lculo para <strong>verificar la validez de la suscripci\u00f3n regularmente<\/strong>:<\/p>\n\n\n<div class=\"wp-block-image\">\n<figure class=\"aligncenter size-full is-resized\"><img loading=\"lazy\" decoding=\"async\" width=\"876\" height=\"773\" src=\"https:\/\/cdn.xlspadlock.com\/20251108181106\/image-7.png\" alt=\"Hoja de c\u00e1lculo de Excel : Configuraci\u00f3n de Validaci\u00f3n en L\u00ednea\" class=\"wp-image-2563\" style=\"width:840px;height:741px\" srcset=\"https:\/\/cdn.xlspadlock.com\/20251108181106\/image-7.png 876w, https:\/\/cdn.xlspadlock.com\/20251108181106\/image-7-300x265.png 300w, https:\/\/cdn.xlspadlock.com\/20251108181106\/image-7-768x678.png 768w\" sizes=\"auto, (max-width: 876px) 100vw, 876px\" \/><\/figure>\n<\/div>\n\n\n<ul class=\"wp-block-list\">\n<li>Defina cu\u00e1ndo la aplicaci\u00f3n debe validar la suscripci\u00f3n: aleatoriamente, cada X veces o en cada inicio.<\/li>\n\n\n\n<li>Configure qu\u00e9 debe hacer la aplicaci\u00f3n si la validaci\u00f3n falla. Salir de la aplicaci\u00f3n, a\u00f1adir a lista negra las claves de activaci\u00f3n o los programadores de VBA pueden ir m\u00e1s all\u00e1 gracias a nuestra API VBA de XLS Padlock.<\/li>\n<\/ul>\n\n\n\n<h3 class=\"wp-block-heading\" id=\"subscription-validation-primary-goals\">Objetivos Principales de la Validaci\u00f3n de Suscripci\u00f3n<\/h3>\n\n\n\n<ul class=\"wp-block-list\">\n<li>ya que vende libros de Excel, algunos clientes pueden querer reembolsos. Puede bloquear el acceso a su libro de trabajo a todos los clientes reembolsados.<\/li>\n\n\n\n<li>pretende gestionar qui\u00e9n puede acceder a sus libros de Excel frecuentemente.<\/li>\n<\/ul>\n\n\n\n<p><strong>Es f\u00e1cil,<\/strong> XLS Padlock bloquear\u00e1 el acceso si el estado de la suscripci\u00f3n es diferente de Activado como puede ver a continuaci\u00f3n:<\/p>\n\n\n<div class=\"wp-block-image\">\n<figure class=\"aligncenter size-full\"><img loading=\"lazy\" decoding=\"async\" width=\"871\" height=\"585\" src=\"https:\/\/cdn.xlspadlock.com\/20251108181106\/fastspring-subscription.png\" alt=\"En Fastspring configure suscripciones para libros de Excel\" class=\"wp-image-2578\" srcset=\"https:\/\/cdn.xlspadlock.com\/20251108181106\/fastspring-subscription.png 871w, https:\/\/cdn.xlspadlock.com\/20251108181106\/fastspring-subscription-300x201.png 300w, https:\/\/cdn.xlspadlock.com\/20251108181106\/fastspring-subscription-768x516.png 768w\" sizes=\"auto, (max-width: 871px) 100vw, 871px\" \/><\/figure>\n<\/div>\n\n\n<p>Suponga que la suscripci\u00f3n de un cliente ha expirado, entonces obtendr\u00e1n este error:<\/p>\n\n\n<div class=\"wp-block-image\">\n<figure class=\"aligncenter size-full\"><img loading=\"lazy\" decoding=\"async\" width=\"362\" height=\"150\" src=\"https:\/\/cdn.xlspadlock.com\/20251108181106\/image-8.png\" alt=\"Acceso a la hoja de c\u00e1lculo de Excel bloqueado\" class=\"wp-image-2565\" srcset=\"https:\/\/cdn.xlspadlock.com\/20251108181106\/image-8.png 362w, https:\/\/cdn.xlspadlock.com\/20251108181106\/image-8-300x124.png 300w\" sizes=\"auto, (max-width: 362px) 100vw, 362px\" \/><\/figure>\n<\/div>\n\n\n<p>De lo contrario, si la suscripci\u00f3n est\u00e1 activa, la aplicaci\u00f3n EXE del libro de trabajo contin\u00faa su ejecuci\u00f3n como de costumbre.<\/p>\n\n\n\n<p>Si es cliente de XLS Padlock, por favor visite la <a href=\"\/es\/cuenta\/descargas\/\">p\u00e1gina de Descargas para usuarios registrados<\/a> para descargar el kit.<\/p>\n\n\n\n<div class=\"wp-block-uagb-inline-notice uagb-inline_notice__align-left uagb-block-d6c905f8\"><button class=\"uagb-notice-close-button\" type=\"button\" aria-label=\"Cerrar\"><\/button><span class=\"uagb-notice-title\">Regalo para todos los clientes<\/span><div class=\"uagb-notice-text\">\n<p><p><code><i class=\"fas fa-arrow-circle-down fa-2x\"><\/i><\/code> <strong>Obtenga su exclusivo kit de suscripci\u00f3n FastSpring de XLS Padlock gratis<\/strong>. Est\u00e1 incluido para <a href=\"\/es\/tienda\/\">todos los clientes que compraron XLS Padlock<\/a>.<\/p><p>\u00bfA\u00fan dudando? Pruebe nuestra <a href=\"\/es\/descargar\/\">prueba completamente funcional<\/a>.<\/p><\/p>\n<\/div><\/div>\n\n\n\n<div class=\"wp-block-uagb-inline-notice uagb-inline_notice__align-left uagb-block-100dd0e5\"><button class=\"uagb-notice-close-button\" type=\"button\" aria-label=\"Cerrar\"><\/button><span class=\"uagb-notice-title\">Pru\u00e9belo usted mismo<\/span><div class=\"uagb-notice-text\">\n<p><p>  <code><i class=\"fas fa-info-circle fa-2x\"><\/i><\/code> Pruebe nuestra <a href=\"https:\/\/demo.xlspadlock.com\" target=\"_blank\" rel=\"noopener\">tienda de demostraci\u00f3n funcional impulsada por WooCommerce y vea c\u00f3mo funciona la activaci\u00f3n en l\u00ednea<\/a><\/p><\/p>\n<\/div><\/div>\n\n\n\n<div class=\"wp-block-uagb-inline-notice uagb-inline_notice__align-left uagb-block-522dba1e\"><button class=\"uagb-notice-close-button\" type=\"button\" aria-label=\"Cerrar\"><\/button><span class=\"uagb-notice-title\">Una gu\u00eda completa paso a paso est\u00e1 disponible<\/span><div class=\"uagb-notice-text\">\n<p><p>  <code><i class=\"fas fa-book fa-2x\"><\/i><\/code> La completa <a href=\"https:\/\/www.xlspadlock.com\/guide\/fs-subscription-kit\/\">gu\u00eda de instalaci\u00f3n y explicaci\u00f3n del Kit de Suscripci\u00f3n FastSpring est\u00e1 disponible en l\u00ednea<\/a> o puede <a href=\"https:\/\/download.xlspadlock.com\/XLSPadlock-FS-Subscription-Kit-Guide.pdf\" target=\"_blank\" rel=\"noopener\">descargar la gu\u00eda en formato PDF<\/a>.<\/p><\/p>\n<\/div><\/div>\n\n\n<div class=\"gb-button-wrapper wp-block-comments-pagination aligncenter\"><a class=\"gb-button gb-button-text gb-button-59335cce\" href=\"https:\/\/www.xlspadlock.com\/es\/sell-workbooks-with-woocommerce\" title=\"Venda libros de trabajo y licencias de Excel con WooCommerce\"><span class=\"gb-button-text\"><i class=\"fa fa-arrow-left\"><\/i>&nbsp;&nbsp;Anterior<\/span><\/a>&nbsp;&nbsp;<a class=\"gb-button gb-button-text gb-button-59335cce\" href=\"https:\/\/www.xlspadlock.com\/es\/protect-formulas\" title=\"Proteja sus f\u00f3rmulas de Excel con XLS Padlock\"><span class=\"gb-button-text\">Siguiente&nbsp;&nbsp;<i class=\"fa fa-arrow-right\"><\/i><\/span><\/a><\/div>","protected":false},"excerpt":{"rendered":"<p>Gana dinero regularmente con suscripciones para libros de Excel S\u00ed, puedes generar ingresos regulares de una hoja de c\u00e1lculo de Excel que dise\u00f1aste gracias a las suscripciones para Excel &#8230; <a title=\"Suscripciones para libros de trabajo de Excel: una forma de ganar dinero\" class=\"read-more\" href=\"https:\/\/www.xlspadlock.com\/es\/excel-workbook-subscriptions-make-money\" aria-label=\"Leer m\u00e1s sobre Suscripciones para libros Excel: forma de ganar dinero\">Leer m\u00e1s<\/a><\/p>","protected":false},"author":2,"featured_media":0,"parent":2398,"menu_order":8,"comment_status":"closed","ping_status":"closed","template":"","meta":{"inline_featured_image":false,"_uag_custom_page_level_css":"","footnotes":""},"class_list":["post-2573","page","type-page","status-publish"],"uagb_featured_image_src":{"full":false,"thumbnail":false,"medium":false,"medium_large":false,"large":false,"1536x1536":false,"2048x2048":false,"trp-custom-language-flag":false,"betterdocs-category-thumb":false},"uagb_author_info":{"display_name":"G.D.G. Software","author_link":"https:\/\/www.xlspadlock.com\/es\/author\/gdgsoft"},"uagb_comment_info":0,"uagb_excerpt":"Make Regular Money With Subscriptions For Excel Workbooks Yes, you can generate regular income from an Excel spreadsheet you designed thanks to subscriptions for Excel ... Read More","_links":{"self":[{"href":"https:\/\/www.xlspadlock.com\/es\/wp-json\/wp\/v2\/pages\/2573","targetHints":{"allow":["GET"]}}],"collection":[{"href":"https:\/\/www.xlspadlock.com\/es\/wp-json\/wp\/v2\/pages"}],"about":[{"href":"https:\/\/www.xlspadlock.com\/es\/wp-json\/wp\/v2\/types\/page"}],"author":[{"embeddable":true,"href":"https:\/\/www.xlspadlock.com\/es\/wp-json\/wp\/v2\/users\/2"}],"replies":[{"embeddable":true,"href":"https:\/\/www.xlspadlock.com\/es\/wp-json\/wp\/v2\/comments?post=2573"}],"version-history":[{"count":0,"href":"https:\/\/www.xlspadlock.com\/es\/wp-json\/wp\/v2\/pages\/2573\/revisions"}],"up":[{"embeddable":true,"href":"https:\/\/www.xlspadlock.com\/es\/wp-json\/wp\/v2\/pages\/2398"}],"wp:attachment":[{"href":"https:\/\/www.xlspadlock.com\/es\/wp-json\/wp\/v2\/media?parent=2573"}],"curies":[{"name":"wp","href":"https:\/\/api.w.org\/{rel}","templated":true}]}}