{"id":2594,"date":"2022-07-02T23:33:20","date_gmt":"2022-07-02T21:33:20","guid":{"rendered":"https:\/\/www.xlspadlock.com\/?page_id=2594"},"modified":"2025-11-16T13:26:24","modified_gmt":"2025-11-16T12:26:24","slug":"proteger-formulas","status":"publish","type":"page","link":"https:\/\/www.xlspadlock.com\/es\/protect-formulas","title":{"rendered":"Proteja sus f\u00f3rmulas de Excel con XLS Padlock"},"content":{"rendered":"<h1 class=\"gb-headline gb-headline-a9544655 gb-headline-text gb-headline-197f6b28\">Proteja eficientemente sus f\u00f3rmulas en su libro de Excel<\/h1>\n\n\n\n<p>Nuestro <a href=\"https:\/\/www.xlspadlock.com\/es\/compilador-excel\/\">compilador de Excel<\/a> XLS Padlock te permite mantener tus f\u00f3rmulas en secreto. Protege tus f\u00f3rmulas de Excel contra copia, manipulaci\u00f3n y mucho m\u00e1s. Mira el siguiente v\u00eddeo para ver c\u00f3mo funciona:<\/p>\n\n\n\n<figure class=\"wp-block-embed is-type-rich is-provider-embed-handler wp-block-embed-embed-handler wp-embed-aspect-16-9 wp-has-aspect-ratio\"><div class=\"wp-block-embed__wrapper\">\n<iframe loading=\"lazy\" title=\"Protecci\u00f3n M\u00e1s Fuerte de F\u00f3rmulas de Excel Con XLS Padlock - Rese\u00f1a\" width=\"1200\" height=\"675\" src=\"https:\/\/www.youtube.com\/embed\/EEPHekybgZ4?feature=oembed\" frameborder=\"0\" allow=\"accelerometer; autoplay; clipboard-write; encrypted-media; gyroscope; picture-in-picture; web-share\" referrerpolicy=\"strict-origin-when-cross-origin\" allowfullscreen><\/iframe>\n<\/div><\/figure>\n\n\n\n<div class=\"wp-block-uagb-separator uagb-block-046ec6bb\"><div class=\"wp-block-uagb-separator__inner\" style=\"--my-background-image:\"><\/div><\/div>\n\n\n\n<h2 class=\"wp-block-heading\" id=\"xls-padlocks-formula-protection\">Proteja eficientemente sus f\u00f3rmulas de Excel con la protecci\u00f3n de f\u00f3rmulas propia de XLS Padlock<\/h2>\n\n\n\n<p>Claro, Excel le permite ocultar f\u00f3rmulas gracias a una contrase\u00f1a:<\/p>\n\n\n<div class=\"wp-block-image\">\n<figure class=\"aligncenter size-full\"><img loading=\"lazy\" decoding=\"async\" width=\"404\" height=\"149\" src=\"https:\/\/cdn.xlspadlock.com\/20251108181106\/image-9.png\" alt=\"Proteger F\u00f3rmulas en Celdas\" class=\"wp-image-2598\" srcset=\"https:\/\/cdn.xlspadlock.com\/20251108181106\/image-9.png 404w, https:\/\/cdn.xlspadlock.com\/20251108181106\/image-9-300x111.png 300w\" sizes=\"auto, (max-width: 404px) 100vw, 404px\" \/><\/figure>\n<\/div>\n\n\n<p><strong>XLS Padlock le permite ir m\u00e1s all\u00e1<\/strong>: puede dejar que XLS Padlock proteja <strong>cualquier f\u00f3rmula en cualquier hoja de trabajo reemplaz\u00e1ndola con una f\u00f3rmula cr\u00edptica solo reconocida cuando su aplicaci\u00f3n se ejecuta<\/strong>.<\/p>\n\n\n\n<p>En el proyecto compilado, las f\u00f3rmulas ser\u00e1n reemplazadas en la Barra de F\u00f3rmulas por funciones an\u00f3nimas como =PLEvalFormD(0), =PLEvalFormD(1), =PLEvalForm(2)...<\/p>\n\n\n\n<p>Y, por supuesto, <strong>los c\u00e1lculos seguir\u00e1n funcionando<\/strong>.<\/p>\n\n\n\n<ul class=\"wp-block-list\">\n<li><strong>Antes de la protecci\u00f3n<\/strong>, cualquiera puede ver su f\u00f3rmula:<\/li>\n<\/ul>\n\n\n<div class=\"wp-block-image\">\n<figure class=\"aligncenter size-full\"><img loading=\"lazy\" decoding=\"async\" width=\"748\" height=\"224\" src=\"https:\/\/cdn.xlspadlock.com\/20251108181107\/image-10.png\" alt=\"F\u00f3rmulas de Excel no protegidas\" class=\"wp-image-2599\" srcset=\"https:\/\/cdn.xlspadlock.com\/20251108181107\/image-10.png 748w, https:\/\/cdn.xlspadlock.com\/20251108181107\/image-10-300x90.png 300w\" sizes=\"auto, (max-width: 748px) 100vw, 748px\" \/><\/figure>\n<\/div>\n\n\n<ul class=\"wp-block-list\">\n<li><strong>Despu\u00e9s de la protecci\u00f3n con XLS Padlock<\/strong>, la f\u00f3rmula se reemplaza autom\u00e1ticamente mientras permanece funcional:<\/li>\n<\/ul>\n\n\n<div class=\"wp-block-image\">\n<figure class=\"aligncenter size-full\"><img loading=\"lazy\" decoding=\"async\" width=\"678\" height=\"217\" src=\"https:\/\/cdn.xlspadlock.com\/20251108181107\/image-11.png\" alt=\"F\u00f3rmulas de Excel protegidas\" class=\"wp-image-2600\" srcset=\"https:\/\/cdn.xlspadlock.com\/20251108181107\/image-11.png 678w, https:\/\/cdn.xlspadlock.com\/20251108181107\/image-11-300x96.png 300w\" sizes=\"auto, (max-width: 678px) 100vw, 678px\" \/><\/figure>\n<\/div>\n\n\n<p>Esto aumenta la seguridad de su libro de trabajo: las celdas protegidas solo pueden funcionar correctamente si la aplicaci\u00f3n se ejecuta. Adem\u00e1s, si alguien lograra abrir el archivo del libro de trabajo fuera de la aplicaci\u00f3n segura, el libro de trabajo no funcionar\u00eda como se espera: eso es porque faltar\u00edan las f\u00f3rmulas originales.<\/p>\n\n\n\n<ul class=\"wp-block-list\">\n<li>La protecci\u00f3n de XLS Padlock tambi\u00e9n funciona <strong>con protecci\u00f3n de hoja de Excel<\/strong> (celdas ocultas o bloqueadas). En ese caso, las celdas protegidas no mostrar\u00e1n nada en la Barra de F\u00f3rmulas. Las llamadas gen\u00e9ricas a la funci\u00f3n PLEvalForm(N) no son visibles:<\/li>\n<\/ul>\n\n\n<div class=\"wp-block-image\">\n<figure class=\"aligncenter size-full\"><img loading=\"lazy\" decoding=\"async\" width=\"677\" height=\"221\" src=\"https:\/\/cdn.xlspadlock.com\/20251108181612\/image-12.png\" alt=\"F\u00f3rmulas de Excel ocultas y seguras con XLS Padlock\" class=\"wp-image-2601\" srcset=\"https:\/\/cdn.xlspadlock.com\/20251108181612\/image-12.png 677w, https:\/\/cdn.xlspadlock.com\/20251108181612\/image-12-300x98.png 300w\" sizes=\"auto, (max-width: 677px) 100vw, 677px\" \/><\/figure>\n<\/div>\n\n\n<div class=\"wp-block-uagb-inline-notice uagb-inline_notice__align-left uagb-block-3b2c0d95 uagb-inline_notice__outer-wrap\"><button class=\"uagb-notice-close-button\" type=\"button\" aria-label=\"Cerrar\"><\/button><span class=\"uagb-notice-title\">Pru\u00e9belo usted mismo<\/span><div class=\"uagb-notice-text\">\n<p><p>\u00a0\u00a0<code><i class=\"fas fa-info-circle fa-2x\"><\/i><\/code> Vea c\u00f3mo funciona esta caracter\u00edstica en l\u00ednea <a href=\"\/es\/demo-libro-excel\/\">gracias a nuestra Demostraci\u00f3n de Libro de Trabajo en Vivo<\/a><\/p><\/p>\n<\/div><\/div>\n\n\n\n<div class=\"wp-block-uagb-separator uagb-block-48304b4d\"><div class=\"wp-block-uagb-separator__inner\" style=\"--my-background-image:url(&quot;data:image\/svg+xml,%3Csvg width='8' height='16' viewBox='0 0 8 16' fill='none' xmlns='http:\/\/www.w3.org\/2000\/svg'%3E%3Crect width='8' height='16' fill='black'\/%3E%3C\/svg%3E&quot;)\"><\/div><\/div>\n\n\n\n<h2 class=\"wp-block-heading\" id=\"how-to-protect-formulas-with-xls-padlock\">C\u00f3mo proteger f\u00f3rmulas con XLS Padlock<\/h2>\n\n\n\n<p>Para proteger una f\u00f3rmula, solo tiene que <strong>hacer clic derecho en la celda<\/strong>(s) con la(s) f\u00f3rmula(s) que desea proteger. Seleccione \"<strong>Proteger celda(s) seleccionada(s) con XLS Padlock<\/strong>\" en el men\u00fa contextual del rat\u00f3n:<\/p>\n\n\n<div class=\"wp-block-image\">\n<figure class=\"aligncenter size-full\"><img loading=\"lazy\" decoding=\"async\" width=\"403\" height=\"616\" src=\"https:\/\/cdn.xlspadlock.com\/20251108184453\/annotations_how_to_define_cells_to_be_saved_and_restored_context_menu.png\" alt=\"how to define cells to be saved\" class=\"wp-image-4393\" srcset=\"https:\/\/cdn.xlspadlock.com\/20251108184453\/annotations_how_to_define_cells_to_be_saved_and_restored_context_menu.png 403w, https:\/\/cdn.xlspadlock.com\/20251108184453\/annotations_how_to_define_cells_to_be_saved_and_restored_context_menu-196x300.png 196w, https:\/\/cdn.xlspadlock.com\/20251108184453\/annotations_how_to_define_cells_to_be_saved_and_restored_context_menu-8x12.png 8w, https:\/\/cdn.xlspadlock.com\/20251108184453\/annotations_how_to_define_cells_to_be_saved_and_restored_context_menu-335x512.png 335w\" sizes=\"auto, (max-width: 403px) 100vw, 403px\" \/><\/figure>\n<\/div>\n\n\n<p>Al compilar su libro de trabajo, XLS Padlock reemplazar\u00e1 todas las celdas listadas con llamadas gen\u00e9ricas a la funci\u00f3n PLEvalFormD(N, ...). <strong>Sus celdas permanecen funcionales pero los usuarios finales no pueden descubrir las f\u00f3rmulas detr\u00e1s<\/strong>.<\/p>\n\n\n\n<p>Incluso es posible <strong>desactivar la Barra de F\u00f3rmulas<\/strong> (permanecer\u00e1 oculta en la sesi\u00f3n segura de Excel). \u00a1As\u00ed, sus usuarios tampoco pueden ver f\u00f3rmulas no protegidas!<\/p>\n\n\n\n<p>Puede tener una visi\u00f3n general de todas las celdas protegidas haciendo clic en \"<strong>Proteger F\u00f3rmulas<\/strong>\" en la pesta\u00f1a o men\u00fa de XLS Padlock:<\/p>\n\n\n<div class=\"wp-block-image\">\n<figure class=\"aligncenter size-full\"><img loading=\"lazy\" decoding=\"async\" width=\"637\" height=\"534\" src=\"https:\/\/cdn.xlspadlock.com\/20251108182210\/image54.png\" alt=\"Manage Cells\" class=\"wp-image-4039\" srcset=\"https:\/\/cdn.xlspadlock.com\/20251108182210\/image54.png 637w, https:\/\/cdn.xlspadlock.com\/20251108182210\/image54-300x251.png 300w, https:\/\/cdn.xlspadlock.com\/20251108182210\/image54-14x12.png 14w, https:\/\/cdn.xlspadlock.com\/20251108182210\/image54-360x302.png 360w\" sizes=\"auto, (max-width: 637px) 100vw, 637px\" \/><\/figure>\n<\/div>\n\n\n<div class=\"wp-block-uagb-separator uagb-block-df8ccd9d\"><div class=\"wp-block-uagb-separator__inner\" style=\"--my-background-image:\"><\/div><\/div>\n\n\n<div class=\"gb-button-wrapper wp-block-comments-pagination aligncenter\"><a class=\"gb-button gb-button-text gb-button-59335cce\" href=\"https:\/\/www.xlspadlock.com\/es\/excel-workbook-subscriptions-make-money\" title=\"Suscripciones para libros de trabajo de Excel: una forma de ganar dinero\"><span class=\"gb-button-text\"><i class=\"fa fa-arrow-left\"><\/i>&nbsp;&nbsp;Anterior<\/span><\/a>&nbsp;&nbsp;<a class=\"gb-button gb-button-text gb-button-59335cce\" href=\"https:\/\/www.xlspadlock.com\/es\/vba-code-protection\" title=\"Protecci\u00f3n y compilaci\u00f3n de c\u00f3digo VBA\"><span class=\"gb-button-text\">Siguiente&nbsp;&nbsp;<i class=\"fa fa-arrow-right\"><\/i><\/span><\/a><\/div>","protected":false},"excerpt":{"rendered":"<p>Protege eficientemente tus f\u00f3rmulas en tu libro de Excel Nuestro compilador de Excel XLS Padlock te permite mantener tus f\u00f3rmulas secretas. Protege tus f\u00f3rmulas de Excel contra copia, &#8230; <a title=\"Proteja sus f\u00f3rmulas de Excel con XLS Padlock\" class=\"read-more\" href=\"https:\/\/www.xlspadlock.com\/es\/protect-formulas\" aria-label=\"Leer m\u00e1s sobre Protege tus f\u00f3rmulas de Excel con XLS Padlock\">Leer m\u00e1s<\/a><\/p>","protected":false},"author":2,"featured_media":0,"parent":2398,"menu_order":9,"comment_status":"closed","ping_status":"closed","template":"","meta":{"inline_featured_image":false,"_uag_custom_page_level_css":"","footnotes":""},"class_list":["post-2594","page","type-page","status-publish"],"uagb_featured_image_src":{"full":false,"thumbnail":false,"medium":false,"medium_large":false,"large":false,"1536x1536":false,"2048x2048":false,"trp-custom-language-flag":false,"betterdocs-category-thumb":false},"uagb_author_info":{"display_name":"G.D.G. Software","author_link":"https:\/\/www.xlspadlock.com\/es\/author\/gdgsoft"},"uagb_comment_info":0,"uagb_excerpt":"Efficiently protect your formulas in your Excel workbook Our Excel compiler XLS Padlock lets you keep your formulas secret. Protect your Excel formulas against copy, ... Read More","_links":{"self":[{"href":"https:\/\/www.xlspadlock.com\/es\/wp-json\/wp\/v2\/pages\/2594","targetHints":{"allow":["GET"]}}],"collection":[{"href":"https:\/\/www.xlspadlock.com\/es\/wp-json\/wp\/v2\/pages"}],"about":[{"href":"https:\/\/www.xlspadlock.com\/es\/wp-json\/wp\/v2\/types\/page"}],"author":[{"embeddable":true,"href":"https:\/\/www.xlspadlock.com\/es\/wp-json\/wp\/v2\/users\/2"}],"replies":[{"embeddable":true,"href":"https:\/\/www.xlspadlock.com\/es\/wp-json\/wp\/v2\/comments?post=2594"}],"version-history":[{"count":0,"href":"https:\/\/www.xlspadlock.com\/es\/wp-json\/wp\/v2\/pages\/2594\/revisions"}],"up":[{"embeddable":true,"href":"https:\/\/www.xlspadlock.com\/es\/wp-json\/wp\/v2\/pages\/2398"}],"wp:attachment":[{"href":"https:\/\/www.xlspadlock.com\/es\/wp-json\/wp\/v2\/media?parent=2594"}],"curies":[{"name":"wp","href":"https:\/\/api.w.org\/{rel}","templated":true}]}}