{"id":2615,"date":"2022-07-03T00:12:25","date_gmt":"2022-07-02T22:12:25","guid":{"rendered":"https:\/\/www.xlspadlock.com\/?page_id=2615"},"modified":"2025-11-16T13:30:21","modified_gmt":"2025-11-16T12:30:21","slug":"opciones-guardado","status":"publish","type":"page","link":"https:\/\/www.xlspadlock.com\/es\/save-options","title":{"rendered":"Permitir o denegar el guardado en su libro de trabajo de Excel"},"content":{"rendered":"<h1 class=\"gb-headline gb-headline-a9544655 gb-headline-text gb-headline-197f6b28\">\u00bfPermitir guardar en su libro de Excel o no?<\/h1>\n\n\n\n<p>Con XLS Padlock, decida si quiere que sus usuarios puedan guardar sus cambios en su libro de Excel o no. Marque o desmarque la opci\u00f3n \"<strong>Permitir guardado seguro<\/strong>\" en la p\u00e1gina de Seguridad.<\/p>\n\n\n\n<h2 class=\"wp-block-heading\" id=\"disallow-saving\">No permitir guardar...<\/h2>\n\n\n\n<p><strong>Los usuarios a\u00fan pueden usar hojas de c\u00e1lculo<\/strong>, escribir, eliminar... pero <strong>cuando cierren su libro de trabajo, los cambios no se guardar\u00e1n<\/strong>.<\/p>\n\n\n\n<p>Su libro de trabajo nunca ser\u00e1 modificado, siempre ser\u00e1 el mismo al inicio.<\/p>\n\n\n\n<p>En algunas versiones de Excel, el bot\u00f3n Guardar no est\u00e1 deshabilitado. Los usuarios pueden hacer clic en \u00e9l y el proceso de guardado parece funcionar; pero en realidad los cambios se ignoran.<\/p>\n\n\n\n<h2 class=\"wp-block-heading\" id=\"allow-saving\">Permitir guardar...<\/h2>\n\n\n\n<p>Sus usuarios podr\u00e1n <strong>modificar sus hojas de c\u00e1lculo y guardar cambios<\/strong>. Pueden hacer clic en el bot\u00f3n Guardar habitual o usar el men\u00fa \"Archivo =&gt; Guardar\".<\/p>\n\n\n\n<p>XLS Padlock almacena de forma segura el libro de trabajo compilado con los cambios realizados por sus clientes. Coloca el archivo de almacenamiento en la ubicaci\u00f3n especificada por el cliente. A este archivo se le da la extensi\u00f3n .XLSC. Los usuarios finales <strong>no pueden abrir el archivo de almacenamiento sin ejecutar de nuevo la aplicaci\u00f3n del libro de trabajo compilado<\/strong>. Por lo tanto, su libro de trabajo original permanece seguro en la aplicaci\u00f3n, ya que los usuarios finales no pueden copiarlo en formato Excel.<\/p>\n\n\n\n<p>Aparecer\u00e1 un cuadro de di\u00e1logo, preguntando a los usuarios finales d\u00f3nde quieren guardar una copia segura del libro de trabajo:<\/p>\n\n\n<div class=\"wp-block-image\">\n<figure class=\"aligncenter size-full\"><img loading=\"lazy\" decoding=\"async\" width=\"571\" height=\"424\" src=\"https:\/\/cdn.xlspadlock.com\/20251108181613\/image-16.png\" alt=\"Di\u00e1logo Guardar Como\" class=\"wp-image-2618\" srcset=\"https:\/\/cdn.xlspadlock.com\/20251108181613\/image-16.png 571w, https:\/\/cdn.xlspadlock.com\/20251108181613\/image-16-300x223.png 300w\" sizes=\"auto, (max-width: 571px) 100vw, 571px\" \/><\/figure>\n<\/div>\n\n\n<p><strong>La pr\u00f3xima vez que ejecuten su aplicaci\u00f3n<\/strong>, los usuarios tendr\u00e1n la opci\u00f3n. Abrir su libro de trabajo original o una versi\u00f3n que guardaron previamente: la \u00faltima, o una anterior (\"Elegir archivo guardado\"):<\/p>\n\n\n<div class=\"wp-block-image\">\n<figure class=\"aligncenter size-full\"><img loading=\"lazy\" decoding=\"async\" width=\"622\" height=\"470\" src=\"https:\/\/cdn.xlspadlock.com\/20251108182646\/welcome-dialog.png\" alt=\"welcome dialog\" class=\"wp-image-4106\" srcset=\"https:\/\/cdn.xlspadlock.com\/20251108182646\/welcome-dialog.png 622w, https:\/\/cdn.xlspadlock.com\/20251108182646\/welcome-dialog-300x227.png 300w, https:\/\/cdn.xlspadlock.com\/20251108182646\/welcome-dialog-16x12.png 16w, https:\/\/cdn.xlspadlock.com\/20251108182646\/welcome-dialog-360x272.png 360w\" sizes=\"auto, (max-width: 622px) 100vw, 622px\" \/><\/figure>\n<\/div>\n\n\n<p>El libro de trabajo original siempre estar\u00e1 disponible. Si ha <a href=\"\/es\/proteger-formulas\/\">protegido sus f\u00f3rmulas<\/a>, seguir\u00e1n estando ocultas en los diferentes guardados.<\/p>\n\n\n\n<p><span style=\"color:rgb(0, 0, 102);\" class=\"fa fa-info-circle\">&nbsp;<\/span> Los desarrolladores de VBA pueden usar algunas extensiones de c\u00f3digo VBA proporcionadas por XLS Padlock en sus libros de trabajo protegidos para guardar una copia segura del libro de trabajo sin preguntar, o sugerir un nombre de archivo para el cuadro de di\u00e1logo de guardar.<\/p>\n\n\n<div class=\"gb-button-wrapper wp-block-comments-pagination aligncenter\"><a class=\"gb-button gb-button-text gb-button-59335cce\" href=\"https:\/\/www.xlspadlock.com\/es\/vba-code-protection\" title=\"Protecci\u00f3n y compilaci\u00f3n de c\u00f3digo VBA\"><span class=\"gb-button-text\"><i class=\"fa fa-arrow-left\"><\/i>&nbsp;&nbsp;Anterior<\/span><\/a>&nbsp;&nbsp;<a class=\"gb-button gb-button-text gb-button-59335cce\" href=\"https:\/\/www.xlspadlock.com\/es\/make-setup-installer\" title=\"Crear un instalador o Setup para sus libros de trabajo de Excel\"><span class=\"gb-button-text\">Siguiente&nbsp;&nbsp;<i class=\"fa fa-arrow-right\"><\/i><\/span><\/a><\/div>","protected":false},"excerpt":{"rendered":"<p>\u00bfPermitir guardar en tu libro de Excel o no? Con XLS Padlock, decide si quieres que tus usuarios puedan guardar sus cambios en &#8230; <a title=\"Permitir o denegar el guardado en su libro de trabajo de Excel\" class=\"read-more\" href=\"https:\/\/www.xlspadlock.com\/es\/save-options\" aria-label=\"Leer m\u00e1s sobre Permitir o impedir guardar en tu libro de Excel\">Leer m\u00e1s<\/a><\/p>","protected":false},"author":2,"featured_media":0,"parent":2398,"menu_order":11,"comment_status":"closed","ping_status":"closed","template":"","meta":{"inline_featured_image":false,"_uag_custom_page_level_css":"","footnotes":""},"class_list":["post-2615","page","type-page","status-publish"],"uagb_featured_image_src":{"full":false,"thumbnail":false,"medium":false,"medium_large":false,"large":false,"1536x1536":false,"2048x2048":false,"trp-custom-language-flag":false,"betterdocs-category-thumb":false},"uagb_author_info":{"display_name":"G.D.G. Software","author_link":"https:\/\/www.xlspadlock.com\/es\/author\/gdgsoft"},"uagb_comment_info":0,"uagb_excerpt":"Allow saving in your Excel workbook or not? With XLS Padlock, decide if you want your users to be able to save their changes in ... Read More","_links":{"self":[{"href":"https:\/\/www.xlspadlock.com\/es\/wp-json\/wp\/v2\/pages\/2615","targetHints":{"allow":["GET"]}}],"collection":[{"href":"https:\/\/www.xlspadlock.com\/es\/wp-json\/wp\/v2\/pages"}],"about":[{"href":"https:\/\/www.xlspadlock.com\/es\/wp-json\/wp\/v2\/types\/page"}],"author":[{"embeddable":true,"href":"https:\/\/www.xlspadlock.com\/es\/wp-json\/wp\/v2\/users\/2"}],"replies":[{"embeddable":true,"href":"https:\/\/www.xlspadlock.com\/es\/wp-json\/wp\/v2\/comments?post=2615"}],"version-history":[{"count":0,"href":"https:\/\/www.xlspadlock.com\/es\/wp-json\/wp\/v2\/pages\/2615\/revisions"}],"up":[{"embeddable":true,"href":"https:\/\/www.xlspadlock.com\/es\/wp-json\/wp\/v2\/pages\/2398"}],"wp:attachment":[{"href":"https:\/\/www.xlspadlock.com\/es\/wp-json\/wp\/v2\/media?parent=2615"}],"curies":[{"name":"wp","href":"https:\/\/api.w.org\/{rel}","templated":true}]}}