{"id":2620,"date":"2022-07-03T00:23:57","date_gmt":"2022-07-02T22:23:57","guid":{"rendered":"https:\/\/www.xlspadlock.com\/?page_id=2620"},"modified":"2025-11-16T11:02:44","modified_gmt":"2025-11-16T10:02:44","slug":"crear-instalador-setup","status":"publish","type":"page","link":"https:\/\/www.xlspadlock.com\/es\/make-setup-installer","title":{"rendered":"Crear un instalador o Setup para sus libros de trabajo de Excel"},"content":{"rendered":"<h1 class=\"gb-headline gb-headline-a9544655 gb-headline-text gb-headline-197f6b28\">C\u00f3mo crear un instalador o programa Setup para sus libros de Excel<\/h1>\n\n\n\n<p>Puede empaquetar su libro de trabajo compilado en un programa instalador o Setup. Los programas Setup son interesantes porque pueden instalar varios archivos (archivos adicionales como readme), mostrar acuerdos de licencia, crear accesos directos a su libro de trabajo compilado y ofrecer un desinstalador para permitir a los usuarios finales eliminar cualquier rastro de su libro de trabajo compilado de su computadora.<\/p>\n\n\n\n<p>En unos pocos clics, <strong>XLS Padlock puede generar un instalador personalizable para su libro de trabajo<\/strong>:<\/p>\n\n\n<div class=\"wp-block-image\">\n<figure class=\"aligncenter size-full\"><img loading=\"lazy\" decoding=\"async\" width=\"809\" height=\"671\" src=\"https:\/\/cdn.xlspadlock.com\/20251108181613\/image-17.png\" alt=\"Ventana Crear Programa Setup\" class=\"wp-image-2623\" srcset=\"https:\/\/cdn.xlspadlock.com\/20251108181613\/image-17.png 809w, https:\/\/cdn.xlspadlock.com\/20251108181613\/image-17-300x249.png 300w, https:\/\/cdn.xlspadlock.com\/20251108181613\/image-17-768x637.png 768w\" sizes=\"auto, (max-width: 809px) 100vw, 809px\" \/><\/figure>\n<\/div>\n\n\n<p>Necesita completar los tres campos \"Ruta de destino\", \"T\u00edtulo del Setup\" y \"Nombre de su Aplicaci\u00f3n\". Luego presione <strong>Generar<\/strong> <strong>Setup<\/strong> para crear el proyecto. XLS Padlock crear\u00e1 entonces un programa Setup que puede personalizar seg\u00fan sus necesidades.<\/p>\n\n\n<div class=\"wp-block-image\">\n<figure class=\"aligncenter size-full\"><img loading=\"lazy\" decoding=\"async\" width=\"566\" height=\"439\" src=\"https:\/\/cdn.xlspadlock.com\/20251108181613\/image-18.png\" alt=\"Instalador de ejemplo\" class=\"wp-image-2624\" srcset=\"https:\/\/cdn.xlspadlock.com\/20251108181613\/image-18.png 566w, https:\/\/cdn.xlspadlock.com\/20251108181613\/image-18-300x233.png 300w\" sizes=\"auto, (max-width: 566px) 100vw, 566px\" \/><\/figure>\n<\/div>\n\n\n<p>XLS Padlock usa nuestro <a href=\"https:\/\/www.installpackbuilder.com\/\" target=\"_blank\" rel=\"noopener\">software instalador \"Paquet Builder\"<\/a> para generar programas Setup personalizados y compactos. Debe estar instalado en su computadora antes de poder usar esta caracter\u00edstica.<\/p>\n\n\n\n<p>Los programas Setup son opcionales. No necesita un programa Setup para compartir su libro de trabajo compilado con otros, pero da funcionalidad adicional.<\/p>\n\n\n\n<div class=\"wp-block-uagb-inline-notice uagb-inline_notice__align-left uagb-block-eb645da8 uagb-inline_notice__outer-wrap\"><span class=\"uagb-notice-title\">Tutorial paso a paso disponible<\/span><div class=\"uagb-notice-text\"><p>\u00a0\u00a0<code><i class=\"fas fa-info-circle fa-2x\"><\/i><\/code> Ver <a href=\"\/es\/preguntas-frecuentes\/crear-instalador-para-libro-excel\/\">nuestro tutorial para aprender c\u00f3mo puede crear instaladores y programas setup para su libro de Excel<\/a><\/p><\/div><\/div>\n\n\n<div class=\"gb-button-wrapper wp-block-comments-pagination aligncenter\"><a class=\"gb-button gb-button-text gb-button-59335cce\" href=\"https:\/\/www.xlspadlock.com\/es\/save-options\" title=\"Permitir o denegar el guardado en su libro de trabajo de Excel\"><span class=\"gb-button-text\"><i class=\"fa fa-arrow-left\"><\/i>&nbsp;&nbsp;Anterior<\/span><\/a>&nbsp;&nbsp;<a class=\"gb-button gb-button-text gb-button-59335cce\" href=\"https:\/\/www.xlspadlock.com\/es\/download\" title=\"Descargar XLS Padlock\"><span class=\"gb-button-text\">Siguiente&nbsp;&nbsp;<i class=\"fa fa-arrow-right\"><\/i><\/span><\/a><\/div>","protected":false},"excerpt":{"rendered":"<p>C\u00f3mo crear un instalador o programa de configuraci\u00f3n para tus libros de Excel Puedes empaquetar tu libro compilado en un instalador o programa de configuraci\u00f3n. Configuraci\u00f3n &#8230; <a title=\"Crear un instalador o Setup para sus libros de trabajo de Excel\" class=\"read-more\" href=\"https:\/\/www.xlspadlock.com\/es\/make-setup-installer\" aria-label=\"Leer m\u00e1s sobre Crea un instalador o setup para tus libros Excel\">Leer m\u00e1s<\/a><\/p>","protected":false},"author":2,"featured_media":0,"parent":2398,"menu_order":12,"comment_status":"closed","ping_status":"closed","template":"","meta":{"inline_featured_image":false,"_uag_custom_page_level_css":"","footnotes":""},"class_list":["post-2620","page","type-page","status-publish"],"uagb_featured_image_src":{"full":false,"thumbnail":false,"medium":false,"medium_large":false,"large":false,"1536x1536":false,"2048x2048":false,"trp-custom-language-flag":false,"betterdocs-category-thumb":false},"uagb_author_info":{"display_name":"G.D.G. Software","author_link":"https:\/\/www.xlspadlock.com\/es\/author\/gdgsoft"},"uagb_comment_info":0,"uagb_excerpt":"How to make an installer or Setup program for your Excel workbooks You can package your compiled workbook into an installer or Setup program. Setup ... Read More","_links":{"self":[{"href":"https:\/\/www.xlspadlock.com\/es\/wp-json\/wp\/v2\/pages\/2620","targetHints":{"allow":["GET"]}}],"collection":[{"href":"https:\/\/www.xlspadlock.com\/es\/wp-json\/wp\/v2\/pages"}],"about":[{"href":"https:\/\/www.xlspadlock.com\/es\/wp-json\/wp\/v2\/types\/page"}],"author":[{"embeddable":true,"href":"https:\/\/www.xlspadlock.com\/es\/wp-json\/wp\/v2\/users\/2"}],"replies":[{"embeddable":true,"href":"https:\/\/www.xlspadlock.com\/es\/wp-json\/wp\/v2\/comments?post=2620"}],"version-history":[{"count":0,"href":"https:\/\/www.xlspadlock.com\/es\/wp-json\/wp\/v2\/pages\/2620\/revisions"}],"up":[{"embeddable":true,"href":"https:\/\/www.xlspadlock.com\/es\/wp-json\/wp\/v2\/pages\/2398"}],"wp:attachment":[{"href":"https:\/\/www.xlspadlock.com\/es\/wp-json\/wp\/v2\/media?parent=2620"}],"curies":[{"name":"wp","href":"https:\/\/api.w.org\/{rel}","templated":true}]}}