{"id":2699,"date":"2022-07-04T15:32:44","date_gmt":"2022-07-04T13:32:44","guid":{"rendered":"https:\/\/www.xlspadlock.com\/?page_id=2699"},"modified":"2025-11-16T13:10:38","modified_gmt":"2025-11-16T12:10:38","slug":"descargar","status":"publish","type":"page","link":"https:\/\/www.xlspadlock.com\/es\/download","title":{"rendered":"Descargar XLS Padlock"},"content":{"rendered":"<div class=\"gb-container gb-container-aed942d4\"><div class=\"gb-inside-container\">\n<div class=\"gb-grid-wrapper gb-grid-wrapper-4e3d6dc6\">\n<div class=\"gb-grid-column gb-grid-column-b29d8c10\"><div class=\"gb-container gb-container-b29d8c10\"><div class=\"gb-inside-container\">\n\n<h1 class=\"gb-headline gb-headline-a9544655 gb-headline-text gb-headline-197f6b28\">Descargar XLS Padlock<\/h1>\n\n\n\n<p>Para descargar e instalar la edici\u00f3n de prueba gratuita de XLS Padlock en su ordenador, elija la edici\u00f3n compatible con su versi\u00f3n de Excel (32 bits o 64 bits):<\/p>\n\n\n<div class=\"gb-button-wrapper gb-button-wrapper-0b9d5720\">\n\n<a class=\"gb-button gb-button-576593aa\" href=\"https:\/\/download.gdgsoftware.com\/xlspadlock\/xlspadlocksetup32.exe\" target=\"_blank\" rel=\"noopener\"><span class=\"gb-icon\"><svg xmlns=\"http:\/\/www.w3.org\/2000\/svg\" width=\"512\" viewbox=\"0 0 32 32\" height=\"512\"><path d=\"m28 24v-4a1 1 0 0 0 -2 0v4a1 1 0 0 1 -1 1h-18a1 1 0 0 1 -1-1v-4a1 1 0 0 0 -2 0v4a3 3 0 0 0 3 3h18a3 3 0 0 0 3-3zm-6.38-5.22-5 4a1 1 0 0 1 -1.24 0l-5-4a1 1 0 0 1 1.24-1.56l3.38 2.7v-13.92a1 1 0 0 1 2 0v13.92l3.38-2.7a1 1 0 1 1 1.24 1.56z\"><\/path><\/svg><\/span><span class=\"gb-button-text\">Descargar XLS Padlock 32 bits<\/span><\/a>\n\n\n\n<a class=\"gb-button gb-button-c7d721ed\" href=\"https:\/\/download.gdgsoftware.com\/xlspadlock\/xlspadlocksetup64.exe\" target=\"_blank\" rel=\"noopener\"><span class=\"gb-icon\"><svg xmlns=\"http:\/\/www.w3.org\/2000\/svg\" width=\"512\" viewbox=\"0 0 32 32\" height=\"512\"><path d=\"m28 24v-4a1 1 0 0 0 -2 0v4a1 1 0 0 1 -1 1h-18a1 1 0 0 1 -1-1v-4a1 1 0 0 0 -2 0v4a3 3 0 0 0 3 3h18a3 3 0 0 0 3-3zm-6.38-5.22-5 4a1 1 0 0 1 -1.24 0l-5-4a1 1 0 0 1 1.24-1.56l3.38 2.7v-13.92a1 1 0 0 1 2 0v13.92l3.38-2.7a1 1 0 1 1 1.24 1.56z\"><\/path><\/svg><\/span><span class=\"gb-button-text\">Descargar XLS Padlock 64 bits<\/span><\/a>\n\n\n\n<span class=\"gb-button gb-button-716288a7 popmake-2906\" target=\"_blank\" rel=\"noopener noreferrer\"><span class=\"gb-icon\"><svg xmlns=\"http:\/\/www.w3.org\/2000\/svg\" width=\"512\" viewbox=\"0 0 32 32\" height=\"512\"><path d=\"m28 24v-4a1 1 0 0 0 -2 0v4a1 1 0 0 1 -1 1h-18a1 1 0 0 1 -1-1v-4a1 1 0 0 0 -2 0v4a3 3 0 0 0 3 3h18a3 3 0 0 0 3-3zm-6.38-5.22-5 4a1 1 0 0 1 -1.24 0l-5-4a1 1 0 0 1 1.24-1.56l3.38 2.7v-13.92a1 1 0 0 1 2 0v13.92l3.38-2.7a1 1 0 1 1 1.24 1.56z\"><\/path><\/svg><\/span><span class=\"gb-button-text\">Descargar desde espejo<\/span><\/span>\n\n<\/div>\n\n\n<p class=\"has-text-align-center popmake-2919\">&nbsp;<code><i class=\"fas fa-info-circle fa-2x\"><\/i><\/code> C\u00f3mo elegir entre 32 bits y 64 bits<\/p>\n\n<\/div><\/div><\/div>\n\n<div class=\"gb-grid-column gb-grid-column-7d284102\"><div class=\"gb-container gb-container-7d284102\"><div class=\"gb-inside-container\"><\/div><\/div><\/div>\n<\/div>\n<\/div><\/div>\n\n<div class=\"gb-container gb-container-bd3c06a1\"><div class=\"gb-inside-container\">\n\n<div class=\"wp-block-uagb-tabs uagb-block-21377af0 uagb-tabs__wrap uagb-tabs__hstyle3-desktop uagb-tabs__vstyle6-tablet uagb-tabs__vstyle6-mobile\" data-tab-active=\"0\"><ul class=\"uagb-tabs__panel uagb-tabs__align-left\" role=\"tablist\"><li class=\"uagb-tab uagb-tabs__active\" role=\"none\"><a href=\"#uagb-tabs__tab0\" class=\"uagb-tabs-list uagb-tabs__icon-position-left\" data-tab=\"0\" role=\"tab\"><div>C\u00f3mo instalar (64 bits)<\/div><\/a><\/li><li class=\"uagb-tab\" role=\"none\"><a href=\"#uagb-tabs__tab1\" class=\"uagb-tabs-list uagb-tabs__icon-position-left\" data-tab=\"1\" role=\"tab\"><div>C\u00f3mo instalar (32 bits)<\/div><\/a><\/li><li class=\"uagb-tab\" role=\"none\"><a href=\"#uagb-tabs__tab2\" class=\"uagb-tabs-list uagb-tabs__icon-position-left\" data-tab=\"2\" role=\"tab\"><div>Requisitos del sistema<\/div><\/a><\/li><li class=\"uagb-tab\" role=\"none\"><a href=\"#uagb-tabs__tab3\" class=\"uagb-tabs-list uagb-tabs__icon-position-left\" data-tab=\"3\" role=\"tab\"><div>Reparar y eliminar <\/div><\/a><\/li><\/ul><div class=\"uagb-tabs__body-wrap\">\n<div class=\"wp-block-uagb-tabs-child uagb-tabs__body-container uagb-inner-tab-0\" aria-labelledby=\"uagb-tabs__tab0\">\n<h2 class=\"gb-headline gb-headline-d420fa91\"><span class=\"gb-icon\"><svg aria-hidden=\"true\" role=\"img\" height=\"1em\" width=\"1em\" viewbox=\"0 0 640 512\" xmlns=\"http:\/\/www.w3.org\/2000\/svg\"><path fill=\"currentColor\" d=\"M425.7 256c-16.9 0-32.8-9-41.4-23.4L320 126l-64.2 106.6c-8.7 14.5-24.6 23.5-41.5 23.5-4.5 0-9-.6-13.3-1.9L64 215v178c0 14.7 10 27.5 24.2 31l216.2 54.1c10.2 2.5 20.9 2.5 31 0L551.8 424c14.2-3.6 24.2-16.4 24.2-31V215l-137 39.1c-4.3 1.3-8.8 1.9-13.3 1.9zm212.6-112.2L586.8 41c-3.1-6.2-9.8-9.8-16.7-8.9L320 64l91.7 152.1c3.8 6.3 11.4 9.3 18.5 7.3l197.9-56.5c9.9-2.9 14.7-13.9 10.2-23.1zM53.2 41L1.7 143.8c-4.6 9.2.3 20.2 10.1 23l197.9 56.5c7.1 2 14.7-1 18.5-7.3L320 64 69.8 32.1c-6.9-.8-13.5 2.7-16.6 8.9z\"><\/path><\/svg><\/span><span class=\"gb-headline-text\">C\u00f3mo instalar XLS Padlock (64 bits)<\/span><\/h2>\n\n\n\n<p>Despu\u00e9s de hacer clic en el bot\u00f3n de descarga de arriba, se abrir\u00e1 una ventana preguntando qu\u00e9 desea hacer con un archivo llamado <code>xlspadlocksetup64.exe<\/code>. Es posible que vea un mensaje de confirmaci\u00f3n, preguntando si est\u00e1 seguro de que desea ejecutar este software. Haga clic en \"Ejecutar\" de nuevo. Se iniciar\u00e1 el asistente de instalaci\u00f3n de XLS Padlock: siga las instrucciones dadas.<\/p>\n\n\n\n<p>Cuando XLS Padlock est\u00e9 instalado, puede <a href=\"\/es\/proteger-libro\/\">empezar a usarlo<\/a>.<\/p>\n\n\n\n<p>La <a href=\"\/doc\/\" target=\"_blank\" rel=\"noreferrer noopener\">la documentaci\u00f3n del software est\u00e1 disponible en l\u00ednea<\/a> y se incluye en formato HTML Help con el software. Tambi\u00e9n puede <a href=\"https:\/\/download.xlspadlock.com\/XLSPadlock-Guide.pdf\" target=\"_blank\" rel=\"noopener\">descargar la gu\u00eda del usuario<\/a> como PDF si lo prefiere.<\/p>\n\n\n\n<h3 class=\"wp-block-heading\">Acerca de esta descarga<\/h3>\n\n\n\n<ul class=\"wp-block-list\">\n<li>Nombre de archivo: <strong>xlspadlocksetup64.exe<\/strong><\/li>\n\n\n\n<li>Tama\u00f1o: <strong>72.59 MB<\/strong><\/li>\n\n\n\n<li>Referencia de versi\u00f3n: <strong>2025.2<\/strong> &#8211; <a href=\"\/es\/blog\/xls-padlock-2025-2-release\/\">see what&#8217;s new?<\/a><\/li>\n\n\n\n<li><a href=\"https:\/\/download.xlspadlock.com\/xlspadlocksetup64.exe.sha256\" target=\"_blank\" rel=\"noopener\">Download SHA-256 checksum<\/a><\/li>\n<\/ul>\n<\/div>\n\n\n\n<div class=\"wp-block-uagb-tabs-child uagb-tabs__body-container uagb-inner-tab-1\" aria-labelledby=\"uagb-tabs__tab1\">\n<h2 class=\"gb-headline gb-headline-7e7596a1\"><span class=\"gb-icon\"><svg aria-hidden=\"true\" role=\"img\" height=\"1em\" width=\"1em\" viewbox=\"0 0 640 512\" xmlns=\"http:\/\/www.w3.org\/2000\/svg\"><path fill=\"currentColor\" d=\"M425.7 256c-16.9 0-32.8-9-41.4-23.4L320 126l-64.2 106.6c-8.7 14.5-24.6 23.5-41.5 23.5-4.5 0-9-.6-13.3-1.9L64 215v178c0 14.7 10 27.5 24.2 31l216.2 54.1c10.2 2.5 20.9 2.5 31 0L551.8 424c14.2-3.6 24.2-16.4 24.2-31V215l-137 39.1c-4.3 1.3-8.8 1.9-13.3 1.9zm212.6-112.2L586.8 41c-3.1-6.2-9.8-9.8-16.7-8.9L320 64l91.7 152.1c3.8 6.3 11.4 9.3 18.5 7.3l197.9-56.5c9.9-2.9 14.7-13.9 10.2-23.1zM53.2 41L1.7 143.8c-4.6 9.2.3 20.2 10.1 23l197.9 56.5c7.1 2 14.7-1 18.5-7.3L320 64 69.8 32.1c-6.9-.8-13.5 2.7-16.6 8.9z\"><\/path><\/svg><\/span><span class=\"gb-headline-text\">C\u00f3mo instalar XLS Padlock (32 bits)<\/span><\/h2>\n\n\n\n<p>Despu\u00e9s de hacer clic en el bot\u00f3n de descarga de arriba, se abrir\u00e1 una ventana preguntando qu\u00e9 desea hacer con un archivo llamado <code>xlspadlocksetup32.exe<\/code>. Es posible que vea un mensaje de confirmaci\u00f3n, preguntando si est\u00e1 seguro de que desea ejecutar este software. Haga clic en \"Ejecutar\" de nuevo. Se iniciar\u00e1 el asistente de instalaci\u00f3n de XLS Padlock: siga las instrucciones dadas. Se incluyen varios idiomas.<\/p>\n\n\n\n<p>Cuando XLS Padlock est\u00e9 instalado, puede <a href=\"\/es\/proteger-libro\/\">empezar a usarlo<\/a>.<\/p>\n\n\n\n<p>La <a href=\"https:\/\/www.xlspadlock.com\/doc\/\" data-no-translation-href=\"\" target=\"_blank\" rel=\"noopener\">la documentaci\u00f3n del software est\u00e1 disponible en l\u00ednea<\/a> y se entrega en una aplicaci\u00f3n Help Viewer con el software. Tambi\u00e9n puede <a href=\"https:\/\/download.xlspadlock.com\/XLSPadlock-Guide.pdf\" target=\"_blank\" rel=\"noopener\">descargar la gu\u00eda del usuario<\/a> como PDF si lo prefiere.<\/p>\n\n\n\n<h3 class=\"wp-block-heading\">Acerca de esta descarga<\/h3>\n\n\n\n<ul class=\"wp-block-list\">\n<li>Nombre de archivo: <strong>xlspadlocksetup32.exe<\/strong><\/li>\n\n\n\n<li>Tama\u00f1o: <strong>71.16 MB<\/strong><\/li>\n\n\n\n<li>Referencia de versi\u00f3n: <strong>2025.2<\/strong> &#8211; <a href=\"\/es\/blog\/xls-padlock-2025-2-release\/\">see what&#8217;s new?<\/a><\/li>\n\n\n\n<li><a href=\"https:\/\/download.xlspadlock.com\/xlspadlocksetup32.exe.sha256\" target=\"_blank\" rel=\"noopener\">Download SHA-256 checksum<\/a><\/li>\n<\/ul>\n<\/div>\n\n\n\n<div class=\"wp-block-uagb-tabs-child uagb-tabs__body-container uagb-inner-tab-2\" aria-labelledby=\"uagb-tabs__tab2\">\n<h2 class=\"gb-headline gb-headline-341de79d\"><span class=\"gb-icon\"><svg aria-hidden=\"true\" role=\"img\" height=\"1em\" width=\"1em\" viewbox=\"0 0 448 512\" xmlns=\"http:\/\/www.w3.org\/2000\/svg\"><path fill=\"currentColor\" d=\"M400 32H48C21.49 32 0 53.49 0 80v352c0 26.51 21.49 48 48 48h352c26.51 0 48-21.49 48-48V80c0-26.51-21.49-48-48-48zm0 400H48V80h352v352zm-35.864-241.724L191.547 361.48c-4.705 4.667-12.303 4.637-16.97-.068l-90.781-91.516c-4.667-4.705-4.637-12.303.069-16.971l22.719-22.536c4.705-4.667 12.303-4.637 16.97.069l59.792 60.277 141.352-140.216c4.705-4.667 12.303-4.637 16.97.068l22.536 22.718c4.667 4.706 4.637 12.304-.068 16.971z\"><\/path><\/svg><\/span><span class=\"gb-headline-text\">Requisitos del sistema<\/span><\/h2>\n\n\n\n<ul class=\"wp-block-list\">\n<li>Microsoft Windows\u00ae 11, 10, 8.1, 8, Windows 7, Vista, XP SP3, Server 2008, Server 2003 o superior.<\/li>\n\n\n\n<li>Microsoft Excel\u00ae 2024, 2021, 2019, 2016, 2013, 2010, 2007 SP3, 2003, 2002 o <strong>Microsoft 365<\/strong> con Excel (u Office 365). Aseg\u00farese de tener los <strong>\u00faltimos SPs<\/strong> (Service Pack), <strong>actualizaciones, revisiones<\/strong> instalados.<\/li>\n\n\n\n<li>256 MB de RAM (Recomendado: 512 MB de RAM o superior).<\/li>\n\n\n\n<li>Disco duro: aproximadamente 100 MB de espacio libre. Se requerir\u00e1 m\u00e1s para proteger los libros de trabajo.<\/li>\n<\/ul>\n\n\n\n<p>Nota: la compilaci\u00f3n de archivos EXE de 64 bits solo se puede realizar en ediciones de Windows de 64 bits. <a href=\"\/es\/preguntas-frecuentes\/arquitectura-exe-libro-excel\/\">M\u00e1s informaci\u00f3n sobre la compilaci\u00f3n de libros de trabajo como archivos EXE para cualquier arquitectura de Excel<\/a>.<\/p>\n\n\n\n<p>El instalador de XLS Padlock utiliza <strong>Windows Installer<\/strong> (MSI) para realizar modificaciones seguras en la configuraci\u00f3n de su ordenador.<\/p>\n\n\n\n<p>El instalador se cre\u00f3 con <a href=\"https:\/\/www.installpackbuilder.com\" target=\"_blank\" rel=\"noopener\">Paquet Builder<\/a> y <a href=\"https:\/\/wixtoolset.org\/\" target=\"_blank\" rel=\"noopener\">WiX<\/a>.<\/p>\n<\/div>\n\n\n\n<div class=\"wp-block-uagb-tabs-child uagb-tabs__body-container uagb-inner-tab-3\" aria-labelledby=\"uagb-tabs__tab3\">\n<h2 class=\"gb-headline gb-headline-855b2de3\"><span class=\"gb-icon\"><svg aria-hidden=\"true\" role=\"img\" height=\"1em\" width=\"1em\" viewbox=\"0 0 512 512\" xmlns=\"http:\/\/www.w3.org\/2000\/svg\"><path fill=\"currentColor\" d=\"M256 8C119.033 8 8 119.033 8 256s111.033 248 248 248 248-111.033 248-248S392.967 8 256 8zm0 48c110.532 0 200 89.451 200 200 0 110.532-89.451 200-200 200-110.532 0-200-89.451-200-200 0-110.532 89.451-200 200-200m140.204 130.267l-22.536-22.718c-4.667-4.705-12.265-4.736-16.97-.068L215.346 303.697l-59.792-60.277c-4.667-4.705-12.265-4.736-16.97-.069l-22.719 22.536c-4.705 4.667-4.736 12.265-.068 16.971l90.781 91.516c4.667 4.705 12.265 4.736 16.97.068l172.589-171.204c4.704-4.668 4.734-12.266.067-16.971z\"><\/path><\/svg><\/span><span class=\"gb-headline-text\">Reparar y eliminar XLS Padlock<\/span><\/h2>\n\n\n\n<p>Puede reparar una funci\u00f3n da\u00f1ada (por ejemplo, si ha eliminado accidentalmente un archivo vital) o simplemente desinstalar XLS Padlock de su sistema.<\/p>\n\n\n\n<p>Para <strong>desinstalar XLS Padlock<\/strong>, make sure Excel is closed. Then, select the Install Apps Add\/Remove in the Windows Parameters, highlight XLS Padlock in the list and click Remove.<\/p>\n\n\n\n<p>Para <strong>reparar XLS Padlock<\/strong> (o incluso desinstalarlo), inicie el <code>xlspadlocksetupNN.exe<\/code> archivo de configuraci\u00f3n; el asistente de instalaci\u00f3n entrar\u00e1 autom\u00e1ticamente en el <strong>modo de mantenimiento<\/strong>: seleccione la acci\u00f3n que desea realizar.<\/p>\n<\/div>\n<\/div><\/div>\n\n\n\n<p class=\"gb-headline gb-headline-66c393ae\"><span class=\"gb-icon\"><svg aria-hidden=\"true\" role=\"img\" height=\"1em\" width=\"1em\" viewbox=\"0 0 384 512\" xmlns=\"http:\/\/www.w3.org\/2000\/svg\"><path fill=\"currentColor\" d=\"M97.12 362.63c-8.69-8.69-4.16-6.24-25.12-11.85-9.51-2.55-17.87-7.45-25.43-13.32L1.2 448.7c-4.39 10.77 3.81 22.47 15.43 22.03l52.69-2.01L105.56 507c8 8.44 22.04 5.81 26.43-4.96l52.05-127.62c-10.84 6.04-22.87 9.58-35.31 9.58-19.5 0-37.82-7.59-51.61-21.37zM382.8 448.7l-45.37-111.24c-7.56 5.88-15.92 10.77-25.43 13.32-21.07 5.64-16.45 3.18-25.12 11.85-13.79 13.78-32.12 21.37-51.62 21.37-12.44 0-24.47-3.55-35.31-9.58L252 502.04c4.39 10.77 18.44 13.4 26.43 4.96l36.25-38.28 52.69 2.01c11.62.44 19.82-11.27 15.43-22.03zM263 340c15.28-15.55 17.03-14.21 38.79-20.14 13.89-3.79 24.75-14.84 28.47-28.98 7.48-28.4 5.54-24.97 25.95-45.75 10.17-10.35 14.14-25.44 10.42-39.58-7.47-28.38-7.48-24.42 0-52.83 3.72-14.14-.25-29.23-10.42-39.58-20.41-20.78-18.47-17.36-25.95-45.75-3.72-14.14-14.58-25.19-28.47-28.98-27.88-7.61-24.52-5.62-44.95-26.41-10.17-10.35-25-14.4-38.89-10.61-27.87 7.6-23.98 7.61-51.9 0-13.89-3.79-28.72.25-38.89 10.61-20.41 20.78-17.05 18.8-44.94 26.41-13.89 3.79-24.75 14.84-28.47 28.98-7.47 28.39-5.54 24.97-25.95 45.75-10.17 10.35-14.15 25.44-10.42 39.58 7.47 28.36 7.48 24.4 0 52.82-3.72 14.14.25 29.23 10.42 39.59 20.41 20.78 18.47 17.35 25.95 45.75 3.72 14.14 14.58 25.19 28.47 28.98C104.6 325.96 106.27 325 121 340c13.23 13.47 33.84 15.88 49.74 5.82a39.676 39.676 0 0 1 42.53 0c15.89 10.06 36.5 7.65 49.73-5.82zM97.66 175.96c0-53.03 42.24-96.02 94.34-96.02s94.34 42.99 94.34 96.02-42.24 96.02-94.34 96.02-94.34-42.99-94.34-96.02z\"><\/path><\/svg><\/span><span class=\"gb-headline-text\">Los archivos est\u00e1n <strong>firmado digitalmente<\/strong> (con Microsoft Authenticode) para autenticar nuestra empresa (G.D.G. Software SAS) as\u00ed como para asegurar que el c\u00f3digo no ha sido alterado. Verifique el editor para asegurarse de que ha descargado software genuino.<\/span><\/p>\n\n\n<div class=\"gb-container gb-container-a5c1112d\"><div class=\"gb-inside-container\">\n<div class=\"gb-container gb-container-814c6abf\"><div class=\"gb-inside-container\">\n\n<h2 class=\"gb-headline gb-headline-824242d8\"><span class=\"gb-icon\"><svg xmlns=\"http:\/\/www.w3.org\/2000\/svg\" viewbox=\"0 0 576 512\" width=\"1em\" height=\"1em\" aria-hidden=\"true\"><path d=\"M576 240c0-23.63-12.95-44.04-32-55.12V32.01C544 23.26 537.02 0 512 0c-7.12 0-14.19 2.38-19.98 7.02l-85.03 68.03C364.28 109.19 310.66 128 256 128H64c-35.35 0-64 28.65-64 64v96c0 35.35 28.65 64 64 64h33.7c-1.39 10.48-2.18 21.14-2.18 32 0 39.77 9.26 77.35 25.56 110.94 5.19 10.69 16.52 17.06 28.4 17.06h74.28c26.05 0 41.69-29.84 25.9-50.56-16.4-21.52-26.15-48.36-26.15-77.44 0-11.11 1.62-21.79 4.41-32H256c54.66 0 108.28 18.81 150.98 52.95l85.03 68.03a32.023 32.023 0 0 0 19.98 7.02c24.92 0 32-22.78 32-32V295.13C563.05 284.04 576 263.63 576 240zm-96 141.42l-33.05-26.44C392.95 311.78 325.12 288 256 288v-96c69.12 0 136.95-23.78 190.95-66.98L480 98.58v282.84z\" fill=\"currentColor\"><\/path><\/svg><\/span><span class=\"gb-headline-text\">Mant\u00e9ngase informado sobre los nuevos lanzamientos de XLS Padlock<\/span><\/h2>\n\n\n\n<p>Estaremos encantados de mantenerle actualizado sobre XLS Padlock y eventos. Puede darse de baja en cualquier momento.<\/p>\n\n\n<div class=\"gb-button-wrapper gb-button-wrapper-4715908d\">\n\n<a class=\"gb-button gb-button-8b657414\" href=\"https:\/\/www.xlspadlock.com\/es\/boletin\/\"><span class=\"gb-button-text\">Suscr\u00edbase a nuestro bolet\u00edn ahora<\/span><span class=\"gb-icon\"><svg xmlns=\"http:\/\/www.w3.org\/2000\/svg\" viewbox=\"0 0 256 512\" width=\"1em\" height=\"1em\" aria-hidden=\"true\"><path d=\"M224.3 273l-136 136c-9.4 9.4-24.6 9.4-33.9 0l-22.6-22.6c-9.4-9.4-9.4-24.6 0-33.9l96.4-96.4-96.4-96.4c-9.4-9.4-9.4-24.6 0-33.9L54.3 103c9.4-9.4 24.6-9.4 33.9 0l136 136c9.5 9.4 9.5 24.6.1 34z\" fill=\"currentColor\"><\/path><\/svg><\/span><\/a>\n\n<\/div>\n<\/div><\/div>\n\n<div class=\"gb-grid-wrapper gb-grid-wrapper-fa517c0c\">\n<div class=\"gb-grid-column gb-grid-column-ff7b5ebc\"><div class=\"gb-container gb-container-ff7b5ebc\"><div class=\"gb-inside-container\">\n\n<h2 class=\"gb-headline gb-headline-b924e57c gb-headline-text\">Evaluaci\u00f3n: Edici\u00f3n de prueba gratuita<\/h2>\n\n\n\n<p>Cuando instala XLS Padlock sin activaci\u00f3n, funcionar\u00e1 en un estado llamado <strong>Edici\u00f3n de prueba<\/strong>. Es una <strong>prueba gratuita y con todas las funciones<\/strong>: esto significa que las mismas capacidades disponibles en el software registrado est\u00e1n presentes en esta edici\u00f3n de prueba. Esto <strong>le permite probar todas las caracter\u00edsticas<\/strong> de XLS Padlock de forma gratuita: puede, por lo tanto, ver si funciona para usted, durante el tiempo que desee.<\/p>\n\n\n\n<p>Sin embargo, existen algunas limitaciones: aunque la edici\u00f3n de prueba no caduca por s\u00ed misma, las aplicaciones seguras creadas con la edici\u00f3n de prueba caducar\u00e1n algunos d\u00edas despu\u00e9s de su compilaci\u00f3n. Tambi\u00e9n mostrar\u00e1n un recordatorio (pantalla molesta) al inicio. Finalmente, no est\u00e1 permitido distribuir aplicaciones creadas con la edici\u00f3n de prueba.<\/p>\n\n\n<div class=\"gb-button-wrapper gb-button-wrapper-ca2cbf8b\">\n\n<a class=\"gb-button gb-button-2bfcc789\" href=\"\/es\/tienda\/\"><span class=\"gb-button-text\">Compre su licencia para eliminar restricciones<\/span><span class=\"gb-icon\"><svg xmlns=\"http:\/\/www.w3.org\/2000\/svg\" viewbox=\"0 0 256 512\" width=\"1em\" height=\"1em\" aria-hidden=\"true\"><path d=\"M224.3 273l-136 136c-9.4 9.4-24.6 9.4-33.9 0l-22.6-22.6c-9.4-9.4-9.4-24.6 0-33.9l96.4-96.4-96.4-96.4c-9.4-9.4-9.4-24.6 0-33.9L54.3 103c9.4-9.4 24.6-9.4 33.9 0l136 136c9.5 9.4 9.5 24.6.1 34z\" fill=\"currentColor\"><\/path><\/svg><\/span><\/a>\n\n<\/div>\n<\/div><\/div><\/div>\n\n<div class=\"gb-grid-column gb-grid-column-1c159f47\"><div class=\"gb-container gb-container-1c159f47\"><div class=\"gb-inside-container\">\n<div class=\"wp-block-image is-resized\">\n<figure class=\"aligncenter size-large\"><img decoding=\"async\" src=\"https:\/\/library.generateblocks.com\/wp-content\/uploads\/2020\/11\/pexels-christina-morillo-1181292.jpg\" alt=\"\" class=\"wp-image-2375\"\/><\/figure>\n<\/div>\n<\/div><\/div><\/div>\n<\/div>\n<\/div><\/div>\n<\/div><div class=\"gb-shapes\"><div class=\"gb-shape gb-shape-1\"><svg xmlns=\"http:\/\/www.w3.org\/2000\/svg\" viewbox=\"0 0 1200 360\" preserveaspectratio=\"none\"><path d=\"M1200 360H0V0l1200 348z\"\/><\/svg><\/div><\/div><\/div>\n\n<div class=\"gb-container gb-container-5ebe4225\"><div class=\"gb-inside-container\">\n\n<p><i class=\"fa fa-search\"><\/i> \u00bfBusca versiones anteriores o descargas registradas como el <a href=\"\/es\/vender-libros-excel-woocommerce\/\">Kit de Integraci\u00f3n de WooCommerce<\/a> o <a href=\"\/es\/suscripciones-libro-excel-ganar-dinero\/\">Kit de Suscripci\u00f3n<\/a>? <a href=\"\/es\/cuenta\/descargas\/\">Est\u00e1n disponibles para usuarios registrados<\/a>. Siempre puede descargar y activar versiones antiguas, incluso si su mantenimiento ha expirado.<\/p>\n\n\n\n<p><i class=\"fa fa-share\" style=\"color: rgb(51, 153, 255);\"><\/i> <a href=\"https:\/\/x.com\/gdgsoft\">S\u00edganos en X<\/a>.<\/p>\n\n\n\n<p><i class=\"fa fa-rss-square\" style=\"color: rgb(255, 102, 0);\"><\/i> Mant\u00e9ngase informado sobre futuras versiones <a href=\"https:\/\/www.xlspadlock.com\/es\/boletin\/\">suscribi\u00e9ndose a nuestro bolet\u00edn<\/a> o <a href=\"\/es\/blog\/\">visite nuestro blog dedicado a XLS Padlock<\/a>.<\/p>\n\n\n\n<p>Puede revisar el <a href=\"\/guide\/xlspadlock-eula.pdf\">Acuerdo de Licencia de Usuario Final de XLS Padlock<\/a> antes de instalar el software.<\/p>\n\n<\/div><\/div>","protected":false},"excerpt":{"rendered":"<p>Files are digitally signed (with Microsoft Authenticode) to authenticate our company (G.D.G. Software SAS) as well as to ensure that the code has not been &#8230; <a title=\"Descargar XLS Padlock\" class=\"read-more\" href=\"https:\/\/www.xlspadlock.com\/es\/download\" aria-label=\"Leer m\u00e1s sobre Descarga XLS Padlock\">Leer m\u00e1s<\/a><\/p>","protected":false},"author":2,"featured_media":0,"parent":0,"menu_order":0,"comment_status":"closed","ping_status":"closed","template":"","meta":{"inline_featured_image":false,"_uag_custom_page_level_css":"","footnotes":""},"class_list":["post-2699","page","type-page","status-publish"],"uagb_featured_image_src":{"full":false,"thumbnail":false,"medium":false,"medium_large":false,"large":false,"1536x1536":false,"2048x2048":false,"trp-custom-language-flag":false,"betterdocs-category-thumb":false},"uagb_author_info":{"display_name":"G.D.G. Software","author_link":"https:\/\/www.xlspadlock.com\/es\/author\/gdgsoft"},"uagb_comment_info":0,"uagb_excerpt":"Files are digitally signed (with Microsoft Authenticode) to authenticate our company (G.D.G. Software SAS) as well as to ensure that the code has not been ... Read More","_links":{"self":[{"href":"https:\/\/www.xlspadlock.com\/es\/wp-json\/wp\/v2\/pages\/2699","targetHints":{"allow":["GET"]}}],"collection":[{"href":"https:\/\/www.xlspadlock.com\/es\/wp-json\/wp\/v2\/pages"}],"about":[{"href":"https:\/\/www.xlspadlock.com\/es\/wp-json\/wp\/v2\/types\/page"}],"author":[{"embeddable":true,"href":"https:\/\/www.xlspadlock.com\/es\/wp-json\/wp\/v2\/users\/2"}],"replies":[{"embeddable":true,"href":"https:\/\/www.xlspadlock.com\/es\/wp-json\/wp\/v2\/comments?post=2699"}],"version-history":[{"count":2,"href":"https:\/\/www.xlspadlock.com\/es\/wp-json\/wp\/v2\/pages\/2699\/revisions"}],"predecessor-version":[{"id":4500,"href":"https:\/\/www.xlspadlock.com\/es\/wp-json\/wp\/v2\/pages\/2699\/revisions\/4500"}],"wp:attachment":[{"href":"https:\/\/www.xlspadlock.com\/es\/wp-json\/wp\/v2\/media?parent=2699"}],"curies":[{"name":"wp","href":"https:\/\/api.w.org\/{rel}","templated":true}]}}