{"id":2857,"date":"2022-07-17T10:33:14","date_gmt":"2022-07-17T08:33:14","guid":{"rendered":"https:\/\/www.xlspadlock.com\/?page_id=2857"},"modified":"2025-11-16T17:00:54","modified_gmt":"2025-11-16T16:00:54","slug":"afiliados","status":"publish","type":"page","link":"https:\/\/www.xlspadlock.com\/es\/affiliate","title":{"rendered":"\u00danase al Programa de Afiliados de XLS Padlock"},"content":{"rendered":"<div class=\"gb-container gb-container-aed942d4\"><div class=\"gb-inside-container\">\n<div class=\"gb-container gb-container-b29d8c10\"><div class=\"gb-inside-container\">\n\n<h1 class=\"gb-headline gb-headline-a9544655 gb-headline-text gb-headline-197f6b28\">\u00danase al programa de afiliados de XLS Padlock y gane una comisi\u00f3n del 30%<\/h1>\n\n\n<div class=\"gb-grid-wrapper gb-grid-wrapper-8d16e32d\">\n<div class=\"gb-grid-column gb-grid-column-06994670\"><div class=\"gb-container gb-container-06994670\"><div class=\"gb-inside-container\">\n\n<p class=\"has-medium-font-size\">Promocione XLS Padlock, nuestro potente software compilador de Excel, junto con otros productos de G.D.G. Software, y gane una <strong>comisi\u00f3n competitiva en cada venta: un m\u00ednimo del 30% en ventas directas<\/strong>, m\u00e1s <strong>ganancias adicionales a trav\u00e9s de nuestra funci\u00f3n de Afiliados Multinivel<\/strong>! <\/p>\n\n\n\n<div class=\"gb-headline gb-headline-cbf751da\"><span class=\"gb-icon\"><svg xmlns=\"http:\/\/www.w3.org\/2000\/svg\" width=\"512\" viewbox=\"0 0 32 32\" height=\"512\"><path fill=\"#ffca28\" d=\"m1 7v20c0 2.2050781 1.7939453 4 4 4h14c2.2060547 0 4-1.7949219 4-4v-20z\"><\/path><path fill=\"#66bb6a\" d=\"m17 10h-2v-4c0-1.6542969-1.3457031-3-3-3s-3 1.3457031-3 3v4h-2v-4c0-2.7568359 2.2431641-5 5-5s5 2.2431641 5 5z\"><\/path><path opacity=\".1\" d=\"m17 7v-1c0-2.7597656-2.2402344-5-5-5v2c1.6503906 0 3 1.3496094 3 3v1h-3v24h7c2.2099609 0 4-1.7900391 4-4v-20z\"><\/path><path transform=\"matrix(.82 .573 -.573 .82 17.517 -9.483)\" fill=\"#78909c\" d=\"m20.709 22.07h6.212v2h-6.212z\"><\/path><path transform=\"matrix(.573 .819 -.819 .573 22.396 -13.142)\" fill=\"#78909c\" d=\"m22.815 11.824h2v6.212h-2z\"><\/path><g fill=\"#42a5f5\"><path d=\"m18 14c-2.7568359 0-5 2.2431641-5 5s2.2431641 5 5 5 5-2.2431641 5-5-2.2431641-5-5-5z\"><\/path><circle r=\"3\" cy=\"12\" cx=\"28\"><\/circle><circle r=\"3\" cy=\"26\" cx=\"28\"><\/circle><\/g><path opacity=\".1\" d=\"m31 26c0 1.6503906-1.3496094 3-3 3s-3-1.3496094-3-3c0-.2802734.0498047-.5400391.1201172-.7998047l-3.6904297-2.5800781c-.8994141.8496094-2.0996094 1.3798828-3.4296875 1.3798828-2.7597656 0-5-2.2402344-5-5h10c0 .7099609-.1503906 1.3798828-.4199219 1.9902344l3.6796875 2.5693359c.4902344-.3496094 1.0898438-.5595703 1.7402344-.5595703 1.6503906 0 3 1.3496094 3 3z\"><\/path><\/svg><\/span><span class=\"gb-headline-text\"><a href=\"https:\/\/www.gdgsoft.com\/affiliate\" target=\"_blank\" rel=\"noopener\">\u00danase hoy al Programa de Afiliados de G.D.G. Software<\/a> y comience a ganar dinero presentando nuestras herramientas confiables a su audiencia de usuarios y desarrolladores de Excel en todo el mundo.<\/span><\/div>\n\n<\/div><\/div><\/div>\n\n<div class=\"gb-grid-column gb-grid-column-fec3e325\"><div class=\"gb-container gb-container-fec3e325\"><div class=\"gb-inside-container\">\n\n<figure class=\"gb-block-image gb-block-image-550bd6ed\"><img loading=\"lazy\" decoding=\"async\" width=\"300\" height=\"300\" class=\"gb-image gb-image-550bd6ed\" src=\"https:\/\/www.xlspadlock.com\/wp-content\/uploads\/affiliate.png\" alt=\"afiliados\" title=\"programa de afiliados\" srcset=\"https:\/\/cdn.xlspadlock.com\/20251108181614\/affiliate.png 300w, https:\/\/cdn.xlspadlock.com\/20251108181614\/affiliate-150x150.png 150w\" sizes=\"auto, (max-width: 300px) 100vw, 300px\" \/><\/figure>\n\n<\/div><\/div><\/div>\n<\/div>\n\n\n<h2 class=\"wp-block-heading\">\u00bfPor qu\u00e9 unirse a nuestro Programa de Afiliados?<\/h2>\n\n\n\n<ul class=\"wp-block-list\">\n<li><strong>Comisiones competitivas<\/strong>: Gane una comisi\u00f3n m\u00ednima del 30% en cada venta de XLS Padlock y otros productos de G.D.G. Software a trav\u00e9s de nuestros revendedores Paddle o FastSpring. Adem\u00e1s, aumente sus ganancias con nuestra funci\u00f3n de Afiliados Multinivel.<\/li>\n\n\n\n<li><strong>Pagos fiables<\/strong>: Reciba sus ganancias a trav\u00e9s de PayPal una vez que acumule al menos 100 \u20ac en comisiones.<\/li>\n\n\n\n<li><strong>Productos de software confiables<\/strong>: Promocione herramientas de alta calidad desarrolladas por G.D.G. Software, incluyendo XLS Padlock, ExeOutput for PHP, Paquet Builder, HTML Executable y m\u00e1s, confiables para miles de usuarios en todo el mundo.<\/li>\n<\/ul>\n\n\n\n<h2 class=\"wp-block-heading\">Enlaces para afiliados<\/h2>\n\n\n\n<p>Al promocionar XLS Padlock a su audiencia, use <strong>sus enlaces de afiliado directos proporcionados<\/strong> en su <a href=\"https:\/\/www.gdgsoft.com\/affiliate\/affiliate-account\" target=\"_blank\" rel=\"noopener\">Panel de cuenta<\/a>.<br>Por ejemplo, los enlaces deben seguir este formato:<\/p>\n\n\n\n<p><code>https:\/\/www.xlspadlock.com\/?aff=XXXX<\/code> \u2013 donde <code>XXXX<\/code> es su ID de afiliado de G.D.G. Software.<\/p>\n\n\n\n<p>Nuestro sistema establece una cookie de 30 d\u00edas para los visitantes que hacen clic en su enlace de afiliado. Si realizan una compra dentro de los 30 d\u00edas con FastSpring y\/o Paddle, ganar\u00e1 una comisi\u00f3n despu\u00e9s de una venta exitosa de ellos. Puede usar su enlace de afiliado en blogs, foros, redes sociales o correos electr\u00f3nicos, siempre que sus m\u00e9todos promocionales cumplan con nuestros <a href=\"https:\/\/www.gdgsoft.com\/affiliate\/affiliate-program-terms-and-conditions\" target=\"_blank\" rel=\"noopener\">T\u00e9rminos y Condiciones<\/a>.<\/p>\n\n\n\n<figure class=\"gb-block-image gb-block-image-50ecc3a5\"><img loading=\"lazy\" decoding=\"async\" width=\"400\" height=\"325\" class=\"gb-image gb-image-50ecc3a5\" src=\"https:\/\/www.xlspadlock.com\/wp-content\/uploads\/affiliate-marketing.webp\" alt=\"marketing de afiliados\" title=\"marketing de afiliados\" srcset=\"https:\/\/cdn.xlspadlock.com\/20251108181614\/affiliate-marketing.webp 400w, https:\/\/cdn.xlspadlock.com\/20251108181614\/affiliate-marketing-300x244.webp 300w\" sizes=\"auto, (max-width: 400px) 100vw, 400px\" \/><\/figure>\n\n\n\n<h2 class=\"wp-block-heading\">C\u00f3mo funciona<\/h2>\n\n\n\n<ol class=\"wp-block-list\">\n<li><strong>Reg\u00edstrese<\/strong>: Reg\u00edstrese gratis a trav\u00e9s de nuestro<a href=\"https:\/\/www.gdgsoft.com\/affiliate\" target=\"_blank\" rel=\"noopener\"> portal de afiliados f\u00e1cil de usar en el sitio web de G.D.G. Software<\/a>.<\/li>\n\n\n\n<li><strong>Promocione<\/strong>: Comparta sus enlaces de afiliado \u00fanicos para XLS Padlock y otros productos, o utilice nuestros materiales de marketing para llegar a su audiencia.<\/li>\n\n\n\n<li><strong>Gane<\/strong>: Reciba una comisi\u00f3n m\u00ednima del 30% por cada venta exitosa debida a su referencia, m\u00e1s ganancias adicionales de sus afiliados reclutados.<\/li>\n<\/ol>\n\n\n\n<h2 class=\"wp-block-heading\">Preguntas frecuentes<\/h2>\n\n\n\n<h3 class=\"wp-block-heading\">\u00bfCu\u00e1nta comisi\u00f3n recibir\u00e9?<\/h3>\n\n\n\n<p>Los nuevos afiliados reciben una comisi\u00f3n m\u00ednima del 30% en ventas directas. Tambi\u00e9n puede ganar comisiones adicionales a trav\u00e9s de la funci\u00f3n de Afiliados Multinivel (20% para el Nivel 1, 10% para el Nivel 2, 5% para el Nivel 3). Las tasas de comisi\u00f3n pueden ajustarse con 30 d\u00edas de aviso previo por correo electr\u00f3nico.<\/p>\n\n\n\n<h3 class=\"wp-block-heading\">\u00bfHay una cantidad m\u00ednima en su programa de afiliados que debo ganar para recibir el pago?<\/h3>\n\n\n\n<p>S\u00ed, debe ganar un m\u00ednimo de 100 EUR en comisiones antes de que se pueda realizar el pago. Si no se alcanza la cantidad m\u00ednima, el total se traslada al mes siguiente.<\/p>\n\n\n\n<h3 class=\"wp-block-heading\">\u00bfQu\u00e9 m\u00e9todos de pago y monedas est\u00e1n disponibles para recibir mis pagos?<\/h3>\n\n\n\n<p>Los pagos se realizan a trav\u00e9s de PayPal en Euros (\u20ac). Puede especificar sus detalles de PayPal en el <a href=\"https:\/\/www.gdgsoft.com\/affiliate\/affiliate-account\" target=\"_blank\" rel=\"noopener\">panel de afiliados en la p\u00e1gina \"Cuenta\"<\/a>.<\/p>\n\n\n\n<h3 class=\"wp-block-heading\">No he recibido mi pago por las ventas del mes pasado, \u00bfqu\u00e9 hago?<\/h3>\n\n\n\n<p>Esto puede deberse a varias razones: es posible que no haya alcanzado el umbral de 100 \u20ac, que su factura no se haya cargado antes del d\u00eda 10 del mes o que las ventas a\u00fan est\u00e9n dentro del per\u00edodo de garant\u00eda de devoluci\u00f3n de dinero de 30 d\u00edas. Si cree que hay un error, por favor <a href=\"https:\/\/www.xlspadlock.com\/es\/contacto\/\" data-type=\"page\" data-id=\"500\">env\u00edenos un correo electr\u00f3nico<\/a>.<\/p>\n\n\n\n<h3 class=\"wp-block-heading\">\u00bfHay alg\u00fan costo por participar como afiliado en su programa de afiliados?<\/h3>\n\n\n\n<p>No hay costos mensuales ni fijos para usted por participar en el Programa de Afiliados de G.D.G. Software.<\/p>\n\n\n\n<h3 class=\"wp-block-heading\">\u00bfQu\u00e9 informaci\u00f3n recibir\u00e9 sobre mis ventas?<\/h3>\n\n\n\n<p>Puede acceder a informes de ventas detallados en su <a href=\"https:\/\/www.gdgsoft.com\/affiliate\/affiliate-account\" target=\"_blank\" rel=\"noopener\">Panel de cuenta de afiliado<\/a>, incluyendo visitas, ventas y estados de comisi\u00f3n (Pendiente, No pagado, Rechazado o Pagado). Tenga en cuenta que no divulgamos datos de clientes finales, ya que usted no es el propietario legal de estos datos, en cumplimiento del RGPD.<\/p>\n\n\n\n<h3 class=\"wp-block-heading\">\u00bfC\u00f3mo puedo terminar mi participaci\u00f3n en el programa?<\/h3>\n\n\n\n<p>Puede terminar su participaci\u00f3n en cualquier momento enviando un <a href=\"https:\/\/www.xlspadlock.com\/es\/contacto\/\" data-type=\"page\" data-id=\"500\">aviso escrito por correo electr\u00f3nico<\/a>. Despu\u00e9s de la terminaci\u00f3n, elimine todos los enlaces de afiliado de su sitio web. Cualquier comisi\u00f3n impaga relacionada con violaciones de nuestros <a href=\"https:\/\/www.gdgsoft.com\/affiliate\/affiliate-program-terms-and-conditions\" target=\"_blank\" rel=\"noopener\">T\u00e9rminos y Condiciones<\/a> ser\u00e1 retenida.<\/p>\n\n\n\n<h2 class=\"wp-block-heading\">T\u00e9rminos de servicio<\/h2>\n\n\n\n<p>Por favor revise nuestro Programa de Afiliados <a href=\"https:\/\/www.gdgsoft.com\/affiliate\/affiliate-program-terms-and-conditions\" target=\"_blank\" rel=\"noopener\">T\u00e9rminos y Condiciones<\/a> para obtener detalles completos sobre elegibilidad, pautas promocionales, protecci\u00f3n de datos y m\u00e1s. Al unirse al programa, acepta cumplir con estos t\u00e9rminos, incluidas las regulaciones del RGPD y de la UE.<\/p>\n\n\n\n<h2 class=\"wp-block-heading\">\u00bfAlguna pregunta?<\/h2>\n\n\n\n<p>Si tiene preguntas sobre nuestro programa de afiliados, si\u00e9ntase <a href=\"\/es\/contacto\/\">libre de contactarnos<\/a>.<\/p>\n\n<\/div><\/div>\n<\/div><\/div>","protected":false},"excerpt":{"rendered":"<p>\u00danete al Programa de Afiliados de XLS Padlock y gana un 30 % de comisi\u00f3n. \u00bfPor qu\u00e9 unirse a nuestro programa?  Enlaces para afiliados\u2026 <a title=\"\u00danase al Programa de Afiliados de XLS Padlock\" class=\"read-more\" href=\"https:\/\/www.xlspadlock.com\/es\/affiliate\" aria-label=\"Leer m\u00e1s sobre \u00danete al Programa de Afiliados de XLS Padlock\">Leer m\u00e1s<\/a><\/p>","protected":false},"author":2,"featured_media":0,"parent":0,"menu_order":0,"comment_status":"closed","ping_status":"closed","template":"","meta":{"inline_featured_image":false,"_uag_custom_page_level_css":"","footnotes":""},"class_list":["post-2857","page","type-page","status-publish"],"uagb_featured_image_src":{"full":false,"thumbnail":false,"medium":false,"medium_large":false,"large":false,"1536x1536":false,"2048x2048":false,"trp-custom-language-flag":false,"betterdocs-category-thumb":false},"uagb_author_info":{"display_name":"G.D.G. Software","author_link":"https:\/\/www.xlspadlock.com\/es\/author\/gdgsoft"},"uagb_comment_info":0,"uagb_excerpt":"Join XLS Padlock Affiliate Program and earn 30% commission Why Join Our Affiliate Program? Links for affiliates When promoting XLS Padlock to your audience, use ... Read More","_links":{"self":[{"href":"https:\/\/www.xlspadlock.com\/es\/wp-json\/wp\/v2\/pages\/2857","targetHints":{"allow":["GET"]}}],"collection":[{"href":"https:\/\/www.xlspadlock.com\/es\/wp-json\/wp\/v2\/pages"}],"about":[{"href":"https:\/\/www.xlspadlock.com\/es\/wp-json\/wp\/v2\/types\/page"}],"author":[{"embeddable":true,"href":"https:\/\/www.xlspadlock.com\/es\/wp-json\/wp\/v2\/users\/2"}],"replies":[{"embeddable":true,"href":"https:\/\/www.xlspadlock.com\/es\/wp-json\/wp\/v2\/comments?post=2857"}],"version-history":[{"count":0,"href":"https:\/\/www.xlspadlock.com\/es\/wp-json\/wp\/v2\/pages\/2857\/revisions"}],"wp:attachment":[{"href":"https:\/\/www.xlspadlock.com\/es\/wp-json\/wp\/v2\/media?parent=2857"}],"curies":[{"name":"wp","href":"https:\/\/api.w.org\/{rel}","templated":true}]}}