{"id":2924,"date":"2022-07-17T12:28:11","date_gmt":"2022-07-17T10:28:11","guid":{"rendered":"https:\/\/www.xlspadlock.com\/?page_id=2924"},"modified":"2025-11-16T17:03:22","modified_gmt":"2025-11-16T16:03:22","slug":"demo-libro-excel","status":"publish","type":"page","link":"https:\/\/www.xlspadlock.com\/es\/excel-workbook-demo","title":{"rendered":"Demostraci\u00f3n de libro de trabajo en vivo"},"content":{"rendered":"<div class=\"gb-container gb-container-aed942d4\"><div class=\"gb-inside-container\">\n\n<h1 class=\"gb-headline gb-headline-a9544655 gb-headline-text gb-headline-197f6b28\">Pruebe usted mismo una aplicaci\u00f3n de libro de trabajo compilada con XLS Padlock<\/h1>\n\n\n\n<p>Hemos compilado una demostraci\u00f3n de libro de trabajo de Excel con XLS Padlock para que pueda probarla usted mismo.<\/p>\n\n\n\n<p class=\"gb-headline gb-headline-0f4cb2d2\"><span class=\"gb-icon\"><svg xmlns=\"http:\/\/www.w3.org\/2000\/svg\" width=\"512\" viewbox=\"0 0 58 54.497\" height=\"512\"><path fill=\"#ffd858\" d=\"m6.67 7.527-6.67.92 5.08 36.69 36.69-5.08-.41-2.95-3.47-25.1-1.2-8.64-7.78 1.08\"><\/path><path transform=\"matrix(.991 -.137 .137 .991 -.653 2.497)\" fill=\"#0085ff\" d=\"m6.565 1.497h22.449v8.98h-22.449z\"><\/path><path transform=\"matrix(.995 -.102 .102 .995 -1.808 2.019)\" fill=\"#fff\" d=\"m6.988 17.772h23.874v2.001h-23.874z\"><\/path><path transform=\"matrix(.997 -.08 .08 .997 -1.91 1.89)\" fill=\"#ffd858\" d=\"m17.706 23.763h9.806v2.001h-9.806z\"><\/path><path transform=\"matrix(.997 -.08 .08 .997 -2.028 .914)\" fill=\"#fff\" d=\"m7.938 24.748h4.904v2.001h-4.904z\"><\/path><path transform=\"matrix(.995 -.105 .105 .995 -3.254 2.226)\" fill=\"#fff\" d=\"m8.339 31.152h22.543v1.999h-22.543z\"><\/path><circle r=\"12.853\" fill=\"#d6dce0\" cy=\"24.259\" cx=\"41.774\"><\/circle><circle r=\"10.735\" fill=\"#fff\" cy=\"24.252\" cx=\"41.774\"><\/circle><path transform=\"matrix(.902 -.433 .433 .902 -12.268 25.151)\" fill=\"#d6dce0\" d=\"m48.122 35.433h2v8.19h-2z\"><\/path><path fill=\"#d6dce0\" d=\"m56.18 54.174c-1.599.77-3.519.098-4.289-1.501l-4.647-9.65 2.43-2.359 3.36-.429 4.647 9.65c.77 1.599.098 3.519-1.501 4.289z\"><\/path><path opacity=\".52\" fill=\"#f2f2f2\" d=\"m56.18 54.177c-.65.31-1.35.39-2 .26.26-.05.53-.14.78-.26 1.6-.77 2.27-2.69 1.5-4.29l-4.57-9.5 1.14-.15 4.65 9.65c.77 1.6.1 3.52-1.5 4.29z\"><\/path><path fill=\"#d6dce0\" d=\"m45.687 32.384-.867-1.803c3.493-1.682 4.967-5.894 3.284-9.388l1.803-.867c2.159 4.488.267 9.897-4.22 12.058z\"><\/path><path opacity=\".1\" d=\"m41.36 37.107v-.01c-6.9-.21-12.44-5.88-12.44-12.84 0-5.75 3.77-10.61 8.97-12.25l-.3-2.18c-6.53 1.59-11.38 7.47-11.38 14.49 0 8.23 6.68 14.91 14.91 14.91.18 0 .35 0 .53-.01z\"><\/path><\/svg><\/span><span class=\"gb-headline-text\">Descubra c\u00f3mo <a href=\"\/es\/proteger-formulas\/\">protecci\u00f3n de f\u00f3rmulas<\/a> funciona, c\u00f3mo insertar una pantalla de bienvenida personalizada, <a href=\"\/es\/proteccion-codigo-vba\/\">usar protecci\u00f3n VBA<\/a> y opcionalmente <a href=\"\/es\/libro-excel-activacion-en-linea\/\">activaci\u00f3n en l\u00ednea para sus libros de trabajo<\/a>.<\/span><\/p>\n\n\n\n<div class=\"wp-block-uagb-inline-notice uagb-inline_notice__align-left uagb-block-d76faed7 uagb-inline_notice__outer-wrap\"><button class=\"uagb-notice-close-button\" type=\"button\" aria-label=\"Cerrar\"><\/button><h4 class=\"uagb-notice-title\">Acerca de esta demostraci\u00f3n<\/h4><div class=\"uagb-notice-text\">\n<p><strong>Hay diferentes versiones de la demostraci\u00f3n disponibles<\/strong>. Por ejemplo, una versi\u00f3n viene con activaci\u00f3n requerida: tendr\u00e1 que hacer clic en Activar en la pantalla de activaci\u00f3n antes de poder acceder a la demostraci\u00f3n. Esto le permite ver <a href=\"https:\/\/www.xlspadlock.com\/es\/libro-excel-activacion-en-linea\/\">c\u00f3mo funciona la activaci\u00f3n en l\u00ednea<\/a>.<\/p>\n<\/div><\/div>\n\n\n\n<p>Si\u00e9ntase libre de probar cualquier versi\u00f3n que desee.<\/p>\n\n\n\n<div class=\"gb-headline gb-headline-e780b626\"><span class=\"gb-icon\"><svg aria-hidden=\"true\" role=\"img\" height=\"1em\" width=\"1em\" viewbox=\"0 0 512 512\" xmlns=\"http:\/\/www.w3.org\/2000\/svg\"><path fill=\"currentColor\" d=\"M173.898 439.404l-166.4-166.4c-9.997-9.997-9.997-26.206 0-36.204l36.203-36.204c9.997-9.998 26.207-9.998 36.204 0L192 312.69 432.095 72.596c9.997-9.997 26.207-9.997 36.204 0l36.203 36.204c9.997 9.997 9.997 26.206 0 36.204l-294.4 294.401c-9.998 9.997-26.207 9.997-36.204-.001z\"><\/path><\/svg><\/span><span class=\"gb-headline-text\"><strong>Todos los archivos est\u00e1n firmados digitalmente para asegurar que no fueron alterados<\/strong> ni da\u00f1inos.<\/span><\/div>\n\n\n\n<div class=\"wp-block-uagb-tabs uagb-block-c6f9e556 uagb-tabs__wrap uagb-tabs__hstyle3-desktop uagb-tabs__vstyle6-tablet uagb-tabs__vstyle6-mobile\" data-tab-active=\"0\"><ul class=\"uagb-tabs__panel uagb-tabs__align-left\" role=\"tablist\"><li class=\"uagb-tab uagb-tabs__active\" role=\"none\"><a href=\"#uagb-tabs__tab0\" class=\"uagb-tabs-list uagb-tabs__icon-position-left\" data-tab=\"0\" role=\"tab\"><div>Demo sin activaci\u00f3n requerida<\/div><\/a><\/li><li class=\"uagb-tab\" role=\"none\"><a href=\"#uagb-tabs__tab1\" class=\"uagb-tabs-list uagb-tabs__icon-position-left\" data-tab=\"1\" role=\"tab\"><div>Demo que requiere clave de activaci\u00f3n<\/div><\/a><\/li><\/ul><div class=\"uagb-tabs__body-wrap\">\n<div class=\"wp-block-uagb-tabs-child uagb-tabs__body-container uagb-inner-tab-0\" aria-labelledby=\"uagb-tabs__tab0\"><div class=\"gb-container gb-container-5c79a8e1\"><div class=\"gb-inside-container\">\n\n<h2 class=\"wp-block-heading\">Demo sin activaci\u00f3n requerida<\/h2>\n\n\n\n<p>Para descargar y probar el libro de trabajo compilado en su ordenador, elija uno de estos botones. Si conoce su versi\u00f3n de Excel (32 bits o 64 bits), puede descargar un archivo m\u00e1s peque\u00f1o. De lo contrario, simplemente elija Demo Completa.<\/p>\n\n\n\n<p>Cuando su navegador pregunte si desea ejecutar o guardar el archivo, elija <strong>Guardar<\/strong> y guarde el archivo de la aplicaci\u00f3n en una carpeta como Mis Documentos.<\/p>\n\n\n<div class=\"gb-button-wrapper gb-button-wrapper-0b9d5720\">\n\n<a class=\"gb-button gb-button-576593aa\" href=\"https:\/\/download.xlspadlock.com\/Markbook-Demo.exe\" target=\"_blank\" rel=\"noopener\"><span class=\"gb-icon\"><svg xmlns=\"http:\/\/www.w3.org\/2000\/svg\" width=\"512\" viewbox=\"0 0 32 32\" height=\"512\"><path d=\"m28 24v-4a1 1 0 0 0 -2 0v4a1 1 0 0 1 -1 1h-18a1 1 0 0 1 -1-1v-4a1 1 0 0 0 -2 0v4a3 3 0 0 0 3 3h18a3 3 0 0 0 3-3zm-6.38-5.22-5 4a1 1 0 0 1 -1.24 0l-5-4a1 1 0 0 1 1.24-1.56l3.38 2.7v-13.92a1 1 0 0 1 2 0v13.92l3.38-2.7a1 1 0 1 1 1.24 1.56z\"><\/path><\/svg><\/span><span class=\"gb-button-text\">Descargar Markbook Excel<br>Demo Completa<\/span><\/a>\n\n\n\n<a class=\"gb-button gb-button-c7d721ed\" href=\"https:\/\/download.xlspadlock.com\/Markbook-Demo-32.exe\" target=\"_blank\" rel=\"noopener\"><span class=\"gb-icon\"><svg xmlns=\"http:\/\/www.w3.org\/2000\/svg\" width=\"512\" viewbox=\"0 0 32 32\" height=\"512\"><path d=\"m28 24v-4a1 1 0 0 0 -2 0v4a1 1 0 0 1 -1 1h-18a1 1 0 0 1 -1-1v-4a1 1 0 0 0 -2 0v4a3 3 0 0 0 3 3h18a3 3 0 0 0 3-3zm-6.38-5.22-5 4a1 1 0 0 1 -1.24 0l-5-4a1 1 0 0 1 1.24-1.56l3.38 2.7v-13.92a1 1 0 0 1 2 0v13.92l3.38-2.7a1 1 0 1 1 1.24 1.56z\"><\/path><\/svg><\/span><span class=\"gb-button-text\">Descargar Markbook Excel<br>Demo (Solo 32 bits)&nbsp;&nbsp;<\/span><\/a>\n\n\n\n<a class=\"gb-button gb-button-8c6411e9\" href=\"https:\/\/download.xlspadlock.com\/Markbook-Demo-64.exe\" target=\"_blank\" rel=\"noopener\"><span class=\"gb-icon\"><svg xmlns=\"http:\/\/www.w3.org\/2000\/svg\" width=\"512\" viewbox=\"0 0 32 32\" height=\"512\"><path d=\"m28 24v-4a1 1 0 0 0 -2 0v4a1 1 0 0 1 -1 1h-18a1 1 0 0 1 -1-1v-4a1 1 0 0 0 -2 0v4a3 3 0 0 0 3 3h18a3 3 0 0 0 3-3zm-6.38-5.22-5 4a1 1 0 0 1 -1.24 0l-5-4a1 1 0 0 1 1.24-1.56l3.38 2.7v-13.92a1 1 0 0 1 2 0v13.92l3.38-2.7a1 1 0 1 1 1.24 1.56z\"><\/path><\/svg><\/span><span class=\"gb-button-text\">Descargar Markbook Excel<br>Demo (Solo 64 bits)&nbsp;&nbsp;<\/span><\/a>\n\n<\/div>\n\n\n<p class=\"has-text-align-center popmake-2919\">&nbsp;<code><i class=\"fas fa-info-circle fa-2x\"><\/i><\/code> C\u00f3mo elegir entre 32 bits y 64 bits<\/p>\n\n\n\n<p>Cuando ejecuta la aplicaci\u00f3n, se muestra una pantalla de bienvenida y se inicia Excel:<\/p>\n\n\n<div class=\"wp-block-image\">\n<figure class=\"aligncenter size-full\"><img loading=\"lazy\" decoding=\"async\" width=\"693\" height=\"542\" src=\"https:\/\/cdn.xlspadlock.com\/20251116150051\/image-43.png\" alt=\"Excel Workbook Demo\" class=\"wp-image-4637\" srcset=\"https:\/\/cdn.xlspadlock.com\/20251116150051\/image-43.png 693w, https:\/\/cdn.xlspadlock.com\/20251116150051\/image-43-300x235.png 300w, https:\/\/cdn.xlspadlock.com\/20251116150051\/image-43-15x12.png 15w, https:\/\/cdn.xlspadlock.com\/20251116150051\/image-43-360x282.png 360w\" sizes=\"auto, (max-width: 693px) 100vw, 693px\" \/><\/figure>\n<\/div>\n\n\n<p>Tiene dos hojas de c\u00e1lculo: la primera le permite probar <a href=\"\/es\/proteccion-codigo-vba\/\">macros VBA protegidas<\/a>, la segunda le permite probar <a href=\"\/es\/proteger-formulas\/\">funciones de f\u00f3rmula protegidas<\/a>.<\/p>\n\n\n\n<p>The first one has two VBA macros, associated to radio buttons. If you choose &#8220;Sort on Surname&#8221;, the corresponding macro is run. But, if you try to look at the source code of the VBA macro, you get:<\/p>\n\n\n<div class=\"wp-block-image\">\n<figure class=\"aligncenter size-full\"><img loading=\"lazy\" decoding=\"async\" width=\"722\" height=\"520\" src=\"https:\/\/cdn.xlspadlock.com\/20251116150112\/image-44.png\" alt=\"Hidden VBA Code\" class=\"wp-image-4638\" srcset=\"https:\/\/cdn.xlspadlock.com\/20251116150112\/image-44.png 722w, https:\/\/cdn.xlspadlock.com\/20251116150112\/image-44-300x216.png 300w, https:\/\/cdn.xlspadlock.com\/20251116150112\/image-44-18x12.png 18w, https:\/\/cdn.xlspadlock.com\/20251116150112\/image-44-360x259.png 360w\" sizes=\"auto, (max-width: 722px) 100vw, 722px\" \/><\/figure>\n<\/div>\n\n\n<p>Como puede ver, el c\u00f3digo VBA que ordena los datos no est\u00e1 disponible para copiar ni estudiar. Ha sido compilado en bytecode con el <a href=\"\/es\/proteccion-codigo-vba\/\">compilador VBA de XLS Padlock<\/a>. Por lo tanto, \u00a1el c\u00f3digo VBA original no se puede copiar y sigue siendo funcional! CallXLSPadlockVBA es el ayudante que le permite llamar a subrutinas y funciones protegidas.<\/p>\n\n\n\n<p>Si elige \"Demostraci\u00f3n de protecci\u00f3n de f\u00f3rmulas\", las f\u00f3rmulas en amarillo est\u00e1n ocultas. Ya no son accesibles para los usuarios finales, aunque por supuesto siguen siendo funcionales.<\/p>\n\n\n<div class=\"wp-block-image\">\n<figure class=\"aligncenter size-full\"><img loading=\"lazy\" decoding=\"async\" width=\"636\" height=\"554\" src=\"https:\/\/cdn.xlspadlock.com\/20251116150127\/image-45.png\" alt=\"Hidden Formula\" class=\"wp-image-4639\" srcset=\"https:\/\/cdn.xlspadlock.com\/20251116150127\/image-45.png 636w, https:\/\/cdn.xlspadlock.com\/20251116150127\/image-45-300x261.png 300w, https:\/\/cdn.xlspadlock.com\/20251116150127\/image-45-14x12.png 14w, https:\/\/cdn.xlspadlock.com\/20251116150127\/image-45-360x314.png 360w\" sizes=\"auto, (max-width: 636px) 100vw, 636px\" \/><\/figure>\n<\/div>\n<\/div><\/div><\/div>\n\n\n\n<div class=\"wp-block-uagb-tabs-child uagb-tabs__body-container uagb-inner-tab-1\" aria-labelledby=\"uagb-tabs__tab1\">\n<h2 class=\"wp-block-heading\">Demo con activaci\u00f3n requerida<\/h2>\n\n\n\n<p>Para descargar y probar el libro de trabajo compilado en su ordenador, elija uno de estos botones. Si conoce su versi\u00f3n de Excel (32 bits o 64 bits), puede descargar un archivo m\u00e1s peque\u00f1o. De lo contrario, simplemente elija Demo Completa.<\/p>\n\n\n\n<p>Cuando su navegador pregunte si desea ejecutar o guardar el archivo, elija <strong>Guardar<\/strong> y guarde el archivo de la aplicaci\u00f3n en una carpeta como Mis Documentos.<\/p>\n\n\n<div class=\"gb-button-wrapper gb-button-wrapper-c455e61a\">\n\n<a class=\"gb-button gb-button-32ddb504\" href=\"https:\/\/download.xlspadlock.com\/Markbook-Demo-Activation.exe\" target=\"_blank\" rel=\"noopener\"><span class=\"gb-icon\"><svg xmlns=\"http:\/\/www.w3.org\/2000\/svg\" width=\"512\" viewbox=\"0 0 32 32\" height=\"512\"><path d=\"m28 24v-4a1 1 0 0 0 -2 0v4a1 1 0 0 1 -1 1h-18a1 1 0 0 1 -1-1v-4a1 1 0 0 0 -2 0v4a3 3 0 0 0 3 3h18a3 3 0 0 0 3-3zm-6.38-5.22-5 4a1 1 0 0 1 -1.24 0l-5-4a1 1 0 0 1 1.24-1.56l3.38 2.7v-13.92a1 1 0 0 1 2 0v13.92l3.38-2.7a1 1 0 1 1 1.24 1.56z\"><\/path><\/svg><\/span><span class=\"gb-button-text\">Descargar Markbook Excel<br>Demo de Activaci\u00f3n Completa<\/span><\/a>\n\n\n\n<a class=\"gb-button gb-button-cd83dd9c\" href=\"https:\/\/download.xlspadlock.com\/Markbook-Demo-Activation-32.exe\" target=\"_blank\" rel=\"noopener\"><span class=\"gb-icon\"><svg xmlns=\"http:\/\/www.w3.org\/2000\/svg\" width=\"512\" viewbox=\"0 0 32 32\" height=\"512\"><path d=\"m28 24v-4a1 1 0 0 0 -2 0v4a1 1 0 0 1 -1 1h-18a1 1 0 0 1 -1-1v-4a1 1 0 0 0 -2 0v4a3 3 0 0 0 3 3h18a3 3 0 0 0 3-3zm-6.38-5.22-5 4a1 1 0 0 1 -1.24 0l-5-4a1 1 0 0 1 1.24-1.56l3.38 2.7v-13.92a1 1 0 0 1 2 0v13.92l3.38-2.7a1 1 0 1 1 1.24 1.56z\"><\/path><\/svg><\/span><span class=\"gb-button-text\">Descargar Markbook Excel<br>Demo de Activaci\u00f3n (Solo 32 bits)  <\/span><\/a>\n\n\n\n<a class=\"gb-button gb-button-414117f7\" href=\"https:\/\/download.xlspadlock.com\/Markbook-Demo-Activation-64.exe\" target=\"_blank\" rel=\"noopener\"><span class=\"gb-icon\"><svg xmlns=\"http:\/\/www.w3.org\/2000\/svg\" width=\"512\" viewbox=\"0 0 32 32\" height=\"512\"><path d=\"m28 24v-4a1 1 0 0 0 -2 0v4a1 1 0 0 1 -1 1h-18a1 1 0 0 1 -1-1v-4a1 1 0 0 0 -2 0v4a3 3 0 0 0 3 3h18a3 3 0 0 0 3-3zm-6.38-5.22-5 4a1 1 0 0 1 -1.24 0l-5-4a1 1 0 0 1 1.24-1.56l3.38 2.7v-13.92a1 1 0 0 1 2 0v13.92l3.38-2.7a1 1 0 1 1 1.24 1.56z\"><\/path><\/svg><\/span><span class=\"gb-button-text\">Descargar Markbook Excel<br>Demo de Activaci\u00f3n (Solo 64 bits)  <\/span><\/a>\n\n<\/div>\n\n\n<p class=\"has-text-align-center popmake-2919\">&nbsp;<code><i class=\"fas fa-info-circle fa-2x\"><\/i><\/code> C\u00f3mo elegir entre 32 bits y 64 bits<\/p>\n\n\n\n<p>Cuando ejecuta la aplicaci\u00f3n, se muestra el siguiente cuadro de di\u00e1logo. Le pide que active su copia:<\/p>\n\n\n<div class=\"wp-block-image\">\n<figure class=\"aligncenter size-full\"><img loading=\"lazy\" decoding=\"async\" width=\"654\" height=\"420\" src=\"https:\/\/cdn.xlspadlock.com\/20251108182206\/image-30.png\" alt=\"Enter Activation Code\" class=\"wp-image-3428\" srcset=\"https:\/\/cdn.xlspadlock.com\/20251108182206\/image-30.png 654w, https:\/\/cdn.xlspadlock.com\/20251108182206\/image-30-300x193.png 300w\" sizes=\"auto, (max-width: 654px) 100vw, 654px\" \/><\/figure>\n<\/div>\n\n\n<p class=\"gb-headline gb-headline-7af4c500\"><span class=\"gb-icon\"><svg xmlns=\"http:\/\/www.w3.org\/2000\/svg\" width=\"512\" viewbox=\"0 0 512 512\" height=\"512\"><path fill=\"#dadcde\" d=\"m280 192a8 8 0 0 1 -8-8v-80a56 56 0 0 0 -112 0v80a8 8 0 0 1 -16 0v-80a72 72 0 0 1 144 0v80a8 8 0 0 1 -8 8z\"><\/path><path fill=\"#eb423f\" d=\"m296 472h-272l16-320h240z\"><\/path><path fill=\"#d13330\" d=\"m360 472h-64l-16-320h64z\"><\/path><path fill=\"#a82a27\" d=\"m328.47 431.99c-.16.01-.32.01-.48.01a8 8 0 0 1 -7.98-7.53l-16-272c-.01-.16-.01-.31-.01-.47h16.02l15.97 271.53a8.007 8.007 0 0 1 -7.52 8.46z\"><\/path><path fill=\"#eba72e\" d=\"m488 472h-64l-1-12.93v-.01l-15-195.06h64l14.75 191.69v.01z\"><\/path><path fill=\"#e09f2c\" d=\"m456.8 431.96a7.322 7.322 0 0 1 -.81.04 8 8 0 0 1 -7.95-7.2l-.29-2.86-15.71-157.14a7.143 7.143 0 0 1 -.04-.8h16.04l15.72 157.21.2 1.99a8 8 0 0 1 -7.16 8.76z\"><\/path><path fill=\"#e09f2c\" d=\"m488 472h-9.62l-22.38-33.58-22.38 33.58h-9.62l-1-12.93v-.01l24.75-37.12 1.59-2.38a8.01 8.01 0 0 1 13.32 0l1.1 1.65 22.99 34.48v.01z\"><\/path><path fill=\"#f7b030\" d=\"m424 472h-208l16-208h176z\"><\/path><path fill=\"#e9eef2\" d=\"m328 416h-16a40.045 40.045 0 0 1 -40-40v-64a8 8 0 0 1 16 0v64a24.027 24.027 0 0 0 24 24h16a24.027 24.027 0 0 0 24-24v-64a8 8 0 0 1 16 0v64a40.045 40.045 0 0 1 -40 40z\"><\/path><path fill=\"#dadcde\" d=\"m96 184h16v48h-16z\"><\/path><path fill=\"#e9eef2\" d=\"m104 192a8 8 0 0 1 -8-8v-80a72 72 0 0 1 144 0v80a8 8 0 0 1 -16 0v-80a56 56 0 0 0 -112 0v80a8 8 0 0 1 -8 8z\"><\/path><path fill=\"#f7b030\" d=\"m128 296h-48v-64l24-16 24 16z\"><\/path><\/svg><\/span><span class=\"gb-headline-text\"> Para <strong>recibir su c\u00f3digo de activaci\u00f3n<\/strong>, por favor vaya a nuestra <a href=\"https:\/\/demo.xlspadlock.com\" target=\"_blank\" rel=\"noopener\">tienda de demostraci\u00f3n y realizar un pedido para el libro de trabajo<\/a> (<strong>no se requiere pago real<\/strong> , \u00a1es solo una demostraci\u00f3n!).<\/span><\/p>\n\n\n\n<p>Despu\u00e9s de su pedido, recibir\u00e1 su c\u00f3digo de activaci\u00f3n inmediatamente: introd\u00fazcalo en el formulario y haga clic en <strong>Activar<\/strong>. Gracias a <a href=\"\/es\/libro-excel-activacion-en-linea\/\">activaci\u00f3n en l\u00ednea<\/a> y nuestro <a href=\"\/es\/vender-libros-excel-woocommerce\/\">Kit de Integraci\u00f3n de WooCommerce<\/a>, todo est\u00e1 automatizado.<\/p>\n\n\n\n<p>Los clientes de XLS Padlock tienen acceso a <a href=\"https:\/\/www.xlspadlock.com\/es\/cuenta\/descargas\/\" data-type=\"page\" data-id=\"2849\">el Kit de Activaci\u00f3n de XLS Padlock<\/a> y el <a href=\"\/es\/vender-libros-excel-woocommerce\/\">Kit de Integraci\u00f3n de WooCommerce<\/a> que ofrecen aplicaciones web en PHP para manejar activaciones autom\u00e1ticamente. Estas aplicaciones web pueden ser extendidas por cualquier desarrollador PHP. <strong>Tambi\u00e9n se incluyen gu\u00edas paso a paso<\/strong>.<\/p>\n\n\n\n<h3 class=\"wp-block-heading\">Activaci\u00f3n manual<\/h3>\n\n\n\n<p>Si su ordenador no tiene conexi\u00f3n a Internet activa, puede elegir <strong>Activaci\u00f3n manual<\/strong>.<\/p>\n\n\n\n<p>Por favor, haga clic en \"<strong>Copiar al portapapeles<\/strong>\" y pegue el ID del sistema en el siguiente formulario. Luego haga clic en \"<strong>Generar<\/strong>\" para obtener su clave de activaci\u00f3n al instante.<\/p>\n\n\n\n<form action=\"\/es\/manager\/markbookkeygen\/\" method=\"post\" class=\"form-inline\" id=\"keyForm\" role=\"form\" data-trp-original-action=\"\/manager\/markbookkeygen\">\n<div class=\"form-group\"><label for=\"sid\">ID del sistema:<\/label> <input class=\"form-control\" name=\"sid\" placeholder=\"ID del sistema\" type=\"text\">&nbsp;&nbsp;<button class=\"button gb-button\" type=\"submit\">Generar<\/button><\/div>\n<input type=\"hidden\" name=\"trp-form-language\" value=\"es\"\/><\/form>\n<!-- the result of the search will be rendered inside this div -->\n\n<div class=\"alert alert-info\" id=\"result\">&nbsp;<\/div>\n\n\n\n<p>Como puede ver, las claves de activaci\u00f3n se pueden generar sobre la marcha para sus propios usuarios finales y libros de trabajo. Esto se puede hacer gracias al SDK del generador de claves PHP proporcionado gratuitamente a todos los usuarios registrados de XLS Padlock.<\/p>\n\n\n\n<p>Copie y pegue la clave de activaci\u00f3n en el programa. Presione \"<strong>Activar<\/strong>\" y el libro de trabajo se desbloquear\u00e1. Tenga en cuenta que esta clave de activaci\u00f3n solo funcionar\u00e1 en su ordenador. Esto asegura que no pueda distribuir su clave de activaci\u00f3n a otros.<\/p>\n\n\n\n<p>El libro de trabajo funciona entonces como la versi\u00f3n normal descrita en \"Demo sin activaci\u00f3n requerida\". Por favor, consulte la secci\u00f3n correspondiente.<\/p>\n<\/div>\n<\/div><\/div>\n\n<\/div><\/div>","protected":false},"excerpt":{"rendered":"<p>Prueba una aplicaci\u00f3n de libro compilada con XLS Padlock. Hemos preparado una demostraci\u00f3n para que la explores\u2026 <a title=\"Demostraci\u00f3n de libro de trabajo en vivo\" class=\"read-more\" href=\"https:\/\/www.xlspadlock.com\/es\/excel-workbook-demo\" aria-label=\"Leer m\u00e1s sobre Demostraci\u00f3n de libro en vivo\">Leer m\u00e1s<\/a><\/p>","protected":false},"author":2,"featured_media":0,"parent":0,"menu_order":0,"comment_status":"closed","ping_status":"closed","template":"","meta":{"inline_featured_image":false,"_uag_custom_page_level_css":"","footnotes":""},"class_list":["post-2924","page","type-page","status-publish"],"uagb_featured_image_src":{"full":false,"thumbnail":false,"medium":false,"medium_large":false,"large":false,"1536x1536":false,"2048x2048":false,"trp-custom-language-flag":false,"betterdocs-category-thumb":false},"uagb_author_info":{"display_name":"G.D.G. Software","author_link":"https:\/\/www.xlspadlock.com\/es\/author\/gdgsoft"},"uagb_comment_info":0,"uagb_excerpt":"Try a workbook application compiled with XLS Padlock yourself We compiled an Excel workbook demonstration with XLS Padlock so that you can try it yourself. ... Read More","_links":{"self":[{"href":"https:\/\/www.xlspadlock.com\/es\/wp-json\/wp\/v2\/pages\/2924","targetHints":{"allow":["GET"]}}],"collection":[{"href":"https:\/\/www.xlspadlock.com\/es\/wp-json\/wp\/v2\/pages"}],"about":[{"href":"https:\/\/www.xlspadlock.com\/es\/wp-json\/wp\/v2\/types\/page"}],"author":[{"embeddable":true,"href":"https:\/\/www.xlspadlock.com\/es\/wp-json\/wp\/v2\/users\/2"}],"replies":[{"embeddable":true,"href":"https:\/\/www.xlspadlock.com\/es\/wp-json\/wp\/v2\/comments?post=2924"}],"version-history":[{"count":0,"href":"https:\/\/www.xlspadlock.com\/es\/wp-json\/wp\/v2\/pages\/2924\/revisions"}],"wp:attachment":[{"href":"https:\/\/www.xlspadlock.com\/es\/wp-json\/wp\/v2\/media?parent=2924"}],"curies":[{"name":"wp","href":"https:\/\/api.w.org\/{rel}","templated":true}]}}