{"id":2983,"date":"2022-07-17T15:25:24","date_gmt":"2022-07-17T13:25:24","guid":{"rendered":"https:\/\/www.xlspadlock.com\/?page_id=2983"},"modified":"2025-11-16T13:32:09","modified_gmt":"2025-11-16T12:32:09","slug":"arquitectura-exe-libro-excel","status":"publish","type":"page","link":"https:\/\/www.xlspadlock.com\/es\/faq\/excel-workbook-exe-bitness","title":{"rendered":"Compila libros a EXE para Excel 32, 64 bits o Universal con XLS Padlock"},"content":{"rendered":"<h1 class=\"gb-headline gb-headline-a9544655 gb-headline-text gb-headline-197f6b28\">C\u00f3mo compilar libros a EXE para Excel 32, 64 bits o Universal con XLS Padlock<\/h1>\n\n\n<div class=\"gb-grid-wrapper gb-grid-wrapper-8d16e32d\">\n<div class=\"gb-grid-column gb-grid-column-06994670\"><div class=\"gb-container gb-container-06994670\"><div class=\"gb-inside-container\">\n\n<p>Es bastante f\u00e1cil compilar un libro a EXE. De hecho, el compilador de Excel XLS Padlock compila tu hoja de c\u00e1lculo de Excel en una aplicaci\u00f3n ejecutable (archivo EXE) donde tu <a href=\"\/es\/proteger-formulas\/\">f\u00f3rmulas<\/a>, <a href=\"\/es\/proteccion-codigo-vba\/\">c\u00f3digo VBA<\/a> y el archivo del libro est\u00e1n protegidos. No se requiere codificaci\u00f3n compleja.<\/p>\n\n\n\n<p><i class=\"fa fa-info-circle\"><\/i>\u00a0\u00a0 Microsoft Office 2024 down to 2010 offers native Excel 64-bit versions.<\/p>\n\n\n\n<p>Si tus clientes tienen <strong>Excel de 64 bits, debes proporcionarles un archivo ejecutable de 64 bits<\/strong>. Tu software de protecci\u00f3n de Excel <strong>XLS Padlock afortunadamente puede generar archivos .exe de 64 bits<\/strong>.<\/p>\n\n<\/div><\/div><\/div>\n\n<div class=\"gb-grid-column gb-grid-column-fec3e325\"><div class=\"gb-container gb-container-fec3e325\"><div class=\"gb-inside-container\">\n\n<figure class=\"gb-block-image gb-block-image-550bd6ed\"><img loading=\"lazy\" decoding=\"async\" width=\"400\" height=\"225\" class=\"gb-image gb-image-550bd6ed\" src=\"https:\/\/www.xlspadlock.com\/wp-content\/uploads\/faq1.webp\" alt=\"compilar libro a exe\" title=\"compilar a exe\" srcset=\"https:\/\/cdn.xlspadlock.com\/20251108181615\/faq1.webp 400w, https:\/\/cdn.xlspadlock.com\/20251108181615\/faq1-300x169.webp 300w\" sizes=\"auto, (max-width: 400px) 100vw, 400px\" \/><\/figure>\n\n<\/div><\/div><\/div>\n<\/div>\n\n\n<p><i class=\"fa fa-arrow-right\"><\/i>&nbsp;&nbsp;De hecho, es bastante f\u00e1cil de hacer. En XLS Padlock, usa la lista &#8220;Crear EXE para Excel&#8221; (4\u00ba punto):<\/p>\n\n\n\n<figure class=\"wp-block-image size-large\"><img loading=\"lazy\" decoding=\"async\" width=\"1024\" height=\"712\" src=\"https:\/\/cdn.xlspadlock.com\/20251108184506\/annotations_application_settings_image_99-1024x712.png\" alt=\"Choose Bitness\" class=\"wp-image-4409\" srcset=\"https:\/\/cdn.xlspadlock.com\/20251108184506\/annotations_application_settings_image_99-1024x712.png 1024w, https:\/\/cdn.xlspadlock.com\/20251108184506\/annotations_application_settings_image_99-300x208.png 300w, https:\/\/cdn.xlspadlock.com\/20251108184506\/annotations_application_settings_image_99-768x534.png 768w, https:\/\/cdn.xlspadlock.com\/20251108184506\/annotations_application_settings_image_99-18x12.png 18w, https:\/\/cdn.xlspadlock.com\/20251108184506\/annotations_application_settings_image_99-360x250.png 360w, https:\/\/cdn.xlspadlock.com\/20251108184506\/annotations_application_settings_image_99.png 1039w\" sizes=\"auto, (max-width: 1024px) 100vw, 1024px\" \/><\/figure>\n\n\n\n<p>Ten en cuenta que es la <strong>arquitectura de bits del propio Excel lo que importa<\/strong>, no de Windows.<\/p>\n\n\n\n<p>Si eliges:<\/p>\n\n\n\n<ul class=\"wp-block-list\">\n<li>la opci\u00f3n &#8220;solo 64 bits&#8221;, entonces el EXE compilado solo puede ejecutarse en una m\u00e1quina con Excel de 64 bits. <\/li>\n\n\n\n<li>la opci\u00f3n &#8220;solo 32 bits&#8221;, entonces el EXE compilado solo puede ejecutarse en una m\u00e1quina con Excel de 32 bits.<\/li>\n<\/ul>\n\n\n\n<p><i class=\"fa fa-info-circle\"><\/i>&nbsp;&nbsp; Si los usuarios finales ejecutan un archivo .EXE de 64 bits con un Excel de 32 bits (y viceversa), se mostrar\u00e1 un mensaje de error.<\/p>\n\n\n\n<p>Como puede que no sepas qu\u00e9 arquitectura de bits de Excel tienen tus clientes, XLS Padlock te permite construir <strong>Archivos EXE universales que funcionar\u00e1n con cualquier arquitectura de bits de Excel<\/strong> (integrando c\u00f3digo de 32 y 64 bits). La contrapartida es que tus archivos EXE ser\u00e1n al menos el doble de grandes.\nPara esta soluci\u00f3n, simplemente selecciona la opci\u00f3n &#8220;Universal&#8221; en la lista.<\/p>\n\n\n\n<h2 class=\"wp-block-heading\" id=\"how-to-find-the-bitness-of-excel\">C\u00f3mo encontrar la arquitectura de bits de Excel<\/h2>\n\n\n\n<p>En <a href=\"https:\/\/support.office.com\/en-us\/article\/What-version-of-Office-am-I-using-932788b8-a3ce-44bf-bb09-e334518b8b19\" target=\"_blank\" rel=\"noopener\">este art\u00edculo<\/a>, Microsoft explica c\u00f3mo encontrar la versi\u00f3n y la arquitectura de bits de tu Excel instalado.<\/p>\n\n\n\n<p>For instance, for Office 2024: start Excel. Open the File menu, and then select Account and click About Excel.<\/p>\n\n\n\n<h2 class=\"wp-block-heading\" id=\"is-there-any-restriction-for-compiling-64-bit-and-32-bit-exe-files-for-excel\">\u00bfHay alguna restricci\u00f3n para compilar archivos EXE de 64 y 32 bits para Excel?<\/h2>\n\n\n\n<p>Ten en cuenta que XLS Padlock puede compilar un archivo EXE de 64 bits desde un Excel de 32 bits y viceversa. <\/p>\n\n\n\n<div class=\"wp-block-uagb-inline-notice uagb-inline_notice__align-left uagb-block-d2a87715\"><button class=\"uagb-notice-close-button\" type=\"button\" aria-label=\"Cerrar\"><\/button><h4 class=\"uagb-notice-title\">Advertencia<\/h4><div class=\"uagb-notice-text\">\n<p>Building 64-bit EXE files requires a Windows x64 edition.<\/p>\n<\/div><\/div>","protected":false},"excerpt":{"rendered":"<p>C\u00f3mo compilar un libro a EXE para Excel de 32 y 64 bits o Universal con XLS Padlock. En realidad es muy sencillo\u2026 <a title=\"Compila libros a EXE para Excel 32, 64 bits o Universal con XLS Padlock\" class=\"read-more\" href=\"https:\/\/www.xlspadlock.com\/es\/faq\/excel-workbook-exe-bitness\" aria-label=\"Leer m\u00e1s sobre Compilar un libro a EXE para Excel de 32 y 64 bits o Universal con XLS Padlock\">Leer m\u00e1s<\/a><\/p>","protected":false},"author":2,"featured_media":0,"parent":2956,"menu_order":0,"comment_status":"closed","ping_status":"closed","template":"","meta":{"inline_featured_image":false,"_uag_custom_page_level_css":"","footnotes":""},"class_list":["post-2983","page","type-page","status-publish"],"uagb_featured_image_src":{"full":false,"thumbnail":false,"medium":false,"medium_large":false,"large":false,"1536x1536":false,"2048x2048":false,"trp-custom-language-flag":false,"betterdocs-category-thumb":false},"uagb_author_info":{"display_name":"G.D.G. Software","author_link":"https:\/\/www.xlspadlock.com\/es\/author\/gdgsoft"},"uagb_comment_info":0,"uagb_excerpt":"How to compile workbook to EXE for Excel 32, 64 bit or Universal with XLS Padlock &nbsp;&nbsp;Indeed, it is quite easy to do. In XLS ... Read More","_links":{"self":[{"href":"https:\/\/www.xlspadlock.com\/es\/wp-json\/wp\/v2\/pages\/2983","targetHints":{"allow":["GET"]}}],"collection":[{"href":"https:\/\/www.xlspadlock.com\/es\/wp-json\/wp\/v2\/pages"}],"about":[{"href":"https:\/\/www.xlspadlock.com\/es\/wp-json\/wp\/v2\/types\/page"}],"author":[{"embeddable":true,"href":"https:\/\/www.xlspadlock.com\/es\/wp-json\/wp\/v2\/users\/2"}],"replies":[{"embeddable":true,"href":"https:\/\/www.xlspadlock.com\/es\/wp-json\/wp\/v2\/comments?post=2983"}],"version-history":[{"count":0,"href":"https:\/\/www.xlspadlock.com\/es\/wp-json\/wp\/v2\/pages\/2983\/revisions"}],"up":[{"embeddable":true,"href":"https:\/\/www.xlspadlock.com\/es\/wp-json\/wp\/v2\/pages\/2956"}],"wp:attachment":[{"href":"https:\/\/www.xlspadlock.com\/es\/wp-json\/wp\/v2\/media?parent=2983"}],"curies":[{"name":"wp","href":"https:\/\/api.w.org\/{rel}","templated":true}]}}