{"id":2993,"date":"2022-07-17T15:38:47","date_gmt":"2022-07-17T13:38:47","guid":{"rendered":"https:\/\/www.xlspadlock.com\/?page_id=2993"},"modified":"2025-11-16T13:33:57","modified_gmt":"2025-11-16T12:33:57","slug":"crear-instalador-para-libro-excel","status":"publish","type":"page","link":"https:\/\/www.xlspadlock.com\/es\/faq\/make-installer-for-excel-workbook","title":{"rendered":"Tutorial: crea un instalador para tu libro de Excel"},"content":{"rendered":"<h1 class=\"gb-headline gb-headline-a9544655 gb-headline-text gb-headline-197f6b28\">Tutorial: how to make an installer for your Excel workbooks<\/h1>\n\n\n<div class=\"gb-grid-wrapper gb-grid-wrapper-8d16e32d\">\n<div class=\"gb-grid-column gb-grid-column-06994670\"><div class=\"gb-container gb-container-06994670\"><div class=\"gb-inside-container\">\n\n<p>XLS Padlock te permite compilar tus libros de Excel como archivos EXE de aplicaci\u00f3n seguros. Adem\u00e1s, a los usuarios que trabajan con estos libros compilados se les puede permitir <a href=\"\/es\/opciones-guardado\/\">guardar los cambios realizados en el libro<\/a>. Estos cambios se almacenan en archivos guardados cifrados cuya extensi\u00f3n es XLSC por defecto. Solo el libro compilado puede reabrir estos archivos guardados cifrados.<\/p>\n\n\n\n<p>En este tutorial, te mostraremos <strong>c\u00f3mo usar una extensi\u00f3n personalizada<\/strong> para archivos guardados cifrados, <strong>c\u00f3mo crear un instalador<\/strong> para un libro compilado y c\u00f3mo configurar el instalador para asociar la extensi\u00f3n personalizada con el archivo EXE del libro compilado. El objetivo es que <strong>los usuarios finales puedan hacer doble clic en un archivo guardado para abrirlo inmediatamente en Excel<\/strong> sin ninguna indicaci\u00f3n.<\/p>\n\n\n\n<p><i class=\"fa fa-info-circle\">&nbsp;<\/i>Prerrequisito: Paquet Builder, <a href=\"https:\/\/www.installpackbuilder.com\" target=\"_blank\" rel=\"noopener\">un software creador de instaladores f\u00e1cil de usar y potente<\/a>.<\/p>\n\n<\/div><\/div><\/div>\n\n<div class=\"gb-grid-column gb-grid-column-fec3e325\"><div class=\"gb-container gb-container-fec3e325\"><div class=\"gb-inside-container\">\n\n<figure class=\"gb-block-image gb-block-image-550bd6ed\"><img loading=\"lazy\" decoding=\"async\" width=\"367\" height=\"351\" class=\"gb-image gb-image-550bd6ed\" src=\"https:\/\/www.xlspadlock.com\/wp-content\/uploads\/setup.webp\" alt=\"configuraci\u00f3n\" title=\"configuraci\u00f3n\" srcset=\"https:\/\/cdn.xlspadlock.com\/20251108181615\/setup.webp 367w, https:\/\/cdn.xlspadlock.com\/20251108181615\/setup-300x287.webp 300w\" sizes=\"auto, (max-width: 367px) 100vw, 367px\" \/><\/figure>\n\n<\/div><\/div><\/div>\n<\/div>\n\n\n<h2 class=\"wp-block-heading\">Step 1: Configure Workbook in XLS Padlock<\/h2>\n\n\n\n<h3 class=\"wp-block-heading\" id=\"1-first-we-choose-which-extension-we-want-for-our-save-files-for-this-tutorial-well-choose-mbx\">1. Primero elegimos qu\u00e9 extensi\u00f3n queremos para nuestros archivos guardados. Para este tutorial, elegiremos MBX<\/h3>\n\n\n<div class=\"wp-block-image\">\n<figure class=\"aligncenter size-large\"><img loading=\"lazy\" decoding=\"async\" width=\"594\" height=\"1024\" src=\"https:\/\/cdn.xlspadlock.com\/20251108181615\/image-22-594x1024.png\" alt=\"\" class=\"wp-image-2997\" srcset=\"https:\/\/cdn.xlspadlock.com\/20251108181615\/image-22-594x1024.png 594w, https:\/\/cdn.xlspadlock.com\/20251108181615\/image-22-174x300.png 174w, https:\/\/cdn.xlspadlock.com\/20251108181615\/image-22-768x1324.png 768w, https:\/\/cdn.xlspadlock.com\/20251108181615\/image-22.png 841w\" sizes=\"auto, (max-width: 594px) 100vw, 594px\" \/><\/figure>\n<\/div>\n\n\n<p>Introduce .MBX en el campo apropiado como se muestra arriba (o cualquier extensi\u00f3n que quieras usar para tu propio libro).<\/p>\n\n\n\n<h3 class=\"wp-block-heading\" id=\"2-create-the-compiled-workbook-to-take-account-of-changes\">2. Crea el libro compilado para tener en cuenta los cambios<\/h3>\n\n\n<div class=\"wp-block-image\">\n<figure class=\"aligncenter size-full\"><img loading=\"lazy\" decoding=\"async\" width=\"841\" height=\"729\" src=\"https:\/\/cdn.xlspadlock.com\/20251108181615\/image-23.png\" alt=\"\" class=\"wp-image-2998\" srcset=\"https:\/\/cdn.xlspadlock.com\/20251108181615\/image-23.png 841w, https:\/\/cdn.xlspadlock.com\/20251108181615\/image-23-300x260.png 300w, https:\/\/cdn.xlspadlock.com\/20251108181615\/image-23-768x666.png 768w\" sizes=\"auto, (max-width: 841px) 100vw, 841px\" \/><\/figure>\n<\/div>\n\n\n<h2 class=\"wp-block-heading\">Step 2: Generate Setup Project<\/h2>\n\n\n\n<h3 class=\"wp-block-heading\" id=\"3-click-distribute-exe-and-then-generate-setup\">3. Haz clic en Distribuir EXE y luego en Generar configuraci\u00f3n<\/h3>\n\n\n<div class=\"wp-block-image\">\n<figure class=\"aligncenter size-full\"><img loading=\"lazy\" decoding=\"async\" width=\"841\" height=\"729\" src=\"https:\/\/cdn.xlspadlock.com\/20251108181615\/image-24.png\" alt=\"\" class=\"wp-image-2999\" srcset=\"https:\/\/cdn.xlspadlock.com\/20251108181615\/image-24.png 841w, https:\/\/cdn.xlspadlock.com\/20251108181615\/image-24-300x260.png 300w, https:\/\/cdn.xlspadlock.com\/20251108181615\/image-24-768x666.png 768w\" sizes=\"auto, (max-width: 841px) 100vw, 841px\" \/><\/figure>\n<\/div>\n\n\n<h3 class=\"wp-block-heading\" id=\"4-fill-in-all-the-fields-with-information-about-your-workbook-then-press-generate-setup\">4. Rellena todos los campos con informaci\u00f3n sobre tu libro y luego presiona Generar configuraci\u00f3n<\/h3>\n\n\n<div class=\"wp-block-image\">\n<figure class=\"aligncenter size-full\"><img loading=\"lazy\" decoding=\"async\" width=\"841\" height=\"729\" src=\"https:\/\/cdn.xlspadlock.com\/20251108181615\/image-25.png\" alt=\"\" class=\"wp-image-3000\" srcset=\"https:\/\/cdn.xlspadlock.com\/20251108181615\/image-25.png 841w, https:\/\/cdn.xlspadlock.com\/20251108181615\/image-25-300x260.png 300w, https:\/\/cdn.xlspadlock.com\/20251108181615\/image-25-768x666.png 768w\" sizes=\"auto, (max-width: 841px) 100vw, 841px\" \/><\/figure>\n<\/div>\n\n\n<h3 class=\"wp-block-heading\" id=\"5-choose-the-filename-for-the-installer-project-file-and-click-save\">5. Elige el nombre de archivo para el archivo de proyecto del instalador y haz clic en Guardar<\/h3>\n\n\n<div class=\"wp-block-image\">\n<figure class=\"aligncenter size-full\"><img loading=\"lazy\" decoding=\"async\" width=\"841\" height=\"729\" src=\"https:\/\/cdn.xlspadlock.com\/20251108181615\/image-26.png\" alt=\"\" class=\"wp-image-3001\" srcset=\"https:\/\/cdn.xlspadlock.com\/20251108181615\/image-26.png 841w, https:\/\/cdn.xlspadlock.com\/20251108181615\/image-26-300x260.png 300w, https:\/\/cdn.xlspadlock.com\/20251108181615\/image-26-768x666.png 768w\" sizes=\"auto, (max-width: 841px) 100vw, 841px\" \/><\/figure>\n<\/div>\n\n\n<h3 class=\"wp-block-heading\" id=\"6-the-installer-project-file-is-created-click-ok-and-the-installer-creator-software-paquet-builder-is-started\">6. Se crea el archivo de proyecto del instalador. Haz clic en OK y se inicia el software creador de instaladores &#8220;Paquet Builder&#8221;.<\/h3>\n\n\n<div class=\"wp-block-image\">\n<figure class=\"aligncenter size-full\"><img loading=\"lazy\" decoding=\"async\" width=\"841\" height=\"729\" src=\"https:\/\/cdn.xlspadlock.com\/20251108181615\/image-27.png\" alt=\"\" class=\"wp-image-3002\" srcset=\"https:\/\/cdn.xlspadlock.com\/20251108181615\/image-27.png 841w, https:\/\/cdn.xlspadlock.com\/20251108181615\/image-27-300x260.png 300w, https:\/\/cdn.xlspadlock.com\/20251108181615\/image-27-768x666.png 768w\" sizes=\"auto, (max-width: 841px) 100vw, 841px\" \/><\/figure>\n<\/div>\n\n\n<p>Ahora, cualquiera de tus usuarios finales que instalen los libros compilados gracias a nuestro nuevo instalador podr\u00e1 cargar archivos guardados cifrados y modificarlos. Por supuesto, deber\u00edas haber permitido este comportamiento en XLS Padlock&#8230;<\/p>\n\n\n\n<h2 class=\"wp-block-heading\">Step 3: Configure Installer Details in PaquetBuilder<\/h2>\n\n\n\n<h3 class=\"wp-block-heading\">7. Se inicia Paquet Builder. Rellena todos los campos de la informaci\u00f3n de la empresa, luego haz clic en Administrador de archivos:<\/h3>\n\n\n<div class=\"wp-block-image\">\n<figure class=\"aligncenter\"><img decoding=\"async\" src=\"https:\/\/www.xlspadlock.com\/img\/make-an-installer\/paquet-builder-is-started-fill-in-all-fields-of-the-company-information--then-click-file-manager-.png\" alt=\"Paquet Builder se inicia. Rellena todos los campos de la informaci\u00f3n de la empresa, luego haz clic en Administrador de archivos:\"\/><\/figure>\n<\/div>\n\n\n<h3 class=\"wp-block-heading\">8. Como puedes ver, el libro compilado TestWorkbook.exe aparece en la lista.<\/h3>\n\n\n\n<figure class=\"wp-block-image\"><img decoding=\"async\" src=\"https:\/\/www.xlspadlock.com\/img\/make-an-installer\/as-you-can-see--the-compiled-workbook-testworkbookexe-is-listed.png\" alt=\"Como puedes ver, el libro compilado TestWorkbook.exe aparece en la lista.\"\/><\/figure>\n\n\n\n<p>Esto indica que el libro compilado ser\u00e1 comprimido e instalado por el instalador en la carpeta de destino predeterminada. Veamos cu\u00e1l es la carpeta de destino predeterminada. Cierra el Administrador de archivos.<\/p>\n\n\n\n<h3 class=\"wp-block-heading\">9. Verifica la carpeta de destino y modif\u00edcala si no quieres la predeterminada.<\/h3>\n\n\n\n<figure class=\"wp-block-image\"><img decoding=\"async\" src=\"https:\/\/www.xlspadlock.com\/img\/make-an-installer\/verify-the-destination-folder-and-modify-it-if-you-don-t-want-the-default-one.png\" alt=\"Verifica la carpeta de destino y modif\u00edcala si no quieres la predeterminada.\"\/><\/figure>\n\n\n\n<p>%PROGFILESDIR% indica que el libro compilado se copiar\u00e1 al directorio est\u00e1ndar Archivos de programa. As\u00ed que %PROGFILESDIR%\\Pupil Markbook Demo significa que la carpeta de instalaci\u00f3n ser\u00e1 C:\\Archivos de Programa (x86)\\Pupil Markbook Demo. Generalmente en Windows, las aplicaciones (como los libros compilados) deben almacenarse en el directorio Archivos de programa.<\/p>\n\n\n\n<h2 class=\"wp-block-heading\">Step 4: Add File Association Actions<\/h2>\n\n\n\n<h3 class=\"wp-block-heading\">10. Ahora configuraremos el instalador para crear la asociaci\u00f3n de archivos. Ve a Acciones personalizadas, selecciona el evento &#8220;Despu\u00e9s de la extracci\u00f3n de archivos&#8221; y haz clic en Plantillas de acci\u00f3n<\/h3>\n\n\n\n<figure class=\"wp-block-image\"><img decoding=\"async\" src=\"https:\/\/www.xlspadlock.com\/img\/make-an-installer\/now-we-ll-configure-the-installer-to-create-the-file-association-go-to-custom-actions--select--after.png\" alt=\"Ahora configuraremos el instalador para crear la asociaci\u00f3n de archivos. Ve a Acciones personalizadas, selecciona el evento &quot;Despu\u00e9s de la extracci\u00f3n de archivos&quot; y haz clic en Plantillas de acci\u00f3n\"\/><\/figure>\n\n\n\n<h3 class=\"wp-block-heading\">11. Selecciona &#8220;Registrar asociaci\u00f3n de archivos&#8221; y haz clic en OK<\/h3>\n\n\n\n<figure class=\"wp-block-image\"><img decoding=\"async\" src=\"https:\/\/www.xlspadlock.com\/img\/make-an-installer\/select--register-file-association--and-click-ok.png\" alt=\"Selecciona &quot;Registrar asociaci\u00f3n de archivos&quot; y haz clic en OK\"\/><\/figure>\n\n\n\n<h2 class=\"wp-block-heading\">Step 5: Edit Association Actions<\/h2>\n\n\n\n<h3 class=\"wp-block-heading\">12. Se crean acciones personalizadas para registrar la asociaci\u00f3n de archivos. Necesitamos editarlas para crear la asociaci\u00f3n correcta. Primero, debemos cambiar todos los .ext a .mbx (la extensi\u00f3n que elegimos al principio)<\/h3>\n\n\n\n<figure class=\"wp-block-image\"><img decoding=\"async\" src=\"https:\/\/www.xlspadlock.com\/img\/make-an-installer\/custom-actions-are-created-to-register-the-file-association-we-need-to-edit-them-to-create-the-corre.png\" alt=\"Se crean acciones personalizadas para registrar la asociaci\u00f3n de archivos. Necesitamos editarlas para crear la asociaci\u00f3n correcta. Primero, debemos cambiar todos los .ext a .mbx (la extensi\u00f3n que elegimos al principio)\"\/><\/figure>\n\n\n\n<h3 class=\"wp-block-heading\">13. Edita las propiedades de la primera acci\u00f3n: dos entradas deben modificarse seg\u00fan la descripci\u00f3n a continuaci\u00f3n<\/h3>\n\n\n\n<figure class=\"wp-block-image\"><img decoding=\"async\" src=\"https:\/\/www.xlspadlock.com\/img\/make-an-installer\/edit-the-properties-of-the-first-action--two-entries-must-be-modified-according-to-the-description-b.png\" alt=\"Edita las propiedades de la primera acci\u00f3n: dos entradas deben modificarse seg\u00fan la descripci\u00f3n a continuaci\u00f3n\"\/><\/figure>\n\n\n\n<h3 class=\"wp-block-heading\">14. Haz doble clic en la segunda acci\u00f3n que establece la descripci\u00f3n del archivo:<\/h3>\n\n\n\n<figure class=\"wp-block-image\"><img decoding=\"async\" src=\"https:\/\/www.xlspadlock.com\/img\/make-an-installer\/double-click-on-the-second-action-which-sets-the-file-description-.png\" alt=\"Haz doble clic en la segunda acci\u00f3n que establece la descripci\u00f3n del archivo:\"\/><\/figure>\n\n\n\n<h3 class=\"wp-block-heading\">15. Edita la tercera acci\u00f3n haciendo doble clic en ella<\/h3>\n\n\n\n<figure class=\"wp-block-image\"><img decoding=\"async\" src=\"https:\/\/www.xlspadlock.com\/img\/make-an-installer\/edit-the-third-action-by-double-clicking-it.png\" alt=\"Edita la tercera acci\u00f3n haciendo doble clic en ella\"\/><\/figure>\n\n\n\n<h3 class=\"wp-block-heading\">16. Configura la acci\u00f3n gracias a las instrucciones mostradas en la captura de pantalla<\/h3>\n\n\n\n<figure class=\"wp-block-image\"><img decoding=\"async\" src=\"https:\/\/www.xlspadlock.com\/img\/make-an-installer\/configure-the-action-thanks-to-instructions-shown-on-the-screenshot.png\" alt=\"Configura la acci\u00f3n gracias a las instrucciones mostradas en la captura de pantalla\"\/><\/figure>\n\n\n\n<h3 class=\"wp-block-heading\">17. Finalmente, edita la \u00faltima acci\u00f3n de la misma manera<\/h3>\n\n\n\n<figure class=\"wp-block-image\"><img decoding=\"async\" src=\"https:\/\/www.xlspadlock.com\/img\/make-an-installer\/finally--edit-the-last-action-in-the-same-way.png\" alt=\"Finalmente, edita la \u00faltima acci\u00f3n de la misma manera\"\/><\/figure>\n\n\n\n<p>No toques otros caracteres al reemplazar valores. Por ejemplo, el &#8220;%1&#8221; final es obligatorio.<\/p>\n\n\n\n<h3 class=\"wp-block-heading\">18. Cierra el editor de acciones personalizadas<\/h3>\n\n\n\n<figure class=\"wp-block-image\"><img decoding=\"async\" src=\"https:\/\/www.xlspadlock.com\/img\/make-an-installer\/close-the-custom-action-editor.png\" alt=\"Cierra el editor de acciones personalizadas\"\/><\/figure>\n\n\n\n<h2 class=\"wp-block-heading\">Step 6: Build and Test the Installer<\/h2>\n\n\n\n<h3 class=\"wp-block-heading\">19. Crea el instalador gracias a &#8220;Construir ahora&#8221;<\/h3>\n\n\n\n<figure class=\"wp-block-image\"><img decoding=\"async\" src=\"https:\/\/www.xlspadlock.com\/img\/make-an-installer\/create-the-installer-thanks-to--build-now-.png\" alt=\"Crea el instalador gracias a &quot;Construir ahora&quot;\"\/><\/figure>\n\n\n\n<h3 class=\"wp-block-heading\">20. Prueba tu nuevo instalador<\/h3>\n\n\n\n<figure class=\"wp-block-image\"><img decoding=\"async\" src=\"https:\/\/www.xlspadlock.com\/img\/make-an-installer\/test-your-new-installer.png\" alt=\"Prueba tu nuevo instalador\"\/><\/figure>\n\n\n\n<h3 class=\"wp-block-heading\">21. Se te solicitan derechos elevados, lo cual es normal porque est\u00e1s ejecutando un instalador para configurar una nueva aplicaci\u00f3n (el libro compilado)<\/h3>\n\n\n\n<figure class=\"wp-block-image\"><img decoding=\"async\" src=\"https:\/\/www.xlspadlock.com\/img\/make-an-installer\/you-are-prompted-for-elevated-rights-which-is-normal-because-you-are-running-an-installer-to-set-up-.png\" alt=\"Se te solicitan derechos elevados, lo cual es normal porque est\u00e1s ejecutando un instalador para configurar una nueva aplicaci\u00f3n (el libro compilado)\"\/><\/figure>\n\n\n\n<p>Se muestra editor desconocido porque no firmamos el paquete. La firma es posible, por supuesto: consulta la documentaci\u00f3n de Paquet Builder.<\/p>\n\n\n\n<h3 class=\"wp-block-heading\">22. Sigue las instrucciones del instalador. Despu\u00e9s de la instalaci\u00f3n, se crea un acceso directo al libro compilado en el escritorio.<\/h3>\n\n\n\n<figure class=\"wp-block-image\"><img decoding=\"async\" src=\"https:\/\/www.xlspadlock.com\/img\/make-an-installer\/follow-instructions-of-the-installer-after-installation--a-shortcut-to-the-compiled-workbook-is-crea.png\" alt=\"Sigue las instrucciones del instalador. Despu\u00e9s de la instalaci\u00f3n, se crea un acceso directo al libro compilado en el escritorio.\"\/><\/figure>\n\n\n\n<h3 class=\"wp-block-heading\">23. El libro seguro se muestra en Excel. Simplemente haz clic en Guardar para crear un archivo guardado cifrado y elige su nombre de archivo<\/h3>\n\n\n\n<figure class=\"wp-block-image\"><img decoding=\"async\" src=\"https:\/\/www.xlspadlock.com\/img\/make-an-installer\/the-secure-workbook-is-displayed-in-excel-just-click-save-to-create-an-encrypted-save-file-and-choos.png\" alt=\"El libro seguro se muestra en Excel. Simplemente haz clic en Guardar para crear un archivo guardado cifrado y elige su nombre de archivo\"\/><\/figure>\n\n\n\n<h3 class=\"wp-block-heading\">24. Cierra Excel y navega a la carpeta donde guardaste. Como puedes ver, el archivo guardado tiene nuestra extensi\u00f3n personalizada .MBX y el Tipo es lo que definimos previamente &#8220;Archivo guardado Markbook&#8221;<\/h3>\n\n\n\n<figure class=\"wp-block-image\"><img decoding=\"async\" src=\"https:\/\/www.xlspadlock.com\/img\/make-an-installer\/close-excel-and-navigate-to-the-folder-where-you-saved-as-you-can-see--the-save-file-has-our-custom-.png\" alt=\"Cierra Excel y navega a la carpeta donde guardaste. Como puedes ver, el archivo guardado tiene nuestra extensi\u00f3n personalizada .MBX y el Tipo es lo que definimos previamente &quot;Archivo guardado Markbook&quot;\"\/><\/figure>\n\n\n\n<h3 class=\"wp-block-heading\">25. Haz doble clic en el archivo guardado: Excel se inicia autom\u00e1ticamente y se carga el archivo guardado. No es necesario usar el acceso directo del libro compilado.<\/h3>\n\n\n\n<figure class=\"wp-block-image\"><img decoding=\"async\" src=\"https:\/\/www.xlspadlock.com\/img\/make-an-installer\/double-click-on-the-save-file--excel-is-automatically-started-and-the-save-file-loaded-no-need-to-us.png\" alt=\"Haz doble clic en el archivo guardado: Excel se inicia autom\u00e1ticamente y se carga el archivo guardado. No es necesario usar el acceso directo del libro compilado.\"\/><\/figure>\n\n\n\n<p>Ahora, cualquiera de tus usuarios finales que instalen los libros compilados gracias a nuestro nuevo instalador podr\u00e1 cargar archivos guardados cifrados y modificarlos. Por supuesto, deber\u00edas haber permitido este comportamiento en XLS Padlock&#8230;<\/p>\n\n\n\n<p><strong>Este es el final de este tutorial.<\/strong><\/p>\n\n\n\n<p><a href=\"https:\/\/www.installpackbuilder.com\" target=\"_blank\" rel=\"noopener\">Aprende m\u00e1s sobre el software de instalaci\u00f3n<br>Paquet Builder<\/a><\/p>\n\n\n\n<p><\/p>","protected":false},"excerpt":{"rendered":"<p>Tutorial: how to make an installer for your Excel workbooks Step 1: Configure Workbook in XLS Padlock 1. First we choose which extension we want &#8230; <a title=\"Tutorial: crea un instalador para tu libro de Excel\" class=\"read-more\" href=\"https:\/\/www.xlspadlock.com\/es\/faq\/make-installer-for-excel-workbook\" aria-label=\"Leer m\u00e1s sobre Tutorial : Make Installer for your Excel Workbook\">Leer m\u00e1s<\/a><\/p>","protected":false},"author":2,"featured_media":0,"parent":2956,"menu_order":0,"comment_status":"closed","ping_status":"closed","template":"","meta":{"inline_featured_image":false,"_uag_custom_page_level_css":"","footnotes":""},"class_list":["post-2993","page","type-page","status-publish"],"uagb_featured_image_src":{"full":false,"thumbnail":false,"medium":false,"medium_large":false,"large":false,"1536x1536":false,"2048x2048":false,"trp-custom-language-flag":false,"betterdocs-category-thumb":false},"uagb_author_info":{"display_name":"G.D.G. Software","author_link":"https:\/\/www.xlspadlock.com\/es\/author\/gdgsoft"},"uagb_comment_info":0,"uagb_excerpt":"Tutorial: how to make an installer for your Excel workbooks Step 1: Configure Workbook in XLS Padlock 1. First we choose which extension we want ... Read More","_links":{"self":[{"href":"https:\/\/www.xlspadlock.com\/es\/wp-json\/wp\/v2\/pages\/2993","targetHints":{"allow":["GET"]}}],"collection":[{"href":"https:\/\/www.xlspadlock.com\/es\/wp-json\/wp\/v2\/pages"}],"about":[{"href":"https:\/\/www.xlspadlock.com\/es\/wp-json\/wp\/v2\/types\/page"}],"author":[{"embeddable":true,"href":"https:\/\/www.xlspadlock.com\/es\/wp-json\/wp\/v2\/users\/2"}],"replies":[{"embeddable":true,"href":"https:\/\/www.xlspadlock.com\/es\/wp-json\/wp\/v2\/comments?post=2993"}],"version-history":[{"count":0,"href":"https:\/\/www.xlspadlock.com\/es\/wp-json\/wp\/v2\/pages\/2993\/revisions"}],"up":[{"embeddable":true,"href":"https:\/\/www.xlspadlock.com\/es\/wp-json\/wp\/v2\/pages\/2956"}],"wp:attachment":[{"href":"https:\/\/www.xlspadlock.com\/es\/wp-json\/wp\/v2\/media?parent=2993"}],"curies":[{"name":"wp","href":"https:\/\/api.w.org\/{rel}","templated":true}]}}