{"id":3,"date":"2022-06-05T23:53:22","date_gmt":"2022-06-05T21:53:22","guid":{"rendered":"https:\/\/www.xlspadlock.com\/?page_id=3"},"modified":"2025-11-16T13:06:20","modified_gmt":"2025-11-16T12:06:20","slug":"politica-privacidad","status":"publish","type":"page","link":"https:\/\/www.xlspadlock.com\/es\/privacy-policy","title":{"rendered":"Pol\u00edtica de privacidad"},"content":{"rendered":"<h1 class=\"gb-headline gb-headline-a9544655 gb-headline-text gb-headline-197f6b28\">XLS Padlock \u2013 Pol\u00edtica de Privacidad<\/h1>\n\n\n\n<p>Queremos que sepa que nos tomamos su privacidad en serio. Recopilamos informaci\u00f3n est\u00e1ndar de la industria para ayudarnos a proporcionarle mejor software y servicios como se describe a continuaci\u00f3n.<\/p>\n\n\n\n<p>Este sitio web tambi\u00e9n utiliza servicios y enlaces de\/a nuestro <a href=\"https:\/\/www.gdgsoft.com\" target=\"_blank\" rel=\"noopener\">sitio web principal<\/a>. Puede leer la pol\u00edtica de privacidad correspondiente <a href=\"https:\/\/www.gdgsoft.com\/privacy-policy\" target=\"_blank\" rel=\"noopener\">aqu\u00ed<\/a>.<\/p>\n\n\n\n<p>Esta Pol\u00edtica de Privacidad, que tambi\u00e9n es una Pol\u00edtica de Protecci\u00f3n de Datos Personales, ilustra los tipos de datos personales que recopilamos, guardamos, procesamos y para qu\u00e9 fines G.D.G. Software SAS (\"G.D.G. Software\" o \"nosotros\") utiliza los datos personales de los que usted es responsable.<br>Si tiene alguna pregunta relacionada con esta Pol\u00edtica de Protecci\u00f3n de Datos Personales o el uso de datos personales de los que usted es responsable, no dude en contactarnos por correo electr\u00f3nico o por correo postal a las direcciones indicadas a continuaci\u00f3n<\/p>\n\n\n\n<h2 class=\"wp-block-heading\">1. Recopilaci\u00f3n y procesamiento de datos personales, informaci\u00f3n<\/h2>\n\n\n\n<h3 class=\"wp-block-heading\">Visitantes del sitio web<\/h3>\n\n\n\n<p>\u2022 <strong>Nombre, direcci\u00f3n de correo electr\u00f3nico y otra informaci\u00f3n de contacto<\/strong>. Le solicitamos y recopilamos informaci\u00f3n personal cuando env\u00eda formularios web en nuestros Sitios web (por ejemplo <a href=\"\/es\/contacto\/\">nuestro formulario de Contacto<\/a>), incluidas las oportunidades para registrarse y aceptar recibir comunicaciones por correo electr\u00f3nico de nosotros. Tambi\u00e9n podemos pedirle que env\u00ede dicha informaci\u00f3n personal si elige usar funciones interactivas de los Sitios web, incluida la participaci\u00f3n en encuestas, la solicitud de soporte al cliente o la comunicaci\u00f3n con nosotros de otra manera. Enviaremos dichas comunicaciones de acuerdo con la ley aplicable.<br>\u2022 <strong>Archivos de registro<\/strong>. Al igual que cuando visita e interact\u00faa con la mayor\u00eda de los sitios web y servicios entregados a trav\u00e9s de Internet, cuando visita nuestro sitio web, recopilamos cierta informaci\u00f3n y la almacenamos en archivos de registro. Esta informaci\u00f3n puede incluir, entre otros, direcciones de Protocolo de Internet (IP), informaci\u00f3n de configuraci\u00f3n del sistema, URL de p\u00e1ginas de referencia y preferencias de configuraci\u00f3n regional e idioma. Dicha informaci\u00f3n de visita web se utiliza para generar datos estad\u00edsticos agregados con el fin de analizar tendencias y administrar el sitio, y puede mantenerse en forma an\u00f3nima para registros hist\u00f3ricos. Las direcciones IP no est\u00e1n vinculadas a informaci\u00f3n personalmente identificable por nosotros.<br>\u2022 <strong>Cookies y Otras Tecnolog\u00edas de Seguimiento<\/strong>. Podemos utilizar cookies y otras tecnolog\u00edas de recopilaci\u00f3n de informaci\u00f3n para diversos fines, como proporcionarnos informaci\u00f3n sobre c\u00f3mo interact\u00faa con nuestro sitio web y ayudarnos en nuestros esfuerzos de marketing. Puede controlar c\u00f3mo los sitios web utilizan las cookies configurando la configuraci\u00f3n de privacidad de su navegador (consulte la funci\u00f3n de ayuda de su navegador para obtener m\u00e1s informaci\u00f3n sobre los controles de cookies). Tenga en cuenta que si deshabilita las cookies por completo, nuestro sitio web puede no funcionar correctamente.<\/p>\n\n\n\n<p>Por favor <a href=\"https:\/\/www.xlspadlock.com\/es\/politica-cookies-ue\/\" data-type=\"page\" data-id=\"3494\">revise nuestra pol\u00edtica de cookies aqu\u00ed<\/a>.<\/p>\n\n\n\n<p>\u2022 <strong>\u00c1reas interactivas<\/strong>. Nuestro sitio web puede ofrecer blogs de acceso p\u00fablico, foros comunitarios, secciones de comentarios, foros de discusi\u00f3n u otras funciones interactivas (\"\u00c1reas interactivas\"). Si elige participar en cualquiera de estas \u00c1reas interactivas, tenga en cuenta que cualquier informaci\u00f3n que publique en un \u00c1rea interactiva podr\u00eda ser le\u00edda, recopilada y utilizada por otras personas que accedan a ella. Si desea eliminar su informaci\u00f3n personal de cualquiera de nuestras \u00c1reas interactivas, consulte la secci\u00f3n siguiente titulada Sus derechos sobre los datos.<\/p>\n\n\n\n<h3 class=\"wp-block-heading\">Clientes<\/h3>\n\n\n\n<p>Recopilamos la informaci\u00f3n personal que proporciona cuando compra nuestros productos de software con nuestros revendedores. Esto puede incluir, pero no se limita a, las siguientes situaciones: cuando proporciona informaci\u00f3n al solicitar informaci\u00f3n sobre, o usar, un producto o servicio disponible a trav\u00e9s de este sitio web, o informaci\u00f3n que proporciona al comprar nuestros productos o servicios de software a trav\u00e9s de nuestros revendedores; y cuando env\u00eda un pedido o compra y\/o registra productos de software y\/o se suscribe a servicios adicionales.<\/p>\n\n\n\n<p>La informaci\u00f3n que recopilamos puede incluir, entre otros, su nombre, nombre de la empresa, direcci\u00f3n de correo electr\u00f3nico, direcci\u00f3n IP, direcci\u00f3n de facturaci\u00f3n y\/o env\u00edo, n\u00famero de tel\u00e9fono, nombre del m\u00e9todo de pago. Nosotros <strong>nunca tenemos acceso a la informaci\u00f3n de tarjetas de cr\u00e9dito u otra informaci\u00f3n de pago sensible durante las compras<\/strong>.<\/p>\n\n\n\n<p>Paddle y FastSpring son nuestros revendedores oficiales (Comerciantes Registrados):<\/p>\n\n\n\n<ul class=\"wp-block-list\">\n<li>Paddle.com Market Ltd: Judd House 18-29 Mora Street London EC1V 8BT United Kingdom<\/li>\n\n\n\n<li>Bright Market, LLC d\/b\/a FastSpring, ATTN: Departamento de Privacidad, 801 Garden Street, Santa Barbara, CA 93101, Estados Unidos de Am\u00e9rica.<\/li>\n<\/ul>\n\n\n\n<p>Todas las ventas y compras de licencias de software para XLS Padlock son gestionadas por Paddle o FastSpring. Puede ver su declaraci\u00f3n de privacidad: <a href=\"https:\/\/www.paddle.com\/legal\/privacy\" target=\"_blank\" rel=\"noopener\">Paddle <\/a>o <a href=\"http:\/\/www.fastspring.com\/privacy\" target=\"_blank\" rel=\"noopener\">FastSpring<\/a>.<\/p>\n\n\n\n<h3 class=\"wp-block-heading\">C\u00f3mo usamos los datos personales<\/h3>\n\n\n\n<p>Podemos utilizar datos personales, a nuestra entera discreci\u00f3n, para cumplir con cualquier requisito legal aplicable, investigar y prevenir posibles fraudes, abusos u otras actividades ilegales, gestionar licencias de nuestro software, gestionar activaciones de software, gestionar cuentas de usuario, estudiar m\u00e9tricas de uso, proporcionar nuestro software u otros productos y servicios, proteger los intereses legales de G.D.G. Software, nuestros revendedores y nuestros usuarios, o desarrollar y mejorar nuestros productos y servicios de software.<\/p>\n\n\n\n<h3 class=\"wp-block-heading\">Cu\u00e1ndo compartimos datos personales<\/h3>\n\n\n\n<p>Podemos compartir los datos personales que procesamos en la medida en que sea necesario, a nuestra entera discreci\u00f3n, para cumplir con cualquier requisito legal aplicable, investigar y prevenir posibles fraudes, abusos u otras actividades ilegales, o proteger los intereses legales de G.D.G. Software, nuestros revendedores y nuestros usuarios.<\/p>\n\n\n\n<p>Podemos compartir datos personales con nuestros revendedores y terceros contratados para procesarlos, de conformidad con los t\u00e9rminos de esta pol\u00edtica y la adopci\u00f3n de medidas t\u00e9cnicas y organizativas adecuadas.<\/p>\n\n\n\n<h3 class=\"wp-block-heading\">C\u00f3mo usamos los datos personales para contactarlo<\/h3>\n\n\n\n<p>Adem\u00e1s, podemos procesar sus datos personales para<\/p>\n\n\n\n<ul class=\"wp-block-list\">\n<li>contactarlo si ha solicitado informaci\u00f3n o comunicaci\u00f3n de nosotros;<\/li>\n\n\n\n<li>proporcionarle actualizaciones y mejoras de productos, ofertas especiales, informaci\u00f3n de precios, boletines y otra informaci\u00f3n, en nuestro propio nombre;<\/li>\n\n\n\n<li>realizar cualquier otra actividad promocional donde haya consentido dichas actividades promocionales;<\/li>\n\n\n\n<li>permitirle acceder al \u00e1rea de cliente o servicios del sitio web, recibir productos, actualizaciones o servicios en conexi\u00f3n con claves, c\u00f3digos de inicio de sesi\u00f3n u otra informaci\u00f3n seg\u00fan sea necesario;<\/li>\n\n\n\n<li>proporcionarle un servicio al cliente y\/o soporte t\u00e9cnico eficaz;<\/li>\n\n\n\n<li>gestionar las licencias de software que compr\u00f3;<\/li>\n\n\n\n<li>modificar nuestros sitios web con respecto a sus intereses;<\/li>\n<\/ul>\n\n\n\n<p>En caso de que estemos involucrados en una fusi\u00f3n, adquisici\u00f3n o venta de activos, podemos divulgar sus datos personales al posible vendedor o comprador de dicho negocio o activos.<\/p>\n\n\n\n<h3 class=\"wp-block-heading\">Bolet\u00edn<\/h3>\n\n\n\n<p>Con su consentimiento especial en l\u00ednea con el procedimiento de doble opt-in, utilizamos su direcci\u00f3n de correo electr\u00f3nico y otra informaci\u00f3n que haya proporcionado para enviar nuestro bolet\u00edn, del cual puede darse de baja en cualquier momento haciendo clic en el enlace de desactivaci\u00f3n proporcionado en cada bolet\u00edn.<\/p>\n\n\n\n<p>El texto del consentimiento es el siguiente: <em>Doy mi consentimiento para que se pongan en contacto conmigo por correo electr\u00f3nico utilizando la informaci\u00f3n que he proporcionado en este formulario con el fin de noticias, actualizaciones y marketing<\/em>.<\/p>\n\n\n\n<h3 class=\"wp-block-heading\">Comentarios<\/h3>\n\n\n\n<p>Cuando los visitantes dejan comentarios en el sitio, recopilamos los datos que se muestran en el formulario de comentarios, y tambi\u00e9n la direcci\u00f3n IP del visitante y la cadena del agente de usuario del navegador para ayudar a la detecci\u00f3n de spam.<\/p>\n\n\n\n<p>Una cadena anonimizada creada a partir de su direcci\u00f3n de correo electr\u00f3nico (tambi\u00e9n llamada hash) puede proporcionarse al servicio Gravatar para ver si lo est\u00e1 utilizando. La pol\u00edtica de privacidad del servicio Gravatar est\u00e1 disponible aqu\u00ed: https:\/\/automattic.com\/privacy\/. Despu\u00e9s de la aprobaci\u00f3n de su comentario, su foto de perfil es visible para el p\u00fablico en el contexto de su comentario.<\/p>\n\n\n\n<h3 class=\"wp-block-heading\">Duraci\u00f3n<\/h3>\n\n\n\n<p>Conservamos su informaci\u00f3n personal solo durante el tiempo que la necesitemos para los fines para los que se recopil\u00f3 originalmente (o para los que usted haya consentido posteriormente), y seg\u00fan lo permita o exija la ley aplicable. Cumpliremos la ley aplicable y tomaremos medidas razonables para garantizar que cualquier persona o entidad que reciba informaci\u00f3n personal para los fines descritos anteriormente est\u00e9 obligada a proteger y mantener segura la informaci\u00f3n personal en su nombre.<\/p>\n\n\n\n<h3 class=\"wp-block-heading\">Derechos<\/h3>\n\n\n\n<p>De conformidad con las leyes de protecci\u00f3n de datos aplicables, usted puede tener derecho a la informaci\u00f3n, notificaci\u00f3n, bloqueo o eliminaci\u00f3n y revocaci\u00f3n (ver m\u00e1s abajo en la cl\u00e1usula 6).<\/p>\n\n\n\n<h2 class=\"wp-block-heading\">2. Seguridad e integridad de los datos<\/h2>\n\n\n\n<p>Your personal information provided to us will be processed on the computer servers (currently Microsoft Azure) on which our website is hosted. G.D.G. Software takes commercially reasonable precautions to protect the information about our customers and visitors of our website. Your personal data is transmitted in encrypted form over the Internet via an SSL process (Secure Socket Layer). We use adequate technical and organizational measures designed to secure our website and the personal data for which you are responsible against loss, destruction, access, modification or distribution by unauthorized personnel.<\/p>\n\n\n\n<p>Sin embargo, dada la naturaleza de Internet y el hecho de que las medidas de seguridad de la red no son infalibles, no podemos garantizar la seguridad de la informaci\u00f3n personal enviada por los clientes y visitantes del sitio web. Renunciamos a cualquier garant\u00eda, expresa o impl\u00edcita, de que dichas precauciones de seguridad no se romper\u00e1n, violar\u00e1n o comprometer\u00e1n de alguna manera.<\/p>\n\n\n\n<p>Solo se puede acceder a su cuenta de cliente mediante su personal autorizado ingresando sus contrase\u00f1as personales (c\u00f3digo de activaci\u00f3n). Usted es responsable de mantener la confidencialidad de todas las contrase\u00f1as, que no deben compartirse entre sus empleados. Siempre debe mantener confidencial su contrase\u00f1a e informaci\u00f3n de acceso y cerrar la ventana del navegador una vez que haya terminado de comunicarse con nosotros, especialmente si su personal comparte un solo ordenador con otros. Tiene los derechos explicados a continuaci\u00f3n para controlar los datos personales de los que es responsable. Nos aseguramos de que tenga acceso a los datos personales que nos proporcion\u00f3 y de que pueda revisarlos y corregirlos si es necesario.<\/p>\n\n\n\n<h2 class=\"wp-block-heading\">3. Nuestros proveedores de servicios<\/h2>\n\n\n\n<p>Utilizamos otras empresas, que pueden incluir, entre otras, afiliadas corporativas presentes o futuras, para proporcionar servicios conjuntos o ciertos servicios para nosotros o en nuestro nombre y ayudarnos a operar nuestro negocio. Podemos compartir su informaci\u00f3n con nuestros proveedores de servicios en relaci\u00f3n con la prestaci\u00f3n de servicios a nosotros. Tambi\u00e9n podemos permitir que estas empresas utilicen informaci\u00f3n an\u00f3nima y utilicen informaci\u00f3n personal agregada de forma an\u00f3nima (es decir, cuando los datos agregados no puedan identificarlo personalmente), para sus fines comerciales. No compartiremos su informaci\u00f3n personal con nuestras afiliadas o terceros no relacionados para que la utilicen para sus propios fines de marketing sin su consentimiento.<\/p>\n\n\n\n<h2 class=\"wp-block-heading\">4. Derecho de informaci\u00f3n; notificaci\u00f3n, bloqueo o eliminaci\u00f3n; revocaci\u00f3n<\/h2>\n\n\n\n<p>De acuerdo con las regulaciones legales de protecci\u00f3n de datos aplicables, las personas tienen derecho a obtener sus datos personales almacenados por G.D.G. Software y comprender los fines para los que los procesamos. En el \u00e1rea segura de nuestro sitio web llamada <a href=\"\/es\/cuenta\/\">Mi cuenta<\/a>, los clientes pueden ver sus datos personales relacionados con la cuenta. Dirija su solicitud a la direcci\u00f3n de correo electr\u00f3nico indicada a continuaci\u00f3n en la cl\u00e1usula 8.<\/p>\n\n\n\n<p>Si se pone en contacto con nosotros, podemos, para su protecci\u00f3n, pedirle informaci\u00f3n adicional para verificar su identidad. En la mayor\u00eda de los casos, le proporcionaremos el acceso que solicite y corregiremos o eliminaremos cualquier informaci\u00f3n personal inexacta que descubra. Sin embargo, nos reservamos el derecho de limitar o denegar su solicitud en la medida permitida por la ley aplicable si la divulgaci\u00f3n puede conducir a un incumplimiento de la ley y la regulaci\u00f3n aplicables, por ejemplo, en caso de cualquier obligaci\u00f3n legal de conservar ciertos datos, o si no ha proporcionado pruebas suficientes para verificar su identidad.<\/p>\n\n\n\n<p>Tiene derecho a que se corrija cualquier dato incorrecto sobre usted. Para ello, p\u00f3ngase en contacto con nosotros e ind\u00edquenos los datos personales correctos. La correcci\u00f3n se realiza inmediatamente, sujeta a una comprobaci\u00f3n de integridad.<\/p>\n\n\n\n<p>You also have the right to request the deletion of personal data held about you. For example, if the personal data was saved without your authorization or knowledge or if the personal data is no longer required in order to fulfill the purpose for which it was saved or to fulfill the role for which the relevant (public) body is responsible.<\/p>\n\n\n\n<p>En lugar de la eliminaci\u00f3n, tiene derecho a que se bloqueen sus datos personales, si la eliminaci\u00f3n contraviniera los per\u00edodos de almacenamiento obligatorios, la eliminaci\u00f3n no es posible o ser\u00eda irrazonablemente dif\u00edcil o no es posible determinar si los datos personales son correctos o incorrectos. En el caso de eliminar sus datos personales, dichos datos ser\u00e1n eliminados por nosotros inmediatamente; si solicita el bloqueo, sus datos personales ya no ser\u00e1n utilizados por nosotros.<\/p>\n\n\n\n<p>Para solicitar la eliminaci\u00f3n o el bloqueo, basta con enviarnos un correo electr\u00f3nico informal (ver secci\u00f3n 6).<\/p>\n\n\n\n<h2 class=\"wp-block-heading\">5. Enlaces a sitios web de terceros<\/h2>\n\n\n\n<p>Este sitio web proporciona enlaces a sitios web de terceros, que no est\u00e1n bajo el control de G.D.G. Software. G.D.G. Software no hace representaciones sobre sitios web de terceros. Cuando accede a un sitio web que no es de G.D.G. Software, lo hace bajo su propio riesgo. G.D.G. Software no es responsable de la fiabilidad de ning\u00fan dato, opini\u00f3n, consejo o declaraci\u00f3n realizada en sitios de terceros. G.D.G. Software proporciona estos enlaces simplemente por conveniencia. La inclusi\u00f3n de dichos enlaces no implica que G.D.G. Software respalde, recomiende o acepte ninguna responsabilidad por el contenido de dichos sitios.<\/p>\n\n\n\n<h2 class=\"wp-block-heading\">6. Responsable del tratamiento y Delegado de Protecci\u00f3n de Datos<\/h2>\n\n\n\n<p>El responsable del tratamiento de este sitio web es: G.D.G. Software SAS.<\/p>\n\n\n\n<p>Si tiene alguna pregunta adicional sobre la recopilaci\u00f3n, procesamiento o uso de sus datos personales, si desea obtener informaci\u00f3n sobre o corregir, bloquear o eliminar sus datos, si desea revocar consentimientos previamente emitidos, p\u00f3ngase en contacto con <a href=\"mailto:{{'privacy@gdgsoft.com'|safe_email}}\">privacy@gdgsoft.com<\/a><\/p>\n\n\n\n<p>Para contactar con el Delegado de Protecci\u00f3n de Datos, consulte nuestras <a href=\"https:\/\/www.gdgsoft.com\/about\" target=\"_blank\" rel=\"noopener\">menciones legales en nuestro sitio web principal<\/a> o env\u00ede un correo electr\u00f3nico a <a href=\"mailto:{{'privacy@gdgsoft.com'|safe_email}}\">privacy@gdgsoft.com<\/a><\/p>\n\n\n\n<h2 class=\"wp-block-heading\">7. Cambios en la pol\u00edtica<\/h2>\n\n\n\n<p>Esta pol\u00edtica de privacidad puede cambiar de vez en cuando en l\u00ednea con la legislaci\u00f3n o los desarrollos de la industria. No informaremos expl\u00edcitamente a nuestros clientes o usuarios del sitio web de estos cambios. En su lugar, le recomendamos que consulte esta p\u00e1gina ocasionalmente para ver cualquier cambio en la pol\u00edtica.<\/p>\n\n\n\n<p>\u00daltima actualizaci\u00f3n de la pol\u00edtica en abril de 2025 (\u00faltimo cambio: eliminado Share-It, a\u00f1adido Paddle).<\/p>\n\n\n\n<p>Esta es la Pol\u00edtica de Protecci\u00f3n de Datos Personales para XLS Padlock de G.D.G. Software SAS. Si tiene preguntas sobre esta pol\u00edtica de privacidad, no dude en contactarnos en <a href=\"mailto:{{'privacy@gdgsoft.com'|safe_email}}\">privacy@gdgsoft.com<\/a><\/p>","protected":false},"excerpt":{"rendered":"<p>XLS Padlock \u2013 Pol\u00edtica de privacidad  Queremos que sepas que nos tomamos tu privacidad muy en serio. Recopilamos informaci\u00f3n est\u00e1ndar de la industria para poder prestarte el mejor servicio\u2026 <a title=\"Pol\u00edtica de privacidad\" class=\"read-more\" href=\"https:\/\/www.xlspadlock.com\/es\/privacy-policy\" aria-label=\"Leer m\u00e1s sobre Privacy Policy\">Leer m\u00e1s<\/a><\/p>","protected":false},"author":2,"featured_media":0,"parent":0,"menu_order":0,"comment_status":"closed","ping_status":"closed","template":"","meta":{"inline_featured_image":false,"_uag_custom_page_level_css":"","footnotes":""},"class_list":["post-3","page","type-page","status-publish"],"uagb_featured_image_src":{"full":false,"thumbnail":false,"medium":false,"medium_large":false,"large":false,"1536x1536":false,"2048x2048":false,"trp-custom-language-flag":false,"betterdocs-category-thumb":false},"uagb_author_info":{"display_name":"G.D.G. Software","author_link":"https:\/\/www.xlspadlock.com\/es\/author\/gdgsoft"},"uagb_comment_info":0,"uagb_excerpt":"XLS Padlock &#8211; Privacy Policy We want you to know that we take your privacy seriously. We collect industry standard information to help us provide ... Read More","_links":{"self":[{"href":"https:\/\/www.xlspadlock.com\/es\/wp-json\/wp\/v2\/pages\/3","targetHints":{"allow":["GET"]}}],"collection":[{"href":"https:\/\/www.xlspadlock.com\/es\/wp-json\/wp\/v2\/pages"}],"about":[{"href":"https:\/\/www.xlspadlock.com\/es\/wp-json\/wp\/v2\/types\/page"}],"author":[{"embeddable":true,"href":"https:\/\/www.xlspadlock.com\/es\/wp-json\/wp\/v2\/users\/2"}],"replies":[{"embeddable":true,"href":"https:\/\/www.xlspadlock.com\/es\/wp-json\/wp\/v2\/comments?post=3"}],"version-history":[{"count":0,"href":"https:\/\/www.xlspadlock.com\/es\/wp-json\/wp\/v2\/pages\/3\/revisions"}],"wp:attachment":[{"href":"https:\/\/www.xlspadlock.com\/es\/wp-json\/wp\/v2\/media?parent=3"}],"curies":[{"name":"wp","href":"https:\/\/api.w.org\/{rel}","templated":true}]}}