{"id":3008,"date":"2022-07-17T16:04:31","date_gmt":"2022-07-17T14:04:31","guid":{"rendered":"https:\/\/www.xlspadlock.com\/?page_id=3008"},"modified":"2025-11-16T13:36:23","modified_gmt":"2025-11-16T12:36:23","slug":"resenas","status":"publish","type":"page","link":"https:\/\/www.xlspadlock.com\/es\/review","title":{"rendered":"Rese\u00f1as y testimonios de XLS Padlock"},"content":{"rendered":"\n<h1 class=\"gb-headline gb-headline-a9544655 gb-headline-text gb-headline-197f6b28\">Review and Customer Testimonials for XLS Padlock<\/h1>\n\n\n<div class=\"gb-grid-wrapper gb-grid-wrapper-8d16e32d\">\n<div class=\"gb-grid-column gb-grid-column-06994670\"><div class=\"gb-container gb-container-06994670\"><div class=\"gb-inside-container\">\n\n<p>This page includes comments and user testimonials about XLS Padlock from just a few of our satisfied customers, some awards and links related to XLS Padlock. If you have suggestions, feel <a href=\"\/contact\">free to contact us<\/a>.<\/p>\n\n\n<div class=\"gb-container gb-container-de243463\"><div class=\"gb-inside-container\">\n\n<p class=\"gb-headline gb-headline-44313f81\"><span class=\"gb-icon\"><svg xmlns=\"http:\/\/www.w3.org\/2000\/svg\" viewBox=\"0 0 60 52.906\"><path d=\"M24.104 10.505c1.5-.629 2.13-2.42 1.452-3.872l-2.372-4.985A2.893 2.893 0 0019.409.245c-4.114 1.742-7.648 4.017-10.455 6.776-3.437 3.242-5.76 6.969-7.018 11.084C.678 22.267 0 27.93 0 35.142v14.86a2.913 2.913 0 002.904 2.904h19.022a2.913 2.913 0 002.904-2.904V30.979a2.912 2.912 0 00-2.904-2.904h-9.1c.097-4.889 1.258-8.809 3.388-11.762 1.743-2.371 4.357-4.307 7.89-5.808zM58.276 10.505c1.5-.629 2.129-2.42 1.452-3.872l-2.372-4.937C56.678.292 55.033-.337 53.581.292 49.516 2.035 46.03 4.31 43.175 7.021c-3.437 3.291-5.808 7.018-7.067 11.133-1.258 4.065-1.887 9.729-1.887 16.989v14.86a2.913 2.913 0 002.904 2.904h19.022a2.913 2.913 0 002.904-2.904V30.98a2.912 2.912 0 00-2.904-2.904h-9.148c.097-4.889 1.259-8.809 3.388-11.762 1.742-2.372 4.356-4.308 7.889-5.809z\"><\/path><\/svg><\/span><span class=\"gb-headline-text\">The guys help is superb, they grasp my questions quickly and their response is usually spot on and friendly. Love the new support set up too. Keep up the good work.<\/span><\/p>\n\n\n\n<p class=\"gb-headline gb-headline-3926529c gb-headline-text\"><em>\u2013 David Gibson<\/em><\/p>\n\n<\/div><\/div>\n\n<div class=\"gb-container gb-container-7051cdd4\"><div class=\"gb-inside-container\">\n\n<p class=\"gb-headline gb-headline-f1479c24\"><span class=\"gb-icon\"><svg xmlns=\"http:\/\/www.w3.org\/2000\/svg\" viewBox=\"0 0 60 52.906\"><path d=\"M24.104 10.505c1.5-.629 2.13-2.42 1.452-3.872l-2.372-4.985A2.893 2.893 0 0019.409.245c-4.114 1.742-7.648 4.017-10.455 6.776-3.437 3.242-5.76 6.969-7.018 11.084C.678 22.267 0 27.93 0 35.142v14.86a2.913 2.913 0 002.904 2.904h19.022a2.913 2.913 0 002.904-2.904V30.979a2.912 2.912 0 00-2.904-2.904h-9.1c.097-4.889 1.258-8.809 3.388-11.762 1.743-2.371 4.357-4.307 7.89-5.808zM58.276 10.505c1.5-.629 2.129-2.42 1.452-3.872l-2.372-4.937C56.678.292 55.033-.337 53.581.292 49.516 2.035 46.03 4.31 43.175 7.021c-3.437 3.291-5.808 7.018-7.067 11.133-1.258 4.065-1.887 9.729-1.887 16.989v14.86a2.913 2.913 0 002.904 2.904h19.022a2.913 2.913 0 002.904-2.904V30.98a2.912 2.912 0 00-2.904-2.904h-9.148c.097-4.889 1.259-8.809 3.388-11.762 1.742-2.372 4.356-4.308 7.889-5.809z\"><\/path><\/svg><\/span><span class=\"gb-headline-text\">Your product is excellent and is just what I have needed. Your design makes it extremely easy for me to supply my clients with updates as needed. It protects me as well as my clients. Please pass along to your developers my sincere appreciation and thanks for the expertise, time and effort spent in generating this software. <\/span><\/p>\n\n\n\n<p class=\"has-text-align-center\"><em>\u2013 John Nelson<\/em><\/p>\n\n<\/div><\/div>\n<\/div><\/div><\/div>\n\n<div class=\"gb-grid-column gb-grid-column-fec3e325\"><div class=\"gb-container gb-container-fec3e325\"><div class=\"gb-inside-container\">\n\n<figure class=\"gb-block-image gb-block-image-550bd6ed\"><img loading=\"lazy\" decoding=\"async\" width=\"450\" height=\"300\" class=\"gb-image gb-image-550bd6ed\" src=\"https:\/\/www.xlspadlock.com\/wp-content\/uploads\/feedback.webp\" alt=\"feedback\" title=\"feedback\" srcset=\"https:\/\/cdn.xlspadlock.com\/20251108181616\/feedback.webp 450w, https:\/\/cdn.xlspadlock.com\/20251108181616\/feedback-300x200.webp 300w\" sizes=\"auto, (max-width: 450px) 100vw, 450px\" \/><\/figure>\n\n<\/div><\/div><\/div>\n<\/div>\n\n<div class=\"gb-container gb-container-23178725\"><div class=\"gb-inside-container\">\n\n<p class=\"gb-headline gb-headline-f67ac2fb\"><span class=\"gb-icon\"><svg xmlns=\"http:\/\/www.w3.org\/2000\/svg\" viewBox=\"0 0 60 52.906\"><path d=\"M24.104 10.505c1.5-.629 2.13-2.42 1.452-3.872l-2.372-4.985A2.893 2.893 0 0019.409.245c-4.114 1.742-7.648 4.017-10.455 6.776-3.437 3.242-5.76 6.969-7.018 11.084C.678 22.267 0 27.93 0 35.142v14.86a2.913 2.913 0 002.904 2.904h19.022a2.913 2.913 0 002.904-2.904V30.979a2.912 2.912 0 00-2.904-2.904h-9.1c.097-4.889 1.258-8.809 3.388-11.762 1.743-2.371 4.357-4.307 7.89-5.808zM58.276 10.505c1.5-.629 2.129-2.42 1.452-3.872l-2.372-4.937C56.678.292 55.033-.337 53.581.292 49.516 2.035 46.03 4.31 43.175 7.021c-3.437 3.291-5.808 7.018-7.067 11.133-1.258 4.065-1.887 9.729-1.887 16.989v14.86a2.913 2.913 0 002.904 2.904h19.022a2.913 2.913 0 002.904-2.904V30.98a2.912 2.912 0 00-2.904-2.904h-9.148c.097-4.889 1.259-8.809 3.388-11.762 1.742-2.372 4.356-4.308 7.889-5.809z\"><\/path><\/svg><\/span><span class=\"gb-headline-text\"><\/span><\/p>\n\n\n\n<p>Well I have been using XLS Padlock now for more than 2 years to develop a database in Excel that keeps track of every single program in Star Trek that you watch. XLS Padlock has made it possible for me to safely<br>distribute my spreadsheet from my website without any risk of the project being stolen or corrupted in any way. It also allows me to make a small amount of money from donations if people use the sheet more than 30 times. After which they receive a registration code &#8211; locked to their specific computer.<\/p>\n\n\n\n<p>XLS Padlock compiled spreadsheets also provide me with a very professional looking finished product that behaves like a real independent application even though it is really just a very fancy macro enabled spreadsheet with quite a bit of VB code attached to it, which I had to teach myself how to use. But here is the thing &#8211; the support from XLS Padlock is second to none, and if you don&#8217;t understand something you will be given plenty of help and guidance even with some code samples occasionally in order to help you to understand how macros and VB code needs to behave differently inside the compiled, secure environment of XLS Padlock.<\/p>\n\n\n\n<p>I love this application and my product would not exist without them. It is true there are other similar products out there but they have subscription and commission based models and will cost you a small fortune if you are distributing a number of copies or versions. [&#8230;] There are also wonderful downloads available for registered users and even facilities and instructions for the Windows Verification procedure and even online activation!<\/p>\n\n\n\n<p>I cannot recommend this product highly enough and it is a 10 out of 10 product and a MUST HAVE for every Microsoft Excel user out there.<\/p>\n\n\n\n<p class=\"gb-headline gb-headline-43272143 gb-headline-text\"><em>\u2013 <a href=\"https:\/\/startrekpro.com\/\" target=\"_blank\" rel=\"noreferrer nofollow noopener\">STAR TREK Trekkie Tracker<\/a><\/em><\/p>\n\n\n<div class=\"gb-container gb-container-84741beb\"><div class=\"gb-inside-container\">\n\n<p class=\"gb-headline gb-headline-91625ab9\"><span class=\"gb-icon\"><svg xmlns=\"http:\/\/www.w3.org\/2000\/svg\" viewBox=\"0 0 60 52.906\"><path d=\"M24.104 10.505c1.5-.629 2.13-2.42 1.452-3.872l-2.372-4.985A2.893 2.893 0 0019.409.245c-4.114 1.742-7.648 4.017-10.455 6.776-3.437 3.242-5.76 6.969-7.018 11.084C.678 22.267 0 27.93 0 35.142v14.86a2.913 2.913 0 002.904 2.904h19.022a2.913 2.913 0 002.904-2.904V30.979a2.912 2.912 0 00-2.904-2.904h-9.1c.097-4.889 1.258-8.809 3.388-11.762 1.743-2.371 4.357-4.307 7.89-5.808zM58.276 10.505c1.5-.629 2.129-2.42 1.452-3.872l-2.372-4.937C56.678.292 55.033-.337 53.581.292 49.516 2.035 46.03 4.31 43.175 7.021c-3.437 3.291-5.808 7.018-7.067 11.133-1.258 4.065-1.887 9.729-1.887 16.989v14.86a2.913 2.913 0 002.904 2.904h19.022a2.913 2.913 0 002.904-2.904V30.98a2.912 2.912 0 00-2.904-2.904h-9.148c.097-4.889 1.259-8.809 3.388-11.762 1.742-2.372 4.356-4.308 7.889-5.809z\"><\/path><\/svg><\/span><span class=\"gb-headline-text\">Just a quick note to congratulate you all at G.D.G. Software on the XLS Padlock 2018 version.<\/span><\/p>\n\n\n\n<p>I am a very happy user of XLS Padlock. [\u2026] You deliver great software.<br><br>Thank you for making my life easier (and more fun).<\/p>\n\n\n\n<p class=\"gb-headline gb-headline-9a96d7db gb-headline-text\"><em>\u2013 Lars Patterson<\/em><\/p>\n\n<\/div><\/div>\n\n\n<p class=\"gb-headline gb-headline-7d583851\"><span class=\"gb-icon\"><svg xmlns=\"http:\/\/www.w3.org\/2000\/svg\" viewBox=\"0 0 60 52.906\"><path d=\"M24.104 10.505c1.5-.629 2.13-2.42 1.452-3.872l-2.372-4.985A2.893 2.893 0 0019.409.245c-4.114 1.742-7.648 4.017-10.455 6.776-3.437 3.242-5.76 6.969-7.018 11.084C.678 22.267 0 27.93 0 35.142v14.86a2.913 2.913 0 002.904 2.904h19.022a2.913 2.913 0 002.904-2.904V30.979a2.912 2.912 0 00-2.904-2.904h-9.1c.097-4.889 1.258-8.809 3.388-11.762 1.743-2.371 4.357-4.307 7.89-5.808zM58.276 10.505c1.5-.629 2.129-2.42 1.452-3.872l-2.372-4.937C56.678.292 55.033-.337 53.581.292 49.516 2.035 46.03 4.31 43.175 7.021c-3.437 3.291-5.808 7.018-7.067 11.133-1.258 4.065-1.887 9.729-1.887 16.989v14.86a2.913 2.913 0 002.904 2.904h19.022a2.913 2.913 0 002.904-2.904V30.98a2.912 2.912 0 00-2.904-2.904h-9.148c.097-4.889 1.259-8.809 3.388-11.762 1.742-2.372 4.356-4.308 7.889-5.809z\"><\/path><\/svg><\/span><span class=\"gb-headline-text\"><\/span><\/p>\n\n\n<div class=\"gb-container gb-container-22f2a333\"><div class=\"gb-inside-container\">\n\n<figure class=\"wp-block-image size-large\"><img loading=\"lazy\" decoding=\"async\" width=\"1024\" height=\"730\" src=\"https:\/\/cdn.xlspadlock.com\/20251108181616\/image-28-1024x730.png\" alt=\"\" class=\"wp-image-3019\" srcset=\"https:\/\/cdn.xlspadlock.com\/20251108181616\/image-28-1024x730.png 1024w, https:\/\/cdn.xlspadlock.com\/20251108181616\/image-28-300x214.png 300w, https:\/\/cdn.xlspadlock.com\/20251108181616\/image-28-768x547.png 768w, https:\/\/cdn.xlspadlock.com\/20251108181616\/image-28.png 1191w\" sizes=\"auto, (max-width: 1024px) 100vw, 1024px\" \/><\/figure>\n\n\n\n<p class=\"gb-headline gb-headline-08cd844f gb-headline-text\"><em>\u2013 Dan Strong<\/em><\/p>\n\n<\/div><\/div>\n\n<div class=\"gb-container gb-container-037ad92c\"><div class=\"gb-inside-container\">\n\n<p class=\"gb-headline gb-headline-0239bc34\"><span class=\"gb-icon\"><svg xmlns=\"http:\/\/www.w3.org\/2000\/svg\" viewBox=\"0 0 60 52.906\"><path d=\"M24.104 10.505c1.5-.629 2.13-2.42 1.452-3.872l-2.372-4.985A2.893 2.893 0 0019.409.245c-4.114 1.742-7.648 4.017-10.455 6.776-3.437 3.242-5.76 6.969-7.018 11.084C.678 22.267 0 27.93 0 35.142v14.86a2.913 2.913 0 002.904 2.904h19.022a2.913 2.913 0 002.904-2.904V30.979a2.912 2.912 0 00-2.904-2.904h-9.1c.097-4.889 1.258-8.809 3.388-11.762 1.743-2.371 4.357-4.307 7.89-5.808zM58.276 10.505c1.5-.629 2.129-2.42 1.452-3.872l-2.372-4.937C56.678.292 55.033-.337 53.581.292 49.516 2.035 46.03 4.31 43.175 7.021c-3.437 3.291-5.808 7.018-7.067 11.133-1.258 4.065-1.887 9.729-1.887 16.989v14.86a2.913 2.913 0 002.904 2.904h19.022a2.913 2.913 0 002.904-2.904V30.98a2.912 2.912 0 00-2.904-2.904h-9.148c.097-4.889 1.259-8.809 3.388-11.762 1.742-2.372 4.356-4.308 7.889-5.809z\"><\/path><\/svg><\/span><span class=\"gb-headline-text\">I sell a commercial application using XLS Padlock as my excel protector\/compiler and as well the joint program Paquet Builder to distribute.<\/span><\/p>\n\n\n\n<p>I have had no issues with XLS Padlock or others that run the software I distribute and find it very simple and effective to use with some good features. Only issue that I found is my customers have different versions of Excel and the older the version the more challenging it gets when you add a lot of VBscripts and macros. If you&#8217;re able to test your XLS apps on Excel ver 2007 and up you will find the XLS Padlock works on them all very well.<\/p>\n\n\n\n<p class=\"gb-headline gb-headline-cc0053e0 gb-headline-text\"><em>\u2013 My Testimony Kevin A.<\/em><\/p>\n\n\n<div class=\"wp-block-image\">\n<figure class=\"aligncenter\"><a href=\"https:\/\/xls-padlock.software.informer.com\/\" target=\"_blank\" rel=\"noreferrer noopener\"><img decoding=\"async\" src=\"https:\/\/img.informer.com\/awards\/si-award-clean.png\" alt=\"Software Informer Virus Free award\"\/><\/a><\/figure>\n<\/div>\n\n\n<p>Softpedia guarantees that XLS Padlock is 100% Clean, which means it does not contain any form of malware, including but not limited to: spyware, viruses, trojans and backdoors.<\/p>\n\n\n<div class=\"wp-block-image\">\n<figure class=\"aligncenter\"><img decoding=\"async\" src=\"https:\/\/cdnssl.softpedia.com\/_img\/sp100clean.png?1\" alt=\"\"\/><\/figure>\n<\/div>\n<\/div><\/div>\n<\/div><\/div>","protected":false},"excerpt":{"rendered":"<p>Rese\u00f1as y testimonios de clientes sobre XLS Padlock.  Llevo m\u00e1s de dos a\u00f1os utilizando XLS Padlock para desarrollar una base de datos\u2026 <a title=\"Rese\u00f1as y testimonios de XLS Padlock\" class=\"read-more\" href=\"https:\/\/www.xlspadlock.com\/es\/review\" aria-label=\"Leer m\u00e1s sobre Opiniones y testimonios sobre XLS Padlock\">Leer m\u00e1s<\/a><\/p>","protected":false},"author":2,"featured_media":0,"parent":0,"menu_order":0,"comment_status":"closed","ping_status":"closed","template":"","meta":{"inline_featured_image":false,"_uag_custom_page_level_css":"","footnotes":""},"class_list":["post-3008","page","type-page","status-publish"],"uagb_featured_image_src":{"full":false,"thumbnail":false,"medium":false,"medium_large":false,"large":false,"1536x1536":false,"2048x2048":false,"trp-custom-language-flag":false,"betterdocs-category-thumb":false},"uagb_author_info":{"display_name":"G.D.G. Software","author_link":"https:\/\/www.xlspadlock.com\/es\/author\/gdgsoft"},"uagb_comment_info":0,"uagb_excerpt":"Review and Customer Testimonials for XLS Padlock Well I have been using XLS Padlock now for more than 2 years to develop a database in ... Read More","_links":{"self":[{"href":"https:\/\/www.xlspadlock.com\/es\/wp-json\/wp\/v2\/pages\/3008","targetHints":{"allow":["GET"]}}],"collection":[{"href":"https:\/\/www.xlspadlock.com\/es\/wp-json\/wp\/v2\/pages"}],"about":[{"href":"https:\/\/www.xlspadlock.com\/es\/wp-json\/wp\/v2\/types\/page"}],"author":[{"embeddable":true,"href":"https:\/\/www.xlspadlock.com\/es\/wp-json\/wp\/v2\/users\/2"}],"replies":[{"embeddable":true,"href":"https:\/\/www.xlspadlock.com\/es\/wp-json\/wp\/v2\/comments?post=3008"}],"version-history":[{"count":0,"href":"https:\/\/www.xlspadlock.com\/es\/wp-json\/wp\/v2\/pages\/3008\/revisions"}],"wp:attachment":[{"href":"https:\/\/www.xlspadlock.com\/es\/wp-json\/wp\/v2\/media?parent=3008"}],"curies":[{"name":"wp","href":"https:\/\/api.w.org\/{rel}","templated":true}]}}