{"id":3096,"date":"2022-07-17T18:29:22","date_gmt":"2022-07-17T16:29:22","guid":{"rendered":"https:\/\/www.xlspadlock.com\/?page_id=3096"},"modified":"2025-04-13T18:25:23","modified_gmt":"2025-04-13T16:25:23","slug":"politica-reembolso","status":"publish","type":"page","link":"https:\/\/www.xlspadlock.com\/es\/store\/refund-policy","title":{"rendered":"Pol\u00edtica de reembolso"},"content":{"rendered":"<div class=\"gb-container gb-container-b29d8c10\"><div class=\"gb-inside-container\">\n\n<h1 class=\"gb-headline gb-headline-a9544655 gb-headline-text gb-headline-197f6b28\">Pol\u00edtica de reembolso del software XLS Padlock<\/h1>\n\n\n\n<h2 class=\"wp-block-heading\">Prueba antes de comprar<\/h2>\n\n\n\n<p>Una edici\u00f3n de prueba con todas las funciones de XLS Padlock est\u00e1 disponible para <a href=\"\/es\/descargar\/\">descargar en nuestro sitio web<\/a>. El objetivo de la edici\u00f3n de prueba es permitirte probar todas las caracter\u00edsticas de XLS Padlock: puedes, por lo tanto, ver si funciona para ti y asegurarte de que satisface tus necesidades antes de tomar una decisi\u00f3n de compra. Recomendamos encarecidamente que todos los clientes descarguen, instalen y prueben la edici\u00f3n de prueba de XLS Padlock antes de realizar una compra.<\/p>\n\n\n\n<h2 class=\"wp-block-heading\">Pol\u00edtica de reembolsos post compra<\/h2>\n\n\n\n<p>Despu\u00e9s de que se realice un pago compensado por la compra de XLS Padlock, recibir\u00e1s un correo electr\u00f3nico con un c\u00f3digo de activaci\u00f3n para activar la edici\u00f3n registrada. Una vez que esta informaci\u00f3n te sea enviada por correo electr\u00f3nico, <strong>no se otorgar\u00e1 ning\u00fan reembolso<\/strong>. Esta pol\u00edtica est\u00e1 vigente ya que ser\u00eda imposible para ti devolver tu versi\u00f3n activada de nuestro software XLS Padlock. Por favor, aprovecha la edici\u00f3n de prueba con todas las funciones antes de completar tu compra.<\/p>\n\n\n\n<h2 class=\"wp-block-heading\">Reembolso bajo circunstancias atenuantes<\/h2>\n\n\n\n<p>En raras ocasiones y solo dentro de los 30 d\u00edas posteriores a la compra, si debido a dificultades t\u00e9cnicas o incompatibilidades de plataforma XLS Padlock no funciona, podemos, a nuestra discreci\u00f3n, emitir un reembolso menos nuestras tarifas de procesamiento de pedidos y bancarias (hasta el 10% del precio de compra). En tales casos, requerimos que proporciones suficiente informaci\u00f3n para que podamos identificar positivamente tu transacci\u00f3n de compra (por ejemplo, n\u00famero de pedido, nombre de tu empresa, fecha de la transacci\u00f3n, c\u00f3digo de activaci\u00f3n, n\u00famero de licencias compradas, etc.). Si podemos identificar positivamente tu pedido, y si tu solicitud se realiza dentro de los 30 d\u00edas posteriores a la compra, debes enviarnos una Declaraci\u00f3n jurada de desinstalaci\u00f3n y no uso del software en papel con membrete de tu empresa antes de que procesemos el reembolso. G.D.G. Software no se hace responsable del correo o correo electr\u00f3nico perdido, retrasado o mal dirigido, retrasos en la descarga u otros retrasos del sistema de comunicaci\u00f3n.<\/p>\n\n\n\n<h2 class=\"wp-block-heading\">Aceptaci\u00f3n de esta pol\u00edtica<\/h2>\n\n\n\n<p>Es tu responsabilidad familiarizarte con esta pol\u00edtica de reembolso. Al realizar un pedido de XLS Padlock, indicas que has le\u00eddo esta pol\u00edtica de reembolso y que est\u00e1s de acuerdo y aceptas plenamente los t\u00e9rminos de esta pol\u00edtica de reembolso. Si no est\u00e1s de acuerdo o no aceptas plenamente los t\u00e9rminos de esta pol\u00edtica de reembolso, te pedimos que no realices un pedido con nosotros. Por favor <a href=\"\/es\/contacto\/\">cont\u00e1ctenos<\/a> si tienes alguna pregunta sobre nuestra pol\u00edtica de reembolso.<\/p>\n\n\n\n<p><i class=\"fa fa-arrow-right\"><\/i>\u00a0\u00a0<a href=\"\/es\/tienda\/\">Volver a la tienda<\/a><\/p>\n\n<\/div><\/div>","protected":false},"excerpt":{"rendered":"<p>Pol\u00edtica de reembolso de XLS Padlock \u2014 Prueba antes de comprar. Una versi\u00f3n de prueba completa est\u00e1 disponible para descarga\u2026 <a title=\"Pol\u00edtica de reembolso\" class=\"read-more\" href=\"https:\/\/www.xlspadlock.com\/es\/store\/refund-policy\" aria-label=\"Leer m\u00e1s sobre Refund Policy\">Leer m\u00e1s<\/a><\/p>","protected":false},"author":2,"featured_media":0,"parent":3592,"menu_order":0,"comment_status":"closed","ping_status":"closed","template":"","meta":{"inline_featured_image":false,"_uag_custom_page_level_css":"","footnotes":""},"class_list":["post-3096","page","type-page","status-publish"],"uagb_featured_image_src":{"full":false,"thumbnail":false,"medium":false,"medium_large":false,"large":false,"1536x1536":false,"2048x2048":false,"trp-custom-language-flag":false,"betterdocs-category-thumb":false},"uagb_author_info":{"display_name":"G.D.G. Software","author_link":"https:\/\/www.xlspadlock.com\/es\/author\/gdgsoft"},"uagb_comment_info":0,"uagb_excerpt":"XLS Padlock Software Refund Policy Try Before You Buy A full-featured Trial edition of XLS Padlock is available for download on our website. The goal ... Read More","_links":{"self":[{"href":"https:\/\/www.xlspadlock.com\/es\/wp-json\/wp\/v2\/pages\/3096","targetHints":{"allow":["GET"]}}],"collection":[{"href":"https:\/\/www.xlspadlock.com\/es\/wp-json\/wp\/v2\/pages"}],"about":[{"href":"https:\/\/www.xlspadlock.com\/es\/wp-json\/wp\/v2\/types\/page"}],"author":[{"embeddable":true,"href":"https:\/\/www.xlspadlock.com\/es\/wp-json\/wp\/v2\/users\/2"}],"replies":[{"embeddable":true,"href":"https:\/\/www.xlspadlock.com\/es\/wp-json\/wp\/v2\/comments?post=3096"}],"version-history":[{"count":0,"href":"https:\/\/www.xlspadlock.com\/es\/wp-json\/wp\/v2\/pages\/3096\/revisions"}],"up":[{"embeddable":true,"href":"https:\/\/www.xlspadlock.com\/es\/wp-json\/wp\/v2\/pages\/3592"}],"wp:attachment":[{"href":"https:\/\/www.xlspadlock.com\/es\/wp-json\/wp\/v2\/media?parent=3096"}],"curies":[{"name":"wp","href":"https:\/\/api.w.org\/{rel}","templated":true}]}}