{"id":3102,"date":"2022-07-17T18:35:54","date_gmt":"2022-07-17T16:35:54","guid":{"rendered":"https:\/\/www.xlspadlock.com\/?page_id=3102"},"modified":"2025-11-16T17:07:51","modified_gmt":"2025-11-16T16:07:51","slug":"video","status":"publish","type":"page","link":"https:\/\/www.xlspadlock.com\/es\/video","title":{"rendered":"V\u00eddeos y tutoriales"},"content":{"rendered":"<div class=\"gb-grid-wrapper gb-grid-wrapper-8d16e32d\">\n<div class=\"gb-grid-column gb-grid-column-06994670\"><div class=\"gb-container gb-container-06994670\"><div class=\"gb-inside-container\">\n\n<h1 class=\"gb-headline gb-headline-a9544655 gb-headline-text gb-headline-197f6b28\">Tutoriales y Video de XLS Padlock<\/h1>\n\n\n\n<p>Algunos videos sobre XLS Padlock y tutoriales.<\/p>\n\n\n\n<p class=\"gb-headline gb-headline-79b3fb13\"><span class=\"gb-icon\"><svg aria-hidden=\"true\" role=\"img\" height=\"1em\" width=\"1em\" viewbox=\"0 0 512 512\" xmlns=\"http:\/\/www.w3.org\/2000\/svg\"><path fill=\"currentColor\" d=\"M256 8C119.033 8 8 119.033 8 256s111.033 248 248 248 248-111.033 248-248S392.967 8 256 8zm0 48c110.532 0 200 89.451 200 200 0 110.532-89.451 200-200 200-110.532 0-200-89.451-200-200 0-110.532 89.451-200 200-200m140.204 130.267l-22.536-22.718c-4.667-4.705-12.265-4.736-16.97-.068L215.346 303.697l-59.792-60.277c-4.667-4.705-12.265-4.736-16.97-.069l-22.719 22.536c-4.705 4.667-4.736 12.265-.068 16.971l90.781 91.516c4.667 4.705 12.265 4.736 16.97.068l172.589-171.204c4.704-4.668 4.734-12.266.067-16.971z\"><\/path><\/svg><\/span><span class=\"gb-headline-text\"><strong>\u00bfQuiere Aprender Con Videos Paso a Paso?<\/strong><br>\u00a1Obtenga Nuestro Curso de 4.5 Horas Sobre Caracter\u00edsticas, Consejos y Trucos de XLS Padlock!<br>\ud83d\udc49 <a href=\"https:\/\/excelvbaisfun.com\/product\/excel-to-exe-make-secure-windows-applications-from-excel\/?ref=5\" rel=\"sponsored nofollow noopener\" target=\"_blank\">Haga Clic Aqu\u00ed Para Ver el Curso<\/a><\/span><\/p>\n\n\n\t\t\t\t<div class=\"wp-block-uagb-table-of-contents uagb-toc__align-left uagb-toc__columns-1  uagb-block-514e7e65\"\n\t\t\t\t\tdata-scroll= \"1\"\n\t\t\t\t\tdata-offset= \"30\"\n\t\t\t\t\tstyle=\"\"\n\t\t\t\t>\n\t\t\t\t<div class=\"uagb-toc__wrap\">\n\t\t\t\t\t\t<div class=\"uagb-toc__title\">\n\t\t\t\t\t\t\tTabla de contenidos\t\t\t\t\t\t<\/div>\n\t\t\t\t\t\t\t\t\t\t\t\t\t\t\t\t\t\t\t\t\t\t<div class=\"uagb-toc__list-wrap\">\n\t\t\t\t\t\t<ol class=\"uagb-toc__list\"><li class=\"uagb-toc__list\"><a href=\"#stronger-excel-formula-protection-with-xls-padlock\" class=\"uagb-toc-link__trigger\">Protecci\u00f3n M\u00e1s Fuerte de F\u00f3rmulas de Excel Con XLS Padlock<\/a><li class=\"uagb-toc__list\"><a href=\"#hardware-locking-excel-spreadsheets-with-xls-padlock\" class=\"uagb-toc-link__trigger\">Bloqueo por Hardware de Hojas de C\u00e1lculo de Excel con XLS Padlock<\/a><li class=\"uagb-toc__list\"><a href=\"#convert-excel-files-to-exe-windows-executable-apps\" class=\"uagb-toc-link__trigger\">Convertir Archivos de Excel a Aplicaciones Ejecutables EXE de Windows<\/a><li class=\"uagb-toc__list\"><a href=\"#xls-padlock-presentation\" class=\"uagb-toc-link__trigger\">Presentaci\u00f3n de XLS Padlock<\/a><li class=\"uagb-toc__list\"><a href=\"#how-to-use-the-vba-compiler-of-xls-padlock\" class=\"uagb-toc-link__trigger\">C\u00f3mo usar el compilador VBA de XLS Padlock<\/a><\/ol>\t\t\t\t\t<\/div>\n\t\t\t\t\t\t\t\t\t<\/div>\n\t\t\t\t<\/div>\n\t\t\t\n\n<div class=\"gb-container gb-container-de243463\"><div class=\"gb-inside-container\">\n\n<h2 class=\"gb-headline gb-headline-17e65438 gb-headline-text\">Protecci\u00f3n M\u00e1s Fuerte de F\u00f3rmulas de Excel Con XLS Padlock<\/h2>\n\n\n\n<p>La Protecci\u00f3n de F\u00f3rmulas de XLS Padlock es una caracter\u00edstica de seguridad fuerte para libros de Excel porque las f\u00f3rmulas originales ya no existen en el libro de trabajo protegido: son reemplazadas por f\u00f3rmulas cr\u00edpticas solo reconocidas por aplicaciones seguras. Por supuesto, las f\u00f3rmulas y el libro de trabajo a\u00fan funcionan como se espera.<\/p>\n\n<\/div><\/div>\n<\/div><\/div><\/div>\n\n<div class=\"gb-grid-column gb-grid-column-fec3e325\"><div class=\"gb-container gb-container-fec3e325\"><div class=\"gb-inside-container\">\n\n<figure class=\"gb-block-image gb-block-image-550bd6ed\"><img loading=\"lazy\" decoding=\"async\" width=\"400\" height=\"371\" class=\"gb-image gb-image-550bd6ed\" src=\"https:\/\/www.xlspadlock.com\/wp-content\/uploads\/videotuto.webp\" alt=\"\" title=\"videotuto\" srcset=\"https:\/\/cdn.xlspadlock.com\/20251108181617\/videotuto.webp 400w, https:\/\/cdn.xlspadlock.com\/20251108181617\/videotuto-300x278.webp 300w\" sizes=\"auto, (max-width: 400px) 100vw, 400px\" \/><\/figure>\n\n<\/div><\/div><\/div>\n<\/div>\n\n<div class=\"gb-container gb-container-343537b9\"><div class=\"gb-inside-container\">\n\n<figure class=\"wp-block-embed is-type-rich is-provider-embed-handler wp-block-embed-embed-handler wp-embed-aspect-16-9 wp-has-aspect-ratio\"><div class=\"wp-block-embed__wrapper\">\n<iframe loading=\"lazy\" title=\"Protecci\u00f3n M\u00e1s Fuerte de F\u00f3rmulas de Excel Con XLS Padlock - Rese\u00f1a\" width=\"1200\" height=\"675\" src=\"https:\/\/www.youtube.com\/embed\/EEPHekybgZ4?feature=oembed\" frameborder=\"0\" allow=\"accelerometer; autoplay; clipboard-write; encrypted-media; gyroscope; picture-in-picture; web-share\" referrerpolicy=\"strict-origin-when-cross-origin\" allowfullscreen><\/iframe>\n<\/div><\/figure>\n\n\n\n<h2 class=\"gb-headline gb-headline-ac383681 gb-headline-text wp-embed-aspect-4-3 wp-has-aspect-ratio\">Bloqueo por Hardware de Hojas de C\u00e1lculo de Excel con XLS Padlock<\/h2>\n\n\n\n<p class=\"wp-embed-aspect-4-3 wp-has-aspect-ratio\">Aprenda c\u00f3mo asegurar sus libros de Excel con bloqueo por hardware en este tutorial en video. Descubra paso a paso c\u00f3mo proteger sus archivos y restringir el acceso con claves de activaci\u00f3n bloqueadas por hardware, asegurando que solo los usuarios autorizados puedan acceder a sus datos.<\/p>\n\n\n\n<figure class=\"wp-block-embed is-type-rich is-provider-embed-handler wp-block-embed-embed-handler wp-embed-aspect-16-9 wp-has-aspect-ratio\"><div class=\"wp-block-embed__wrapper\">\n<iframe loading=\"lazy\" title=\"Bloqueo por Hardware de Libros de Excel con XLS Padlock: Asegure Sus Hojas de C\u00e1lculo Tutorial Paso a Paso\" width=\"1200\" height=\"675\" src=\"https:\/\/www.youtube.com\/embed\/OK86zsA6hRk?feature=oembed\" frameborder=\"0\" allow=\"accelerometer; autoplay; clipboard-write; encrypted-media; gyroscope; picture-in-picture; web-share\" referrerpolicy=\"strict-origin-when-cross-origin\" allowfullscreen><\/iframe>\n<\/div><\/figure>\n\n\n\n<h2 class=\"gb-headline gb-headline-d83f5fe1 gb-headline-text wp-embed-aspect-4-3 wp-has-aspect-ratio\">Convertir Archivos de Excel a Aplicaciones Ejecutables EXE de Windows<\/h2>\n\n\n\n<p class=\"wp-embed-aspect-4-3 wp-has-aspect-ratio\">Dan de <a href=\"https:\/\/excelvbaisfun.com\/product\/excel-to-exe-make-secure-windows-applications-from-excel\/?ref=5\" rel=\"sponsored nofollow noopener\" target=\"_blank\">ExcelVBAIsFun<\/a> le explica c\u00f3mo usar XLS Padlock para convertir archivos de Excel a EXE (dos partes):<\/p>\n\n\n\n<figure class=\"wp-block-embed is-type-video is-provider-youtube wp-block-embed-youtube wp-embed-aspect-16-9 wp-has-aspect-ratio\"><div class=\"wp-block-embed__wrapper\">\n<iframe loading=\"lazy\" title=\"Convertir Archivos de Excel a Aplicaciones Ejecutables EXE de Windows - Extracto de Demostraci\u00f3n de ExcelVbaIsFun - Pt 1\" width=\"1200\" height=\"675\" src=\"https:\/\/www.youtube.com\/embed\/AQfL4PFJkBk?feature=oembed\" frameborder=\"0\" allow=\"accelerometer; autoplay; clipboard-write; encrypted-media; gyroscope; picture-in-picture; web-share\" referrerpolicy=\"strict-origin-when-cross-origin\" allowfullscreen><\/iframe>\n<\/div><\/figure>\n\n\n\n<figure class=\"wp-block-embed is-type-video is-provider-youtube wp-block-embed-youtube wp-embed-aspect-16-9 wp-has-aspect-ratio\"><div class=\"wp-block-embed__wrapper\">\n<iframe loading=\"lazy\" title=\"C\u00f3mo Convertir Archivos de Excel a Aplicaciones Ejecutables EXE de Windows - Extracto de Demostraci\u00f3n de ExcelVbaIsFun - Pt 2\" width=\"1200\" height=\"675\" src=\"https:\/\/www.youtube.com\/embed\/SrxdPQX62UQ?feature=oembed\" frameborder=\"0\" allow=\"accelerometer; autoplay; clipboard-write; encrypted-media; gyroscope; picture-in-picture; web-share\" referrerpolicy=\"strict-origin-when-cross-origin\" allowfullscreen><\/iframe>\n<\/div><\/figure>\n\n\n\n<h2 class=\"gb-headline gb-headline-1a6460a3 gb-headline-text wp-embed-aspect-4-3 wp-has-aspect-ratio\">Presentaci\u00f3n de XLS Padlock<\/h2>\n\n\n\n<p class=\"wp-embed-aspect-4-3 wp-has-aspect-ratio\">Los aspectos b\u00e1sicos de XLS Padlock se revisan r\u00e1pidamente a trav\u00e9s de esta corta presentaci\u00f3n en video.<\/p>\n\n\n\n<figure class=\"wp-block-embed is-type-rich is-provider-embed-handler wp-block-embed-embed-handler wp-embed-aspect-4-3 wp-has-aspect-ratio\"><div class=\"wp-block-embed__wrapper\">\n<iframe loading=\"lazy\" title=\"Presentaci\u00f3n de XLS Padlock - software de protecci\u00f3n de Excel\" width=\"1200\" height=\"900\" src=\"https:\/\/www.youtube.com\/embed\/WogKUpvBlrw?feature=oembed\" frameborder=\"0\" allow=\"accelerometer; autoplay; clipboard-write; encrypted-media; gyroscope; picture-in-picture; web-share\" referrerpolicy=\"strict-origin-when-cross-origin\" allowfullscreen><\/iframe>\n<\/div><\/figure>\n\n\n\n<h2 class=\"gb-headline gb-headline-50bd4627 gb-headline-text\">C\u00f3mo usar el compilador VBA de XLS Padlock<\/h2>\n\n\n\n<p>XLS Padlock tiene un compilador VBA integrado: puede convertir su c\u00f3digo VBA de Excel en bytecode funcional no accesible para los usuarios finales. Convertir partes de sus macros VBA en c\u00f3digo compilado le permite asegurarlas: el c\u00f3digo original ya no existe y no se puede copiar.<\/p>\n\n\n\n<p>Este tutorial en video tiene como objetivo mostrarle c\u00f3mo proteger una funci\u00f3n VBA simple de Excel:<\/p>\n\n\n\n<figure class=\"wp-block-embed is-type-rich is-provider-embed-handler wp-block-embed-embed-handler wp-embed-aspect-16-9 wp-has-aspect-ratio\"><div class=\"wp-block-embed__wrapper\">\n<iframe loading=\"lazy\" title=\"Proteger c\u00f3digo VBA en Excel contra copia con XLS Padlock\" width=\"1200\" height=\"675\" src=\"https:\/\/www.youtube.com\/embed\/pSSvBXm6Cg4?feature=oembed\" frameborder=\"0\" allow=\"accelerometer; autoplay; clipboard-write; encrypted-media; gyroscope; picture-in-picture; web-share\" referrerpolicy=\"strict-origin-when-cross-origin\" allowfullscreen><\/iframe>\n<\/div><\/figure>\n\n\n\n<p><\/p>\n\n<\/div><\/div>","protected":false},"excerpt":{"rendered":"<p>Hardware Locking Excel Spreadsheets with XLS Padlock Learn how to secure your Excel workbooks with hardware locking in this video tutorial. Discover step-by-step how to &#8230; <a title=\"V\u00eddeos y tutoriales\" class=\"read-more\" href=\"https:\/\/www.xlspadlock.com\/es\/video\" aria-label=\"Leer m\u00e1s sobre Screencasts y v\u00eddeo\">Leer m\u00e1s<\/a><\/p>","protected":false},"author":2,"featured_media":0,"parent":0,"menu_order":0,"comment_status":"closed","ping_status":"closed","template":"","meta":{"inline_featured_image":false,"_uag_custom_page_level_css":"","footnotes":""},"class_list":["post-3102","page","type-page","status-publish"],"uagb_featured_image_src":{"full":false,"thumbnail":false,"medium":false,"medium_large":false,"large":false,"1536x1536":false,"2048x2048":false,"trp-custom-language-flag":false,"betterdocs-category-thumb":false},"uagb_author_info":{"display_name":"G.D.G. Software","author_link":"https:\/\/www.xlspadlock.com\/es\/author\/gdgsoft"},"uagb_comment_info":0,"uagb_excerpt":"Hardware Locking Excel Spreadsheets with XLS Padlock Learn how to secure your Excel workbooks with hardware locking in this video tutorial. Discover step-by-step how to ... Read More","_links":{"self":[{"href":"https:\/\/www.xlspadlock.com\/es\/wp-json\/wp\/v2\/pages\/3102","targetHints":{"allow":["GET"]}}],"collection":[{"href":"https:\/\/www.xlspadlock.com\/es\/wp-json\/wp\/v2\/pages"}],"about":[{"href":"https:\/\/www.xlspadlock.com\/es\/wp-json\/wp\/v2\/types\/page"}],"author":[{"embeddable":true,"href":"https:\/\/www.xlspadlock.com\/es\/wp-json\/wp\/v2\/users\/2"}],"replies":[{"embeddable":true,"href":"https:\/\/www.xlspadlock.com\/es\/wp-json\/wp\/v2\/comments?post=3102"}],"version-history":[{"count":0,"href":"https:\/\/www.xlspadlock.com\/es\/wp-json\/wp\/v2\/pages\/3102\/revisions"}],"wp:attachment":[{"href":"https:\/\/www.xlspadlock.com\/es\/wp-json\/wp\/v2\/media?parent=3102"}],"curies":[{"name":"wp","href":"https:\/\/api.w.org\/{rel}","templated":true}]}}