{"id":3363,"date":"2023-02-25T01:03:21","date_gmt":"2023-02-25T00:03:21","guid":{"rendered":"https:\/\/www.xlspadlock.com\/?page_id=3363"},"modified":"2025-11-16T13:29:33","modified_gmt":"2025-11-16T12:29:33","slug":"compilador-vba","status":"publish","type":"page","link":"https:\/\/www.xlspadlock.com\/es\/vba-compiler","title":{"rendered":"Compilador VBA"},"content":{"rendered":"<h1 class=\"gb-headline gb-headline-a9544655 gb-headline-text gb-headline-197f6b28\">Un Compilador VBA Integrado para Macros de Excel. F\u00e1cil VBA a EXE.<\/h1>\n\n\n<div class=\"gb-grid-wrapper gb-grid-wrapper-e22c996b\">\n<div class=\"gb-grid-column gb-grid-column-550ff7d6\"><div class=\"gb-container gb-container-550ff7d6\">\n\n<p>\u00bfBusca un compilador VBA robusto para sus macros de Excel? De hecho, <a href=\"https:\/\/learn.microsoft.com\/en-us\/office\/vba\/language\/reference\/user-interface-help\/visual-basic-conceptual-topics\" target=\"_blank\" rel=\"noopener\">macros VBA<\/a> en hojas de c\u00e1lculo de Excel pueden ser herramientas incre\u00edblemente poderosas, permiti\u00e9ndole automatizar tareas repetitivas y realizar c\u00e1lculos complejos con facilidad. Sin embargo, el c\u00f3digo VBA de Excel que subyace a estas macros es vulnerable al robo, copia y manipulaci\u00f3n.<\/p>\n\n\n\n<p>Afortunadamente, nuestro <a href=\"https:\/\/www.xlspadlock.com\/es\/compilador-excel\/\">compilador de Excel<\/a> XLS Padlock ofrece un integrado <strong>compilador VBA<\/strong>. Este \u00faltimo puede <strong>proteger su c\u00f3digo VBA de Excel compil\u00e1ndolo en c\u00f3digo binario<\/strong> <strong>completamente seguro e inaccesible para otros<\/strong>. Adicionalmente, con la caracter\u00edstica de XLS Padlock de convertir VBA a EXE, puede asegurar a\u00fan m\u00e1s su c\u00f3digo. Luego, distribuirlo como una aplicaci\u00f3n independiente y <a href=\"https:\/\/www.xlspadlock.com\/es\/vender-libros-excel-woocommerce\/\">ganar dinero vendi\u00e9ndolo a sus clientes<\/a>!<\/p>\n\n<\/div><\/div>\n\n<div class=\"gb-grid-column gb-grid-column-90ebb7a2\"><div class=\"gb-container gb-container-90ebb7a2\">\n\n<figure class=\"wp-block-image size-full\"><img loading=\"lazy\" decoding=\"async\" width=\"512\" height=\"394\" src=\"https:\/\/cdn.xlspadlock.com\/20251108182206\/vba-compiling.webp\" alt=\"Compilaci\u00f3n VBA\" class=\"wp-image-3384\" srcset=\"https:\/\/cdn.xlspadlock.com\/20251108182206\/vba-compiling.webp 512w, https:\/\/cdn.xlspadlock.com\/20251108182206\/vba-compiling-300x231.webp 300w\" sizes=\"auto, (max-width: 512px) 100vw, 512px\" \/><\/figure>\n\n<\/div><\/div>\n<\/div>\n\n\n<h2 class=\"wp-block-heading\" id=\"h-what-is-xls-padlock\">\u00bfQu\u00e9 es XLS Padlock?<\/h2>\n\n\n\n<p>XLS Padlock es una herramienta potente que proporciona protecci\u00f3n completa para libros de Excel. Funciona como un <a href=\"https:\/\/www.xlspadlock.com\/es\/compilador-excel\/\">compilador de hojas de c\u00e1lculo<\/a> que ofrece muchas caracter\u00edsticas, incluyendo <a href=\"https:\/\/www.xlspadlock.com\/es\/proteger-libro\/\">protecci\u00f3n de archivos de libro de trabajo por virtualizaci\u00f3n<\/a>, vers\u00e1til<a href=\"https:\/\/www.xlspadlock.com\/es\/libro-excel-activacion-en-linea\/\"> caracter\u00edsticas de licenciamiento<\/a> (incluyendo <a href=\"https:\/\/www.xlspadlock.com\/es\/claves-bloqueadas-hardware\/\">bloqueo por hardware<\/a>) para prevenir el acceso no autorizado y proteger su propiedad intelectual. Adicionalmente, XLS Padlock incluye un compilador VBA integrado que puede compilar su c\u00f3digo VBA a c\u00f3digo binario.<\/p>\n\n\n\n<div style=\"height:19px\" aria-hidden=\"true\" class=\"wp-block-spacer\"><\/div>\n\n\n\n<h2 class=\"wp-block-heading\" id=\"h-how-does-the-vba-compiler-in-xls-padlock-work\">\u00bfC\u00f3mo funciona el Compilador VBA en XLS Padlock?<\/h2>\n\n\n\n<p>El compilador VBA en XLS Padlock funciona tomando su c\u00f3digo VBA de Excel y convirti\u00e9ndolo en un formato. Este c\u00f3digo VBA compilado es, por lo tanto, completamente seguro e inaccesible para otros. El <strong>el c\u00f3digo VBA original ya no es visible, por lo que los usuarios finales no pueden copiarlo ni manipularlo<\/strong>. Al compilar sus macros VBA en c\u00f3digo binario, puede asegurarse de proteger su propiedad intelectual. Finalmente, con la caracter\u00edstica de convertir VBA a EXE, puede asegurar a\u00fan m\u00e1s su c\u00f3digo VBA y compartirlo como una aplicaci\u00f3n independiente.<\/p>\n\n\n\n<p>Aqu\u00ed hay algo de c\u00f3digo VBA movido al compilador VBA. Solo mantiene la declaraci\u00f3n Sub y su End Sub:<\/p>\n\n\n<div class=\"wp-block-image\">\n<figure class=\"aligncenter\"><img loading=\"lazy\" decoding=\"async\" width=\"500\" height=\"157\" src=\"https:\/\/cdn.xlspadlock.com\/20251108181613\/image-14.png\" alt=\"C\u00f3digo VBA Original\" class=\"wp-image-2609\" srcset=\"https:\/\/cdn.xlspadlock.com\/20251108181613\/image-14.png 500w, https:\/\/cdn.xlspadlock.com\/20251108181613\/image-14-300x94.png 300w\" sizes=\"auto, (max-width: 500px) 100vw, 500px\" \/><\/figure>\n<\/div>\n\n\n<p>Una vez movido a nuestro compilador VBA, invoca el c\u00f3digo reemplazado con una funci\u00f3n cr\u00edptica llamada CallXLSPadlockVBA:<\/p>\n\n\n<div class=\"wp-block-image\">\n<figure class=\"aligncenter\"><img loading=\"lazy\" decoding=\"async\" width=\"633\" height=\"227\" src=\"https:\/\/cdn.xlspadlock.com\/20251108181613\/image-15.png\" alt=\"C\u00f3digo VBA Protegido\" class=\"wp-image-2610\" srcset=\"https:\/\/cdn.xlspadlock.com\/20251108181613\/image-15.png 633w, https:\/\/cdn.xlspadlock.com\/20251108181613\/image-15-300x108.png 300w\" sizes=\"auto, (max-width: 633px) 100vw, 633px\" \/><\/figure>\n<\/div>\n\n\n<p>Como se muestra, sustituimos el c\u00f3digo original dentro de la funci\u00f3n calculate() por una llamada a CallXLSPadlockVBA, una funci\u00f3n incorporada de XLS Padlock. <strong>Esta funci\u00f3n ejecuta el bytecode compilado, que es inaccesible para los usuarios finales<\/strong>. Sin embargo, la funci\u00f3n VBA calculate() permanece completamente funcional, incluso en el libro de Excel original antes del proceso de compilaci\u00f3n.<\/p>\n\n\n\n<p>Transferimos el c\u00f3digo VBA original de calculate() al Compilador VBA de XLS Padlock directamente en Microsoft Excel. Despu\u00e9s, compilamos el c\u00f3digo. Ahora podemos invocarlo con CallXLSPadlockVBA({nombre de la subrutina VBA compilada a invocar}).<\/p>\n\n\n<div class=\"wp-block-image\">\n<figure class=\"aligncenter size-full\"><img loading=\"lazy\" decoding=\"async\" width=\"824\" height=\"363\" src=\"https:\/\/cdn.xlspadlock.com\/20251108184327\/image_58.png\" alt=\"Compilador VBA\" class=\"wp-image-4326\" srcset=\"https:\/\/cdn.xlspadlock.com\/20251108184327\/image_58.png 824w, https:\/\/cdn.xlspadlock.com\/20251108184327\/image_58-300x132.png 300w, https:\/\/cdn.xlspadlock.com\/20251108184327\/image_58-768x338.png 768w, https:\/\/cdn.xlspadlock.com\/20251108184327\/image_58-18x8.png 18w, https:\/\/cdn.xlspadlock.com\/20251108184327\/image_58-360x159.png 360w\" sizes=\"auto, (max-width: 824px) 100vw, 824px\" \/><\/figure>\n<\/div>\n\n\n<div style=\"height:34px\" aria-hidden=\"true\" class=\"wp-block-spacer\"><\/div>\n\n\n\n<h2 class=\"wp-block-heading\" id=\"h-what-are-the-benefits-of-using-the-vba-compiler-in-xls-padlock\">\u00bfCu\u00e1les son los beneficios de usar el Compilador VBA en XLS Padlock?<\/h2>\n\n\n\n<p>El Compilador VBA de Excel en XLS Padlock proporciona muchos beneficios, incluyendo:<\/p>\n\n\n\n<div class=\"wp-block-uagb-icon-list uagb-block-bcad4476\"><div class=\"uagb-icon-list__wrap\">\n<div class=\"wp-block-uagb-icon-list-child uagb-block-98ce140e\"><span class=\"uagb-icon-list__source-wrap\"><svg xmlns=\"https:\/\/www.w3.org\/2000\/svg\" viewbox=\"0 0 512 512\"><path d=\"M256 0C114.6 0 0 114.6 0 256c0 141.4 114.6 256 256 256s256-114.6 256-256C512 114.6 397.4 0 256 0zM406.6 278.6l-103.1 103.1c-12.5 12.5-32.75 12.5-45.25 0s-12.5-32.75 0-45.25L306.8 288H128C110.3 288 96 273.7 96 256s14.31-32 32-32h178.8l-49.38-49.38c-12.5-12.5-12.5-32.75 0-45.25s32.75-12.5 45.25 0l103.1 103.1C414.6 241.3 416 251.1 416 256C416 260.9 414.6 270.7 406.6 278.6z\"><\/path><\/svg><\/span><span class=\"uagb-icon-list__label\"><strong>Protecci\u00f3n de su propiedad intelectual:<\/strong> con el compilador VBA de Excel, haga sus macros VBA completamente seguras y su c\u00f3digo inaccesible para otros. Su c\u00f3digo original ya no existe, as\u00ed que no tiene que preocuparse por el acceso no autorizado o la copia.<\/span><\/div>\n\n\n\n<div class=\"wp-block-uagb-icon-list-child uagb-block-1ef9dfb8\"><span class=\"uagb-icon-list__source-wrap\"><svg xmlns=\"https:\/\/www.w3.org\/2000\/svg\" viewbox=\"0 0 512 512\"><path d=\"M256 0C114.6 0 0 114.6 0 256c0 141.4 114.6 256 256 256s256-114.6 256-256C512 114.6 397.4 0 256 0zM406.6 278.6l-103.1 103.1c-12.5 12.5-32.75 12.5-45.25 0s-12.5-32.75 0-45.25L306.8 288H128C110.3 288 96 273.7 96 256s14.31-32 32-32h178.8l-49.38-49.38c-12.5-12.5-12.5-32.75 0-45.25s32.75-12.5 45.25 0l103.1 103.1C414.6 241.3 416 251.1 416 256C416 260.9 414.6 270.7 406.6 278.6z\"><\/path><\/svg><\/span><span class=\"uagb-icon-list__label\"><strong>Rendimiento incrementado:<\/strong> el c\u00f3digo compilado se ejecuta m\u00e1s r\u00e1pido que el c\u00f3digo interpretado, por lo que sus macros se ejecutar\u00e1n m\u00e1s r\u00e1pida y eficientemente.<\/span><\/div>\n\n\n\n<div class=\"wp-block-uagb-icon-list-child uagb-block-d5a3f79f\"><span class=\"uagb-icon-list__source-wrap\"><svg xmlns=\"https:\/\/www.w3.org\/2000\/svg\" viewbox=\"0 0 512 512\"><path d=\"M256 0C114.6 0 0 114.6 0 256c0 141.4 114.6 256 256 256s256-114.6 256-256C512 114.6 397.4 0 256 0zM406.6 278.6l-103.1 103.1c-12.5 12.5-32.75 12.5-45.25 0s-12.5-32.75 0-45.25L306.8 288H128C110.3 288 96 273.7 96 256s14.31-32 32-32h178.8l-49.38-49.38c-12.5-12.5-12.5-32.75 0-45.25s32.75-12.5 45.25 0l103.1 103.1C414.6 241.3 416 251.1 416 256C416 260.9 414.6 270.7 406.6 278.6z\"><\/path><\/svg><\/span><span class=\"uagb-icon-list__label\"><strong>M\u00e1s potente que la simple ofuscaci\u00f3n VBA: <\/strong>funciones enteras o partes de su c\u00f3digo VBA pueden moverse a nuestro compilador VBA. Contrariamente a la ofuscaci\u00f3n VBA, nuestro compilador convierte c\u00f3digo VBA legible por humanos en bytecode dise\u00f1ado para m\u00e1quinas.<\/span><\/div>\n\n\n\n<div class=\"wp-block-uagb-icon-list-child uagb-block-208b90ef\"><span class=\"uagb-icon-list__source-wrap\"><svg xmlns=\"https:\/\/www.w3.org\/2000\/svg\" viewbox=\"0 0 512 512\"><path d=\"M256 0C114.6 0 0 114.6 0 256c0 141.4 114.6 256 256 256s256-114.6 256-256C512 114.6 397.4 0 256 0zM406.6 278.6l-103.1 103.1c-12.5 12.5-32.75 12.5-45.25 0s-12.5-32.75 0-45.25L306.8 288H128C110.3 288 96 273.7 96 256s14.31-32 32-32h178.8l-49.38-49.38c-12.5-12.5-12.5-32.75 0-45.25s32.75-12.5 45.25 0l103.1 103.1C414.6 241.3 416 251.1 416 256C416 260.9 414.6 270.7 406.6 278.6z\"><\/path><\/svg><\/span><span class=\"uagb-icon-list__label\"><strong>Convertir VBA a EXE:<\/strong> Al convertir su c\u00f3digo VBA a EXE, puede crear aplicaciones independientes que son a\u00fan m\u00e1s seguras y no pueden ser abiertas o modificadas sin su permiso, gracias a nuestro sistema opcional de clave de activaci\u00f3n y licencias para libros de Excel. El c\u00f3digo VBA compilado se almacena de forma segura en el archivo EXE por nuestro compilador de Excel.<\/span><\/div>\n<\/div><\/div>\n\n\n\n<div style=\"height:16px\" aria-hidden=\"true\" class=\"wp-block-spacer\"><\/div>\n\n\n\n<h2 class=\"wp-block-heading\" id=\"h-conclusion\">Conclusi\u00f3n<\/h2>\n\n\n\n<p>XLS Padlock ofrece una<strong> soluci\u00f3n potente y conveniente para proteger sus macros VBA<\/strong> en hojas de c\u00e1lculo de Excel. Con su compilador VBA integrado, puede compilar su c\u00f3digo VBA en c\u00f3digo binario que es completamente seguro e inaccesible para otros. Adicionalmente, con la caracter\u00edstica de convertir VBA a EXE, puede asegurar a\u00fan m\u00e1s su c\u00f3digo y <a href=\"https:\/\/www.xlspadlock.com\/es\/vender-libros-excel-woocommerce\/\">distribuirlo como una aplicaci\u00f3n independiente<\/a>, y venda sus aplicaciones de Excel. Esto proporciona una protecci\u00f3n definitiva para su c\u00f3digo VBA, incluso sin una protecci\u00f3n d\u00e9bil con contrase\u00f1a VBA.<\/p>\n\n\n<div class=\"gb-container gb-container-62df9841\">\n\n<div class=\"wp-block-uagb-call-to-action uagb-block-d7504857 wp-block-button\"><div class=\"uagb-cta__wrap\"><h3 class=\"uagb-cta__title\">Pruebe nuestro Compilador VBA<\/h3><p class=\"uagb-cta__desc\">Pruebe XLS Padlock hoy y disfrute de la tranquilidad que viene al saber que su propiedad intelectual est\u00e1 protegida gracias a nuestro compilador VBA de Excel, incluido sin precio adicional en nuestro software de protecci\u00f3n de libros de Excel XLS Padlock.<\/p><\/div><div class=\"uagb-cta__buttons\"><a href=\"\/es\/descargar\/\" class=\"uagb-cta__button-link-wrapper wp-block-button__link\" target=\"_self\" rel=\"noopener noreferrer\">Prueba gratuita<svg xmlns=\"https:\/\/www.w3.org\/2000\/svg\" viewbox=\"0 0 512 512\"><path d=\"M504.3 273.6l-112.1 104c-6.992 6.484-17.18 8.218-25.94 4.406c-8.758-3.812-14.42-12.45-14.42-21.1L351.9 288H32C14.33 288 .0002 273.7 .0002 255.1S14.33 224 32 224h319.9l0-72c0-9.547 5.66-18.19 14.42-22c8.754-3.809 18.95-2.075 25.94 4.41l112.1 104C514.6 247.9 514.6 264.1 504.3 273.6z\"><\/path><\/svg><\/a><\/div><\/div>\n\n<\/div>","protected":false},"excerpt":{"rendered":"<p>Compilador VBA integrado para macros de Excel. Convierte f\u00e1cilmente VBA a EXE. XLS Padlock ofrece protecci\u00f3n completa\u2026 <a title=\"Compilador VBA\" class=\"read-more\" href=\"https:\/\/www.xlspadlock.com\/es\/vba-compiler\" aria-label=\"Leer m\u00e1s sobre Compilador VBA\">Leer m\u00e1s<\/a><\/p>","protected":false},"author":2,"featured_media":0,"parent":0,"menu_order":0,"comment_status":"closed","ping_status":"closed","template":"","meta":{"inline_featured_image":false,"_uag_custom_page_level_css":"","footnotes":""},"class_list":["post-3363","page","type-page","status-publish"],"uagb_featured_image_src":{"full":false,"thumbnail":false,"medium":false,"medium_large":false,"large":false,"1536x1536":false,"2048x2048":false,"trp-custom-language-flag":false,"betterdocs-category-thumb":false},"uagb_author_info":{"display_name":"G.D.G. Software","author_link":"https:\/\/www.xlspadlock.com\/es\/author\/gdgsoft"},"uagb_comment_info":0,"uagb_excerpt":"An Integrated VBA Compiler for Excel Macros. Easy VBA to EXE. What is XLS Padlock? XLS Padlock is a powerful tool that provides complete protection ... Read More","_links":{"self":[{"href":"https:\/\/www.xlspadlock.com\/es\/wp-json\/wp\/v2\/pages\/3363","targetHints":{"allow":["GET"]}}],"collection":[{"href":"https:\/\/www.xlspadlock.com\/es\/wp-json\/wp\/v2\/pages"}],"about":[{"href":"https:\/\/www.xlspadlock.com\/es\/wp-json\/wp\/v2\/types\/page"}],"author":[{"embeddable":true,"href":"https:\/\/www.xlspadlock.com\/es\/wp-json\/wp\/v2\/users\/2"}],"replies":[{"embeddable":true,"href":"https:\/\/www.xlspadlock.com\/es\/wp-json\/wp\/v2\/comments?post=3363"}],"version-history":[{"count":0,"href":"https:\/\/www.xlspadlock.com\/es\/wp-json\/wp\/v2\/pages\/3363\/revisions"}],"wp:attachment":[{"href":"https:\/\/www.xlspadlock.com\/es\/wp-json\/wp\/v2\/media?parent=3363"}],"curies":[{"name":"wp","href":"https:\/\/api.w.org\/{rel}","templated":true}]}}