{"id":2398,"date":"2022-06-12T15:04:04","date_gmt":"2022-06-12T13:04:04","guid":{"rendered":"https:\/\/www.xlspadlock.com\/?page_id=2398"},"modified":"2023-11-26T20:43:43","modified_gmt":"2023-11-26T19:43:43","slug":"fonctionnalites","status":"publish","type":"page","link":"https:\/\/www.xlspadlock.com\/fr\/features","title":{"rendered":"Fonctionnalit\u00e9s"},"content":{"rendered":"<h1 class=\"gb-headline gb-headline-a9544655 gb-headline-text gb-headline-197f6b28\">Tour des fonctionnalit\u00e9s<\/h1>\n\n\n\n<p>Choisissez la fonctionnalit\u00e9 que vous souhaitez explorer :<\/p>\n\n\n\n<div class=\"gb-grid-wrapper gb-grid-wrapper-6d82d4bf gb-query-loop-wrapper\">\n<div class=\"gb-grid-column gb-grid-column-14cf7830 gb-query-loop-item post-2404 page type-page status-publish\"><div class=\"gb-container gb-container-14cf7830\"><div class=\"gb-inside-container\">\n<h2 class=\"gb-headline gb-headline-d29ee5c8 gb-headline-text\"><a href=\"https:\/\/www.xlspadlock.com\/fr\/protect-workbook\">Prot\u00e9gez votre classeur Excel avec XLS Padlock<\/a><\/h2>\n\n<div class=\"gb-headline gb-headline-4ee4a8fa gb-headline-text\">Transformer un classeur Excel en EXE prot\u00e9g\u00e9 \u00c9tapes pour prot\u00e9ger un classeur Excel 1. Dans Excel, ouvrez le classeur que vous souhaitez prot\u00e9ger (tout format Excel\u2026 <a title=\"Prot\u00e9gez votre classeur Excel avec XLS Padlock\" class=\"read-more\" href=\"https:\/\/www.xlspadlock.com\/fr\/protect-workbook\" aria-label=\"En savoir plus sur Protect your Excel workbook with XLS Padlock\">Lire la suite<\/a><\/div>\n<\/div><\/div><\/div>\n\n<div class=\"gb-grid-column gb-grid-column-14cf7830 gb-query-loop-item post-2476 page type-page status-publish\"><div class=\"gb-container gb-container-14cf7830\"><div class=\"gb-inside-container\">\n<h2 class=\"gb-headline gb-headline-d29ee5c8 gb-headline-text\"><a href=\"https:\/\/www.xlspadlock.com\/fr\/distribute-workbook\">Distribuer un classeur prot\u00e9g\u00e9<\/a><\/h2>\n\n<div class=\"gb-headline gb-headline-4ee4a8fa gb-headline-text\">Comment distribuer un classeur prot\u00e9g\u00e9 Il est facile de distribuer un classeur prot\u00e9g\u00e9 avec XLS Padlock. Lorsque vous cliquez sur \u00ab Construire une application s\u00e9curis\u00e9e \u00bb, XLS Padlock g\u00e9n\u00e8re\u2026 <a title=\"Distribuer un classeur prot\u00e9g\u00e9\" class=\"read-more\" href=\"https:\/\/www.xlspadlock.com\/fr\/distribute-workbook\" aria-label=\"En savoir plus sur Distribute a protected workbook\">Lire la suite<\/a><\/div>\n<\/div><\/div><\/div>\n\n<div class=\"gb-grid-column gb-grid-column-14cf7830 gb-query-loop-item post-2507 page type-page status-publish\"><div class=\"gb-container gb-container-14cf7830\"><div class=\"gb-inside-container\">\n<h2 class=\"gb-headline gb-headline-d29ee5c8 gb-headline-text\"><a href=\"https:\/\/www.xlspadlock.com\/fr\/security\">S\u00e9curit\u00e9 pour les classeurs Excel<\/a><\/h2>\n\n<div class=\"gb-headline gb-headline-4ee4a8fa gb-headline-text\">S\u00e9curit\u00e9 optimale pour vos classeurs Excel XLS Padlock offre une s\u00e9curit\u00e9 optimale pour vos classeurs Excel gr\u00e2ce \u00e0 plusieurs options et fonctionnalit\u00e9s de s\u00e9curit\u00e9 d\u00e9taill\u00e9es ci-dessous. Assurez-vous\u2026 <a title=\"S\u00e9curit\u00e9 pour les classeurs Excel\" class=\"read-more\" href=\"https:\/\/www.xlspadlock.com\/fr\/security\" aria-label=\"En savoir plus sur Security for Excel workbooks\">Lire la suite<\/a><\/div>\n<\/div><\/div><\/div>\n\n<div class=\"gb-grid-column gb-grid-column-14cf7830 gb-query-loop-item post-2515 page type-page status-publish\"><div class=\"gb-container gb-container-14cf7830\"><div class=\"gb-inside-container\">\n<h2 class=\"gb-headline gb-headline-d29ee5c8 gb-headline-text\"><a href=\"https:\/\/www.xlspadlock.com\/fr\/hardware-locked-keys\">Protection de classeur Excel avec cl\u00e9s verrouill\u00e9es mat\u00e9riellement<\/a><\/h2>\n\n<div class=\"gb-headline gb-headline-4ee4a8fa gb-headline-text\">Cl\u00e9s li\u00e9es au mat\u00e9riel : un moyen efficace d'emp\u00eacher le partage de votre classeur Excel Vous souhaitez donner acc\u00e8s \u00e0 votre classeur Excel \u00e0 certaines personnes\u2026 <a title=\"Protection de classeur Excel avec cl\u00e9s verrouill\u00e9es mat\u00e9riellement\" class=\"read-more\" href=\"https:\/\/www.xlspadlock.com\/fr\/hardware-locked-keys\" aria-label=\"En savoir plus sur Excel workbook protection with hardware-locked-keys\">Lire la suite<\/a><\/div>\n<\/div><\/div><\/div>\n\n<div class=\"gb-grid-column gb-grid-column-14cf7830 gb-query-loop-item post-2532 page type-page status-publish\"><div class=\"gb-container gb-container-14cf7830\"><div class=\"gb-inside-container\">\n<h2 class=\"gb-headline gb-headline-d29ee5c8 gb-headline-text\"><a href=\"https:\/\/www.xlspadlock.com\/fr\/xl-workbook-online-activation\">Activation et gestion de licences en ligne pour classeurs Excel<\/a><\/h2>\n\n<div class=\"gb-headline gb-headline-4ee4a8fa gb-headline-text\">Activation en ligne : contr\u00f4lez qui peut utiliser votre classeur Excel Vous souhaitez offrir un essai gratuit de votre classeur \u00e0 vos futurs clients et collecter des e-mails\u2026 <a title=\"Activation et gestion de licences en ligne pour classeurs Excel\" class=\"read-more\" href=\"https:\/\/www.xlspadlock.com\/fr\/xl-workbook-online-activation\" aria-label=\"En savoir plus sur Online activation and licensing for Excel workbooks\">Lire la suite<\/a><\/div>\n<\/div><\/div><\/div>\n\n<div class=\"gb-grid-column gb-grid-column-14cf7830 gb-query-loop-item post-2543 page type-page status-publish\"><div class=\"gb-container gb-container-14cf7830\"><div class=\"gb-inside-container\">\n<h2 class=\"gb-headline gb-headline-d29ee5c8 gb-headline-text\"><a href=\"https:\/\/www.xlspadlock.com\/fr\/dongle-protection\">Protection par dongle pour feuilles de calcul Excel<\/a><\/h2>\n\n<div class=\"gb-headline gb-headline-4ee4a8fa gb-headline-text\">Protection par dongle : haute s\u00e9curit\u00e9 pour votre feuille de calcul Excel Vous pouvez verrouiller votre classeur Excel sur un dongle, ce qui signifie que le classeur ne fonctionnera pas\u2026 <a title=\"Protection par dongle pour feuilles de calcul Excel\" class=\"read-more\" href=\"https:\/\/www.xlspadlock.com\/fr\/dongle-protection\" aria-label=\"En savoir plus sur Dongle protection for Excel spreadsheets\">Lire la suite<\/a><\/div>\n<\/div><\/div><\/div>\n\n<div class=\"gb-grid-column gb-grid-column-14cf7830 gb-query-loop-item post-2556 page type-page status-publish\"><div class=\"gb-container gb-container-14cf7830\"><div class=\"gb-inside-container\">\n<h2 class=\"gb-headline gb-headline-d29ee5c8 gb-headline-text\"><a href=\"https:\/\/www.xlspadlock.com\/fr\/sell-workbooks-with-woocommerce\">Vendre des classeurs et licences Excel avec WooCommerce<\/a><\/h2>\n\n<div class=\"gb-headline gb-headline-4ee4a8fa gb-headline-text\">Sell &amp; Secure Excel Workbooks with WooCommerce Integration Kit 2025 Want to sell your Excel workbooks with WooCommerce and without efforts? \u21d2 With XLS Padlock, &#8230; <a title=\"Vendre des classeurs et licences Excel avec WooCommerce\" class=\"read-more\" href=\"https:\/\/www.xlspadlock.com\/fr\/sell-workbooks-with-woocommerce\" aria-label=\"En savoir plus sur Sell Excel workbooks and licenses with WooCommerce\">Lire la suite<\/a><\/div>\n<\/div><\/div><\/div>\n\n<div class=\"gb-grid-column gb-grid-column-14cf7830 gb-query-loop-item post-2573 page type-page status-publish\"><div class=\"gb-container gb-container-14cf7830\"><div class=\"gb-inside-container\">\n<h2 class=\"gb-headline gb-headline-d29ee5c8 gb-headline-text\"><a href=\"https:\/\/www.xlspadlock.com\/fr\/excel-workbook-subscriptions-make-money\">Abonnements pour Classeurs Excel : un moyen de gagner de l'argent<\/a><\/h2>\n\n<div class=\"gb-headline gb-headline-4ee4a8fa gb-headline-text\">G\u00e9n\u00e9rez des revenus r\u00e9guliers avec des abonnements pour les classeurs Excel Oui, vous pouvez g\u00e9n\u00e9rer des revenus r\u00e9guliers \u00e0 partir d'une feuille de calcul Excel que vous avez con\u00e7ue gr\u00e2ce aux abonnements pour Excel\u2026 <a title=\"Abonnements pour Classeurs Excel : un moyen de gagner de l&#039;argent\" class=\"read-more\" href=\"https:\/\/www.xlspadlock.com\/fr\/excel-workbook-subscriptions-make-money\" aria-label=\"En savoir plus sur Subscriptions for Excel Workbooks: way to make money\">Lire la suite<\/a><\/div>\n<\/div><\/div><\/div>\n\n<div class=\"gb-grid-column gb-grid-column-14cf7830 gb-query-loop-item post-2594 page type-page status-publish\"><div class=\"gb-container gb-container-14cf7830\"><div class=\"gb-inside-container\">\n<h2 class=\"gb-headline gb-headline-d29ee5c8 gb-headline-text\"><a href=\"https:\/\/www.xlspadlock.com\/fr\/protect-formulas\">Prot\u00e9gez vos formules Excel avec XLS Padlock<\/a><\/h2>\n\n<div class=\"gb-headline gb-headline-4ee4a8fa gb-headline-text\">Prot\u00e9gez efficacement vos formules dans votre classeur Excel Notre compilateur Excel XLS Padlock vous permet de garder vos formules secr\u00e8tes. Prot\u00e9gez vos formules Excel contre la copie,\u2026 <a title=\"Prot\u00e9gez vos formules Excel avec XLS Padlock\" class=\"read-more\" href=\"https:\/\/www.xlspadlock.com\/fr\/protect-formulas\" aria-label=\"En savoir plus sur Protect your Excel formulas with XLS Padlock\">Lire la suite<\/a><\/div>\n<\/div><\/div><\/div>\n\n<div class=\"gb-grid-column gb-grid-column-14cf7830 gb-query-loop-item post-2605 page type-page status-publish\"><div class=\"gb-container gb-container-14cf7830\"><div class=\"gb-inside-container\">\n<h2 class=\"gb-headline gb-headline-d29ee5c8 gb-headline-text\"><a href=\"https:\/\/www.xlspadlock.com\/fr\/vba-code-protection\">Protection et Compilation du Code VBA<\/a><\/h2>\n\n<div class=\"gb-headline gb-headline-4ee4a8fa gb-headline-text\">S\u00e9curisez votre code VBA Excel avec nos fonctionnalit\u00e9s de protection de code VBA XLS Padlock vous apporte une protection puissante du code VBA et m\u00eame sa compilation. Il vous permet de\u2026 <a title=\"Protection et Compilation du Code VBA\" class=\"read-more\" href=\"https:\/\/www.xlspadlock.com\/fr\/vba-code-protection\" aria-label=\"En savoir plus sur VBA Code Protection and Compilation\">Lire la suite<\/a><\/div>\n<\/div><\/div><\/div>\n\n<div class=\"gb-grid-column gb-grid-column-14cf7830 gb-query-loop-item post-2615 page type-page status-publish\"><div class=\"gb-container gb-container-14cf7830\"><div class=\"gb-inside-container\">\n<h2 class=\"gb-headline gb-headline-d29ee5c8 gb-headline-text\"><a href=\"https:\/\/www.xlspadlock.com\/fr\/save-options\">Autoriser ou interdire l'enregistrement dans votre classeur Excel<\/a><\/h2>\n\n<div class=\"gb-headline gb-headline-4ee4a8fa gb-headline-text\">Autoriser l'enregistrement dans votre classeur Excel ou non ? Avec XLS Padlock, d\u00e9cidez si vous voulez que vos utilisateurs puissent enregistrer leurs modifications dans\u2026 <a title=\"Autoriser ou interdire l&#039;enregistrement dans votre classeur Excel\" class=\"read-more\" href=\"https:\/\/www.xlspadlock.com\/fr\/save-options\" aria-label=\"En savoir plus sur Allow or disallow saving in your Excel workbook\">Lire la suite<\/a><\/div>\n<\/div><\/div><\/div>\n\n<div class=\"gb-grid-column gb-grid-column-14cf7830 gb-query-loop-item post-2620 page type-page status-publish\"><div class=\"gb-container gb-container-14cf7830\"><div class=\"gb-inside-container\">\n<h2 class=\"gb-headline gb-headline-d29ee5c8 gb-headline-text\"><a href=\"https:\/\/www.xlspadlock.com\/fr\/make-setup-installer\">Cr\u00e9er un installeur ou un programme d'installation pour vos classeurs Excel<\/a><\/h2>\n\n<div class=\"gb-headline gb-headline-4ee4a8fa gb-headline-text\">Comment cr\u00e9er un programme d'installation pour vos classeurs Excel Vous pouvez empaqueter votre classeur compil\u00e9 dans un programme d'installation. Configuration\u2026 <a title=\"Cr\u00e9er un installeur ou un programme d&#039;installation pour vos classeurs Excel\" class=\"read-more\" href=\"https:\/\/www.xlspadlock.com\/fr\/make-setup-installer\" aria-label=\"En savoir plus sur Make an installer or Setup for your Excel workbooks\">Lire la suite<\/a><\/div>\n<\/div><\/div><\/div>\n<\/div>","protected":false},"excerpt":{"rendered":"<p>Tour des fonctionnalit\u00e9s Choisissez la fonctionnalit\u00e9 que vous souhaitez explorer :<\/p>","protected":false},"author":2,"featured_media":0,"parent":0,"menu_order":0,"comment_status":"closed","ping_status":"closed","template":"","meta":{"inline_featured_image":false,"_uag_custom_page_level_css":"","footnotes":""},"class_list":["post-2398","page","type-page","status-publish"],"uagb_featured_image_src":{"full":false,"thumbnail":false,"medium":false,"medium_large":false,"large":false,"1536x1536":false,"2048x2048":false,"trp-custom-language-flag":false,"betterdocs-category-thumb":false},"uagb_author_info":{"display_name":"G.D.G. Software","author_link":"https:\/\/www.xlspadlock.com\/fr\/author\/gdgsoft"},"uagb_comment_info":0,"uagb_excerpt":"Feature Tour Choose the feature you want to explore:","_links":{"self":[{"href":"https:\/\/www.xlspadlock.com\/fr\/wp-json\/wp\/v2\/pages\/2398","targetHints":{"allow":["GET"]}}],"collection":[{"href":"https:\/\/www.xlspadlock.com\/fr\/wp-json\/wp\/v2\/pages"}],"about":[{"href":"https:\/\/www.xlspadlock.com\/fr\/wp-json\/wp\/v2\/types\/page"}],"author":[{"embeddable":true,"href":"https:\/\/www.xlspadlock.com\/fr\/wp-json\/wp\/v2\/users\/2"}],"replies":[{"embeddable":true,"href":"https:\/\/www.xlspadlock.com\/fr\/wp-json\/wp\/v2\/comments?post=2398"}],"version-history":[{"count":0,"href":"https:\/\/www.xlspadlock.com\/fr\/wp-json\/wp\/v2\/pages\/2398\/revisions"}],"wp:attachment":[{"href":"https:\/\/www.xlspadlock.com\/fr\/wp-json\/wp\/v2\/media?parent=2398"}],"curies":[{"name":"wp","href":"https:\/\/api.w.org\/{rel}","templated":true}]}}