{"id":2404,"date":"2022-06-14T15:47:11","date_gmt":"2022-06-14T13:47:11","guid":{"rendered":"https:\/\/www.xlspadlock.com\/?page_id=2404"},"modified":"2025-11-16T10:58:50","modified_gmt":"2025-11-16T09:58:50","slug":"proteger-classeur","status":"publish","type":"page","link":"https:\/\/www.xlspadlock.com\/fr\/protect-workbook","title":{"rendered":"Prot\u00e9gez votre classeur Excel avec XLS Padlock"},"content":{"rendered":"<h1 class=\"gb-headline gb-headline-b8c33dad gb-headline-text gb-headline-197f6b28\">Transformer un classeur Excel en EXE prot\u00e9g\u00e9<\/h1>\n\n\n\n<h2 class=\"wp-block-heading\">\u00c9tapes pour prot\u00e9ger un classeur Excel<\/h2>\n\n\n\n<h3 class=\"wp-block-heading\" id=\"1-in-excel-open-the-workbook-you-want-to-protect-any-excel-format-such-as-xls-xlsx-xlsm-xlsb-files-and-save-changes-\">1. Dans Excel, ouvrez le classeur que vous souhaitez prot\u00e9ger (tout format Excel tel que les fichiers XLS, XLSX, XLSM, XLSB) et enregistrez les modifications. <\/h3>\n\n\n\n<h3 class=\"wp-block-heading\" id=\"2-configure-general-and-security-options-in-xls-padlock\">2. Configurez les options g\u00e9n\u00e9rales et de <a href=\"\/fr\/security\/\">s\u00e9curit\u00e9<\/a> dans XLS Padlock.<\/h3>\n\n\n\n<p>Pour d\u00e9marrer le <a href=\"https:\/\/www.xlspadlock.com\/fr\/compilateur-excel\/\">compilateur Excel<\/a>, choisissez <strong>Compiler en EXE<\/strong> dans le menu ou le ruban XLS Padlock :<\/p>\n\n\n<div class=\"wp-block-image\">\n<figure class=\"aligncenter size-full\"><img loading=\"lazy\" decoding=\"async\" width=\"793\" height=\"124\" src=\"https:\/\/cdn.xlspadlock.com\/20251108181104\/image.png\" alt=\"\" class=\"wp-image-2408\" srcset=\"https:\/\/cdn.xlspadlock.com\/20251108181104\/image.png 793w, https:\/\/cdn.xlspadlock.com\/20251108181104\/image-300x47.png 300w, https:\/\/cdn.xlspadlock.com\/20251108181104\/image-768x120.png 768w\" sizes=\"auto, (max-width: 793px) 100vw, 793px\" \/><figcaption class=\"wp-element-caption\"><em>\u00c0 partir d'Excel 2007<\/em>: Ruban \u00ab XLS Padlock \u00bb<\/figcaption><\/figure>\n<\/div>\n\n<div class=\"wp-block-image\">\n<figure class=\"aligncenter size-full\"><img loading=\"lazy\" decoding=\"async\" width=\"672\" height=\"151\" src=\"https:\/\/cdn.xlspadlock.com\/20251108181105\/image-1.png\" alt=\"\" class=\"wp-image-2409\" srcset=\"https:\/\/cdn.xlspadlock.com\/20251108181105\/image-1.png 672w, https:\/\/cdn.xlspadlock.com\/20251108181105\/image-1-300x67.png 300w\" sizes=\"auto, (max-width: 672px) 100vw, 672px\" \/><figcaption class=\"wp-element-caption\"><em>Avant Excel 2007<\/em>: Menu \u00ab XLS Padlock \u00bb<\/figcaption><\/figure>\n<\/div>\n\n\n<p><\/p>\n\n\n\n<div class=\"wp-block-uagb-inline-notice uagb-inline_notice__align-left uagb-block-5742130a uagb-inline_notice__outer-wrap\"><span class=\"uagb-notice-title\">Note<\/span><div class=\"uagb-notice-text\"><p><em>Assurez-vous d'avoir enregistr\u00e9 votre document Excel avant d'ouvrir XLS Padlock.<\/em><\/p><\/div><\/div>\n\n\n<div class=\"wp-block-image\">\n<figure class=\"aligncenter size-full\"><img loading=\"lazy\" decoding=\"async\" width=\"835\" height=\"702\" src=\"https:\/\/cdn.xlspadlock.com\/20251108181105\/xlspadlock1.png\" alt=\"XLS Padlock\" class=\"wp-image-2472\" srcset=\"https:\/\/cdn.xlspadlock.com\/20251108181105\/xlspadlock1.png 835w, https:\/\/cdn.xlspadlock.com\/20251108181105\/xlspadlock1-300x252.png 300w, https:\/\/cdn.xlspadlock.com\/20251108181105\/xlspadlock1-768x646.png 768w\" sizes=\"auto, (max-width: 835px) 100vw, 835px\" \/><\/figure>\n<\/div>\n\n\n<p><\/p>\n\n\n\n<p>Donnez <strong>un titre<\/strong> \u00e0 votre classeur. Il sera affich\u00e9 apr\u00e8s le nom du fichier sur le ruban sup\u00e9rieur de votre classeur, rempla\u00e7ant la mention \u00ab Microsoft Excel \u00bb.<\/p>\n\n\n\n<p>Vous pouvez configurer plusieurs autres options en cliquant sur les ic\u00f4nes appropri\u00e9es dans la barre d'outils. Mais vous pouvez aussi directement cr\u00e9er l'application s\u00e9curis\u00e9e.<\/p>\n\n\n\n<h3 class=\"wp-block-heading\" id=\"3-build-your-workbook-as-secure-application-or-save-your-project\"><strong>3. Construisez votre classeur en tant qu'application s\u00e9curis\u00e9e ou Enregistrez votre projet<\/strong><\/h3>\n\n\n\n<p>Apr\u00e8s avoir configur\u00e9 les param\u00e8tres de votre classeur, vous pouvez soit :<\/p>\n\n\n\n<ul class=\"wp-block-list\">\n<li>construire votre application s\u00e9curis\u00e9e : votre <a href=\"https:\/\/www.xlspadlock.com\/fr\/distribuer-classeur\/\">distribuable<\/a> classeur est compil\u00e9 et pr\u00eat \u00e0 l'emploi.<\/li>\n<\/ul>\n\n\n<div class=\"wp-block-image\">\n<figure class=\"aligncenter size-full\"><img loading=\"lazy\" decoding=\"async\" width=\"274\" height=\"68\" src=\"https:\/\/cdn.xlspadlock.com\/20251108181105\/image-2.png\" alt=\"\" class=\"wp-image-2454\"\/><\/figure>\n<\/div>\n\n\n<ul class=\"wp-block-list\">\n<li>enregistrer votre projet pour le compiler plus tard.<\/li>\n<\/ul>\n\n\n<div class=\"wp-block-image\">\n<figure class=\"aligncenter size-full\"><img loading=\"lazy\" decoding=\"async\" width=\"192\" height=\"69\" src=\"https:\/\/cdn.xlspadlock.com\/20251108181105\/image-3.png\" alt=\"\" class=\"wp-image-2455\"\/><\/figure>\n<\/div>\n\n\n<div class=\"wp-block-uagb-separator uagb-block-cfb09cb4\"><div class=\"wp-block-uagb-separator__inner\" style=\"--my-background-image:url(&quot;data:image\/svg+xml,%3Csvg width='16' height='16' viewBox='0 0 16 16' fill='none' xmlns='http:\/\/www.w3.org\/2000\/svg'%3E%3Cg clip-path='url(%23clip0_2356_5631)'%3E%3Cpath d='M15 1C10.5 1 9 2.5 9 7C13.5 7 15 5.5 15 1Z' stroke='black'\/%3E%3Cpath d='M1 1C5.5 1 7 2.5 7 7C2.5 7 1 5.5 1 1Z' stroke='black'\/%3E%3Cpath d='M15 15C10.5 15 9 13.5 9 9C13.5 9 15 10.5 15 15Z' stroke='black'\/%3E%3Cpath d='M1 15C5.5 15 7 13.5 7 9C2.5 9 1 10.5 1 15Z' stroke='black'\/%3E%3C\/g%3E%3Cdefs%3E%3CclipPath id='clip0_2356_5631'%3E%3Crect width='16' height='16' fill='white'\/%3E%3C\/clipPath%3E%3C\/defs%3E%3C\/svg%3E&quot;)\"><\/div><\/div>\n\n\n\n<div class=\"wp-block-getwid-icon-box has-icon-left has-text-left\"><div class=\"wp-block-getwid-icon-box__icon-container is-position-top\"><div class=\"wp-block-getwid-icon-box__icon-wrapper\"><i class=\"fas fa-arrow-alt-circle-right\"><\/i><\/div><\/div><div class=\"wp-block-getwid-icon-box__content\">\n<h3 class=\"wp-block-heading\">Maintenant, votre classeur Excel est <strong>s\u00e9curis\u00e9<\/strong><\/h3>\n\n\n\n<p>Il peut \u00eatre distribu\u00e9 en fournissant simplement le fichier EXE g\u00e9n\u00e9r\u00e9 par XLS Padlock \u00e0 vos clients et utilisateurs. Bien s\u00fbr, il est recommand\u00e9 de personnaliser les diff\u00e9rentes options offertes par XLS Padlock pour ajouter plus de fonctionnalit\u00e9s \u00e0 votre nouvelle application bas\u00e9e sur Excel.<\/p>\n<\/div><\/div>\n\n\n<div class=\"gb-button-wrapper wp-block-comments-pagination aligncenter\"><a class=\"gb-button gb-button-text gb-button-59335cce\" href=\"https:\/\/www.xlspadlock.com\/fr\/features\" title=\"Fonctionnalit\u00e9s\"><span class=\"gb-button-text\"><i class=\"fa fa-arrow-left\"><\/i>&nbsp;&nbsp;Pr\u00e9c\u00e9dent<\/span><\/a>&nbsp;&nbsp;<a class=\"gb-button gb-button-text gb-button-59335cce\" href=\"https:\/\/www.xlspadlock.com\/fr\/distribute-workbook\" title=\"Distribuer un classeur prot\u00e9g\u00e9\"><span class=\"gb-button-text\">Suivant&nbsp;&nbsp;<i class=\"fa fa-arrow-right\"><\/i><\/span><\/a><\/div>","protected":false},"excerpt":{"rendered":"<p>Transformer un classeur Excel en EXE prot\u00e9g\u00e9 \u00c9tapes pour prot\u00e9ger un classeur Excel 1. Dans Excel, ouvrez le classeur que vous souhaitez prot\u00e9ger (tout format Excel\u2026 <a title=\"Prot\u00e9gez votre classeur Excel avec XLS Padlock\" class=\"read-more\" href=\"https:\/\/www.xlspadlock.com\/fr\/protect-workbook\" aria-label=\"En savoir plus sur Protect your Excel workbook with XLS Padlock\">Lire la suite<\/a><\/p>","protected":false},"author":2,"featured_media":0,"parent":2398,"menu_order":1,"comment_status":"closed","ping_status":"closed","template":"","meta":{"inline_featured_image":false,"_uag_custom_page_level_css":"","footnotes":""},"class_list":["post-2404","page","type-page","status-publish"],"uagb_featured_image_src":{"full":false,"thumbnail":false,"medium":false,"medium_large":false,"large":false,"1536x1536":false,"2048x2048":false,"trp-custom-language-flag":false,"betterdocs-category-thumb":false},"uagb_author_info":{"display_name":"G.D.G. Software","author_link":"https:\/\/www.xlspadlock.com\/fr\/author\/gdgsoft"},"uagb_comment_info":0,"uagb_excerpt":"Turn an Excel workbook into protected EXE Steps to protect an Excel workbook 1. In Excel, open the workbook you want to protect (any Excel ... Read More","_links":{"self":[{"href":"https:\/\/www.xlspadlock.com\/fr\/wp-json\/wp\/v2\/pages\/2404","targetHints":{"allow":["GET"]}}],"collection":[{"href":"https:\/\/www.xlspadlock.com\/fr\/wp-json\/wp\/v2\/pages"}],"about":[{"href":"https:\/\/www.xlspadlock.com\/fr\/wp-json\/wp\/v2\/types\/page"}],"author":[{"embeddable":true,"href":"https:\/\/www.xlspadlock.com\/fr\/wp-json\/wp\/v2\/users\/2"}],"replies":[{"embeddable":true,"href":"https:\/\/www.xlspadlock.com\/fr\/wp-json\/wp\/v2\/comments?post=2404"}],"version-history":[{"count":1,"href":"https:\/\/www.xlspadlock.com\/fr\/wp-json\/wp\/v2\/pages\/2404\/revisions"}],"predecessor-version":[{"id":4564,"href":"https:\/\/www.xlspadlock.com\/fr\/wp-json\/wp\/v2\/pages\/2404\/revisions\/4564"}],"up":[{"embeddable":true,"href":"https:\/\/www.xlspadlock.com\/fr\/wp-json\/wp\/v2\/pages\/2398"}],"wp:attachment":[{"href":"https:\/\/www.xlspadlock.com\/fr\/wp-json\/wp\/v2\/media?parent=2404"}],"curies":[{"name":"wp","href":"https:\/\/api.w.org\/{rel}","templated":true}]}}