{"id":2476,"date":"2022-06-16T09:57:26","date_gmt":"2022-06-16T07:57:26","guid":{"rendered":"https:\/\/www.xlspadlock.com\/?page_id=2476"},"modified":"2025-11-16T11:01:12","modified_gmt":"2025-11-16T10:01:12","slug":"distribuer-classeur","status":"publish","type":"page","link":"https:\/\/www.xlspadlock.com\/fr\/distribute-workbook","title":{"rendered":"Distribuer un classeur prot\u00e9g\u00e9"},"content":{"rendered":"<h1 class=\"gb-headline gb-headline-b8c33dad gb-headline-text gb-headline-197f6b28\">Comment distribuer un classeur prot\u00e9g\u00e9<\/h1>\n\n\n\n<p>Il est facile de distribuer un classeur prot\u00e9g\u00e9 avec XLS Padlock. Lorsque vous cliquez sur \"Construire l'application s\u00e9curis\u00e9e\", XLS Padlock g\u00e9n\u00e8re un seul fichier ex\u00e9cutable (.EXE) reconnu par Windows \u00e0 partir de votre classeur Excel. Ce fichier .EXE est cr\u00e9\u00e9 \u00e0 l'emplacement que vous sp\u00e9cifiez avec \"Chemin de sortie\" :<\/p>\n\n\n<div class=\"wp-block-image\">\n<figure class=\"aligncenter size-full\"><img loading=\"lazy\" decoding=\"async\" width=\"863\" height=\"644\" src=\"https:\/\/cdn.xlspadlock.com\/20251108184218\/annotations_how_to_distribute_a_protected_workbook_image_98.png\" alt=\"\" class=\"wp-image-4216\" srcset=\"https:\/\/cdn.xlspadlock.com\/20251108184218\/annotations_how_to_distribute_a_protected_workbook_image_98.png 863w, https:\/\/cdn.xlspadlock.com\/20251108184218\/annotations_how_to_distribute_a_protected_workbook_image_98-300x224.png 300w, https:\/\/cdn.xlspadlock.com\/20251108184218\/annotations_how_to_distribute_a_protected_workbook_image_98-768x573.png 768w, https:\/\/cdn.xlspadlock.com\/20251108184218\/annotations_how_to_distribute_a_protected_workbook_image_98-16x12.png 16w, https:\/\/cdn.xlspadlock.com\/20251108184218\/annotations_how_to_distribute_a_protected_workbook_image_98-360x269.png 360w\" sizes=\"auto, (max-width: 863px) 100vw, 863px\" \/><\/figure>\n<\/div>\n\n\n<p>Vous <strong>avez juste \u00e0 distribuer ce fichier .EXE<\/strong> \u00e0 vos utilisateurs finaux, rien de plus. Le fichier original du classeur Excel n'est bien s\u00fbr pas requis.<\/p>\n\n\n\n<p>Pour ouvrir votre classeur prot\u00e9g\u00e9, <strong>vos utilisateurs finaux lancent ce fichier .EXE<\/strong>. Rien d'autre n'est requis, sauf une copie locale de Microsoft Excel.<\/p>\n\n\n\n<div class=\"wp-block-uagb-inline-notice uagb-inline_notice__align-left uagb-block-29e45319 uagb-inline_notice__outer-wrap\"><button class=\"uagb-notice-close-button\" type=\"button\" aria-label=\"Fermer\"><\/button><span class=\"uagb-notice-title\">Note<\/span><div class=\"uagb-notice-text\">\n<p><\/p>\n\n\n\n<p>\u00a0\u00a0<code><i class=\"fas fa-info-circle fa-2x\"><\/i><\/code> XLS Padlock fonctionne avec <strong>any recent or old Excel version, including Excel 2024<\/strong> (32 bits ou 64 bits) et Microsoft 365.<\/p>\n<\/div><\/div>\n\n\n\n<p>Lors du lancement du fichier .EXE, Excel est d\u00e9marr\u00e9 et le classeur prot\u00e9g\u00e9 est ouvert. Les utilisateurs finaux peuvent travailler avec comme s'ils l'avaient ouvert de mani\u00e8re habituelle.<\/p>\n\n\n\n<p>Certaines options comme \"Nouveau classeur\", Ouvrir, Enregistrer (facultatif) sont d\u00e9sactiv\u00e9es pour des raisons de s\u00e9curit\u00e9.<\/p>\n\n\n\n<p>Si Excel n'est pas trouv\u00e9 sur l'ordinateur local, un message d'erreur s'affiche. Vous pouvez \u00e9galement configurer votre application pour exiger une version minimale et\/ou maximale d'Excel.<\/p>\n\n\n\n<p>Enfin, vous pouvez aussi <strong>afficher votre propre CLUF (Contrat de Licence Utilisateur Final)<\/strong>. Les utilisateurs finaux doivent accepter avant de pouvoir acc\u00e9der au classeur :<\/p>\n\n\n<div class=\"wp-block-image\">\n<figure class=\"aligncenter size-full\"><img loading=\"lazy\" decoding=\"async\" width=\"807\" height=\"654\" src=\"https:\/\/cdn.xlspadlock.com\/20251108181105\/image-4.png\" alt=\"\" class=\"wp-image-2487\" srcset=\"https:\/\/cdn.xlspadlock.com\/20251108181105\/image-4.png 807w, https:\/\/cdn.xlspadlock.com\/20251108181105\/image-4-300x243.png 300w, https:\/\/cdn.xlspadlock.com\/20251108181105\/image-4-768x622.png 768w\" sizes=\"auto, (max-width: 807px) 100vw, 807px\" \/><\/figure>\n<\/div>\n\n\n<div class=\"wp-block-uagb-inline-notice uagb-inline_notice__align-left uagb-block-f6ccfc45 uagb-inline_notice__outer-wrap\"><button class=\"uagb-notice-close-button\" type=\"button\" aria-label=\"Fermer\"><\/button><span class=\"uagb-notice-title\">Astuce<\/span><div class=\"uagb-notice-text\">\n<p><\/p>\n\n\n\n<p>&nbsp;&nbsp;<code><i class=\"fas fa-info-circle fa-2x\"><\/i><\/code> Si vous voulez cr\u00e9er des raccourcis vers votre classeur ou avoir un d\u00e9sinstalleur, vous pouvez aussi <a href=\"https:\/\/www.xlspadlock.com\/fr\/creer-installateur-setup\/\" data-type=\"page\" data-id=\"2620\">cr\u00e9er un installeur pour votre classeur<\/a>.<\/p>\n\n\n\n<p><\/p>\n<\/div><\/div>\n\n\n<div class=\"gb-button-wrapper wp-block-comments-pagination aligncenter\"><a class=\"gb-button gb-button-text gb-button-59335cce\" href=\"https:\/\/www.xlspadlock.com\/fr\/protect-workbook\" title=\"Prot\u00e9gez votre classeur Excel avec XLS Padlock\"><span class=\"gb-button-text\"><i class=\"fa fa-arrow-left\"><\/i>&nbsp;&nbsp;Pr\u00e9c\u00e9dent<\/span><\/a>&nbsp;&nbsp;<a class=\"gb-button gb-button-text gb-button-59335cce\" href=\"https:\/\/www.xlspadlock.com\/fr\/security\" title=\"S\u00e9curit\u00e9 pour les classeurs Excel\"><span class=\"gb-button-text\">Suivant&nbsp;&nbsp;<i class=\"fa fa-arrow-right\"><\/i><\/span><\/a><\/div>","protected":false},"excerpt":{"rendered":"<p>Comment distribuer un classeur prot\u00e9g\u00e9 Il est facile de distribuer un classeur prot\u00e9g\u00e9 avec XLS Padlock. Lorsque vous cliquez sur \u00ab Construire une application s\u00e9curis\u00e9e \u00bb, XLS Padlock g\u00e9n\u00e8re\u2026 <a title=\"Distribuer un classeur prot\u00e9g\u00e9\" class=\"read-more\" href=\"https:\/\/www.xlspadlock.com\/fr\/distribute-workbook\" aria-label=\"En savoir plus sur Distribute a protected workbook\">Lire la suite<\/a><\/p>","protected":false},"author":2,"featured_media":0,"parent":2398,"menu_order":2,"comment_status":"closed","ping_status":"closed","template":"","meta":{"inline_featured_image":false,"_uag_custom_page_level_css":"","footnotes":""},"class_list":["post-2476","page","type-page","status-publish"],"uagb_featured_image_src":{"full":false,"thumbnail":false,"medium":false,"medium_large":false,"large":false,"1536x1536":false,"2048x2048":false,"trp-custom-language-flag":false,"betterdocs-category-thumb":false},"uagb_author_info":{"display_name":"G.D.G. Software","author_link":"https:\/\/www.xlspadlock.com\/fr\/author\/gdgsoft"},"uagb_comment_info":0,"uagb_excerpt":"How to distribute a protected workbook It&#8217;s easy to distribute a workbook protected with XLS Padlock. When you click \u201cBuild Secure Application\u201d, XLS Padlock generates ... Read More","_links":{"self":[{"href":"https:\/\/www.xlspadlock.com\/fr\/wp-json\/wp\/v2\/pages\/2476","targetHints":{"allow":["GET"]}}],"collection":[{"href":"https:\/\/www.xlspadlock.com\/fr\/wp-json\/wp\/v2\/pages"}],"about":[{"href":"https:\/\/www.xlspadlock.com\/fr\/wp-json\/wp\/v2\/types\/page"}],"author":[{"embeddable":true,"href":"https:\/\/www.xlspadlock.com\/fr\/wp-json\/wp\/v2\/users\/2"}],"replies":[{"embeddable":true,"href":"https:\/\/www.xlspadlock.com\/fr\/wp-json\/wp\/v2\/comments?post=2476"}],"version-history":[{"count":1,"href":"https:\/\/www.xlspadlock.com\/fr\/wp-json\/wp\/v2\/pages\/2476\/revisions"}],"predecessor-version":[{"id":4565,"href":"https:\/\/www.xlspadlock.com\/fr\/wp-json\/wp\/v2\/pages\/2476\/revisions\/4565"}],"up":[{"embeddable":true,"href":"https:\/\/www.xlspadlock.com\/fr\/wp-json\/wp\/v2\/pages\/2398"}],"wp:attachment":[{"href":"https:\/\/www.xlspadlock.com\/fr\/wp-json\/wp\/v2\/media?parent=2476"}],"curies":[{"name":"wp","href":"https:\/\/api.w.org\/{rel}","templated":true}]}}