{"id":2507,"date":"2022-06-17T10:38:19","date_gmt":"2022-06-17T08:38:19","guid":{"rendered":"https:\/\/www.xlspadlock.com\/?page_id=2507"},"modified":"2025-11-16T15:55:59","modified_gmt":"2025-11-16T14:55:59","slug":"security","status":"publish","type":"page","link":"https:\/\/www.xlspadlock.com\/fr\/security","title":{"rendered":"S\u00e9curit\u00e9 pour les classeurs Excel"},"content":{"rendered":"\n<h1 class=\"gb-headline gb-headline-70402978 gb-headline-text gb-headline-197f6b28\">Optimal security for your Excel workbooks<\/h1>\n\n\n\n<p>XLS Padlock provides optimal security for your Excel workbooks through several security options and features as detailed below.<\/p>\n\n\n<div class=\"wp-block-image is-resized\">\n<figure class=\"alignright\"><img decoding=\"async\" src=\"data:image\/svg+xml;utf8;base64,PD94bWwgdmVyc2lvbj0iMS4wIiBlbmNvZGluZz0iaXNvLTg4NTktMSI\/Pgo8IS0tIEdlbmVyYXRvcjogQWRvYmUgSWxsdXN0cmF0b3IgMTkuMC4wLCBTVkcgRXhwb3J0IFBsdWctSW4gLiBTVkcgVmVyc2lvbjogNi4wMCBCdWlsZCAwKSAgLS0+CjxzdmcgeG1sbnM9Imh0dHA6Ly93d3cudzMub3JnLzIwMDAvc3ZnIiB4bWxuczp4bGluaz0iaHR0cDovL3d3dy53My5vcmcvMTk5OS94bGluayIgdmVyc2lvbj0iMS4xIiBpZD0iTGF5ZXJfMSIgeD0iMHB4IiB5PSIwcHgiIHZpZXdCb3g9IjAgMCA0OTUgNDk1IiBzdHlsZT0iZW5hYmxlLWJhY2tncm91bmQ6bmV3IDAgMCA0OTUgNDk1OyIgeG1sOnNwYWNlPSJwcmVzZXJ2ZSIgd2lkdGg9IjUxMnB4IiBoZWlnaHQ9IjUxMnB4Ij4KPGc+Cgk8cGF0aCBzdHlsZT0iZmlsbDojOUJDOUZGOyIgZD0iTTE4MCwxMDcuNWMwLTM3LjIyLDMwLjI4LTY3LjUsNjcuNS02Ny41UzMxNSw3MC4yOCwzMTUsMTA3LjVWMTc1aDQwdi02Ny41ICAgQzM1NSw0OC4yMjQsMzA2Ljc3NiwwLDI0Ny41LDBTMTQwLDQ4LjIyNCwxNDAsMTA3LjVWMTc1aDQwVjEwNy41eiIvPgoJPHBvbHlnb24gc3R5bGU9ImZpbGw6IzAwM0Y4QTsiIHBvaW50cz0iMjQ3LjUsMTc1IDI0Ny41LDMyNy41ODggMjg3LjU1LDI4Ny41MzggMzE1LjgzNSwzMTUuODIyIDI0Ny41LDM4NC4xNTYgMjQ3LjUsNDk1IDQyNSw0OTUgICAgNDI1LDE3NSAgIi8+Cgk8cG9seWdvbiBzdHlsZT0iZmlsbDojMjQ4OEZGOyIgcG9pbnRzPSIyMzUuMDUyLDM5Ni42MDQgMTcyLjcwOSwzMzQuMjYyIDIwMC45OTIsMzA1Ljk3OCAyMzUuMDUyLDM0MC4wMzYgMjQ3LjUsMzI3LjU4OCAyNDcuNSwxNzUgICAgNzAsMTc1IDcwLDQ5NSAyNDcuNSw0OTUgMjQ3LjUsMzg0LjE1NiAgIi8+Cgk8cG9seWdvbiBzdHlsZT0iZmlsbDojQkREQkZGOyIgcG9pbnRzPSIyMDAuOTkyLDMwNS45NzggMTcyLjcwOSwzMzQuMjYyIDIzNS4wNTIsMzk2LjYwNCAyNDcuNSwzODQuMTU2IDMxNS44MzUsMzE1LjgyMiAgICAyODcuNTUsMjg3LjUzOCAyNDcuNSwzMjcuNTg4IDIzNS4wNTIsMzQwLjAzNiAgIi8+CjwvZz4KPGc+CjwvZz4KPGc+CjwvZz4KPGc+CjwvZz4KPGc+CjwvZz4KPGc+CjwvZz4KPGc+CjwvZz4KPGc+CjwvZz4KPGc+CjwvZz4KPGc+CjwvZz4KPGc+CjwvZz4KPGc+CjwvZz4KPGc+CjwvZz4KPGc+CjwvZz4KPGc+CjwvZz4KPGc+CjwvZz4KPC9zdmc+Cg==\" alt=\"\" style=\"width:122px;height:auto\"\/><\/figure>\n<\/div>\n\n\n<h2 class=\"wp-block-heading\"> Make the sharing of your workbook impossible&#8230;  <\/h2>\n\n\n\n<p>\u21d2 Make your workbook <strong>accessible on one computer only<\/strong>, thanks to <a href=\"\/hardware-locked-keys\"><strong>hardware-locked keys<\/strong><\/a>.<\/p>\n\n\n\n<p>\u21d2 Make your workbook accessible only <strong>when a <a href=\"\/dongle-protection\">dongle<\/a> or USB stick is inserted<\/strong>.<\/p>\n\n\n\n<p>\u21d2 <strong>Control who can use your workbook<\/strong> thanks to the <a href=\"\/xl-workbook-online-activation\">online activation and validation features<\/a>.<\/p>\n\n\n<div class=\"wp-block-image is-resized\">\n<figure class=\"alignright\"><img decoding=\"async\" src=\"data:image\/svg+xml;utf8;base64,PD94bWwgdmVyc2lvbj0iMS4wIj8+CjxzdmcgeG1sbnM9Imh0dHA6Ly93d3cudzMub3JnLzIwMDAvc3ZnIiBoZWlnaHQ9IjUxMnB4IiB2aWV3Qm94PSIwIC0xNyA1MTIuMDAwMDMgNTEyIiB3aWR0aD0iNTEycHgiPjxwYXRoIGQ9Im01OS43MzQzNzUgNTkuNzM0Mzc1aDE3LjA2NjQwNmM0LjcxMDkzOCAwIDguNTMxMjUtMy44MjAzMTMgOC41MzEyNS04LjUzNTE1NiAwLTQuNzEwOTM4LTMuODIwMzEyLTguNTMxMjUtOC41MzEyNS04LjUzMTI1aC0xNy4wNjY0MDZjLTQuNzE0ODQ0IDAtOC41MzUxNTYgMy44MjAzMTItOC41MzUxNTYgOC41MzEyNSAwIDQuNzE0ODQzIDMuODIwMzEyIDguNTM1MTU2IDguNTM1MTU2IDguNTM1MTU2em0wIDAiIGZpbGw9IiMwMDAwMDAiLz48cGF0aCBkPSJtMTEwLjkzMzU5NCA1OS43MzQzNzVoMTcuMDY2NDA2YzQuNzEwOTM4IDAgOC41MzUxNTYtMy44MjAzMTMgOC41MzUxNTYtOC41MzUxNTYgMC00LjcxMDkzOC0zLjgyNDIxOC04LjUzMTI1LTguNTM1MTU2LTguNTMxMjVoLTE3LjA2NjQwNmMtNC43MTQ4NDQgMC04LjUzNTE1NiAzLjgyMDMxMi04LjUzNTE1NiA4LjUzMTI1IDAgNC43MTQ4NDMgMy44MjAzMTIgOC41MzUxNTYgOC41MzUxNTYgOC41MzUxNTZ6bTAgMCIgZmlsbD0iIzAwMDAwMCIvPjxwYXRoIGQ9Im0xNjIuMTMyODEyIDU5LjczNDM3NWgzNC4xMzI4MTNjNC43MTQ4NDQgMCA4LjUzNTE1Ni0zLjgyMDMxMyA4LjUzNTE1Ni04LjUzNTE1NiAwLTQuNzEwOTM4LTMuODIwMzEyLTguNTMxMjUtOC41MzUxNTYtOC41MzEyNWgtMzQuMTMyODEzYy00LjcxMDkzNyAwLTguNTMxMjUgMy44MjAzMTItOC41MzEyNSA4LjUzMTI1IDAgNC43MTQ4NDMgMy44MjAzMTMgOC41MzUxNTYgOC41MzEyNSA4LjUzNTE1NnptMCAwIiBmaWxsPSIjMDAwMDAwIi8+PHBhdGggZD0ibTIzMC4zOTg0MzggNTkuNzM0Mzc1aDE4Ny43MzQzNzRjNC43MTQ4NDQgMCA4LjUzNTE1Ny0zLjgyMDMxMyA4LjUzNTE1Ny04LjUzNTE1NiAwLTQuNzEwOTM4LTMuODIwMzEzLTguNTMxMjUtOC41MzUxNTctOC41MzEyNWgtMTg3LjczNDM3NGMtNC43MTA5MzggMC04LjUzMTI1IDMuODIwMzEyLTguNTMxMjUgOC41MzEyNSAwIDQuNzE0ODQzIDMuODIwMzEyIDguNTM1MTU2IDguNTMxMjUgOC41MzUxNTZ6bTAgMCIgZmlsbD0iIzAwMDAwMCIvPjxwYXRoIGQ9Im00ODYuMzk4NDM4IDE3MC42Njc5NjloLTE3LjA2NjQwN3YtMTI4Yy0uMDI3MzQzLTIzLjU1NDY4OC0xOS4xMTMyODEtNDIuNjQwNjI1Mi00Mi42NjQwNjItNDIuNjY3OTY5aC0zODRjLTIzLjU1NDY4OC4wMjczNDM4LTQyLjY0MDYyNTIgMTkuMTEzMjgxLTQyLjY2Nzk2OSA0Mi42Njc5Njl2MzE1LjczMDQ2OWMuMDI3MzQzOCAyMy41NTQ2ODcgMTkuMTEzMjgxIDQyLjY0MDYyNCA0Mi42Njc5NjkgNDIuNjY3OTY4aDE2Mi4xMzI4MTJ2NTEuMTk5MjE5YzAgMTQuMTQwNjI1IDExLjQ2MDkzOCAyNS42MDE1NjMgMjUuNTk3NjU3IDI1LjYwMTU2M2gyNTZjMTQuMTQwNjI0IDAgMjUuNjAxNTYyLTExLjQ2MDkzOCAyNS42MDE1NjItMjUuNjAxNTYzdi0yNTZjMC0xNC4xMzY3MTktMTEuNDYwOTM4LTI1LjU5NzY1Ni0yNS42MDE1NjItMjUuNTk3NjU2em0tNDQzLjczMDQ2OSAyMTMuMzMyMDMxYy0xNC4xNDA2MjUgMC0yNS42MDE1NjMtMTEuNDYwOTM4LTI1LjYwMTU2My0yNS42MDE1NjJ2LTMxNS43MzA0NjljMC0xNC4xNDA2MjUgMTEuNDYwOTM4LTI1LjYwMTU2MyAyNS42MDE1NjMtMjUuNjAxNTYzaDM4NGMxNC4xMzY3MTkgMCAyNS41OTc2NTYgMTEuNDYwOTM4IDI1LjU5NzY1NiAyNS42MDE1NjN2MTI4aC0yNS41OTc2NTZ2LTY4LjI2OTUzMWMwLTkuNDI1NzgyLTcuNjQwNjI1LTE3LjA2NjQwNy0xNy4wNjY0MDctMTcuMDY2NDA3aC0zNDkuODY3MTg3Yy05LjIwNzAzMS0uMTk1MzEyLTE2LjgzOTg0NCA3LjA5Mzc1LTE3LjA2NjQwNiAxNi4zMDA3ODF2MjQwLjQ2ODc1Yy4yMjY1NjIgOS4yMDcwMzIgNy44NTkzNzUgMTYuNDkyMTg4IDE3LjA2NjQwNiAxNi4yOTY4NzZoMTQ1LjA2NjQwNnYyNS42MDE1NjJ6bTE4Ny43MzA0NjktMjEzLjMzMjAzMWMtMTAuODA4NTk0LjA0Mjk2OS0yMC40MjU3ODIgNi44NzUtMjQuMDI3MzQ0IDE3LjA2NjQwNmgtNjkuODM1OTM4di0zNC4xMzI4MTNoMjczLjA2NjQwNnYxNy4wNjY0MDd6bS0xNzAuNjY0MDYzIDE3MC41OTc2NTZ2LTM0LjA2NjQwNmg1OS43MzA0Njl2MzQuMTMyODEyem0zNDkuODY3MTg3LTIzOC44NjcxODd2MzQuMTM2NzE4aC0yNzMuMDY2NDA2di0zNC4xMzY3MTh6bS0yOTAuMTM2NzE4IDM0LjEzNjcxOGgtNTkuNzMwNDY5di0zNC4xMzY3MThoNTkuNzMwNDY5em0tNTkuNzMwNDY5IDExOS40NjQ4NDRoNTkuNzMwNDY5djM0LjEzMjgxMmgtNTkuNzMwNDY5em03Ni44MDA3ODEgMGg2OC4yNjU2MjV2MzQuMTMyODEyaC02OC4yNjU2MjV6bTY4LjI2NTYyNS0xNy4wNjY0MDZoLTY4LjI2NTYyNXYtMzQuMTMyODEzaDY4LjI2NTYyNXptLTg1LjMzNTkzNyAwaC01OS43MzA0Njl2LTM0LjEzMjgxM2g1OS43MzA0Njl6bS01OS43MzA0NjktNTEuMTk5MjE5di0zNC4xMzI4MTNoNTkuNzMwNDY5djM0LjEzMjgxM3ptNzYuODAwNzgxIDExOS40NjQ4NDRoNjguMjY1NjI1djM0LjEzMjgxMmgtNjguMjY1NjI1em0zNTguMzk4NDM4IDE0NS4wNjY0MDZjMCA0LjcxNDg0NC0zLjgyMDMxMyA4LjUzNTE1Ni04LjUzNTE1NiA4LjUzNTE1NmgtMjU2Yy00LjcxMDkzOCAwLTguNTMxMjUtMy44MjAzMTItOC41MzEyNS04LjUzNTE1NnYtMjU2YzAtNC43MTA5MzcgMy44MjAzMTItOC41MzEyNSA4LjUzMTI1LTguNTMxMjVoMjU2YzQuNzE0ODQzIDAgOC41MzUxNTYgMy44MjAzMTMgOC41MzUxNTYgOC41MzEyNXptMCAwIiBmaWxsPSIjMDAwMDAwIi8+PHBhdGggZD0ibTM0OS44NjcxODggMzA3LjE5OTIxOWgtMzIuNDI1NzgybDYuODI0MjE5LTY4LjI2NTYyNWMwLTkuNDI1NzgyIDcuNjQwNjI1LTE3LjA2NjQwNiAxNy4wNjY0MDYtMTcuMDY2NDA2czE3LjA2NjQwNyA3LjY0MDYyNCAxNy4wNjY0MDcgMTcuMDY2NDA2YzAgNC43MTA5MzcgMy44MjAzMTIgOC41MzEyNSA4LjUzNTE1NiA4LjUzMTI1IDQuNzEwOTM3IDAgOC41MzEyNS0zLjgyMDMxMyA4LjUzMTI1LTguNTMxMjUtLjM3NS0xOC40MTAxNTYtMTUuMjg1MTU2LTMzLjE5OTIxOS0zMy42OTkyMTktMzMuNDI5Njg4LTE4LjQxMDE1Ni0uMjMwNDY4LTMzLjY4MzU5NCAxNC4xODM1OTQtMzQuNTIzNDM3IDMyLjU3NDIxOWwtNi44NjcxODggNjkuMTIxMDk0aC0yNy4zMDg1OTRjLTQuNzEwOTM3IDAtOC41MzEyNSAzLjgyMDMxMi04LjUzMTI1IDguNTM1MTU2IDAgNC43MTA5MzcgMy44MjAzMTMgOC41MzEyNSA4LjUzMTI1IDguNTMxMjVoMjUuNjAxNTYzbC04LjUzNTE1NyA4NS4zMzU5MzdjMCA5LjQyNTc4Mi03LjY0MDYyNCAxNy4wNjY0MDctMTcuMDY2NDA2IDE3LjA2NjQwNy05LjQyNTc4MSAwLTE3LjA2NjQwNi03LjY0MDYyNS0xNy4wNjY0MDYtMTcuMDY2NDA3IDAtNC43MTQ4NDMtMy44MjAzMTItOC41MzUxNTYtOC41MzUxNTYtOC41MzUxNTYtNC43MTA5MzggMC04LjUzMTI1IDMuODIwMzEzLTguNTMxMjUgOC41MzUxNTYuMzc4OTA2IDE4LjQwNjI1IDE1LjI4OTA2MiAzMy4xOTUzMTMgMzMuNjk5MjE4IDMzLjQyNTc4MiAxOC40MTAxNTcuMjMwNDY4IDMzLjY4NzUtMTQuMTc5Njg4IDM0LjUyMzQzOC0zMi41NzQyMTlsOC41NzgxMjUtODYuMTg3NWgzNC4xMzI4MTNjNC43MTA5MzcgMCA4LjUzMTI1LTMuODIwMzEzIDguNTMxMjUtOC41MzEyNSAwLTQuNzE0ODQ0LTMuODIwMzEzLTguNTM1MTU2LTguNTMxMjUtOC41MzUxNTZ6bTAgMCIgZmlsbD0iIzAwMDAwMCIvPjxwYXRoIGQ9Im00NDkuNzY1NjI1IDM0My44MzIwMzFjLTMuMzMyMDMxLTMuMzI4MTI1LTguNzM0Mzc1LTMuMzI4MTI1LTEyLjA2NjQwNiAwbC0zMi4zNjcxODggMzIuMzY3MTg4LTMyLjM2NzE4Ny0zMi4zNjcxODhjLTMuMzQ3NjU2LTMuMjMwNDY5LTguNjY3OTY5LTMuMTg3NS0xMS45NjA5MzguMTA1NDY5LTMuMjkyOTY4IDMuMjkyOTY5LTMuMzM1OTM3IDguNjEzMjgxLS4xMDU0NjggMTEuOTYwOTM4bDMyLjM2NzE4NyAzMi4zNjcxODctMzIuMzY3MTg3IDMyLjM2NzE4N2MtMi4yMTQ4NDQgMi4xNDQ1MzItMy4xMDU0NjkgNS4zMTY0MDctMi4zMjQyMTkgOC4zMDA3ODIuNzgxMjUgMi45ODA0NjggMy4xMDkzNzUgNS4zMTI1IDYuMDkzNzUgNi4wOTM3NXM2LjE1NjI1LS4xMDkzNzUgOC4yOTY4NzUtMi4zMjgxMjVsMzIuMzY3MTg3LTMyLjM2NzE4OCAzMi4zNjcxODggMzIuMzY3MTg4YzMuMzQ3NjU2IDMuMjM0Mzc1IDguNjcxODc1IDMuMTg3NSAxMS45NjQ4NDMtLjEwMTU2MyAzLjI4OTA2My0zLjI5Mjk2OCAzLjMzNTkzOC04LjYxNzE4Ny4xMDE1NjMtMTEuOTY0ODQ0bC0zMi4zNjcxODctMzIuMzY3MTg3IDMyLjM2NzE4Ny0zMi4zNjcxODdjMy4zMzIwMzEtMy4zMzIwMzIgMy4zMzIwMzEtOC43MzQzNzYgMC0xMi4wNjY0MDd6bTAgMCIgZmlsbD0iIzAwMDAwMCIvPjwvc3ZnPgo=\" alt=\"\" style=\"width:123px;height:auto\"\/><\/figure>\n<\/div>\n\n\n<h2 class=\"wp-block-heading\" id=\"protect-your-formulas\">Protect your formulas, great security for your Excel workbooks&#8230;<\/h2>\n\n\n\n<p>\u21d2 <strong>Keep your formulas secret<\/strong> with <a href=\"\/protect-formulas\">formula protection<\/a>.<\/p>\n\n\n\n<p>\u21d2 Calculations will work, but users will not have access to your formulas.<\/p>\n\n\n\n<p>\u21d2 Disable the Formular Bar.<\/p>\n\n\n<div class=\"wp-block-image is-resized\">\n<figure class=\"alignright\"><img decoding=\"async\" src=\"data:image\/svg+xml;utf8;base64,PD94bWwgdmVyc2lvbj0iMS4wIj8+CjxzdmcgeG1sbnM9Imh0dHA6Ly93d3cudzMub3JnLzIwMDAvc3ZnIiBoZWlnaHQ9IjUxMnB4IiB2aWV3Qm94PSIwIC02NCA0NjkuMzMzMzMgNDY5IiB3aWR0aD0iNTEycHgiPjxwYXRoIGQ9Im0zNTIuMTU2MjUgNjguMjkyOTY5IDUwLjA1MDc4MS01MC4wNTA3ODFjNC4wNDI5NjktNC4xODM1OTQgMy45ODQzNzUtMTAuODM1OTM4LS4xMjg5MDYtMTQuOTUzMTI2LTQuMTEzMjgxLTQuMTEzMjgxLTEwLjc2NTYyNS00LjE3MTg3NC0xNC45NTMxMjUtLjEyODkwNmwtNTYuNDMzNTk0IDU2LjQzMzU5NGMtMzAuNzgxMjUtMTEuMTc1NzgxLTYzLjI3NzM0NC0xNi44OTA2MjUtOTYuMDIzNDM3LTE2Ljg5MDYyNS0xNDUuNzkyOTY5IDAtMjM0LjY2Nzk2OSAxMTAuODMyMDMxLTIzNC42Njc5NjkgMTI4IDAgMTEuODc4OTA2IDQyLjYyNSA2OC41ODU5MzcgMTE3LjE3NTc4MSAxMDIuNDA2MjVsLTUwLjA1MDc4MSA1MC4wNTA3ODFjLTIuNzczNDM4IDIuNjc5Njg4LTMuODgyODEyIDYuNjQ0NTMyLTIuOTEwMTU2IDEwLjM3NS45NzY1NjIgMy43MzA0NjkgMy44OTA2MjUgNi42NDA2MjUgNy42MjEwOTQgNy42MTcxODggMy43MjY1NjIuOTc2NTYyIDcuNjk1MzEyLS4xMzY3MTkgMTAuMzcxMDkzLTIuOTEwMTU2bDU2LjQzMzU5NC01Ni40Mjk2ODhjMzAuNzgxMjUgMTEuMTcxODc1IDYzLjI3NzM0NCAxNi44OTA2MjUgOTYuMDI3MzQ0IDE2Ljg5MDYyNSAxNDUuNzg5MDYyIDAgMjM0LjY2NDA2Mi0xMTAuODMyMDMxIDIzNC42NjQwNjItMTI4IDAtMTEuODgyODEzLTQyLjYyNS02OC41ODU5MzctMTE3LjE3NTc4MS0xMDIuNDEwMTU2em0tMzMwLjA1MDc4MSAxMDIuNDEwMTU2YzUwLjYwMTU2Mi02Ni40NDUzMTMgMTI5LjA0Njg3NS0xMDUuODA4NTk0IDIxMi41NjI1LTEwNi42Njc5NjkgMjYuODQzNzUuMDE1NjI1IDUzLjUyMzQzNyA0LjIzODI4MiA3OS4wNjI1IDEyLjUxOTUzMmwtMzQuNTU4NTk0IDM0LjU1ODU5M2MtMTIuODAwNzgxLTkuNzMwNDY5LTI4LjQyNTc4MS0xNS4wMjM0MzctNDQuNTAzOTA2LTE1LjA3ODEyNS00MS4yMTg3NS4wNTA3ODItNzQuNjE3MTg4IDMzLjQ0OTIxOS03NC42Njc5NjkgNzQuNjY3OTY5LjA1MDc4MSAxNi4wNzgxMjUgNS4zNDM3NSAzMS43MDMxMjUgMTUuMDc0MjE5IDQ0LjUwNzgxM2wtNDEuNTU0Njg4IDQxLjU1NDY4N2MtNDQuMTc5Njg3LTE4LjE4MzU5NC04Mi42NjQwNjItNDcuOTA2MjUtMTExLjQxNDA2Mi04Ni4wNjI1em0yNjUuODk0NTMxIDBjLjAzMTI1IDE5LjYzMjgxMy0xMC43NDYwOTQgMzcuNjkxNDA2LTI4LjAzOTA2MiA0Ni45ODgyODEtMTcuMjk2ODc2IDkuMjkyOTY5LTM4LjMwNDY4OCA4LjMyMDMxMy01NC42NjAxNTctMi41MzkwNjJsNzMuODEyNS03My44MTI1YzUuNzkyOTY5IDguNjk1MzEyIDguODg2NzE5IDE4LjkxNDA2MiA4Ljg4NjcxOSAyOS4zNjMyODF6bS0xMDYuNjY3OTY5IDBjLS4wMjczNDMtMTkuNjM2NzE5IDEwLjc0NjA5NC0zNy42OTE0MDYgMjguMDQyOTY5LTQ2Ljk4ODI4MSAxNy4yOTI5NjktOS4yOTY4NzUgMzguMzAwNzgxLTguMzIwMzEzIDU0LjY2MDE1NiAyLjUzOTA2MmwtNzMuODEyNSA3My44MTI1Yy01Ljc5Njg3NS04LjY5OTIxOC04Ljg4NjcxOC0xOC45MTQwNjItOC44OTA2MjUtMjkuMzYzMjgxem01My4zMzU5MzggMTA2LjY2NDA2M2MtMjYuODQ3NjU3LS4wMTE3MTktNTMuNTI3MzQ0LTQuMjM4MjgyLTc5LjA2NjQwNy0xMi41MTk1MzJsMzQuNTYyNS0zNC41NTg1OTRjMTIuODAwNzgyIDkuNzMwNDY5IDI4LjQyMTg3NiAxNS4wMjM0MzggNDQuNTAzOTA3IDE1LjA3ODEyNiA0MS4yMTQ4NDMtLjA0Njg3NiA3NC42MTcxODctMzMuNDQ5MjE5IDc0LjY2NDA2Mi03NC42NjQwNjMtLjA1MDc4MS0xNi4wODIwMzEtNS4zNDM3NS0zMS43MDcwMzEtMTUuMDc0MjE5LTQ0LjUwNzgxM2w0MS41NTQ2ODgtNDEuNTU0Njg3YzQ0LjE4MzU5NCAxOC4xNzk2ODcgODIuNjY0MDYyIDQ3LjkwNjI1IDExMS40MTc5NjkgODYuMDYyNS01MC42MDU0NjkgNjYuNDQ1MzEzLTEyOS4wNDY4NzUgMTA1LjgwODU5NC0yMTIuNTYyNSAxMDYuNjY0MDYzem0wIDAiIGZpbGw9IiMwMDAwMDAiLz48L3N2Zz4K\" alt=\"\" style=\"width:112px;height:auto\"\/><\/figure>\n<\/div>\n\n\n<h2 class=\"wp-block-heading\" id=\"protect-your-excel-vba-code\">Protect your Excel VBA code, a perfect security for Excel workbooks<\/h2>\n\n\n\n<p>\u21d2 <a href=\"\/vba-code-protection\">Secure your sensitive VBA code<\/a> thanks to the <a href=\"https:\/\/www.xlspadlock.com\/vba-compiler\">Excel VBA compiler of XLS Padlock<\/a>.<\/p>\n\n\n\n<p>\u21d2 Stop access to the VBA Project by locking your project or preventing access to the Visual Basic Editor.<\/p>\n\n\n\n<h2 class=\"wp-block-heading\" id=\"prevent-user-actions\">Prevent user actions in your Excel spreadsheets<\/h2>\n\n\n\n<p>You have several options to prevent some usual user actions:<\/p>\n\n\n\n<ul class=\"wp-block-list\">\n<li>prevent loading and saving other spreadsheets in the same Excel instance.<\/li>\n\n\n\n<li>disable print operations in Excel and PDF export.<\/li>\n\n\n\n<li>disable all ribbons and toolbars.<\/li>\n\n\n\n<li>disable right click (no context menu).<\/li>\n\n\n\n<li>disable &#8220;cell copy and cut to clipboard&#8221; commands.<\/li>\n<\/ul>\n\n\n<div class=\"wp-block-image\">\n<figure class=\"aligncenter size-full\"><img loading=\"lazy\" decoding=\"async\" width=\"801\" height=\"642\" src=\"https:\/\/cdn.xlspadlock.com\/20251108181105\/security-xlspadlock.gif\" alt=\"XLS Padlock Options\" class=\"wp-image-2509\"\/><\/figure>\n<\/div>\n\n<div class=\"wp-block-image is-resized\">\n<figure class=\"alignright\"><img decoding=\"async\" src=\"data:image\/svg+xml;utf8;base64,PD94bWwgdmVyc2lvbj0iMS4wIj8+CjxzdmcgeG1sbnM9Imh0dHA6Ly93d3cudzMub3JnLzIwMDAvc3ZnIiB4bWxuczp4bGluaz0iaHR0cDovL3d3dy53My5vcmcvMTk5OS94bGluayIgaGVpZ2h0PSI1MTJweCIgdmlld0JveD0iMCAwIDQ5NiA0OTYiIHdpZHRoPSI1MTJweCI+PGxpbmVhckdyYWRpZW50IGlkPSJhIiBncmFkaWVudFVuaXRzPSJ1c2VyU3BhY2VPblVzZSIgeDE9IjI0OCIgeDI9IjI0OCIgeTE9IjQ5NiIgeTI9IjAiPjxzdG9wIG9mZnNldD0iMCIgc3RvcC1jb2xvcj0iIzlmMmZmZiIvPjxzdG9wIG9mZnNldD0iMSIgc3RvcC1jb2xvcj0iIzBiYjFkMyIvPjwvbGluZWFyR3JhZGllbnQ+PHBhdGggZD0ibTE4NCAzMTJjMC0xMC40MTQwNjItNi43MTA5MzgtMTkuMjE0ODQ0LTE2LTIyLjUyNzM0NHYtMzMuNDcyNjU2YzAtMjYuNDcyNjU2LTIxLjUyNzM0NC00OC00OC00OHMtNDggMjEuNTI3MzQ0LTQ4IDQ4djMzLjQ3MjY1NmMtOS4yODkwNjIgMy4zMTI1LTE2IDEyLjExMzI4Mi0xNiAyMi41MjczNDR2ODBjMCAxMy4yMzA0NjkgMTAuNzY5NTMxIDI0IDI0IDI0aDgwYzEzLjIzMDQ2OSAwIDI0LTEwLjc2OTUzMSAyNC0yNHptLTY0LTg4YzE3LjY0ODQzOCAwIDMyIDE0LjM1MTU2MiAzMiAzMnYzMmgtNjR2LTMyYzAtMTcuNjQ4NDM4IDE0LjM1MTU2Mi0zMiAzMi0zMnptNDggMTY4YzAgNC40MTQwNjItMy41OTM3NSA4LTggOGgtODBjLTQuNDA2MjUgMC04LTMuNTg1OTM4LTgtOHYtODBjMC00LjQxNDA2MiAzLjU5Mzc1LTggOC04aDgwYzQuNDA2MjUgMCA4IDMuNTg1OTM4IDggOHptLTQ4LTcyYy0xMy4yMzA0NjkgMC0yNCAxMC43Njk1MzEtMjQgMjQgMCAxMC40MTQwNjIgNi43MTA5MzggMTkuMjE0ODQ0IDE2IDIyLjUyNzM0NHYxNy40NzI2NTZoMTZ2LTE3LjQ3MjY1NmM5LjI4OTA2Mi0zLjMxMjUgMTYtMTIuMTEzMjgyIDE2LTIyLjUyNzM0NCAwLTEzLjIzMDQ2OS0xMC43Njk1MzEtMjQtMjQtMjR6bTAgMzJjLTQuNDA2MjUgMC04LTMuNTg1OTM4LTgtOHMzLjU5Mzc1LTggOC04IDggMy41ODU5MzggOCA4LTMuNTkzNzUgOC04IDh6bTgtMTk2LjEyMTA5NC04LTUuNzE4NzUtMTUuMDc4MTI1IDEwLjc4NTE1NmMtMjguNDQ5MjE5IDIwLjMxMjUtNjEuOTY4NzUgMzEuMDU0Njg4LTk2LjkyMTg3NSAzMS4wNTQ2ODhoLTh2OTZjMCA1My4zMDQ2ODggMTcuNjE3MTg4IDEwNi4xNTIzNDQgNDkuNjAxNTYyIDE0OC44MDA3ODFsMS4xMzI4MTMgMS41MTE3MTkgNjkuMjY1NjI1IDM0LjYzMjgxMiA4LTR2MjcuMDU0Njg4aDM2OHYtNDk2aC0zNjh6bTE4NC01OS44Nzg5MDZjLTEzLjIzMDQ2OSAwLTI0LTEwLjc2OTUzMS0yNC0yNHMxMC43Njk1MzEtMjQgMjQtMjQgMjQgMTAuNzY5NTMxIDI0IDI0LTEwLjc2OTUzMSAyNC0yNCAyNHptMjQgNy43OTI5Njl2NDguNDA2MjVjLTYuNzAzMTI1LTUuMDcwMzEzLTE0Ljk2MDkzOC04LjE5OTIxOS0yNC04LjE5OTIxOXMtMTcuMjk2ODc1IDMuMTI4OTA2LTI0IDguMjA3MDMxdi00OC40MDYyNWM2LjcwMzEyNSA1LjA3MDMxMyAxNC45NjA5MzggOC4xOTkyMTkgMjQgOC4xOTkyMTlzMTcuMjk2ODc1LTMuMTI4OTA2IDI0LTguMjA3MDMxem0tMjQgNTYuMjA3MDMxYzEzLjIzMDQ2OSAwIDI0IDEwLjc2OTUzMSAyNCAyNHMtMTAuNzY5NTMxIDI0LTI0IDI0LTI0LTEwLjc2OTUzMS0yNC0yNCAxMC43Njk1MzEtMjQgMjQtMjR6bTM5LjE5MTQwNi05NmMtMy43MTg3NS0xOC4yMzA0NjktMTkuODc4OTA2LTMyLTM5LjE5MTQwNi0zMnMtMzUuNDcyNjU2IDEzLjc2OTUzMS0zOS4xOTE0MDYgMzJoLTcyLjgwODU5NGMtMjguMTUyMzQ0IDAtNTEuNDU3MDMxLTIwLjkxMDE1Ni01NS4zNTkzNzUtNDhoMzM0LjcxODc1Yy0zLjkwMjM0NCAyNy4wODk4NDQtMjcuMjA3MDMxIDQ4LTU1LjM1OTM3NSA0OHptLTI4OS45MTAxNTYgMzYxLjY5NTMxMmMtMjkuMjE4NzUtMzkuNjMyODEyLTQ1LjI4MTI1LTg4LjQ1NzAzMS00NS4yODEyNS0xMzcuNjk1MzEydi04MC4xNjc5NjljMzUuNDA2MjUtMS41MTk1MzEgNjkuMjE0ODQ0LTEzLjE2MDE1NiA5OC4yMjI2NTYtMzMuODYzMjgxbDUuNzc3MzQ0LTQuMTM2NzE5IDUuNzg1MTU2IDQuMTI4OTA3YzI5IDIwLjcxMDkzNyA2Mi44MDg1OTQgMzIuMzQzNzUgOTguMjE0ODQ0IDMzLjg2MzI4MXY4MC4xNzU3ODFjMCA0OS4yMzgyODEtMTYuMDYyNSA5OC4wNjI1LTQ1LjI4MTI1IDEzNy42OTUzMTJsLTU4LjcxODc1IDI5LjM1OTM3NnptNDE4LjcxODc1IDU0LjMwNDY4OGgtMzM2di0xOS4wNTQ2ODhsNDUuMjY1NjI1LTIyLjYzMjgxMiAxLjEzMjgxMy0xLjUxMTcxOWMzMS45ODQzNzQtNDIuNjQ4NDM3IDQ5LjYwMTU2Mi05NS40OTYwOTMgNDkuNjAxNTYyLTE0OC44MDA3ODF2LTk2aC04Yy0zMS4zNzUgMC02MS41NTg1OTQtOC43MjY1NjItODgtMjUuMTkxNDA2di0xMTMuNjU2MjVjMTMuMjA3MDMxIDE2LjM1MTU2MiAzMy4zOTA2MjUgMjYuODQ3NjU2IDU2IDI2Ljg0NzY1Nmg3MnYxMDRjMCAyMi4wNTQ2ODggMTcuOTQ1MzEyIDQwIDQwIDQwczQwLTE3Ljk0NTMxMiA0MC00MHYtMTA0aDcyYzIyLjYwOTM3NSAwIDQyLjc5Mjk2OS0xMC40OTYwOTQgNTYtMjYuODQ3NjU2em0tMTYwLTQwOGMwIDQuNDE0MDYyLTMuNTg1OTM4IDgtOCA4cy04LTMuNTg1OTM4LTgtOCAzLjU4NTkzOC04IDgtOCA4IDMuNTg1OTM4IDggOHptLTE2IDExMmMwLTQuNDE0MDYyIDMuNTg1OTM4LTggOC04czggMy41ODU5MzggOCA4LTMuNTg1OTM4IDgtOCA4LTgtMy41ODU5MzgtOC04em0tMTYgMjgwaDE3NnYtMTEyaC0xNzZ6bTE2LTk2aDE0NHY4MGgtMTQ0em0xNiAxNmgxMTJ2MTZoLTExMnptMCAzMmg4MHYxNmgtODB6bTk2IDBoMTZ2MTZoLTE2em0wIDAiIGZpbGw9InVybCgjYSkiLz48L3N2Zz4K\" alt=\"\" style=\"width:134px;height:auto\"\/><\/figure>\n<\/div>\n\n\n<h2 class=\"wp-block-heading\" id=\"prevent-users-from-saving-in-your-workbook\">Prevent users from saving in your workbook&#8230;<\/h2>\n\n\n\n<p>\nXLS Padlock lets you decide if you want your users to be able to [save their changes in your Excel workbook or not](\/save-options).\n\n<\/p>\n\n\n\n<p>\u2192 If <strong>you disallow saving<\/strong>, your workbook will never be modified.<\/p>\n\n\n\n<p>\u2192 If <strong>you allow saving<\/strong>, your <strong>original workbook will still always be accessible<\/strong>. Changes will be saved in another crypted file that can only be opened with your secure application.<\/p>\n\n\n\n<h2 class=\"wp-block-heading\" id=\"code-sign-your-compiled-workbook\">Code sign your compiled workbook<\/h2>\n\n\n\n<p>When you digitally sign a compiled workbook EXE file (this is called <strong>code signing<\/strong>), you ensure end users that the code within the EXE file they are to receive has not been tampered with or altered.<\/p>\n\n\n\n<p>Thanks to XLS Padlock, it is easy to sign your .exe files since XLS Padlock handles everything itself. SHA-256 code signing is supported and even code signing certificates stored on secure tokens.<\/p>\n\n\n<div class=\"wp-block-image is-resized\">\n<figure class=\"alignright\"><img decoding=\"async\" src=\"data:image\/svg+xml;utf8;base64,PD94bWwgdmVyc2lvbj0iMS4wIj8+CjxzdmcgeG1sbnM9Imh0dHA6Ly93d3cudzMub3JnLzIwMDAvc3ZnIiBoZWlnaHQ9IjUxMnB4IiB2aWV3Qm94PSIwIDAgNDgwIDQ4MC4xOTM5OCIgd2lkdGg9IjUxMnB4Ij48ZyBmaWxsPSIjOWJjOWZmIj48cGF0aCBkPSJtNjQuMDk3NjU2IDY0LjE5NTMxMi01NiA1NnY0MGg0OGw5Ni05NnptMCAwIi8+PHBhdGggZD0ibTQxNi4wOTc2NTYgNjQuMTk1MzEyLTk2IDk2aDg4bDY0LTY0di0zMnptMCAwIi8+PHBhdGggZD0ibTI0MC4wOTc2NTYgNjQuMTk1MzEyLTk2IDk2aDg4bDk2LTk2em0wIDAiLz48cGF0aCBkPSJtNzIuMDk3NjU2IDQ3Mi4xOTUzMTIgMzItMTA0IDE0LjgwMDc4Mi00OCA0OS4xOTkyMTgtMTYwaC02NGwtOTYgMzEyem0wIDAiLz48cGF0aCBkPSJtMzYxLjI5Njg3NSAzMjAuMTk1MzEyIDE0LjgwMDc4MSA0OCAzMiAxMDRoNjRsLTk2LTMxMmgtNjR6bTAgMCIvPjwvZz48cGF0aCBkPSJtNDcyLjA5NzY1NiA1Ni4xOTUzMTJoLTkxLjA1NDY4N2MxMC4xMDE1NjItOC43NDYwOTMgMTMuNzA3MDMxLTIyLjg1MTU2MiA5LjAzOTA2Mi0zNS4zNzEwOTMtNC42NjQwNjItMTIuNTE5NTMxLTE2LjYyMTA5My0yMC44MjQyMTktMjkuOTg0Mzc1LTIwLjgyNDIxOS0xMy4zNjMyODEgMC0yNS4zMTY0MDYgOC4zMDQ2ODgtMjkuOTg0Mzc1IDIwLjgyNDIxOXMtMS4wNjI1IDI2LjYyNSA5LjA0Mjk2OSAzNS4zNzEwOTNoLTE5OC4xMTMyODFjMTAuMTAxNTYyLTguNzQ2MDkzIDEzLjcwNzAzMS0yMi44NTE1NjIgOS4wMzkwNjItMzUuMzcxMDkzLTQuNjY0MDYyLTEyLjUxOTUzMS0xNi42MjEwOTMtMjAuODI0MjE5LTI5Ljk4NDM3NS0yMC44MjQyMTktMTMuMzYzMjgxIDAtMjUuMzE2NDA2IDguMzA0Njg4LTI5Ljk4NDM3NSAyMC44MjQyMTlzLTEuMDYyNSAyNi42MjUgOS4wNDI5NjkgMzUuMzcxMDkzaC05MS4wNTg1OTRjLTQuNDE3OTY4IDAtNy45OTk5OTk4IDMuNTgyMDMyLTcuOTk5OTk5OCA4djk2YzAgNC40MTc5NjkgMy41ODIwMzE4IDggNy45OTk5OTk4IDhoODUuMTY3OTY5bC05Mi44MTY0MDYgMzAxLjY0ODQzOGMtLjc0NjA5NCAyLjQyNTc4MS0uMjk2ODc1IDUuMDYyNSAxLjIxNDg0MyA3LjEwNTQ2OSAxLjUwNzgxMyAyLjAzOTA2MiAzLjg5NDUzMiAzLjI0NjA5MyA2LjQzMzU5NCAzLjI0NjA5M2g2NGMzLjUxNTYyNSAwIDYuNjE3MTg4LTIuMjkyOTY4IDcuNjQ4NDM4LTUuNjQ4NDM3bDMwLjI1NzgxMi05OC4zNTE1NjNoMjYwLjE5MTQwNmwzMC4yNTM5MDcgOTguMzUxNTYzYzEuMDM1MTU2IDMuMzU1NDY5IDQuMTM2NzE5IDUuNjQ4NDM3IDcuNjQ4NDM3IDUuNjQ4NDM3aDY0YzIuNTM5MDYzIDAgNC45Mjk2ODgtMS4yMDcwMzEgNi40Mzc1LTMuMjQ2MDkzIDEuNTA3ODEzLTIuMDQyOTY5IDEuOTU3MDMyLTQuNjc5Njg4IDEuMjEwOTM4LTcuMTA1NDY5bC05Mi44MTY0MDYtMzAxLjY0ODQzOGg4NS4xNjc5NjhjNC40MTc5NjkgMCA4LTMuNTgyMDMxIDgtOHYtOTZjMC00LjQxNzk2OC0zLjU4MjAzMS04LTgtOHptLTExMi00MGM4LjgzNTkzOCAwIDE2IDcuMTY0MDYzIDE2IDE2IDAgOC44MzU5MzgtNy4xNjQwNjIgMTYtMTYgMTYtOC44MzU5MzcgMC0xNi03LjE2NDA2Mi0xNi0xNiAwLTguODM1OTM3IDcuMTY0MDYzLTE2IDE2LTE2em0tMjQwIDBjOC44MzU5MzggMCAxNiA3LjE2NDA2MyAxNiAxNiAwIDguODM1OTM4LTcuMTY0MDYyIDE2LTE2IDE2LTguODM1OTM3IDAtMTYtNy4xNjQwNjItMTYtMTYgMC04LjgzNTkzNyA3LjE2NDA2My0xNiAxNi0xNnptMzQ0IDc2LjY4NzUtNTkuMzEyNSA1OS4zMTI1aC02NS4zNzVsODAtODBoNDQuNjg3NXptLTIxMi42ODc1IDU5LjMxMjUgODAtODBoNjUuMzc1bC04MCA4MHptLTg4IDAgODAtODBoNjUuMzc1bC04MCA4MHptLTg4IDAgODAtODBoNjUuMzc1bC04MCA4MHptLTMwLjYyNS04MC0yOC42ODc1IDI4LjY4NzV2LTI4LjY4NzV6bS0yOC42ODc1IDUxLjMxMjUgNTEuMzEyNS01MS4zMTI1aDY1LjM3NWwtODAgODBoLTM2LjY4NzV6bTUwLjA4OTg0NCAzNDAuNjg3NWgtNDcuMjU3ODEybDkxLjA4MjAzMS0yOTZoNDcuMjUzOTA2em00OC43NS0xMDQgOS44NjMyODEtMzJoMjMwLjU5Mzc1bDkuODYzMjgxIDMyem0xNC43NjE3MTktNDggNDQuMzEyNS0xNDRoMTMyLjE3NTc4MWw0NC4zMTI1IDE0NHptMzMxLjU2NjQwNiAxNTJoLTQ3LjI1MzkwNmwtOTEuMDgyMDMxLTI5Nmg0Ny4yNTc4MTJ6bS0zMy44NTU0NjktMzEyIDM2LjY4NzUtMzYuNjg3NXYzNi42ODc1em0wIDAiIGZpbGw9IiMxZTgxY2UiLz48L3N2Zz4K\" alt=\"\" style=\"width:145px;height:auto\"\/><\/figure>\n<\/div>\n\n\n<h2 class=\"wp-block-heading\" id=\"set-limitations-on-your-distributed-workbooks\">Set limitations on your distributed workbooks&#8230;<\/h2>\n\n\n\n<p>These limitations can be set if you use activation keys (simple or <a href=\"\/hardware-locked-keys\">hardware-locked<\/a>) or <a href=\"\/dongle-protection\">dongle protection<\/a>. Just choose the appropriate options and deliver keys to your end users (trial or registered ones):<\/p>\n\n\n\n<ul class=\"wp-block-list\">\n<li><p>limit the <strong>number of times your workbook can be run<\/strong><\/p><\/li>\n\n\n\n<li><p>show a <strong>nag screen \/ trial reminder at startup<\/strong> to inform your end users that they must purchase the workbook to continue to use it:<\/p><\/li>\n<\/ul>\n\n\n<div class=\"wp-block-image\">\n<figure class=\"aligncenter size-full\"><img loading=\"lazy\" decoding=\"async\" width=\"376\" height=\"207\" src=\"https:\/\/cdn.xlspadlock.com\/20251108181105\/trialreminder.png\" alt=\"Trial Reminder Screen\" class=\"wp-image-2510\" srcset=\"https:\/\/cdn.xlspadlock.com\/20251108181105\/trialreminder.png 376w, https:\/\/cdn.xlspadlock.com\/20251108181105\/trialreminder-300x165.png 300w\" sizes=\"auto, (max-width: 376px) 100vw, 376px\" \/><\/figure>\n<\/div>\n\n\n<ul class=\"wp-block-list\">\n<li><strong>make your keys expire<\/strong> after:<\/li>\n<\/ul>\n\n\n\n<p>\u2192 a given <strong>number of days<\/strong><\/p>\n\n\n\n<p>\u2192 a given <strong>date<\/strong>.<\/p>\n\n\n\n<h2 class=\"wp-block-heading\" id=\"generate-activation-keys-in-mass-thanks-to-the-stand-alone-key-generator\">Generate activation keys in mass thanks to the stand-alone key generator<\/h2>\n\n\n<div class=\"wp-block-image\">\n<figure class=\"aligncenter size-full\"><img loading=\"lazy\" decoding=\"async\" width=\"872\" height=\"612\" src=\"https:\/\/cdn.xlspadlock.com\/20251116145522\/image-42.png\" alt=\"Key Generator\" class=\"wp-image-4633\" srcset=\"https:\/\/cdn.xlspadlock.com\/20251116145522\/image-42.png 872w, https:\/\/cdn.xlspadlock.com\/20251116145522\/image-42-300x211.png 300w, https:\/\/cdn.xlspadlock.com\/20251116145522\/image-42-768x539.png 768w, https:\/\/cdn.xlspadlock.com\/20251116145522\/image-42-18x12.png 18w, https:\/\/cdn.xlspadlock.com\/20251116145522\/image-42-360x253.png 360w\" sizes=\"auto, (max-width: 872px) 100vw, 872px\" \/><\/figure>\n<\/div>\n\n\n<p>Note: VBA programmers can determine whether the workbook is in trial state thanks to XLS Padlock VBA API code extensions.<\/p>\n\n\n<div class=\"gb-button-wrapper wp-block-comments-pagination aligncenter\"><a class=\"gb-button gb-button-text gb-button-59335cce\" href=\"https:\/\/www.xlspadlock.com\/fr\/distribute-workbook\" title=\"Distribute a protected workbook\"><span class=\"gb-button-text\"><i class=\"fa fa-arrow-left\"><\/i>&nbsp;&nbsp;Previous<\/span><\/a>&nbsp;&nbsp;<a class=\"gb-button gb-button-text gb-button-59335cce\" href=\"https:\/\/www.xlspadlock.com\/fr\/hardware-locked-keys\" title=\"Excel workbook protection with hardware-locked-keys\"><span class=\"gb-button-text\">Next&nbsp;&nbsp;<i class=\"fa fa-arrow-right\"><\/i><\/span><\/a><\/div>\n","protected":false},"excerpt":{"rendered":"<p>S\u00e9curit\u00e9 optimale pour vos classeurs Excel XLS Padlock offre une s\u00e9curit\u00e9 optimale pour vos classeurs Excel gr\u00e2ce \u00e0 plusieurs options et fonctionnalit\u00e9s de s\u00e9curit\u00e9 d\u00e9taill\u00e9es ci-dessous. Assurez-vous\u2026 <a title=\"S\u00e9curit\u00e9 pour les classeurs Excel\" class=\"read-more\" href=\"https:\/\/www.xlspadlock.com\/fr\/security\" aria-label=\"En savoir plus sur Security for Excel workbooks\">Lire la suite<\/a><\/p>","protected":false},"author":2,"featured_media":0,"parent":2398,"menu_order":3,"comment_status":"closed","ping_status":"closed","template":"","meta":{"inline_featured_image":false,"_uag_custom_page_level_css":"","footnotes":""},"class_list":["post-2507","page","type-page","status-publish"],"uagb_featured_image_src":{"full":false,"thumbnail":false,"medium":false,"medium_large":false,"large":false,"1536x1536":false,"2048x2048":false,"trp-custom-language-flag":false,"betterdocs-category-thumb":false},"uagb_author_info":{"display_name":"G.D.G. Software","author_link":"https:\/\/www.xlspadlock.com\/fr\/author\/gdgsoft"},"uagb_comment_info":0,"uagb_excerpt":"Optimal security for your Excel workbooks XLS Padlock provides optimal security for your Excel workbooks through several security options and features as detailed below. Make ... Read More","_links":{"self":[{"href":"https:\/\/www.xlspadlock.com\/fr\/wp-json\/wp\/v2\/pages\/2507","targetHints":{"allow":["GET"]}}],"collection":[{"href":"https:\/\/www.xlspadlock.com\/fr\/wp-json\/wp\/v2\/pages"}],"about":[{"href":"https:\/\/www.xlspadlock.com\/fr\/wp-json\/wp\/v2\/types\/page"}],"author":[{"embeddable":true,"href":"https:\/\/www.xlspadlock.com\/fr\/wp-json\/wp\/v2\/users\/2"}],"replies":[{"embeddable":true,"href":"https:\/\/www.xlspadlock.com\/fr\/wp-json\/wp\/v2\/comments?post=2507"}],"version-history":[{"count":0,"href":"https:\/\/www.xlspadlock.com\/fr\/wp-json\/wp\/v2\/pages\/2507\/revisions"}],"up":[{"embeddable":true,"href":"https:\/\/www.xlspadlock.com\/fr\/wp-json\/wp\/v2\/pages\/2398"}],"wp:attachment":[{"href":"https:\/\/www.xlspadlock.com\/fr\/wp-json\/wp\/v2\/media?parent=2507"}],"curies":[{"name":"wp","href":"https:\/\/api.w.org\/{rel}","templated":true}]}}