{"id":2515,"date":"2022-06-17T11:13:56","date_gmt":"2022-06-17T09:13:56","guid":{"rendered":"https:\/\/www.xlspadlock.com\/?page_id=2515"},"modified":"2025-11-16T12:48:26","modified_gmt":"2025-11-16T11:48:26","slug":"excel-cles-verrouillees-materiel","status":"publish","type":"page","link":"https:\/\/www.xlspadlock.com\/fr\/hardware-locked-keys","title":{"rendered":"Protection de classeur Excel avec cl\u00e9s verrouill\u00e9es mat\u00e9riellement"},"content":{"rendered":"<h1 class=\"gb-headline gb-headline-70402978 gb-headline-text gb-headline-197f6b28\">Cl\u00e9s li\u00e9es au mat\u00e9riel : un moyen efficace d'emp\u00eacher le partage de votre classeur Excel<\/h1>\n\n\n\n<p>Vous souhaitez donner acc\u00e8s \u00e0 votre classeur Excel \u00e0 <strong>certaines personnes uniquement<\/strong> et vous ne voulez pas qu'elles le <strong>partagent<\/strong> avec d'autres ?<\/p>\n\n\n\n<p>\ud83d\udc49 <strong>L'utilisation de cl\u00e9s li\u00e9es au mat\u00e9riel est une solution<\/strong><\/p>\n\n\n\n<p>L'autre est <a href=\"\/fr\/protection-dongle\/\">la protection par dongle ou le verrouillage par cl\u00e9 USB<\/a><\/p>\n\n\n\n<div class=\"wp-block-uagb-inline-notice uagb-inline_notice__align-left uagb-block-34fa16ab\"><button class=\"uagb-notice-close-button\" type=\"button\" aria-label=\"Fermer\"><\/button><span class=\"uagb-notice-title\">Testez-le vous-m\u00eame en ligne<\/span><div class=\"uagb-notice-text\">\n<p><p>\u00a0\u00a0<code><i class=\"fas fa-info-circle fa-2x\"><\/i><\/code> Voyez comment cela fonctionne en ligne <a href=\"\/fr\/demo-classeur-excel\/\">gr\u00e2ce \u00e0 notre D\u00e9monstration de Classeur en Direct<\/a>.<\/p><\/p>\n<\/div><\/div>\n\n\n\n<h2 class=\"wp-block-heading\" id=\"what-is-a-hardware-locked-key\">Qu'est-ce qu'une cl\u00e9 li\u00e9e au mat\u00e9riel ?<\/h2>\n\n\n\n<p>Pour ouvrir votre classeur Excel, les utilisateurs devront <strong>saisir une cl\u00e9 d'activation<\/strong>. S'ils n'ont pas de cl\u00e9 correcte, le classeur ne s'ouvrira pas.<\/p>\n\n\n\n<p>Une cl\u00e9 li\u00e9e au mat\u00e9riel est une cl\u00e9 d\u00e9livr\u00e9e \u00e0 un utilisateur qui <strong>fonctionnera uniquement sur son ordinateur<\/strong>. Elle ne fonctionnera sur aucune autre machine, elle devient donc inutile si elle est partag\u00e9e avec d'autres.<\/p>\n\n\n\n<p>La cl\u00e9 est bas\u00e9e sur un <strong>ID syst\u00e8me unique<\/strong> qui d\u00e9pend du mat\u00e9riel informatique de l'utilisateur.<\/p>\n\n\n\n<h2 class=\"wp-block-heading\" id=\"how-to-use-hardware-locked-key-protection\">Comment utiliser la protection par cl\u00e9 li\u00e9e au mat\u00e9riel ?<\/h2>\n\n\n\n<p>Lors de la configuration de votre classeur Excel dans XLS Padlock, vous devez cocher ces deux options dans la page S\u00e9curit\u00e9 :<\/p>\n\n\n\n<p><em>\u00ab Les utilisateurs finaux doivent saisir une cl\u00e9 d'activation pour utiliser le classeur prot\u00e9g\u00e9 \u00bb<\/em><\/p>\n\n\n\n<p><em>\u00ab Utiliser des cl\u00e9s li\u00e9es au mat\u00e9riel \u00bb<\/em><\/p>\n\n\n\n<p>Compilez votre application, et elle est <strong>pr\u00eate pour la distribution<\/strong>.<\/p>\n\n\n\n<p>Lorsque vos utilisateurs ex\u00e9cutent votre classeur Excel pour la premi\u00e8re fois, ils verront cette fen\u00eatre :<\/p>\n\n\n<div class=\"wp-block-image\">\n<figure class=\"aligncenter size-full\"><img loading=\"lazy\" decoding=\"async\" width=\"504\" height=\"318\" src=\"https:\/\/cdn.xlspadlock.com\/20251108184443\/image_85.png\" alt=\"\" class=\"wp-image-4386\" srcset=\"https:\/\/cdn.xlspadlock.com\/20251108184443\/image_85.png 504w, https:\/\/cdn.xlspadlock.com\/20251108184443\/image_85-300x189.png 300w, https:\/\/cdn.xlspadlock.com\/20251108184443\/image_85-18x12.png 18w, https:\/\/cdn.xlspadlock.com\/20251108184443\/image_85-360x227.png 360w\" sizes=\"auto, (max-width: 504px) 100vw, 504px\" \/><\/figure>\n<\/div>\n\n\n<p>L'utilisateur doit copier son ID syst\u00e8me et vous l'envoyer. Alternativement, si vous avez un site web, il est possible de configurer le bouton \u00ab Obtenir la cl\u00e9 en ligne \u00bb afin que l'utilisateur puisse r\u00e9cup\u00e9rer une cl\u00e9 directement depuis votre site web.<\/p>\n\n\n\n<p>Ensuite, vous pouvez cr\u00e9er leur cl\u00e9 gr\u00e2ce au <strong>G\u00e9n\u00e9rateur de cl\u00e9s<\/strong> dans XLS Padlock (cliquez sur le bouton G\u00e9n\u00e9rateur de cl\u00e9s dans la page Cl\u00e9s d'activation).<\/p>\n\n\n<div class=\"wp-block-image\">\n<figure class=\"aligncenter size-full\"><img loading=\"lazy\" decoding=\"async\" width=\"877\" height=\"666\" src=\"https:\/\/cdn.xlspadlock.com\/20251108181613\/front-security.png\" alt=\"Excel security options\" class=\"wp-image-2639\" srcset=\"https:\/\/cdn.xlspadlock.com\/20251108181613\/front-security.png 877w, https:\/\/cdn.xlspadlock.com\/20251108181613\/front-security-300x228.png 300w, https:\/\/cdn.xlspadlock.com\/20251108181613\/front-security-768x583.png 768w\" sizes=\"auto, (max-width: 877px) 100vw, 877px\" \/><\/figure>\n<\/div>\n\n\n<p>Vous devez juste <strong>entrer l'ID syst\u00e8me<\/strong> que votre utilisateur vous a envoy\u00e9. Si vous le souhaitez, vous pouvez d\u00e9finir des <strong>restrictions sur la cl\u00e9<\/strong>: limiter le nombre de fois que votre classeur Excel peut \u00eatre ex\u00e9cut\u00e9, faire expirer votre cl\u00e9 apr\u00e8s un nombre donn\u00e9 de jours ou apr\u00e8s une date donn\u00e9e.<\/p>\n\n\n\n<p>Cliquez sur le bouton <strong>G\u00e9n\u00e9rer<\/strong> bouton. Une <strong>cl\u00e9 est cr\u00e9\u00e9e instantan\u00e9ment<\/strong>. Vous pouvez la copier dans le presse-papiers pour l'envoyer \u00e0 votre client, et\/ou l'enregistrer sous forme de fichier .txt. La <strong>cl\u00e9 est associ\u00e9e \u00e0 l'ID syst\u00e8me<\/strong> que vous avez entr\u00e9, de sorte qu'elle n'activera votre classeur Excel que sur l'ordinateur poss\u00e9dant cet ID syst\u00e8me.<\/p>\n\n\n\n<p>Votre utilisateur ex\u00e9cute \u00e0 nouveau votre classeur Excel et verra la m\u00eame fen\u00eatre qu'auparavant. Il lui suffira d'entrer la cl\u00e9 et de cliquer sur Activer. Votre application s'ouvrira. Pour les prochaines ex\u00e9cutions sur cet ordinateur, le classeur s'ouvrira sans n\u00e9cessiter de cl\u00e9.<\/p>\n\n\n\n<h2 class=\"wp-block-heading\" id=\"make-activation-keys-directly-without-using-xls-padlock\">Cr\u00e9er des cl\u00e9s d'activation directement sans utiliser XLS Padlock<\/h2>\n\n\n\n<p>Un g\u00e9n\u00e9rateur de cl\u00e9s autonome pour les classeurs prot\u00e9g\u00e9s est \u00e9galement disponible pour les clients enregistr\u00e9s de XLS Padlock. Avec lui, vous pouvez cr\u00e9er des cl\u00e9s d'activation pour vos classeurs prot\u00e9g\u00e9s sans avoir \u00e0 ex\u00e9cuter Excel et XLS Padlock. <a href=\"\/fr\/compte\/telechargements\/\">T\u00e9l\u00e9chargez-le ici<\/a>.<\/p>\n\n\n\n<p>Enfin, nous fournissons \u00e9galement une application web en ligne gratuite et le code PHP associ\u00e9 pour g\u00e9n\u00e9rer des cl\u00e9s d'activation pour vos classeurs. Ce <a href=\"\/fr\/compte\/telechargements\/\">SDK PHP g\u00e9n\u00e9rateur de cl\u00e9s<\/a> peut \u00eatre utilis\u00e9 sur votre propre site web, afin que vous puissiez g\u00e9n\u00e9rer et d\u00e9livrer des cl\u00e9s d'activation automatiquement.<\/p>\n\n\n\n<h2 class=\"wp-block-heading\" id=\"go-further-and-automate-the-delivery-of-activation-keys-with-online-activation\">Allez plus loin et automatisez la livraison des cl\u00e9s d'activation avec l'activation en ligne<\/h2>\n\n\n\n<p>XLS Padlock est livr\u00e9 avec une fonctionnalit\u00e9 d'activation en ligne pour automatiser la r\u00e9cup\u00e9ration des cl\u00e9s d'activation, m\u00eame si elles sont li\u00e9es au mat\u00e9riel : le classeur s\u00e9curis\u00e9 peut communiquer avec votre site web et t\u00e9l\u00e9charger les cl\u00e9s d'activation directement depuis le serveur au lieu de les demander aux utilisateurs finaux.<\/p>\n\n\n\n<p><a href=\"\/fr\/classeur-excel-activation-en-ligne\/\"><span style=\"color:rgb(0, 0, 102);\" class=\"fa fa-chevron-circle-right\">&nbsp;<\/span>En savoir plus sur l'ajout de l'activation en ligne \u00e0 vos classeurs Excel pour une protection renforc\u00e9e<\/a>.<\/p>\n\n\n\n<div class=\"wp-block-uagb-inline-notice uagb-inline_notice__align-left uagb-block-213c07bb\"><button class=\"uagb-notice-close-button\" type=\"button\" aria-label=\"Fermer\"><\/button><span class=\"uagb-notice-title\">Note<\/span><div class=\"uagb-notice-text\">\n<p><p>\u00a0\u00a0<code><i class=\"fas fa-info-circle fa-2x\"><\/i><\/code> \u00a0Nous avons utilis\u00e9 notre g\u00e9n\u00e9rateur de cl\u00e9s en ligne dans <a href=\"\/fr\/demo-classeur-excel\/\">notre D\u00e9monstration de Classeur en Direct<\/a><\/p><\/p>\n<\/div><\/div>\n\n\n<div class=\"gb-button-wrapper wp-block-comments-pagination aligncenter\"><a class=\"gb-button gb-button-text gb-button-59335cce\" href=\"https:\/\/www.xlspadlock.com\/fr\/security\" title=\"S\u00e9curit\u00e9 pour les classeurs Excel\"><span class=\"gb-button-text\"><i class=\"fa fa-arrow-left\"><\/i>&nbsp;&nbsp;Pr\u00e9c\u00e9dent<\/span><\/a>&nbsp;&nbsp;<a class=\"gb-button gb-button-text gb-button-59335cce\" href=\"https:\/\/www.xlspadlock.com\/fr\/xl-workbook-online-activation\" title=\"Activation et gestion de licences en ligne pour classeurs Excel\"><span class=\"gb-button-text\">Suivant&nbsp;&nbsp;<i class=\"fa fa-arrow-right\"><\/i><\/span><\/a><\/div>","protected":false},"excerpt":{"rendered":"<p>Cl\u00e9s li\u00e9es au mat\u00e9riel : un moyen efficace d'emp\u00eacher le partage de votre classeur Excel Vous souhaitez donner acc\u00e8s \u00e0 votre classeur Excel \u00e0 certaines personnes\u2026 <a title=\"Protection de classeur Excel avec cl\u00e9s verrouill\u00e9es mat\u00e9riellement\" class=\"read-more\" href=\"https:\/\/www.xlspadlock.com\/fr\/hardware-locked-keys\" aria-label=\"En savoir plus sur Excel workbook protection with hardware-locked-keys\">Lire la suite<\/a><\/p>","protected":false},"author":2,"featured_media":0,"parent":2398,"menu_order":4,"comment_status":"closed","ping_status":"closed","template":"","meta":{"inline_featured_image":false,"_uag_custom_page_level_css":"","footnotes":""},"class_list":["post-2515","page","type-page","status-publish"],"uagb_featured_image_src":{"full":false,"thumbnail":false,"medium":false,"medium_large":false,"large":false,"1536x1536":false,"2048x2048":false,"trp-custom-language-flag":false,"betterdocs-category-thumb":false},"uagb_author_info":{"display_name":"G.D.G. Software","author_link":"https:\/\/www.xlspadlock.com\/fr\/author\/gdgsoft"},"uagb_comment_info":0,"uagb_excerpt":"Hardware-locked keys: an efficient means to prevent the sharing of your Excel workbook You want to give access to your Excel workbook to some people ... Read More","_links":{"self":[{"href":"https:\/\/www.xlspadlock.com\/fr\/wp-json\/wp\/v2\/pages\/2515","targetHints":{"allow":["GET"]}}],"collection":[{"href":"https:\/\/www.xlspadlock.com\/fr\/wp-json\/wp\/v2\/pages"}],"about":[{"href":"https:\/\/www.xlspadlock.com\/fr\/wp-json\/wp\/v2\/types\/page"}],"author":[{"embeddable":true,"href":"https:\/\/www.xlspadlock.com\/fr\/wp-json\/wp\/v2\/users\/2"}],"replies":[{"embeddable":true,"href":"https:\/\/www.xlspadlock.com\/fr\/wp-json\/wp\/v2\/comments?post=2515"}],"version-history":[{"count":0,"href":"https:\/\/www.xlspadlock.com\/fr\/wp-json\/wp\/v2\/pages\/2515\/revisions"}],"up":[{"embeddable":true,"href":"https:\/\/www.xlspadlock.com\/fr\/wp-json\/wp\/v2\/pages\/2398"}],"wp:attachment":[{"href":"https:\/\/www.xlspadlock.com\/fr\/wp-json\/wp\/v2\/media?parent=2515"}],"curies":[{"name":"wp","href":"https:\/\/api.w.org\/{rel}","templated":true}]}}