{"id":2532,"date":"2022-06-17T19:27:27","date_gmt":"2022-06-17T17:27:27","guid":{"rendered":"https:\/\/www.xlspadlock.com\/?page_id=2532"},"modified":"2025-11-16T16:10:53","modified_gmt":"2025-11-16T15:10:53","slug":"classeur-excel-activation-en-ligne","status":"publish","type":"page","link":"https:\/\/www.xlspadlock.com\/fr\/xl-workbook-online-activation","title":{"rendered":"Activation et gestion de licences en ligne pour classeurs Excel"},"content":{"rendered":"<h1 class=\"gb-headline gb-headline-d5b6e8dd gb-headline-text gb-headline-197f6b28\">Activation en ligne : contr\u00f4lez qui peut utiliser votre classeur Excel<\/h1>\n\n\n\n<p>Want to offer a free trial of your workbook to your future customers and collect email addresses at least? \ud83d\udc49 <strong>Avec XLS Padlock, c'est possible<\/strong>.<\/p>\n\n\n\n<p>Vous voulez donner acc\u00e8s \u00e0 votre classeur Excel \u00e0 <strong>certaines personnes uniquement<\/strong> et vous ne voulez pas qu'elles le <strong>partagent<\/strong> avec d'autres ? Vendre des licences pour vos feuilles de calcul Excel ?<\/p>\n\n\n\n<p>\ud83d\udc49 <strong>Utiliser l'activation en ligne avec verrouillage mat\u00e9riel est une solution<\/strong><\/p>\n\n\n\n<p>L'autre est <a href=\"\/fr\/protection-dongle\/\">la protection par dongle ou le verrouillage par cl\u00e9 USB<\/a>.<\/p>\n\n\n\n<div class=\"wp-block-uagb-inline-notice uagb-inline_notice__align-left uagb-block-d7eedcd5\"><button class=\"uagb-notice-close-button\" type=\"button\" aria-label=\"Fermer\"><\/button><span class=\"uagb-notice-title\">Essayez-le vous-m\u00eame<\/span><div class=\"uagb-notice-text\">\n<p><i class=\"fas fa-info-circle fa-2x\"><\/i> Voyez comment cela fonctionne en ligne <a href=\"\/fr\/demo-classeur-excel\/\">gr\u00e2ce \u00e0 notre D\u00e9monstration de Classeur en Direct<\/a>.<\/p>\n<\/div><\/div>\n\n\n\n<h2 class=\"wp-block-heading\" id=\"how-does-online-activation-work\">Comment fonctionne l'activation en ligne ?<\/h2>\n\n\n\n<p>Pour ouvrir votre classeur Excel, un client devra <strong>l'activer<\/strong> en remplissant un formulaire d'inscription optionnel au d\u00e9marrage. Ensuite, les donn\u00e9es du formulaire d'inscription sont envoy\u00e9es \u00e0 une application web d\u00e9di\u00e9e qui v\u00e9rifie si l'utilisateur a le droit d'acc\u00e9der au classeur ou non. Sinon, le classeur ne s'ouvrira pas.<\/p>\n\n\n\n<p>Par exemple, le formulaire d'inscription peut ressembler \u00e0 ceci :<\/p>\n\n\n<div class=\"wp-block-image\">\n<figure class=\"aligncenter size-full\"><img loading=\"lazy\" decoding=\"async\" width=\"654\" height=\"420\" src=\"https:\/\/cdn.xlspadlock.com\/20251108182206\/image-30.png\" alt=\"Enter Activation Code\" class=\"wp-image-3428\" srcset=\"https:\/\/cdn.xlspadlock.com\/20251108182206\/image-30.png 654w, https:\/\/cdn.xlspadlock.com\/20251108182206\/image-30-300x193.png 300w\" sizes=\"auto, (max-width: 654px) 100vw, 654px\" \/><\/figure>\n<\/div>\n\n\n<p>L'activation peut \u00eatre verrouill\u00e9e mat\u00e9riellement afin qu'une copie activ\u00e9e de votre classeur ne <strong>fonctionne que sur l'ordinateur du client<\/strong>. Le classeur Excel s\u00e9curis\u00e9 ne s'ouvrira sur aucune autre machine, il devient donc inutile s'il est partag\u00e9 avec d'autres.<\/p>\n\n\n\n<h2 class=\"wp-block-heading\" id=\"create-your-own-registration-forms\">Cr\u00e9ez vos propres formulaires d'inscription<\/h2>\n\n\n\n<p>Cr\u00e9ez des formulaires d'inscription pour vos applications : la bo\u00eete de dialogue d'activation en ligne peut \u00eatre personnalis\u00e9e \u00e0 volont\u00e9 : <strong>texte HTML de base<\/strong> peut \u00eatre affich\u00e9 (vous pouvez utiliser des balises HTML telles que <code>&lt;B&gt;&lt;\/B&gt;<\/code> et ainsi de suite), des liens et m\u00eame <strong>des champs de formulaire<\/strong>. Les clients doivent remplir le formulaire avant d'acc\u00e9der au classeur s\u00e9curis\u00e9.<\/p>\n\n\n\n<p>XLS Padlock est livr\u00e9 avec un \u00e9diteur HTML pratique pour configurer la bo\u00eete de dialogue et cr\u00e9er des champs de formulaire :<\/p>\n\n\n<div class=\"wp-block-image\">\n<figure class=\"aligncenter size-full\"><img loading=\"lazy\" decoding=\"async\" width=\"706\" height=\"348\" src=\"https:\/\/cdn.xlspadlock.com\/20251116150752\/image-46.png\" alt=\"HTML Editor\" class=\"wp-image-4643\" srcset=\"https:\/\/cdn.xlspadlock.com\/20251116150752\/image-46.png 706w, https:\/\/cdn.xlspadlock.com\/20251116150752\/image-46-300x148.png 300w, https:\/\/cdn.xlspadlock.com\/20251116150752\/image-46-18x9.png 18w, https:\/\/cdn.xlspadlock.com\/20251116150752\/image-46-360x177.png 360w\" sizes=\"auto, (max-width: 706px) 100vw, 706px\" \/><\/figure>\n<\/div>\n\n\n<h2 class=\"wp-block-heading\" id=\"your-own-web-application-to-process-activation-requests\">Votre propre application web pour traiter les demandes d'activation<\/h2>\n\n\n\n<p>Les donn\u00e9es du formulaire d'inscription sont g\u00e9r\u00e9es par <strong>votre propre application web install\u00e9e sur votre serveur web<\/strong>, gr\u00e2ce au <a href=\"\/fr\/compte\/telechargements\/\">Kit d'Activation XLS Padlock fourni \u00e0 nos clients<\/a> <strong>gratuitement<\/strong>. Ce paquet contient une application web PHP de base qui re\u00e7oit les donn\u00e9es du classeur s\u00e9curis\u00e9, g\u00e9n\u00e8re les cl\u00e9s d'activation appropri\u00e9es et les renvoie \u00e0 l'application. Ainsi, <strong>tout est automatis\u00e9<\/strong>. Un <strong>guide utilisateur d\u00e9di\u00e9 est inclus<\/strong> aussi. Cette application web peut \u00eatre am\u00e9lior\u00e9e et personnalis\u00e9e \u00e0 volont\u00e9.<\/p>\n\n\n<div class=\"wp-block-image\">\n<figure class=\"aligncenter size-full\"><img loading=\"lazy\" decoding=\"async\" width=\"650\" height=\"519\" src=\"https:\/\/cdn.xlspadlock.com\/20251108181105\/online-activation.png\" alt=\"Activation en ligne\" class=\"wp-image-2534\" srcset=\"https:\/\/cdn.xlspadlock.com\/20251108181105\/online-activation.png 650w, https:\/\/cdn.xlspadlock.com\/20251108181105\/online-activation-300x240.png 300w\" sizes=\"auto, (max-width: 650px) 100vw, 650px\" \/><\/figure>\n<\/div>\n\n\n<h2 class=\"wp-block-heading\" id=\"integration-with-woocommerce\">Int\u00e9gration avec WooCommerce<\/h2>\n\n\n\n<p>Pour les clients XLS Padlock qui ne veulent pas s'occuper de PHP, nous proposons \u00e9galement un <strong>Kit d'Int\u00e9gration WooCommerce<\/strong>: g\u00e9rez directement les activations depuis l'interface d'administration de WooCommerce. D\u00e9cidez combien d'activations sont autoris\u00e9es, g\u00e9rez les activations et commandes existantes, bloquez l'acc\u00e8s en cas de remboursement, vendez vos classeurs Excel et gagnez de l'argent\u2026 D\u00e9couvrez la <a href=\"\/fr\/vendre-classeurs-excel-avec-woocommerce\/\">page d\u00e9di\u00e9e \u00e0 la vente de classeurs Excel avec WooCommerce.<\/a><\/p>\n\n\n\n<h2 class=\"wp-block-heading\" id=\"validate-activation-regularly\">Valider l'activation r\u00e9guli\u00e8rement<\/h2>\n\n\n\n<p>La validation en ligne offre un contr\u00f4le \u00e0 distance sur l'activation : si vous avez configur\u00e9 le Kit d'Activation XLS Padlock ou le Kit d'Int\u00e9gration WooCommerce XLS Padlock sur votre serveur web, l'application une fois activ\u00e9e <strong>peut v\u00e9rifier r\u00e9guli\u00e8rement la validit\u00e9 de l'activation.<\/strong><\/p>\n\n\n\n<h3 class=\"wp-block-heading\" id=\"possible-uses\">Utilisations possibles<\/h3>\n\n\n\n<ul class=\"wp-block-list\">\n<li>vous vendez des classeurs Excel et vous souhaitez bloquer leur acc\u00e8s si les utilisateurs finaux demandent des remboursements.<\/li>\n\n\n\n<li>vous voulez contr\u00f4ler qui peut acc\u00e9der r\u00e9guli\u00e8rement aux classeurs Excel.<\/li>\n<\/ul>\n\n\n\n<h2 class=\"wp-block-heading\" id=\"configure-activation-keys-automatically-and-remotely-set-limitations\">Configurer les cl\u00e9s d'activation automatiquement et \u00e0 distance, d\u00e9finir des limitations<\/h2>\n\n\n\n<p>L'application Web responsable de la collecte des demandes d'activation est la m\u00eame qui g\u00e9n\u00e9rera les cl\u00e9s d'activation. Ainsi, vous pouvez configurer l'application web pour g\u00e9n\u00e9rer des cl\u00e9s d'activation avec diff\u00e9rentes propri\u00e9t\u00e9s : le classeur doit-il expirer apr\u00e8s 6 mois et n\u00e9cessiter une nouvelle activation ? Devons-nous afficher un \u00e9cran de rappel car c'est un classeur d'essai ? Toutes <a href=\"\/fr\/security\/\">les fonctionnalit\u00e9s de limitation offertes par XLS Padlock<\/a> sont toujours possibles avec l'activation en ligne et vous en avez le contr\u00f4le directement depuis votre serveur web, c'est-\u00e0-dire sans reconstruire le fichier EXE s\u00e9curis\u00e9.<\/p>\n\n\n\n<div class=\"wp-block-uagb-inline-notice uagb-inline_notice__align-left uagb-block-f1734a33\"><button class=\"uagb-notice-close-button\" type=\"button\" aria-label=\"Fermer\"><\/button><span class=\"uagb-notice-title\">Testez une d\u00e9mo fonctionnelle en ligne<\/span><div class=\"uagb-notice-text\">\n<p><i class=\"fas fa-info-circle fa-2x\"><\/i> Voyez comment fonctionne l'activation en ligne dans <a href=\"\/fr\/demo-classeur-excel\/\">notre D\u00e9monstration de Classeur en Direct<\/a><\/p>\n<\/div><\/div>\n\n\n<div class=\"gb-button-wrapper wp-block-comments-pagination aligncenter\"><a class=\"gb-button gb-button-text gb-button-59335cce\" href=\"https:\/\/www.xlspadlock.com\/fr\/hardware-locked-keys\" title=\"Protection de classeur Excel avec cl\u00e9s verrouill\u00e9es mat\u00e9riellement\"><span class=\"gb-button-text\"><i class=\"fa fa-arrow-left\"><\/i>&nbsp;&nbsp;Pr\u00e9c\u00e9dent<\/span><\/a>&nbsp;&nbsp;<a class=\"gb-button gb-button-text gb-button-59335cce\" href=\"https:\/\/www.xlspadlock.com\/fr\/dongle-protection\" title=\"Protection par dongle pour feuilles de calcul Excel\"><span class=\"gb-button-text\">Suivant&nbsp;&nbsp;<i class=\"fa fa-arrow-right\"><\/i><\/span><\/a><\/div>","protected":false},"excerpt":{"rendered":"<p>Activation en ligne : contr\u00f4lez qui peut utiliser votre classeur Excel Vous souhaitez offrir un essai gratuit de votre classeur \u00e0 vos futurs clients et collecter des e-mails\u2026 <a title=\"Activation et gestion de licences en ligne pour classeurs Excel\" class=\"read-more\" href=\"https:\/\/www.xlspadlock.com\/fr\/xl-workbook-online-activation\" aria-label=\"En savoir plus sur Online activation and licensing for Excel workbooks\">Lire la suite<\/a><\/p>","protected":false},"author":2,"featured_media":0,"parent":2398,"menu_order":5,"comment_status":"closed","ping_status":"closed","template":"","meta":{"inline_featured_image":false,"_uag_custom_page_level_css":"","footnotes":""},"class_list":["post-2532","page","type-page","status-publish"],"uagb_featured_image_src":{"full":false,"thumbnail":false,"medium":false,"medium_large":false,"large":false,"1536x1536":false,"2048x2048":false,"trp-custom-language-flag":false,"betterdocs-category-thumb":false},"uagb_author_info":{"display_name":"G.D.G. Software","author_link":"https:\/\/www.xlspadlock.com\/fr\/author\/gdgsoft"},"uagb_comment_info":0,"uagb_excerpt":"Online Activation: control who can use your Excel workbook Want to offer a free trial of your workbook to your future customers and collect email ... Read More","_links":{"self":[{"href":"https:\/\/www.xlspadlock.com\/fr\/wp-json\/wp\/v2\/pages\/2532","targetHints":{"allow":["GET"]}}],"collection":[{"href":"https:\/\/www.xlspadlock.com\/fr\/wp-json\/wp\/v2\/pages"}],"about":[{"href":"https:\/\/www.xlspadlock.com\/fr\/wp-json\/wp\/v2\/types\/page"}],"author":[{"embeddable":true,"href":"https:\/\/www.xlspadlock.com\/fr\/wp-json\/wp\/v2\/users\/2"}],"replies":[{"embeddable":true,"href":"https:\/\/www.xlspadlock.com\/fr\/wp-json\/wp\/v2\/comments?post=2532"}],"version-history":[{"count":0,"href":"https:\/\/www.xlspadlock.com\/fr\/wp-json\/wp\/v2\/pages\/2532\/revisions"}],"up":[{"embeddable":true,"href":"https:\/\/www.xlspadlock.com\/fr\/wp-json\/wp\/v2\/pages\/2398"}],"wp:attachment":[{"href":"https:\/\/www.xlspadlock.com\/fr\/wp-json\/wp\/v2\/media?parent=2532"}],"curies":[{"name":"wp","href":"https:\/\/api.w.org\/{rel}","templated":true}]}}