{"id":2543,"date":"2022-06-18T09:28:30","date_gmt":"2022-06-18T07:28:30","guid":{"rendered":"https:\/\/www.xlspadlock.com\/?page_id=2543"},"modified":"2025-11-16T13:09:01","modified_gmt":"2025-11-16T12:09:01","slug":"protection-dongle","status":"publish","type":"page","link":"https:\/\/www.xlspadlock.com\/fr\/dongle-protection","title":{"rendered":"Protection par dongle pour feuilles de calcul Excel"},"content":{"rendered":"<h1 class=\"gb-headline gb-headline-d5b6e8dd gb-headline-text gb-headline-197f6b28\">Protection par dongle : haute s\u00e9curit\u00e9 pour votre feuille de calcul Excel<\/h1>\n\n\n\n<p>Vous pouvez verrouiller votre classeur Excel sur un dongle, ce qui signifie que <strong>le classeur ne fonctionnera pas <\/strong>sans le  <strong> dongle correct b<\/strong>ranch\u00e9. Cette protection par dongle est une fonctionnalit\u00e9 de s\u00e9curit\u00e9 puissante et robuste fournie par XLS Padlock aux utilisateurs d'Excel.<\/p>\n\n\n<div class=\"wp-block-image\">\n<figure class=\"aligncenter size-full\"><img loading=\"lazy\" decoding=\"async\" width=\"835\" height=\"702\" src=\"https:\/\/cdn.xlspadlock.com\/20251108182728\/dongle-page.png\" alt=\"\" class=\"wp-image-4183\" srcset=\"https:\/\/cdn.xlspadlock.com\/20251108182728\/dongle-page.png 835w, https:\/\/cdn.xlspadlock.com\/20251108182728\/dongle-page-300x252.png 300w, https:\/\/cdn.xlspadlock.com\/20251108182728\/dongle-page-768x646.png 768w, https:\/\/cdn.xlspadlock.com\/20251108182728\/dongle-page-14x12.png 14w, https:\/\/cdn.xlspadlock.com\/20251108182728\/dongle-page-360x303.png 360w\" sizes=\"auto, (max-width: 835px) 100vw, 835px\" \/><\/figure>\n<\/div>\n\n\n<h2 class=\"wp-block-heading\">La protection par dongle n\u00e9cessite la pr\u00e9sence physique du dongle pour ouvrir le classeur<\/h2>\n\n\n\n<p>Le classeur va <strong>v\u00e9rifier la pr\u00e9sence du dongle<\/strong>:<\/p>\n\n\n\n<p>\u2714\ufe0f <strong>au d\u00e9marrage<\/strong><br>Le classeur ne s'ouvrira pas si l'utilisateur n'a pas son dongle branch\u00e9.<\/p>\n\n\n\n<p>\u2714\ufe0f <strong>r\u00e9guli\u00e8rement<\/strong> pendant l'ex\u00e9cution (si vous le souhaitez) : vous pouvez d\u00e9finir la fr\u00e9quence de ces v\u00e9rifications, toutes les 30 secondes par exemple.<br>Ainsi, si le dongle n'est pas trouv\u00e9, un \u00e9cran d'avertissement appara\u00eet demandant l'insertion du dongle dans les 15 secondes. Si le dongle n'est toujours pas disponible \u00e0 temps, le classeur se ferme.<\/p>\n\n\n\n<h2 class=\"wp-block-heading\">Ajouter des restrictions au dongle<\/h2>\n\n\n\n<p>Vous pouvez \u00e9galement d\u00e9finir des <strong>restrictions<\/strong>: limiter le nombre de fois que votre classeur Excel peut \u00eatre ex\u00e9cut\u00e9, faire expirer votre cl\u00e9 apr\u00e8s un nombre donn\u00e9 de jours ou apr\u00e8s une date donn\u00e9e.<\/p>\n\n\n\n<p>Enfin, la mise \u00e0 jour \u00e0 distance des dongles est \u00e9galement g\u00e9r\u00e9e : mettez \u00e0 niveau \u00e0 distance&nbsp;les <strong>dongles<\/strong> d\u00e9j\u00e0 fournis \u00e0 vos clients en \u00e9tendant les restrictions telles qu'une nouvelle&nbsp;date d'expiration ou un nouveau nombre d'utilisations. <\/p>\n\n\n<div class=\"wp-block-image\">\n<figure class=\"aligncenter size-full\"><img loading=\"lazy\" decoding=\"async\" width=\"602\" height=\"368\" src=\"https:\/\/cdn.xlspadlock.com\/20251116120132\/Image34.png\" alt=\"Dongle Remote Update\" class=\"wp-image-4587\" srcset=\"https:\/\/cdn.xlspadlock.com\/20251116120132\/Image34.png 602w, https:\/\/cdn.xlspadlock.com\/20251116120132\/Image34-300x183.png 300w, https:\/\/cdn.xlspadlock.com\/20251116120132\/Image34-18x12.png 18w, https:\/\/cdn.xlspadlock.com\/20251116120132\/Image34-360x220.png 360w\" sizes=\"auto, (max-width: 602px) 100vw, 602px\" \/><\/figure>\n<\/div>\n\n\n<div class=\"wp-block-uagb-inline-notice uagb-inline_notice__align-left uagb-block-44f182dc\"><button class=\"uagb-notice-close-button\" type=\"button\" aria-label=\"Fermer\"><\/button><span class=\"uagb-notice-title\">Mod\u00e8les de dongle<\/span><div class=\"uagb-notice-text\">\n<p>XLS Padlock prend en charge plusieurs mod\u00e8les de dongles : Enky CT, Enky LC.<\/p>\n\n\n\n<p><i class=\"fas fa-circle-caret-right\"><\/i> Visitez le <a href=\"https:\/\/www.hs-securityware.com\/\" target=\"_blank\" rel=\"noopener\">site web HS-Security Ware<\/a> pour en savoir plus sur les dongles.<\/p>\n<\/div><\/div>\n\n\n<div class=\"gb-button-wrapper wp-block-comments-pagination aligncenter\"><a class=\"gb-button gb-button-text gb-button-59335cce\" href=\"https:\/\/www.xlspadlock.com\/fr\/xl-workbook-online-activation\" title=\"Activation et gestion de licences en ligne pour classeurs Excel\"><span class=\"gb-button-text\"><i class=\"fa fa-arrow-left\"><\/i>&nbsp;&nbsp;Pr\u00e9c\u00e9dent<\/span><\/a>&nbsp;&nbsp;<a class=\"gb-button gb-button-text gb-button-59335cce\" href=\"https:\/\/www.xlspadlock.com\/fr\/sell-workbooks-with-woocommerce\" title=\"Vendre des classeurs et licences Excel avec WooCommerce\"><span class=\"gb-button-text\">Suivant&nbsp;&nbsp;<i class=\"fa fa-arrow-right\"><\/i><\/span><\/a><\/div>","protected":false},"excerpt":{"rendered":"<p>Protection par dongle : haute s\u00e9curit\u00e9 pour votre feuille de calcul Excel Vous pouvez verrouiller votre classeur Excel sur un dongle, ce qui signifie que le classeur ne fonctionnera pas\u2026 <a title=\"Protection par dongle pour feuilles de calcul Excel\" class=\"read-more\" href=\"https:\/\/www.xlspadlock.com\/fr\/dongle-protection\" aria-label=\"En savoir plus sur Dongle protection for Excel spreadsheets\">Lire la suite<\/a><\/p>","protected":false},"author":2,"featured_media":0,"parent":2398,"menu_order":6,"comment_status":"closed","ping_status":"closed","template":"","meta":{"inline_featured_image":false,"_uag_custom_page_level_css":"","footnotes":""},"class_list":["post-2543","page","type-page","status-publish"],"uagb_featured_image_src":{"full":false,"thumbnail":false,"medium":false,"medium_large":false,"large":false,"1536x1536":false,"2048x2048":false,"trp-custom-language-flag":false,"betterdocs-category-thumb":false},"uagb_author_info":{"display_name":"G.D.G. Software","author_link":"https:\/\/www.xlspadlock.com\/fr\/author\/gdgsoft"},"uagb_comment_info":0,"uagb_excerpt":"Dongle protection: high security for your Excel spreadsheet You can lock your Excel workbook to a dongle, which means that the workbook will not work ... Read More","_links":{"self":[{"href":"https:\/\/www.xlspadlock.com\/fr\/wp-json\/wp\/v2\/pages\/2543","targetHints":{"allow":["GET"]}}],"collection":[{"href":"https:\/\/www.xlspadlock.com\/fr\/wp-json\/wp\/v2\/pages"}],"about":[{"href":"https:\/\/www.xlspadlock.com\/fr\/wp-json\/wp\/v2\/types\/page"}],"author":[{"embeddable":true,"href":"https:\/\/www.xlspadlock.com\/fr\/wp-json\/wp\/v2\/users\/2"}],"replies":[{"embeddable":true,"href":"https:\/\/www.xlspadlock.com\/fr\/wp-json\/wp\/v2\/comments?post=2543"}],"version-history":[{"count":0,"href":"https:\/\/www.xlspadlock.com\/fr\/wp-json\/wp\/v2\/pages\/2543\/revisions"}],"up":[{"embeddable":true,"href":"https:\/\/www.xlspadlock.com\/fr\/wp-json\/wp\/v2\/pages\/2398"}],"wp:attachment":[{"href":"https:\/\/www.xlspadlock.com\/fr\/wp-json\/wp\/v2\/media?parent=2543"}],"curies":[{"name":"wp","href":"https:\/\/api.w.org\/{rel}","templated":true}]}}