{"id":2556,"date":"2022-07-02T16:38:16","date_gmt":"2022-07-02T14:38:16","guid":{"rendered":"https:\/\/www.xlspadlock.com\/?page_id=2556"},"modified":"2025-11-16T13:20:53","modified_gmt":"2025-11-16T12:20:53","slug":"vendre-classeurs-excel-avec-woocommerce","status":"publish","type":"page","link":"https:\/\/www.xlspadlock.com\/fr\/sell-workbooks-with-woocommerce","title":{"rendered":"Vendre des classeurs et licences Excel avec WooCommerce"},"content":{"rendered":"<h1 class=\"gb-headline gb-headline-a9544655 gb-headline-text gb-headline-197f6b28\">Sell &amp; Secure Excel Workbooks with WooCommerce Integration Kit 2025<\/h1>\n\n\n\n<p>Vous voulez vendre vos classeurs Excel avec WooCommerce et sans effort ? \u21d2 <strong>Avec XLS Padlock, c'est possible<\/strong>.<\/p>\n\n\n\n<p>Vous voulez donner acc\u00e8s \u00e0 votre classeur Excel \u00e0 <strong>certaines personnes uniquement<\/strong> et vous ne voulez pas qu'elles le <strong>partagent<\/strong> avec d'autres ?<\/p>\n\n\n\n<p class=\"has-text-align-center\">\ud83d\udc49 <strong>Utilisez votre site web WooCommerce combin\u00e9 avec la fonctionnalit\u00e9 d'activation en ligne de XLS Padlock !<\/strong><\/p>\n\n\n\n<div class=\"wp-block-uagb-inline-notice uagb-inline_notice__align-left uagb-block-4fa9b216\"><button class=\"uagb-notice-close-button\" type=\"button\" aria-label=\"Fermer\"><\/button><span class=\"uagb-notice-title\">Essayez-le vous-m\u00eame<\/span><div class=\"uagb-notice-text\">\n<p><\/p>\n\n\n\n<p>&nbsp;&nbsp;<code><i class=\"fas fa-info-circle fa-2x\"><\/i><\/code> D\u00e9couvrez notre <a href=\"https:\/\/demo.xlspadlock.com\" target=\"_blank\" rel=\"noopener\">boutique de d\u00e9monstration fonctionnelle bas\u00e9e sur WooCommerce et voyez comment \u00e7a marche<\/a><\/p>\n\n\n\n<p><\/p>\n<\/div><\/div>\n\n\n\n<div class=\"wp-block-uagb-inline-notice uagb-inline_notice__align-left uagb-block-0096149a\"><button class=\"uagb-notice-close-button\" type=\"button\" aria-label=\"Fermer\"><\/button><span class=\"uagb-notice-title\">Guide \u00e9tape par \u00e9tape<\/span><div class=\"uagb-notice-text\">\n<p><\/p>\n\n\n\n<p>&nbsp;&nbsp;<code><i class=\"fa fa-book fa-2x\"><\/i><\/code> Un guide complet <a href=\"https:\/\/download.xlspadlock.com\/XLSPadlock-WooCommerceIntegrationKit-Guide.pdf\" target=\"_blank\" rel=\"noopener\">d'installation et d'explication du Kit WooCommerce est disponible en t\u00e9l\u00e9chargement<\/a><\/p>\n\n\n\n<p><\/p>\n<\/div><\/div>\n\n\n\n<h2 class=\"wp-block-heading\" id=\"how-online-activation-can-help-you-selling-more-excel-workbooks\">Comment l'activation en ligne peut-elle vous aider \u00e0 vendre plus de classeurs Excel ?<\/h2>\n\n\n\n<p>Vous voulez gagner de l'argent avec un classeur Excel que vous avez cr\u00e9\u00e9. Malheureusement, les classeurs Excel n'ont pas \u00e9t\u00e9 con\u00e7us pour cela : ils peuvent facilement \u00eatre modifi\u00e9s et partag\u00e9s. <\/p>\n\n\n\n<p>Avec XLS Padlock et ses fonctionnalit\u00e9s de s\u00e9curit\u00e9, vous pouvez cr\u00e9er une version s\u00e9curis\u00e9e de votre classeur pour contr\u00f4ler sa distribution et m\u00eame impl\u00e9menter la gestion des licences : vous pouvez faire payer les gens pour utiliser votre classeur Excel. Ceci est possible gr\u00e2ce \u00e0 la fonctionnalit\u00e9 d'activation en ligne de XLS Padlock.<\/p>\n\n\n\n<p>Une fois que vous avez cr\u00e9\u00e9 votre application de classeur s\u00e9curis\u00e9e avec XLS Padlock, vous pouvez la distribuer \u00e0 n'importe qui (m\u00eame la publier sur votre propre site web). Un client devra <strong>l'activer<\/strong> en remplissant un <strong>code d'activation<\/strong> au d\u00e9marrage. Ensuite, l'application de classeur s\u00e9curis\u00e9e se connecte \u00e0 une application web d\u00e9di\u00e9e qui v\u00e9rifie si l'utilisateur <strong>a le droit d'acc\u00e9der au classeur ou non<\/strong>. Sinon, le classeur ne s'ouvrira pas.<\/p>\n\n\n\n<p>Par exemple, l'\u00e9cran d'activation initial peut ressembler \u00e0 ceci :<\/p>\n\n\n<div class=\"wp-block-image\">\n<figure class=\"aligncenter size-full\"><img loading=\"lazy\" decoding=\"async\" width=\"654\" height=\"420\" src=\"https:\/\/cdn.xlspadlock.com\/20251108182206\/image-30.png\" alt=\"Enter Activation Code\" class=\"wp-image-3428\" srcset=\"https:\/\/cdn.xlspadlock.com\/20251108182206\/image-30.png 654w, https:\/\/cdn.xlspadlock.com\/20251108182206\/image-30-300x193.png 300w\" sizes=\"auto, (max-width: 654px) 100vw, 654px\" \/><\/figure>\n<\/div>\n\n\n<p>\ud83d\udd25 <strong>Server-Side Expiration Control<\/strong><br>Expiry dates can also be managed centrally on your server, not locally on the computer.<br>This ensures tamper-proof enforcement, instant date adjustments, and protection against clock changes.<\/p>\n\n\n\n<div class=\"wp-block-uagb-inline-notice uagb-inline_notice__align-left uagb-block-03a22544\"><button class=\"uagb-notice-close-button\" type=\"button\" aria-label=\"Fermer\"><\/button><span class=\"uagb-notice-title\">Le saviez-vous ?<\/span><div class=\"uagb-notice-text\">\n<p><\/p>\n\n\n\n<p>&nbsp;&nbsp;<code><i class=\"fa fa-unlock-alt fa-2x\"><\/i><\/code> L'activation peut \u00eatre verrouill\u00e9e mat\u00e9riellement afin qu'une copie activ\u00e9e de votre classeur ne <strong>fonctionne que sur l'ordinateur du client<\/strong>. Le classeur Excel s\u00e9curis\u00e9 ne s'ouvrira sur aucune autre machine, donc <strong>il devient inutile s'il est partag\u00e9 avec d'autres<\/strong>.<\/p>\n\n\n\n<p><\/p>\n<\/div><\/div>\n\n\n\n<h2 class=\"wp-block-heading\" id=\"manage-activations-and-licenses-directly-with-woocommerce\">G\u00e9rer les activations et les licences directement avec WooCommerce<\/h2>\n\n\n\n<p><a rel=\"nofollow noopener\" href=\"https:\/\/woocommerce.com\" target=\"_blank\">WooCommerce<\/a> est une plateforme eCommerce open-source, enti\u00e8rement personnalisable et disponible pour tous. Vous pouvez l'utiliser pour vendre ou distribuer n'importe quoi, y compris des classeurs Excel.<\/p>\n\n\n\n<p><strong>Tous les clients XLS Padlock ont acc\u00e8s<\/strong> \u00e0 notre <a href=\"\/fr\/compte\/telechargements\/\">Kit d'Int\u00e9gration WooCommerce XLS Padlock gratuit<\/a>. Ce kit contient une application web PHP qui peut fonctionner avec un site web WooCommerce existant. Un <strong>guide d\u00e9taill\u00e9 \u00e9tape par \u00e9tape est inclus<\/strong>. Apr\u00e8s installation et configuration, tout est automatis\u00e9.<\/p>\n\n\n\n<h3 class=\"wp-block-heading\" id=\"highlights\">Points forts<\/h3>\n\n\n\n<ul class=\"wp-block-list\">\n<li><p>D\u00e9cidez sur combien d'ordinateurs un utilisateur peut activer le classeur s\u00e9curis\u00e9.  <\/p><\/li>\n\n\n\n<li><p>Utilisez la section Commandes de WooCommerce puis Modifier la commande pour g\u00e9rer les activations d'une commande donn\u00e9e :<\/p> <\/li>\n<\/ul>\n\n\n<div class=\"wp-block-image\">\n<figure class=\"aligncenter size-full\"><img loading=\"lazy\" decoding=\"async\" width=\"650\" height=\"390\" src=\"https:\/\/cdn.xlspadlock.com\/20251108181106\/image-5.png\" alt=\"\" class=\"wp-image-2560\" srcset=\"https:\/\/cdn.xlspadlock.com\/20251108181106\/image-5.png 650w, https:\/\/cdn.xlspadlock.com\/20251108181106\/image-5-300x180.png 300w\" sizes=\"auto, (max-width: 650px) 100vw, 650px\" \/><\/figure>\n<\/div>\n\n\n<p>Vous pouvez ensuite utiliser <strong>les champs personnalis\u00e9s pour g\u00e9rer les activations<\/strong> pour une commande donn\u00e9e (et un client) :<\/p>\n\n\n<div class=\"wp-block-image\">\n<figure class=\"aligncenter size-full\"><img loading=\"lazy\" decoding=\"async\" width=\"650\" height=\"448\" src=\"https:\/\/cdn.xlspadlock.com\/20251108181106\/image-6.png\" alt=\"\" class=\"wp-image-2562\" srcset=\"https:\/\/cdn.xlspadlock.com\/20251108181106\/image-6.png 650w, https:\/\/cdn.xlspadlock.com\/20251108181106\/image-6-300x207.png 300w\" sizes=\"auto, (max-width: 650px) 100vw, 650px\" \/><\/figure>\n<\/div>\n\n\n<ul class=\"wp-block-list\">\n<li><strong>Bloquer les activations si votre client a par exemple demand\u00e9 un remboursement<\/strong>.<br><\/li>\n\n\n\n<li><strong>Server-Side Expiration Control<\/strong>: centralized, tamper-proof license expiry.<br><\/li>\n\n\n\n<li><strong>Advanced Logging<\/strong>: detailed activation logs, for easy debugging in case of problems.<br><\/li>\n<\/ul>\n\n\n\n<h2 class=\"wp-block-heading\" id=\"control-who-can-activate-remotely-and-regularly-set-limitations\">Contr\u00f4lez qui peut activer \u00e0 distance et r\u00e9guli\u00e8rement, d\u00e9finissez des limitations<\/h2>\n\n\n\n<p>Le Kit d'Int\u00e9gration WooCommerce XLS Padlock prend en charge la fonctionnalit\u00e9 de validation de XLS Padlock : vous pouvez configurer votre classeur s\u00e9curis\u00e9 pour qu'il se connecte \u00e0 votre site web WooCommerce et <strong>v\u00e9rifie r\u00e9guli\u00e8rement la validit\u00e9 de l'activation<\/strong>.<\/p>\n\n\n\n<h3 class=\"wp-block-heading\" id=\"possible-uses\">Utilisations possibles<\/h3>\n\n\n\n<ul class=\"wp-block-list\">\n<li>vous vendez des classeurs Excel et vous souhaitez bloquer leur acc\u00e8s si les utilisateurs finaux demandent des remboursements.<\/li>\n\n\n\n<li>vous voulez contr\u00f4ler qui peut acc\u00e9der r\u00e9guli\u00e8rement aux classeurs Excel.<\/li>\n<\/ul>\n\n\n<div class=\"wp-block-image\">\n<figure class=\"aligncenter size-full\"><img loading=\"lazy\" decoding=\"async\" width=\"876\" height=\"773\" src=\"https:\/\/cdn.xlspadlock.com\/20251108181106\/image-7.png\" alt=\"\" class=\"wp-image-2563\" srcset=\"https:\/\/cdn.xlspadlock.com\/20251108181106\/image-7.png 876w, https:\/\/cdn.xlspadlock.com\/20251108181106\/image-7-300x265.png 300w, https:\/\/cdn.xlspadlock.com\/20251108181106\/image-7-768x678.png 768w\" sizes=\"auto, (max-width: 876px) 100vw, 876px\" \/><\/figure>\n<\/div>\n\n\n<p>Choisissez quand l'application doit effectuer une validation : \u00e0 chaque d\u00e9marrage, al\u00e9atoirement ou toutes les X fois.<\/p>\n\n\n\n<p>D\u00e9finissez ce que l'application doit faire si la validation \u00e9choue : quitter l'application, mettre la cl\u00e9 d'activation sur liste noire ou m\u00eame pour les programmeurs VBA, vous pouvez utiliser notre API VBA XLS Padlock pour une personnalisation plus pouss\u00e9e !<\/p>\n\n\n\n<p>Enforce expirations centrally and block access automatically when a license lapses.<\/p>\n\n\n\n<ul class=\"wp-block-list\">\n<li>Supposons que vous ayez bloqu\u00e9 l'acc\u00e8s de vos clients, ils obtiendront cette erreur :<\/li>\n<\/ul>\n\n\n<div class=\"wp-block-image\">\n<figure class=\"aligncenter size-full\"><img loading=\"lazy\" decoding=\"async\" width=\"362\" height=\"150\" src=\"https:\/\/cdn.xlspadlock.com\/20251108181106\/image-8.png\" alt=\"\" class=\"wp-image-2565\" srcset=\"https:\/\/cdn.xlspadlock.com\/20251108181106\/image-8.png 362w, https:\/\/cdn.xlspadlock.com\/20251108181106\/image-8-300x124.png 300w\" sizes=\"auto, (max-width: 362px) 100vw, 362px\" \/><\/figure>\n<\/div>\n\n\n<p>Sinon, si la validation r\u00e9ussit, l'EXE du classeur compil\u00e9 poursuit son ex\u00e9cution.<\/p>\n\n\n\n<h2 class=\"wp-block-heading\" id=\"earn-monthly-incomes-from-your-excel-workbooks-with-subscriptions\">G\u00e9n\u00e9rez des revenus mensuels avec vos classeurs Excel gr\u00e2ce aux abonnements<\/h2>\n\n\n\n<p>Le Kit d'Int\u00e9gration WooCommerce XLS Padlock offre \u00e9galement un support pour les abonnements. Si vous avez le plug-in WooCommerce Subscriptions, vous pouvez lier vos classeurs Excel compil\u00e9s avec XLS Padlock aux abonnements.<\/p>\n\n\n\n<p>Pour acc\u00e9der \u00e0 vos classeurs, les clients auraient besoin d'un abonnement actif et vous paieraient chaque mois par exemple. Les abonnements pour les classeurs Excel sont d\u00e9sormais possibles avec XLS Padlock et m\u00eame faciles \u00e0 mettre en \u0153uvre.<\/p>\n\n\n\n<p>Si vous <strong>n'avez pas WooCommerce et souhaitez quand m\u00eame utiliser le mod\u00e8le d'abonnement<\/strong>, nous proposons \u00e9galement un kit d'abonnement qui ne n\u00e9cessite aucun module compl\u00e9mentaire payant et est une solution PHP pure qui fonctionnera sur presque tous les serveurs web. <a href=\"\/fr\/abonnements-classeur-excel-gagner-argent\/\">Jetez un \u0153il \u00e0 notre Kit d'Abonnement FastSpring<\/a>.<\/p>\n\n\n\n<div class=\"wp-block-uagb-inline-notice uagb-inline_notice__align-left uagb-block-bf2042e0\"><button class=\"uagb-notice-close-button\" type=\"button\" aria-label=\"Fermer\"><\/button><span class=\"uagb-notice-title\">Essayez-le vous-m\u00eame<\/span><div class=\"uagb-notice-text\">\n<p><\/p>\n\n\n\n<p>  <code><i class=\"fas fa-info-circle fa-2x\"><\/i><\/code> D\u00e9couvrez notre <a href=\"https:\/\/demo.xlspadlock.com\" target=\"_blank\" rel=\"noopener\">boutique de d\u00e9monstration fonctionnelle bas\u00e9e sur WooCommerce et voyez comment \u00e7a marche<\/a><\/p>\n\n\n\n<p><\/p>\n<\/div><\/div>\n\n\n\n<div class=\"wp-block-uagb-inline-notice uagb-inline_notice__align-left uagb-block-825ba41a\"><button class=\"uagb-notice-close-button\" type=\"button\" aria-label=\"Fermer\"><\/button><span class=\"uagb-notice-title\">Guide \u00e9tape par \u00e9tape<\/span><div class=\"uagb-notice-text\">\n<p><\/p>\n\n\n\n<p>  <code><i class=\"fa fa-book fa-2x\"><\/i><\/code> Un guide complet <a href=\"https:\/\/download.xlspadlock.com\/XLSPadlock-WooCommerceIntegrationKit-Guide.pdf\" target=\"_blank\" rel=\"noopener\">d'installation et d'explication du Kit WooCommerce est disponible en t\u00e9l\u00e9chargement<\/a><\/p>\n\n\n\n<p><\/p>\n<\/div><\/div>\n\n\n<div class=\"gb-button-wrapper wp-block-comments-pagination aligncenter\"><a class=\"gb-button gb-button-text gb-button-59335cce\" href=\"https:\/\/www.xlspadlock.com\/fr\/dongle-protection\" title=\"Protection par dongle pour feuilles de calcul Excel\"><span class=\"gb-button-text\"><i class=\"fa fa-arrow-left\"><\/i>&nbsp;&nbsp;Pr\u00e9c\u00e9dent<\/span><\/a>&nbsp;&nbsp;<a class=\"gb-button gb-button-text gb-button-59335cce\" href=\"https:\/\/www.xlspadlock.com\/fr\/excel-workbook-subscriptions-make-money\" title=\"Abonnements pour Classeurs Excel : un moyen de gagner de l&#039;argent\"><span class=\"gb-button-text\">Suivant&nbsp;&nbsp;<i class=\"fa fa-arrow-right\"><\/i><\/span><\/a><\/div>","protected":false},"excerpt":{"rendered":"<p>Sell &amp; Secure Excel Workbooks with WooCommerce Integration Kit 2025 Want to sell your Excel workbooks with WooCommerce and without efforts? \u21d2 With XLS Padlock, &#8230; <a title=\"Vendre des classeurs et licences Excel avec WooCommerce\" class=\"read-more\" href=\"https:\/\/www.xlspadlock.com\/fr\/sell-workbooks-with-woocommerce\" aria-label=\"En savoir plus sur Sell Excel workbooks and licenses with WooCommerce\">Lire la suite<\/a><\/p>","protected":false},"author":2,"featured_media":0,"parent":2398,"menu_order":7,"comment_status":"closed","ping_status":"closed","template":"","meta":{"inline_featured_image":false,"_uag_custom_page_level_css":"","footnotes":""},"class_list":["post-2556","page","type-page","status-publish"],"uagb_featured_image_src":{"full":false,"thumbnail":false,"medium":false,"medium_large":false,"large":false,"1536x1536":false,"2048x2048":false,"trp-custom-language-flag":false,"betterdocs-category-thumb":false},"uagb_author_info":{"display_name":"G.D.G. Software","author_link":"https:\/\/www.xlspadlock.com\/fr\/author\/gdgsoft"},"uagb_comment_info":0,"uagb_excerpt":"Sell &amp; Secure Excel Workbooks with WooCommerce Integration Kit 2025 Want to sell your Excel workbooks with WooCommerce and without efforts? \u21d2 With XLS Padlock, ... Read More","_links":{"self":[{"href":"https:\/\/www.xlspadlock.com\/fr\/wp-json\/wp\/v2\/pages\/2556","targetHints":{"allow":["GET"]}}],"collection":[{"href":"https:\/\/www.xlspadlock.com\/fr\/wp-json\/wp\/v2\/pages"}],"about":[{"href":"https:\/\/www.xlspadlock.com\/fr\/wp-json\/wp\/v2\/types\/page"}],"author":[{"embeddable":true,"href":"https:\/\/www.xlspadlock.com\/fr\/wp-json\/wp\/v2\/users\/2"}],"replies":[{"embeddable":true,"href":"https:\/\/www.xlspadlock.com\/fr\/wp-json\/wp\/v2\/comments?post=2556"}],"version-history":[{"count":0,"href":"https:\/\/www.xlspadlock.com\/fr\/wp-json\/wp\/v2\/pages\/2556\/revisions"}],"up":[{"embeddable":true,"href":"https:\/\/www.xlspadlock.com\/fr\/wp-json\/wp\/v2\/pages\/2398"}],"wp:attachment":[{"href":"https:\/\/www.xlspadlock.com\/fr\/wp-json\/wp\/v2\/media?parent=2556"}],"curies":[{"name":"wp","href":"https:\/\/api.w.org\/{rel}","templated":true}]}}