{"id":2573,"date":"2022-07-02T19:58:50","date_gmt":"2022-07-02T17:58:50","guid":{"rendered":"https:\/\/www.xlspadlock.com\/?page_id=2573"},"modified":"2025-11-16T13:24:37","modified_gmt":"2025-11-16T12:24:37","slug":"abonnements-classeur-excel-gagner-argent","status":"publish","type":"page","link":"https:\/\/www.xlspadlock.com\/fr\/excel-workbook-subscriptions-make-money","title":{"rendered":"Abonnements pour Classeurs Excel : un moyen de gagner de l'argent"},"content":{"rendered":"<h1 class=\"gb-headline gb-headline-a9544655 gb-headline-text gb-headline-197f6b28\">Gagnez de l'Argent R\u00e9guli\u00e8rement Avec les Abonnements Pour Classeurs Excel<\/h1>\n\n\n<div class=\"wp-block-image\">\n<figure class=\"alignleft size-full\"><img loading=\"lazy\" decoding=\"async\" width=\"400\" height=\"267\" src=\"https:\/\/cdn.xlspadlock.com\/20251108181106\/chart-data.jpg\" alt=\"Donn\u00e9es de graphique Excel\" class=\"wp-image-2576\" srcset=\"https:\/\/cdn.xlspadlock.com\/20251108181106\/chart-data.jpg 400w, https:\/\/cdn.xlspadlock.com\/20251108181106\/chart-data-300x200.jpg 300w\" sizes=\"auto, (max-width: 400px) 100vw, 400px\" \/><\/figure>\n<\/div>\n\n\n<p>Oui, vous pouvez g\u00e9n\u00e9rer des revenus r\u00e9guliers \u00e0 partir d'une feuille de calcul Excel que vous avez con\u00e7ue gr\u00e2ce aux abonnements pour classeurs Excel. Malheureusement, les classeurs Excel n'ont pas \u00e9t\u00e9 cr\u00e9\u00e9s pour cela, ils peuvent rapidement \u00eatre modifi\u00e9s ainsi que partag\u00e9s.<\/p>\n\n\n\n<p>Mais, gr\u00e2ce \u00e0 XLS Padlock et \u00e0 ses fonctions de s\u00e9curit\u00e9, vous d\u00e9veloppez une <strong>application prot\u00e9g\u00e9e de votre feuille de calcul Excel pour r\u00e9guler son utilisation et son partage<\/strong>. Encore mieux, vous pouvez <strong>faire payer les gens pour l'utilisation de vos feuilles de calcul Excel<\/strong>. Oui, c'est faisable avec les puissantes fonctionnalit\u00e9s d'activation en ligne de XLS Padlock.<\/p>\n\n\n\n<p>Maintenant, imaginez que vous vouliez <strong>facturer vos utilisateurs de feuilles de calcul sur une base r\u00e9guli\u00e8re<\/strong>. Par exemple, par semaine, par mois\u2026 \u00c0 moins d'utiliser des services de feuilles de calcul en ligne, c'est difficilement imaginable avec Excel seul. Et pourtant, c'est maintenant possible exclusivement avec XLS Padlock et notre kit d'abonnement FastSpring. <\/p>\n\n\n\n<p>La <strong>Kit d'Abonnement FastSpring XLS Padlock<\/strong> est une application PHP compl\u00e8te et pr\u00eate \u00e0 l'emploi \u00e0 installer sur votre site web qui liera les abonnements FastSpring \u00e0 vos classeurs Excel prot\u00e9g\u00e9s avec XLS Padlock. Cela vous permet d'automatiser la gestion des licences de vos classeurs Excel compil\u00e9s et de gagner de l'argent r\u00e9guli\u00e8rement gr\u00e2ce aux abonnements.<\/p>\n\n\n\n<p><strong>We even offer this kit <mark style=\"background-color:#f2ff15\" class=\"has-inline-color has-contrast-2-color\">gratuitement <\/mark>to all our XLS Padlock customers<\/strong>.<\/p>\n\n\n<div class=\"wp-block-image\">\n<figure class=\"aligncenter size-full\"><img loading=\"lazy\" decoding=\"async\" width=\"700\" height=\"215\" src=\"https:\/\/cdn.xlspadlock.com\/20251108181106\/subscription.png\" alt=\"Mod\u00e8le d&#039;abonnements pour Excel\" class=\"wp-image-2577\" srcset=\"https:\/\/cdn.xlspadlock.com\/20251108181106\/subscription.png 700w, https:\/\/cdn.xlspadlock.com\/20251108181106\/subscription-300x92.png 300w\" sizes=\"auto, (max-width: 700px) 100vw, 700px\" \/><\/figure>\n<\/div>\n\n\n<h2 class=\"wp-block-heading\" id=\"what-are-subscriptions\">Que sont les abonnements ?<\/h2>\n\n\n\n<p>De nos jours, de nombreuses entreprises proposent des plans de paiement mensuels ou annuels \u00e0 leurs clients. Ce mod\u00e8le \"d'abonnement\" est tr\u00e8s similaire \u00e0 la location, puisque le client paie pour utiliser le produit. Cependant, ils ne poss\u00e8dent pas le logiciel, <strong>ils ne peuvent l'utiliser que pendant une certaine p\u00e9riode<\/strong>. Lorsque le plan de paiement prend fin, l'individu ne peut en fait plus acc\u00e9der au logiciel.<\/p>\n\n\n\n<p>Les abonnements vous permettent de d\u00e9couvrir un nouveau niveau de potentiel de revenus coh\u00e9rent. De nombreux clients XLS Padlock utilisent d\u00e9j\u00e0 ce mod\u00e8le d'abonnement. Suivez simplement les tendances !<\/p>\n\n\n\n<h2 class=\"wp-block-heading\" id=\"fastspring-good-platform-for-excel-workbook-subscriptions\">FastSpring, bonne plateforme pour les abonnements aux classeurs Excel<\/h2>\n\n\n\n<p>Nous avons choisi <a href=\"https:\/\/fastspring.com\/subscription-management\/\" target=\"_blank\" rel=\"noopener\">FastSpring<\/a>, une plateforme de commerce \u00e9lectronique \u00e0 service complet, qui comprend tout ce dont vous avez besoin pour vendre des logiciels en ligne. FastSpring fournit une plateforme solide avec tous les outils n\u00e9cessaires pour g\u00e9rer facilement vos abonnements et collecter les paiements des clients.<\/p>\n\n\n\n<p>Vous pouvez \u00e9galement explorer de nouvelles fa\u00e7ons de tarifer votre abonnement, comme des essais gratuits limit\u00e9s, des structures de tarification bas\u00e9es sur l'utilisation et bien plus encore.<\/p>\n\n\n\n<p>Nous avons donc <strong>cr\u00e9\u00e9 un kit complet \u00e0 installer sur votre site web<\/strong>. Ce kit cr\u00e9e un pont entre vos <a href=\"\/fr\/security\/\">applications de feuilles Excel s\u00e9curis\u00e9es avec XLS Padlock<\/a> et les services en ligne de FastSpring.<\/p>\n\n\n\n<h2 class=\"wp-block-heading\" id=\"set-up-your-own-fastspring-subscriptions-with-our-guide\">Configurez vos propres abonnements FastSpring pour classeurs Excel avec notre guide<\/h2>\n\n\n\n<p>M\u00eame sans comp\u00e9tences avanc\u00e9es en programmation ou en d\u00e9veloppement web, vous pouvez suivre <strong>les instructions compl\u00e8tes \u00e9tape par \u00e9tape de notre guide<\/strong> pour installer notre kit d'abonnement FastSpring pour feuilles de calcul Excel sur votre site web.<\/p>\n\n\n\n<div class=\"wp-block-uagb-inline-notice uagb-inline_notice__align-left uagb-block-237e0cd2\"><button class=\"uagb-notice-close-button\" type=\"button\" aria-label=\"Fermer\"><\/button><span class=\"uagb-notice-title\">Un guide complet \u00e9tape par \u00e9tape est disponible<\/span><div class=\"uagb-notice-text\">\n<p><p>\u00a0\u00a0<code><i class=\"fas fa-book fa-2x\"><\/i><\/code> Le guide complet <a href=\"https:\/\/www.xlspadlock.com\/guide\/fs-subscription-kit\/\">d'installation et d'explication du Kit d'Abonnement FastSpring est disponible en ligne<\/a> ou vous pouvez <a href=\"https:\/\/download.xlspadlock.com\/XLSPadlock-FS-Subscription-Kit-Guide.pdf\" target=\"_blank\" rel=\"noopener\">t\u00e9l\u00e9charger le guide au format PDF<\/a>.<\/p><\/p>\n<\/div><\/div>\n\n\n\n<p>En peu de temps, vous pourrez configurer votre premier abonnement, le lier \u00e0 votre <a href=\"\/fr\/proteger-classeur\/\">classeur Excel une fois s\u00e9curis\u00e9 avec XLS Padlock<\/a>.<\/p>\n\n\n\n<p>Lorsque les clients ex\u00e9cutent le fichier EXE de l'application du classeur, une fen\u00eatre appara\u00eet leur indiquant qu'il <a href=\"\/fr\/classeur-excel-activation-en-ligne\/\">n\u00e9cessite une activation<\/a>.<\/p>\n\n\n<div class=\"wp-block-image\">\n<figure class=\"aligncenter size-full\"><img loading=\"lazy\" decoding=\"async\" width=\"654\" height=\"421\" src=\"https:\/\/cdn.xlspadlock.com\/20251108184348\/enter_activation_token.png\" alt=\"enter activation token\" class=\"wp-image-4351\" srcset=\"https:\/\/cdn.xlspadlock.com\/20251108184348\/enter_activation_token.png 654w, https:\/\/cdn.xlspadlock.com\/20251108184348\/enter_activation_token-300x193.png 300w, https:\/\/cdn.xlspadlock.com\/20251108184348\/enter_activation_token-18x12.png 18w, https:\/\/cdn.xlspadlock.com\/20251108184348\/enter_activation_token-360x232.png 360w\" sizes=\"auto, (max-width: 654px) 100vw, 654px\" \/><\/figure>\n<\/div>\n\n\n<p>Le code d'activation est li\u00e9 \u00e0 l'abonnement du client dans FastSpring.<\/p>\n\n\n\n<p>Lorsque le client clique sur Activer, l'application du classeur Excel <strong>v\u00e9rifie la validit\u00e9 de l'abonnement<\/strong> en contactant les serveurs FastSpring.<\/p>\n\n\n<div class=\"wp-block-image\">\n<figure class=\"aligncenter size-full\"><img loading=\"lazy\" decoding=\"async\" width=\"654\" height=\"421\" src=\"https:\/\/cdn.xlspadlock.com\/20251108182700\/activation-wait.png\" alt=\"activation-wait\" class=\"wp-image-4140\" srcset=\"https:\/\/cdn.xlspadlock.com\/20251108182700\/activation-wait.png 654w, https:\/\/cdn.xlspadlock.com\/20251108182700\/activation-wait-300x193.png 300w, https:\/\/cdn.xlspadlock.com\/20251108182700\/activation-wait-18x12.png 18w, https:\/\/cdn.xlspadlock.com\/20251108182700\/activation-wait-360x232.png 360w\" sizes=\"auto, (max-width: 654px) 100vw, 654px\" \/><\/figure>\n<\/div>\n\n\n<p>Cela garantit que <strong>seuls les clients payants avec un abonnement actif peuvent activer<\/strong> votre application de feuille de calcul Excel et y acc\u00e9der.<\/p>\n\n\n\n<h2 class=\"wp-block-heading\" id=\"no-more-problems-for-refunds-or-cancelled-subscriptions\">Fini les probl\u00e8mes de remboursements ou d'abonnements annul\u00e9s pour les classeurs Excel<\/h2>\n\n\n\n<p>Le Kit d'Abonnement FastSpring XLS Padlock g\u00e8re la <a href=\"\/doc\/topics\/online-validation.htm\/\">fonctionnalit\u00e9 de validation de XLS Padlock<\/a>. Configurez votre application de feuille de calcul pour <strong>v\u00e9rifier r\u00e9guli\u00e8rement la validit\u00e9 de l'abonnement<\/strong>:<\/p>\n\n\n<div class=\"wp-block-image\">\n<figure class=\"aligncenter size-full is-resized\"><img loading=\"lazy\" decoding=\"async\" width=\"876\" height=\"773\" src=\"https:\/\/cdn.xlspadlock.com\/20251108181106\/image-7.png\" alt=\"Feuille de calcul Excel : Param\u00e8tres de validation en ligne\" class=\"wp-image-2563\" style=\"width:840px;height:741px\" srcset=\"https:\/\/cdn.xlspadlock.com\/20251108181106\/image-7.png 876w, https:\/\/cdn.xlspadlock.com\/20251108181106\/image-7-300x265.png 300w, https:\/\/cdn.xlspadlock.com\/20251108181106\/image-7-768x678.png 768w\" sizes=\"auto, (max-width: 876px) 100vw, 876px\" \/><\/figure>\n<\/div>\n\n\n<ul class=\"wp-block-list\">\n<li>D\u00e9finissez quand l'application doit valider l'abonnement : al\u00e9atoirement, toutes les X fois ou \u00e0 chaque d\u00e9marrage.<\/li>\n\n\n\n<li>Configurez ce que l'application doit faire si la validation \u00e9choue. Quitter l'application, mettre les cl\u00e9s d'activation sur liste noire ou les programmeurs VBA peuvent aller plus loin gr\u00e2ce \u00e0 notre API VBA XLS Padlock.<\/li>\n<\/ul>\n\n\n\n<h3 class=\"wp-block-heading\" id=\"subscription-validation-primary-goals\">Objectifs principaux de la validation d'abonnement<\/h3>\n\n\n\n<ul class=\"wp-block-list\">\n<li>puisque vous vendez des classeurs Excel, certains clients peuvent vouloir des remboursements. Vous pouvez bloquer l'acc\u00e8s \u00e0 votre classeur \u00e0 tous les clients rembours\u00e9s.<\/li>\n\n\n\n<li>vous avez l'intention de g\u00e9rer fr\u00e9quemment qui peut acc\u00e9der \u00e0 vos classeurs Excel.<\/li>\n<\/ul>\n\n\n\n<p><strong>C'est facile,<\/strong> XLS Padlock bloquera l'acc\u00e8s si le statut de l'abonnement est diff\u00e9rent de Activ\u00e9 comme vous pouvez le voir ci-dessous :<\/p>\n\n\n<div class=\"wp-block-image\">\n<figure class=\"aligncenter size-full\"><img loading=\"lazy\" decoding=\"async\" width=\"871\" height=\"585\" src=\"https:\/\/cdn.xlspadlock.com\/20251108181106\/fastspring-subscription.png\" alt=\"Dans Fastspring, configurez les abonnements pour les classeurs Excel\" class=\"wp-image-2578\" srcset=\"https:\/\/cdn.xlspadlock.com\/20251108181106\/fastspring-subscription.png 871w, https:\/\/cdn.xlspadlock.com\/20251108181106\/fastspring-subscription-300x201.png 300w, https:\/\/cdn.xlspadlock.com\/20251108181106\/fastspring-subscription-768x516.png 768w\" sizes=\"auto, (max-width: 871px) 100vw, 871px\" \/><\/figure>\n<\/div>\n\n\n<p>Supposons que l'abonnement d'un client a expir\u00e9, alors ils obtiendront cette erreur :<\/p>\n\n\n<div class=\"wp-block-image\">\n<figure class=\"aligncenter size-full\"><img loading=\"lazy\" decoding=\"async\" width=\"362\" height=\"150\" src=\"https:\/\/cdn.xlspadlock.com\/20251108181106\/image-8.png\" alt=\"Acc\u00e8s \u00e0 la feuille de calcul Excel bloqu\u00e9\" class=\"wp-image-2565\" srcset=\"https:\/\/cdn.xlspadlock.com\/20251108181106\/image-8.png 362w, https:\/\/cdn.xlspadlock.com\/20251108181106\/image-8-300x124.png 300w\" sizes=\"auto, (max-width: 362px) 100vw, 362px\" \/><\/figure>\n<\/div>\n\n\n<p>Sinon, si l'abonnement est actif, l'application EXE du classeur poursuit son ex\u00e9cution comme d'habitude.<\/p>\n\n\n\n<p>Si vous \u00eates client XLS Padlock, veuillez visiter la <a href=\"\/fr\/compte\/telechargements\/\">Page de t\u00e9l\u00e9chargements pour les utilisateurs enregistr\u00e9s<\/a> pour t\u00e9l\u00e9charger le kit.<\/p>\n\n\n\n<div class=\"wp-block-uagb-inline-notice uagb-inline_notice__align-left uagb-block-d6c905f8\"><button class=\"uagb-notice-close-button\" type=\"button\" aria-label=\"Fermer\"><\/button><span class=\"uagb-notice-title\">Gratuit pour tous les clients<\/span><div class=\"uagb-notice-text\">\n<p><p><code><i class=\"fas fa-arrow-circle-down fa-2x\"><\/i><\/code> <strong>Obtenez gratuitement votre kit exclusif d'abonnement FastSpring XLS Padlock<\/strong>. Il est inclus pour <a href=\"\/fr\/boutique\/\">tous les clients qui ont achet\u00e9 XLS Padlock<\/a>.<\/p><p>Vous h\u00e9sitez encore ? Testez notre <a href=\"\/fr\/telecharger\/\">essai enti\u00e8rement fonctionnel<\/a>.<\/p><\/p>\n<\/div><\/div>\n\n\n\n<div class=\"wp-block-uagb-inline-notice uagb-inline_notice__align-left uagb-block-100dd0e5\"><button class=\"uagb-notice-close-button\" type=\"button\" aria-label=\"Fermer\"><\/button><span class=\"uagb-notice-title\">Essayez-le vous-m\u00eame<\/span><div class=\"uagb-notice-text\">\n<p><p>  <code><i class=\"fas fa-info-circle fa-2x\"><\/i><\/code> Essayez notre <a href=\"https:\/\/demo.xlspadlock.com\" target=\"_blank\" rel=\"noopener\">boutique de d\u00e9monstration fonctionnelle bas\u00e9e sur WooCommerce et voyez comment fonctionne l'activation en ligne<\/a><\/p><\/p>\n<\/div><\/div>\n\n\n\n<div class=\"wp-block-uagb-inline-notice uagb-inline_notice__align-left uagb-block-522dba1e\"><button class=\"uagb-notice-close-button\" type=\"button\" aria-label=\"Fermer\"><\/button><span class=\"uagb-notice-title\">Un guide complet \u00e9tape par \u00e9tape est disponible<\/span><div class=\"uagb-notice-text\">\n<p><p>  <code><i class=\"fas fa-book fa-2x\"><\/i><\/code> Le guide complet <a href=\"https:\/\/www.xlspadlock.com\/guide\/fs-subscription-kit\/\">d'installation et d'explication du Kit d'Abonnement FastSpring est disponible en ligne<\/a> ou vous pouvez <a href=\"https:\/\/download.xlspadlock.com\/XLSPadlock-FS-Subscription-Kit-Guide.pdf\" target=\"_blank\" rel=\"noopener\">t\u00e9l\u00e9charger le guide au format PDF<\/a>.<\/p><\/p>\n<\/div><\/div>\n\n\n<div class=\"gb-button-wrapper wp-block-comments-pagination aligncenter\"><a class=\"gb-button gb-button-text gb-button-59335cce\" href=\"https:\/\/www.xlspadlock.com\/fr\/sell-workbooks-with-woocommerce\" title=\"Vendre des classeurs et licences Excel avec WooCommerce\"><span class=\"gb-button-text\"><i class=\"fa fa-arrow-left\"><\/i>&nbsp;&nbsp;Pr\u00e9c\u00e9dent<\/span><\/a>&nbsp;&nbsp;<a class=\"gb-button gb-button-text gb-button-59335cce\" href=\"https:\/\/www.xlspadlock.com\/fr\/protect-formulas\" title=\"Prot\u00e9gez vos formules Excel avec XLS Padlock\"><span class=\"gb-button-text\">Suivant&nbsp;&nbsp;<i class=\"fa fa-arrow-right\"><\/i><\/span><\/a><\/div>","protected":false},"excerpt":{"rendered":"<p>G\u00e9n\u00e9rez des revenus r\u00e9guliers avec des abonnements pour les classeurs Excel Oui, vous pouvez g\u00e9n\u00e9rer des revenus r\u00e9guliers \u00e0 partir d'une feuille de calcul Excel que vous avez con\u00e7ue gr\u00e2ce aux abonnements pour Excel\u2026 <a title=\"Abonnements pour Classeurs Excel : un moyen de gagner de l&#039;argent\" class=\"read-more\" href=\"https:\/\/www.xlspadlock.com\/fr\/excel-workbook-subscriptions-make-money\" aria-label=\"En savoir plus sur Subscriptions for Excel Workbooks: way to make money\">Lire la suite<\/a><\/p>","protected":false},"author":2,"featured_media":0,"parent":2398,"menu_order":8,"comment_status":"closed","ping_status":"closed","template":"","meta":{"inline_featured_image":false,"_uag_custom_page_level_css":"","footnotes":""},"class_list":["post-2573","page","type-page","status-publish"],"uagb_featured_image_src":{"full":false,"thumbnail":false,"medium":false,"medium_large":false,"large":false,"1536x1536":false,"2048x2048":false,"trp-custom-language-flag":false,"betterdocs-category-thumb":false},"uagb_author_info":{"display_name":"G.D.G. Software","author_link":"https:\/\/www.xlspadlock.com\/fr\/author\/gdgsoft"},"uagb_comment_info":0,"uagb_excerpt":"Make Regular Money With Subscriptions For Excel Workbooks Yes, you can generate regular income from an Excel spreadsheet you designed thanks to subscriptions for Excel ... Read More","_links":{"self":[{"href":"https:\/\/www.xlspadlock.com\/fr\/wp-json\/wp\/v2\/pages\/2573","targetHints":{"allow":["GET"]}}],"collection":[{"href":"https:\/\/www.xlspadlock.com\/fr\/wp-json\/wp\/v2\/pages"}],"about":[{"href":"https:\/\/www.xlspadlock.com\/fr\/wp-json\/wp\/v2\/types\/page"}],"author":[{"embeddable":true,"href":"https:\/\/www.xlspadlock.com\/fr\/wp-json\/wp\/v2\/users\/2"}],"replies":[{"embeddable":true,"href":"https:\/\/www.xlspadlock.com\/fr\/wp-json\/wp\/v2\/comments?post=2573"}],"version-history":[{"count":0,"href":"https:\/\/www.xlspadlock.com\/fr\/wp-json\/wp\/v2\/pages\/2573\/revisions"}],"up":[{"embeddable":true,"href":"https:\/\/www.xlspadlock.com\/fr\/wp-json\/wp\/v2\/pages\/2398"}],"wp:attachment":[{"href":"https:\/\/www.xlspadlock.com\/fr\/wp-json\/wp\/v2\/media?parent=2573"}],"curies":[{"name":"wp","href":"https:\/\/api.w.org\/{rel}","templated":true}]}}