{"id":2594,"date":"2022-07-02T23:33:20","date_gmt":"2022-07-02T21:33:20","guid":{"rendered":"https:\/\/www.xlspadlock.com\/?page_id=2594"},"modified":"2025-11-16T13:26:24","modified_gmt":"2025-11-16T12:26:24","slug":"proteger-formules","status":"publish","type":"page","link":"https:\/\/www.xlspadlock.com\/fr\/protect-formulas","title":{"rendered":"Prot\u00e9gez vos formules Excel avec XLS Padlock"},"content":{"rendered":"<h1 class=\"gb-headline gb-headline-a9544655 gb-headline-text gb-headline-197f6b28\">Prot\u00e9gez efficacement vos formules dans votre classeur Excel<\/h1>\n\n\n\n<p>Notre <a href=\"https:\/\/www.xlspadlock.com\/fr\/compilateur-excel\/\">compilateur Excel<\/a> XLS Padlock vous permet de garder vos formules secr\u00e8tes. Prot\u00e9gez vos formules Excel contre la copie, la falsification et bien plus encore. Regardez la vid\u00e9o suivante pour voir comment cela fonctionne :<\/p>\n\n\n\n<figure class=\"wp-block-embed is-type-rich is-provider-embed-handler wp-block-embed-embed-handler wp-embed-aspect-16-9 wp-has-aspect-ratio\"><div class=\"wp-block-embed__wrapper\">\n<iframe loading=\"lazy\" title=\"Protection renforc\u00e9e des formules Excel avec XLS Padlock - Revue\" width=\"1200\" height=\"675\" src=\"https:\/\/www.youtube.com\/embed\/EEPHekybgZ4?feature=oembed\" frameborder=\"0\" allow=\"accelerometer; autoplay; clipboard-write; encrypted-media; gyroscope; picture-in-picture; web-share\" referrerpolicy=\"strict-origin-when-cross-origin\" allowfullscreen><\/iframe>\n<\/div><\/figure>\n\n\n\n<div class=\"wp-block-uagb-separator uagb-block-046ec6bb\"><div class=\"wp-block-uagb-separator__inner\" style=\"--my-background-image:\"><\/div><\/div>\n\n\n\n<h2 class=\"wp-block-heading\" id=\"xls-padlocks-formula-protection\">Prot\u00e9gez efficacement vos formules Excel avec la propre protection de formules de XLS Padlock<\/h2>\n\n\n\n<p>Bien s\u00fbr, Excel vous permet de masquer les formules gr\u00e2ce \u00e0 un mot de passe :<\/p>\n\n\n<div class=\"wp-block-image\">\n<figure class=\"aligncenter size-full\"><img loading=\"lazy\" decoding=\"async\" width=\"404\" height=\"149\" src=\"https:\/\/cdn.xlspadlock.com\/20251108181106\/image-9.png\" alt=\"Prot\u00e9ger les formules dans les cellules\" class=\"wp-image-2598\" srcset=\"https:\/\/cdn.xlspadlock.com\/20251108181106\/image-9.png 404w, https:\/\/cdn.xlspadlock.com\/20251108181106\/image-9-300x111.png 300w\" sizes=\"auto, (max-width: 404px) 100vw, 404px\" \/><\/figure>\n<\/div>\n\n\n<p><strong>XLS Padlock vous permet d'aller plus loin<\/strong>: vous pouvez laisser XLS Padlock prot\u00e9ger <strong>n'importe quelle formule dans n'importe quelle feuille de calcul en la rempla\u00e7ant par une formule cryptique reconnue uniquement lorsque votre application s'ex\u00e9cute<\/strong>.<\/p>\n\n\n\n<p>Dans le projet compil\u00e9, les formules seront remplac\u00e9es dans la barre de formule par des fonctions anonymes comme =PLEvalFormD(0), =PLEvalFormD(1), =PLEvalForm(2)\u2026<\/p>\n\n\n\n<p>Et, bien s\u00fbr, <strong>les calculs fonctionneront toujours<\/strong>.<\/p>\n\n\n\n<ul class=\"wp-block-list\">\n<li><strong>Avant la protection<\/strong>, n'importe qui peut voir votre formule :<\/li>\n<\/ul>\n\n\n<div class=\"wp-block-image\">\n<figure class=\"aligncenter size-full\"><img loading=\"lazy\" decoding=\"async\" width=\"748\" height=\"224\" src=\"https:\/\/cdn.xlspadlock.com\/20251108181107\/image-10.png\" alt=\"Formules Excel non prot\u00e9g\u00e9es\" class=\"wp-image-2599\" srcset=\"https:\/\/cdn.xlspadlock.com\/20251108181107\/image-10.png 748w, https:\/\/cdn.xlspadlock.com\/20251108181107\/image-10-300x90.png 300w\" sizes=\"auto, (max-width: 748px) 100vw, 748px\" \/><\/figure>\n<\/div>\n\n\n<ul class=\"wp-block-list\">\n<li><strong>Apr\u00e8s protection avec XLS Padlock<\/strong>, la formule est automatiquement remplac\u00e9e tout en restant fonctionnelle :<\/li>\n<\/ul>\n\n\n<div class=\"wp-block-image\">\n<figure class=\"aligncenter size-full\"><img loading=\"lazy\" decoding=\"async\" width=\"678\" height=\"217\" src=\"https:\/\/cdn.xlspadlock.com\/20251108181107\/image-11.png\" alt=\"Formules Excel prot\u00e9g\u00e9es\" class=\"wp-image-2600\" srcset=\"https:\/\/cdn.xlspadlock.com\/20251108181107\/image-11.png 678w, https:\/\/cdn.xlspadlock.com\/20251108181107\/image-11-300x96.png 300w\" sizes=\"auto, (max-width: 678px) 100vw, 678px\" \/><\/figure>\n<\/div>\n\n\n<p>Cela augmente la s\u00e9curit\u00e9 de votre classeur : les cellules prot\u00e9g\u00e9es ne peuvent fonctionner correctement que si l'application s'ex\u00e9cute. De plus, si quelqu'un parvenait \u00e0 ouvrir le fichier du classeur en dehors de l'application s\u00e9curis\u00e9e, le classeur ne fonctionnerait pas comme pr\u00e9vu : c'est parce que les formules originales seraient manquantes.<\/p>\n\n\n\n<ul class=\"wp-block-list\">\n<li>La protection XLS Padlock fonctionne \u00e9galement <strong>avec la protection de feuille Excel<\/strong> (cellules masqu\u00e9es ou verrouill\u00e9es). Dans ce cas, les cellules prot\u00e9g\u00e9es n'afficheront rien dans la barre de formule. Les appels g\u00e9n\u00e9riques \u00e0 la fonction PLEvalForm(N) ne sont pas visibles :<\/li>\n<\/ul>\n\n\n<div class=\"wp-block-image\">\n<figure class=\"aligncenter size-full\"><img loading=\"lazy\" decoding=\"async\" width=\"677\" height=\"221\" src=\"https:\/\/cdn.xlspadlock.com\/20251108181612\/image-12.png\" alt=\"Formules Excel masqu\u00e9es et s\u00e9curis\u00e9es avec XLS Padlock\" class=\"wp-image-2601\" srcset=\"https:\/\/cdn.xlspadlock.com\/20251108181612\/image-12.png 677w, https:\/\/cdn.xlspadlock.com\/20251108181612\/image-12-300x98.png 300w\" sizes=\"auto, (max-width: 677px) 100vw, 677px\" \/><\/figure>\n<\/div>\n\n\n<div class=\"wp-block-uagb-inline-notice uagb-inline_notice__align-left uagb-block-3b2c0d95 uagb-inline_notice__outer-wrap\"><button class=\"uagb-notice-close-button\" type=\"button\" aria-label=\"Fermer\"><\/button><span class=\"uagb-notice-title\">Essayez-le vous-m\u00eame<\/span><div class=\"uagb-notice-text\">\n<p><p>\u00a0\u00a0<code><i class=\"fas fa-info-circle fa-2x\"><\/i><\/code> Voyez comment cela fonctionne en ligne <a href=\"\/fr\/demo-classeur-excel\/\">gr\u00e2ce \u00e0 notre D\u00e9monstration de Classeur en Direct<\/a><\/p><\/p>\n<\/div><\/div>\n\n\n\n<div class=\"wp-block-uagb-separator uagb-block-48304b4d\"><div class=\"wp-block-uagb-separator__inner\" style=\"--my-background-image:url(&quot;data:image\/svg+xml,%3Csvg width='8' height='16' viewBox='0 0 8 16' fill='none' xmlns='http:\/\/www.w3.org\/2000\/svg'%3E%3Crect width='8' height='16' fill='black'\/%3E%3C\/svg%3E&quot;)\"><\/div><\/div>\n\n\n\n<h2 class=\"wp-block-heading\" id=\"how-to-protect-formulas-with-xls-padlock\">Comment prot\u00e9ger les formules avec XLS Padlock<\/h2>\n\n\n\n<p>Pour prot\u00e9ger une formule, il vous suffit de <strong>faire un clic droit sur la ou les cellules<\/strong>(s) avec la ou les formule(s) que vous souhaitez prot\u00e9ger. S\u00e9lectionnez \"<strong>Prot\u00e9ger la ou les cellules s\u00e9lectionn\u00e9es avec XLS Padlock<\/strong>\" dans le menu contextuel de la souris :<\/p>\n\n\n<div class=\"wp-block-image\">\n<figure class=\"aligncenter size-full\"><img loading=\"lazy\" decoding=\"async\" width=\"403\" height=\"616\" src=\"https:\/\/cdn.xlspadlock.com\/20251108184453\/annotations_how_to_define_cells_to_be_saved_and_restored_context_menu.png\" alt=\"how to define cells to be saved\" class=\"wp-image-4393\" srcset=\"https:\/\/cdn.xlspadlock.com\/20251108184453\/annotations_how_to_define_cells_to_be_saved_and_restored_context_menu.png 403w, https:\/\/cdn.xlspadlock.com\/20251108184453\/annotations_how_to_define_cells_to_be_saved_and_restored_context_menu-196x300.png 196w, https:\/\/cdn.xlspadlock.com\/20251108184453\/annotations_how_to_define_cells_to_be_saved_and_restored_context_menu-8x12.png 8w, https:\/\/cdn.xlspadlock.com\/20251108184453\/annotations_how_to_define_cells_to_be_saved_and_restored_context_menu-335x512.png 335w\" sizes=\"auto, (max-width: 403px) 100vw, 403px\" \/><\/figure>\n<\/div>\n\n\n<p>Lors de la compilation de votre classeur, XLS Padlock remplacera toutes les cellules list\u00e9es par des appels g\u00e9n\u00e9riques \u00e0 la fonction PLEvalFormD(N, \u2026). <strong>Vos cellules restent fonctionnelles mais les utilisateurs finaux ne peuvent pas d\u00e9couvrir les formules derri\u00e8re<\/strong>.<\/p>\n\n\n\n<p>Il est m\u00eame possible de <strong>d\u00e9sactiver la barre de formule<\/strong> (elle restera masqu\u00e9e dans la session Excel s\u00e9curis\u00e9e). Ainsi, vos utilisateurs ne peuvent pas voir non plus les formules non prot\u00e9g\u00e9es !<\/p>\n\n\n\n<p>Vous pouvez avoir un aper\u00e7u de toutes les cellules prot\u00e9g\u00e9es en cliquant sur \"<strong>Prot\u00e9ger les formules<\/strong>\" dans l'onglet ou le menu XLS Padlock :<\/p>\n\n\n<div class=\"wp-block-image\">\n<figure class=\"aligncenter size-full\"><img loading=\"lazy\" decoding=\"async\" width=\"637\" height=\"534\" src=\"https:\/\/cdn.xlspadlock.com\/20251108182210\/image54.png\" alt=\"Manage Cells\" class=\"wp-image-4039\" srcset=\"https:\/\/cdn.xlspadlock.com\/20251108182210\/image54.png 637w, https:\/\/cdn.xlspadlock.com\/20251108182210\/image54-300x251.png 300w, https:\/\/cdn.xlspadlock.com\/20251108182210\/image54-14x12.png 14w, https:\/\/cdn.xlspadlock.com\/20251108182210\/image54-360x302.png 360w\" sizes=\"auto, (max-width: 637px) 100vw, 637px\" \/><\/figure>\n<\/div>\n\n\n<div class=\"wp-block-uagb-separator uagb-block-df8ccd9d\"><div class=\"wp-block-uagb-separator__inner\" style=\"--my-background-image:\"><\/div><\/div>\n\n\n<div class=\"gb-button-wrapper wp-block-comments-pagination aligncenter\"><a class=\"gb-button gb-button-text gb-button-59335cce\" href=\"https:\/\/www.xlspadlock.com\/fr\/excel-workbook-subscriptions-make-money\" title=\"Abonnements pour Classeurs Excel : un moyen de gagner de l&#039;argent\"><span class=\"gb-button-text\"><i class=\"fa fa-arrow-left\"><\/i>&nbsp;&nbsp;Pr\u00e9c\u00e9dent<\/span><\/a>&nbsp;&nbsp;<a class=\"gb-button gb-button-text gb-button-59335cce\" href=\"https:\/\/www.xlspadlock.com\/fr\/vba-code-protection\" title=\"Protection et Compilation du Code VBA\"><span class=\"gb-button-text\">Suivant&nbsp;&nbsp;<i class=\"fa fa-arrow-right\"><\/i><\/span><\/a><\/div>","protected":false},"excerpt":{"rendered":"<p>Prot\u00e9gez efficacement vos formules dans votre classeur Excel Notre compilateur Excel XLS Padlock vous permet de garder vos formules secr\u00e8tes. Prot\u00e9gez vos formules Excel contre la copie,\u2026 <a title=\"Prot\u00e9gez vos formules Excel avec XLS Padlock\" class=\"read-more\" href=\"https:\/\/www.xlspadlock.com\/fr\/protect-formulas\" aria-label=\"En savoir plus sur Protect your Excel formulas with XLS Padlock\">Lire la suite<\/a><\/p>","protected":false},"author":2,"featured_media":0,"parent":2398,"menu_order":9,"comment_status":"closed","ping_status":"closed","template":"","meta":{"inline_featured_image":false,"_uag_custom_page_level_css":"","footnotes":""},"class_list":["post-2594","page","type-page","status-publish"],"uagb_featured_image_src":{"full":false,"thumbnail":false,"medium":false,"medium_large":false,"large":false,"1536x1536":false,"2048x2048":false,"trp-custom-language-flag":false,"betterdocs-category-thumb":false},"uagb_author_info":{"display_name":"G.D.G. Software","author_link":"https:\/\/www.xlspadlock.com\/fr\/author\/gdgsoft"},"uagb_comment_info":0,"uagb_excerpt":"Efficiently protect your formulas in your Excel workbook Our Excel compiler XLS Padlock lets you keep your formulas secret. Protect your Excel formulas against copy, ... Read More","_links":{"self":[{"href":"https:\/\/www.xlspadlock.com\/fr\/wp-json\/wp\/v2\/pages\/2594","targetHints":{"allow":["GET"]}}],"collection":[{"href":"https:\/\/www.xlspadlock.com\/fr\/wp-json\/wp\/v2\/pages"}],"about":[{"href":"https:\/\/www.xlspadlock.com\/fr\/wp-json\/wp\/v2\/types\/page"}],"author":[{"embeddable":true,"href":"https:\/\/www.xlspadlock.com\/fr\/wp-json\/wp\/v2\/users\/2"}],"replies":[{"embeddable":true,"href":"https:\/\/www.xlspadlock.com\/fr\/wp-json\/wp\/v2\/comments?post=2594"}],"version-history":[{"count":0,"href":"https:\/\/www.xlspadlock.com\/fr\/wp-json\/wp\/v2\/pages\/2594\/revisions"}],"up":[{"embeddable":true,"href":"https:\/\/www.xlspadlock.com\/fr\/wp-json\/wp\/v2\/pages\/2398"}],"wp:attachment":[{"href":"https:\/\/www.xlspadlock.com\/fr\/wp-json\/wp\/v2\/media?parent=2594"}],"curies":[{"name":"wp","href":"https:\/\/api.w.org\/{rel}","templated":true}]}}