{"id":2615,"date":"2022-07-03T00:12:25","date_gmt":"2022-07-02T22:12:25","guid":{"rendered":"https:\/\/www.xlspadlock.com\/?page_id=2615"},"modified":"2025-11-16T13:30:21","modified_gmt":"2025-11-16T12:30:21","slug":"options-sauvegarde","status":"publish","type":"page","link":"https:\/\/www.xlspadlock.com\/fr\/save-options","title":{"rendered":"Autoriser ou interdire l'enregistrement dans votre classeur Excel"},"content":{"rendered":"<h1 class=\"gb-headline gb-headline-a9544655 gb-headline-text gb-headline-197f6b28\">Autoriser ou non l'enregistrement dans votre classeur Excel ?<\/h1>\n\n\n\n<p>Avec XLS Padlock, d\u00e9cidez si vous voulez que vos utilisateurs puissent enregistrer leurs modifications dans votre classeur Excel ou non. Cochez ou d\u00e9cochez l'option \"<strong>Autoriser la sauvegarde s\u00e9curis\u00e9e<\/strong>\" dans la page S\u00e9curit\u00e9.<\/p>\n\n\n\n<h2 class=\"wp-block-heading\" id=\"disallow-saving\">Interdire l'enregistrement\u2026<\/h2>\n\n\n\n<p><strong>Les utilisateurs peuvent toujours utiliser les feuilles de calcul<\/strong>, \u00e9crire, supprimer\u2026 mais <strong>lorsqu'ils ferment votre classeur, les modifications ne seront pas enregistr\u00e9es<\/strong>.<\/p>\n\n\n\n<p>Votre classeur ne sera jamais modifi\u00e9, il sera toujours le m\u00eame au d\u00e9marrage.<\/p>\n\n\n\n<p>Dans certaines versions d'Excel, le bouton Enregistrer n'est pas d\u00e9sactiv\u00e9. Les utilisateurs peuvent cliquer dessus et le processus d'enregistrement semble fonctionner ; mais en r\u00e9alit\u00e9, les modifications sont ignor\u00e9es.<\/p>\n\n\n\n<h2 class=\"wp-block-heading\" id=\"allow-saving\">Autoriser l'enregistrement\u2026<\/h2>\n\n\n\n<p>Vos utilisateurs pourront <strong>modifier vos feuilles de calcul et enregistrer les modifications<\/strong>. Ils peuvent cliquer sur le bouton Enregistrer habituel ou utiliser le menu \"Fichier =&gt; Enregistrer\".<\/p>\n\n\n\n<p>XLS Padlock stocke de mani\u00e8re s\u00e9curis\u00e9e le classeur compil\u00e9 avec les modifications apport\u00e9es par vos clients. Il place le fichier de stockage \u00e0 l'emplacement sp\u00e9cifi\u00e9 par le client. Ce fichier re\u00e7oit l'extension .XLSC. Les utilisateurs finaux <strong>ne peuvent pas ouvrir le fichier de stockage sans ex\u00e9cuter \u00e0 nouveau l'application du classeur compil\u00e9<\/strong>. Ainsi, votre classeur original reste en s\u00e9curit\u00e9 dans l'application, car les utilisateurs finaux ne peuvent pas le copier au format Excel.<\/p>\n\n\n\n<p>Une bo\u00eete de dialogue appara\u00eetra, demandant aux utilisateurs finaux o\u00f9 ils souhaitent enregistrer une copie s\u00e9curis\u00e9e du classeur :<\/p>\n\n\n<div class=\"wp-block-image\">\n<figure class=\"aligncenter size-full\"><img loading=\"lazy\" decoding=\"async\" width=\"571\" height=\"424\" src=\"https:\/\/cdn.xlspadlock.com\/20251108181613\/image-16.png\" alt=\"Dialogue Enregistrer sous\" class=\"wp-image-2618\" srcset=\"https:\/\/cdn.xlspadlock.com\/20251108181613\/image-16.png 571w, https:\/\/cdn.xlspadlock.com\/20251108181613\/image-16-300x223.png 300w\" sizes=\"auto, (max-width: 571px) 100vw, 571px\" \/><\/figure>\n<\/div>\n\n\n<p><strong>La prochaine fois qu'ils ex\u00e9cuteront votre application<\/strong>, les utilisateurs auront le choix. Ouvrir votre classeur original ou une version qu'ils ont enregistr\u00e9e pr\u00e9c\u00e9demment : la derni\u00e8re, ou une pr\u00e9c\u00e9dente (\"Choisir le fichier de sauvegarde\") :<\/p>\n\n\n<div class=\"wp-block-image\">\n<figure class=\"aligncenter size-full\"><img loading=\"lazy\" decoding=\"async\" width=\"622\" height=\"470\" src=\"https:\/\/cdn.xlspadlock.com\/20251108182646\/welcome-dialog.png\" alt=\"welcome dialog\" class=\"wp-image-4106\" srcset=\"https:\/\/cdn.xlspadlock.com\/20251108182646\/welcome-dialog.png 622w, https:\/\/cdn.xlspadlock.com\/20251108182646\/welcome-dialog-300x227.png 300w, https:\/\/cdn.xlspadlock.com\/20251108182646\/welcome-dialog-16x12.png 16w, https:\/\/cdn.xlspadlock.com\/20251108182646\/welcome-dialog-360x272.png 360w\" sizes=\"auto, (max-width: 622px) 100vw, 622px\" \/><\/figure>\n<\/div>\n\n\n<p>Le classeur original sera toujours disponible. Si vous avez <a href=\"\/fr\/proteger-formules\/\">prot\u00e9g\u00e9 vos formules<\/a>, elles seront toujours masqu\u00e9es dans les diff\u00e9rentes sauvegardes.<\/p>\n\n\n\n<p><span style=\"color:rgb(0, 0, 102);\" class=\"fa fa-info-circle\">&nbsp;<\/span> Les d\u00e9veloppeurs VBA peuvent utiliser certaines extensions de code VBA fournies par XLS Padlock dans leurs classeurs prot\u00e9g\u00e9s afin d'enregistrer une copie s\u00e9curis\u00e9e du classeur sans invite, ou de sugg\u00e9rer un nom de fichier pour la bo\u00eete de dialogue d'enregistrement.<\/p>\n\n\n<div class=\"gb-button-wrapper wp-block-comments-pagination aligncenter\"><a class=\"gb-button gb-button-text gb-button-59335cce\" href=\"https:\/\/www.xlspadlock.com\/fr\/vba-code-protection\" title=\"Protection et Compilation du Code VBA\"><span class=\"gb-button-text\"><i class=\"fa fa-arrow-left\"><\/i>&nbsp;&nbsp;Pr\u00e9c\u00e9dent<\/span><\/a>&nbsp;&nbsp;<a class=\"gb-button gb-button-text gb-button-59335cce\" href=\"https:\/\/www.xlspadlock.com\/fr\/make-setup-installer\" title=\"Cr\u00e9er un installeur ou un programme d&#039;installation pour vos classeurs Excel\"><span class=\"gb-button-text\">Suivant&nbsp;&nbsp;<i class=\"fa fa-arrow-right\"><\/i><\/span><\/a><\/div>","protected":false},"excerpt":{"rendered":"<p>Autoriser l'enregistrement dans votre classeur Excel ou non ? Avec XLS Padlock, d\u00e9cidez si vous voulez que vos utilisateurs puissent enregistrer leurs modifications dans\u2026 <a title=\"Autoriser ou interdire l&#039;enregistrement dans votre classeur Excel\" class=\"read-more\" href=\"https:\/\/www.xlspadlock.com\/fr\/save-options\" aria-label=\"En savoir plus sur Allow or disallow saving in your Excel workbook\">Lire la suite<\/a><\/p>","protected":false},"author":2,"featured_media":0,"parent":2398,"menu_order":11,"comment_status":"closed","ping_status":"closed","template":"","meta":{"inline_featured_image":false,"_uag_custom_page_level_css":"","footnotes":""},"class_list":["post-2615","page","type-page","status-publish"],"uagb_featured_image_src":{"full":false,"thumbnail":false,"medium":false,"medium_large":false,"large":false,"1536x1536":false,"2048x2048":false,"trp-custom-language-flag":false,"betterdocs-category-thumb":false},"uagb_author_info":{"display_name":"G.D.G. Software","author_link":"https:\/\/www.xlspadlock.com\/fr\/author\/gdgsoft"},"uagb_comment_info":0,"uagb_excerpt":"Allow saving in your Excel workbook or not? With XLS Padlock, decide if you want your users to be able to save their changes in ... Read More","_links":{"self":[{"href":"https:\/\/www.xlspadlock.com\/fr\/wp-json\/wp\/v2\/pages\/2615","targetHints":{"allow":["GET"]}}],"collection":[{"href":"https:\/\/www.xlspadlock.com\/fr\/wp-json\/wp\/v2\/pages"}],"about":[{"href":"https:\/\/www.xlspadlock.com\/fr\/wp-json\/wp\/v2\/types\/page"}],"author":[{"embeddable":true,"href":"https:\/\/www.xlspadlock.com\/fr\/wp-json\/wp\/v2\/users\/2"}],"replies":[{"embeddable":true,"href":"https:\/\/www.xlspadlock.com\/fr\/wp-json\/wp\/v2\/comments?post=2615"}],"version-history":[{"count":0,"href":"https:\/\/www.xlspadlock.com\/fr\/wp-json\/wp\/v2\/pages\/2615\/revisions"}],"up":[{"embeddable":true,"href":"https:\/\/www.xlspadlock.com\/fr\/wp-json\/wp\/v2\/pages\/2398"}],"wp:attachment":[{"href":"https:\/\/www.xlspadlock.com\/fr\/wp-json\/wp\/v2\/media?parent=2615"}],"curies":[{"name":"wp","href":"https:\/\/api.w.org\/{rel}","templated":true}]}}