{"id":2620,"date":"2022-07-03T00:23:57","date_gmt":"2022-07-02T22:23:57","guid":{"rendered":"https:\/\/www.xlspadlock.com\/?page_id=2620"},"modified":"2025-11-16T11:02:44","modified_gmt":"2025-11-16T10:02:44","slug":"creer-installateur-setup","status":"publish","type":"page","link":"https:\/\/www.xlspadlock.com\/fr\/make-setup-installer","title":{"rendered":"Cr\u00e9er un installeur ou un programme d'installation pour vos classeurs Excel"},"content":{"rendered":"<h1 class=\"gb-headline gb-headline-a9544655 gb-headline-text gb-headline-197f6b28\">Comment cr\u00e9er un programme d'installation pour vos classeurs Excel<\/h1>\n\n\n\n<p>Vous pouvez empaqueter votre classeur compil\u00e9 dans un programme d'installation. Les programmes d'installation sont int\u00e9ressants car ils peuvent installer plusieurs fichiers (fichiers suppl\u00e9mentaires comme readme), afficher les accords de licence, cr\u00e9er des raccourcis vers votre classeur compil\u00e9 et offrir un d\u00e9sinstallateur pour permettre aux utilisateurs finaux de supprimer toute trace de votre classeur compil\u00e9 de leur ordinateur.<\/p>\n\n\n\n<p>En quelques clics, <strong>XLS Padlock peut g\u00e9n\u00e9rer un programme d'installation personnalisable pour votre classeur<\/strong>:<\/p>\n\n\n<div class=\"wp-block-image\">\n<figure class=\"aligncenter size-full\"><img loading=\"lazy\" decoding=\"async\" width=\"809\" height=\"671\" src=\"https:\/\/cdn.xlspadlock.com\/20251108181613\/image-17.png\" alt=\"Fen\u00eatre Cr\u00e9er un Programme d&#039;Installation\" class=\"wp-image-2623\" srcset=\"https:\/\/cdn.xlspadlock.com\/20251108181613\/image-17.png 809w, https:\/\/cdn.xlspadlock.com\/20251108181613\/image-17-300x249.png 300w, https:\/\/cdn.xlspadlock.com\/20251108181613\/image-17-768x637.png 768w\" sizes=\"auto, (max-width: 809px) 100vw, 809px\" \/><\/figure>\n<\/div>\n\n\n<p>Vous devez remplir les trois champs \u00ab Chemin de destination \u00bb, \u00ab Titre de l'installation \u00bb et \u00ab Nom de votre application \u00bb. Appuyez ensuite sur <strong>G\u00e9n\u00e9rer<\/strong> <strong>Installation<\/strong> pour cr\u00e9er le projet. XLS Padlock cr\u00e9era alors un programme d'installation que vous pourrez personnaliser selon vos besoins.<\/p>\n\n\n<div class=\"wp-block-image\">\n<figure class=\"aligncenter size-full\"><img loading=\"lazy\" decoding=\"async\" width=\"566\" height=\"439\" src=\"https:\/\/cdn.xlspadlock.com\/20251108181613\/image-18.png\" alt=\"Exemple d&#039;installateur\" class=\"wp-image-2624\" srcset=\"https:\/\/cdn.xlspadlock.com\/20251108181613\/image-18.png 566w, https:\/\/cdn.xlspadlock.com\/20251108181613\/image-18-300x233.png 300w\" sizes=\"auto, (max-width: 566px) 100vw, 566px\" \/><\/figure>\n<\/div>\n\n\n<p>XLS Padlock utilise notre <a href=\"https:\/\/www.installpackbuilder.com\/\" target=\"_blank\" rel=\"noopener\">logiciel d'installation \u00ab Paquet Builder \u00bb<\/a> pour g\u00e9n\u00e9rer des programmes d'installation personnalis\u00e9s et compacts. Il doit \u00eatre install\u00e9 sur votre ordinateur avant que vous puissiez utiliser cette fonctionnalit\u00e9.<\/p>\n\n\n\n<p>Les programmes d'installation sont facultatifs. Vous n'avez pas besoin d'un programme d'installation pour partager votre classeur compil\u00e9 avec d'autres, mais cela offre des fonctionnalit\u00e9s suppl\u00e9mentaires.<\/p>\n\n\n\n<div class=\"wp-block-uagb-inline-notice uagb-inline_notice__align-left uagb-block-eb645da8 uagb-inline_notice__outer-wrap\"><span class=\"uagb-notice-title\">Tutoriel pas \u00e0 pas disponible<\/span><div class=\"uagb-notice-text\"><p>\u00a0\u00a0<code><i class=\"fas fa-info-circle fa-2x\"><\/i><\/code> Voir <a href=\"\/fr\/faq\/creer-installateur-pour-classeur-excel\/\">notre tutoriel pour apprendre comment cr\u00e9er des programmes d'installation pour votre classeur Excel<\/a><\/p><\/div><\/div>\n\n\n<div class=\"gb-button-wrapper wp-block-comments-pagination aligncenter\"><a class=\"gb-button gb-button-text gb-button-59335cce\" href=\"https:\/\/www.xlspadlock.com\/fr\/save-options\" title=\"Autoriser ou interdire l&#039;enregistrement dans votre classeur Excel\"><span class=\"gb-button-text\"><i class=\"fa fa-arrow-left\"><\/i>&nbsp;&nbsp;Pr\u00e9c\u00e9dent<\/span><\/a>&nbsp;&nbsp;<a class=\"gb-button gb-button-text gb-button-59335cce\" href=\"https:\/\/www.xlspadlock.com\/fr\/download\" title=\"T\u00e9l\u00e9charger XLS Padlock\"><span class=\"gb-button-text\">Suivant&nbsp;&nbsp;<i class=\"fa fa-arrow-right\"><\/i><\/span><\/a><\/div>","protected":false},"excerpt":{"rendered":"<p>Comment cr\u00e9er un programme d'installation pour vos classeurs Excel Vous pouvez empaqueter votre classeur compil\u00e9 dans un programme d'installation. Configuration\u2026 <a title=\"Cr\u00e9er un installeur ou un programme d&#039;installation pour vos classeurs Excel\" class=\"read-more\" href=\"https:\/\/www.xlspadlock.com\/fr\/make-setup-installer\" aria-label=\"En savoir plus sur Make an installer or Setup for your Excel workbooks\">Lire la suite<\/a><\/p>","protected":false},"author":2,"featured_media":0,"parent":2398,"menu_order":12,"comment_status":"closed","ping_status":"closed","template":"","meta":{"inline_featured_image":false,"_uag_custom_page_level_css":"","footnotes":""},"class_list":["post-2620","page","type-page","status-publish"],"uagb_featured_image_src":{"full":false,"thumbnail":false,"medium":false,"medium_large":false,"large":false,"1536x1536":false,"2048x2048":false,"trp-custom-language-flag":false,"betterdocs-category-thumb":false},"uagb_author_info":{"display_name":"G.D.G. Software","author_link":"https:\/\/www.xlspadlock.com\/fr\/author\/gdgsoft"},"uagb_comment_info":0,"uagb_excerpt":"How to make an installer or Setup program for your Excel workbooks You can package your compiled workbook into an installer or Setup program. Setup ... Read More","_links":{"self":[{"href":"https:\/\/www.xlspadlock.com\/fr\/wp-json\/wp\/v2\/pages\/2620","targetHints":{"allow":["GET"]}}],"collection":[{"href":"https:\/\/www.xlspadlock.com\/fr\/wp-json\/wp\/v2\/pages"}],"about":[{"href":"https:\/\/www.xlspadlock.com\/fr\/wp-json\/wp\/v2\/types\/page"}],"author":[{"embeddable":true,"href":"https:\/\/www.xlspadlock.com\/fr\/wp-json\/wp\/v2\/users\/2"}],"replies":[{"embeddable":true,"href":"https:\/\/www.xlspadlock.com\/fr\/wp-json\/wp\/v2\/comments?post=2620"}],"version-history":[{"count":0,"href":"https:\/\/www.xlspadlock.com\/fr\/wp-json\/wp\/v2\/pages\/2620\/revisions"}],"up":[{"embeddable":true,"href":"https:\/\/www.xlspadlock.com\/fr\/wp-json\/wp\/v2\/pages\/2398"}],"wp:attachment":[{"href":"https:\/\/www.xlspadlock.com\/fr\/wp-json\/wp\/v2\/media?parent=2620"}],"curies":[{"name":"wp","href":"https:\/\/api.w.org\/{rel}","templated":true}]}}