{"id":2699,"date":"2022-07-04T15:32:44","date_gmt":"2022-07-04T13:32:44","guid":{"rendered":"https:\/\/www.xlspadlock.com\/?page_id=2699"},"modified":"2025-11-16T13:10:38","modified_gmt":"2025-11-16T12:10:38","slug":"telecharger","status":"publish","type":"page","link":"https:\/\/www.xlspadlock.com\/fr\/download","title":{"rendered":"T\u00e9l\u00e9charger XLS Padlock"},"content":{"rendered":"<div class=\"gb-container gb-container-aed942d4\"><div class=\"gb-inside-container\">\n<div class=\"gb-grid-wrapper gb-grid-wrapper-4e3d6dc6\">\n<div class=\"gb-grid-column gb-grid-column-b29d8c10\"><div class=\"gb-container gb-container-b29d8c10\"><div class=\"gb-inside-container\">\n\n<h1 class=\"gb-headline gb-headline-a9544655 gb-headline-text gb-headline-197f6b28\">T\u00e9l\u00e9charger XLS Padlock<\/h1>\n\n\n\n<p>Pour t\u00e9l\u00e9charger et installer l'\u00e9dition d'essai gratuite de XLS Padlock sur votre ordinateur, veuillez choisir l'\u00e9dition compatible avec votre version d'Excel (32 bits ou 64 bits) :<\/p>\n\n\n<div class=\"gb-button-wrapper gb-button-wrapper-0b9d5720\">\n\n<a class=\"gb-button gb-button-576593aa\" href=\"https:\/\/download.gdgsoftware.com\/xlspadlock\/xlspadlocksetup32.exe\" target=\"_blank\" rel=\"noopener\"><span class=\"gb-icon\"><svg xmlns=\"http:\/\/www.w3.org\/2000\/svg\" width=\"512\" viewbox=\"0 0 32 32\" height=\"512\"><path d=\"m28 24v-4a1 1 0 0 0 -2 0v4a1 1 0 0 1 -1 1h-18a1 1 0 0 1 -1-1v-4a1 1 0 0 0 -2 0v4a3 3 0 0 0 3 3h18a3 3 0 0 0 3-3zm-6.38-5.22-5 4a1 1 0 0 1 -1.24 0l-5-4a1 1 0 0 1 1.24-1.56l3.38 2.7v-13.92a1 1 0 0 1 2 0v13.92l3.38-2.7a1 1 0 1 1 1.24 1.56z\"><\/path><\/svg><\/span><span class=\"gb-button-text\">T\u00e9l\u00e9charger XLS Padlock 32 bits<\/span><\/a>\n\n\n\n<a class=\"gb-button gb-button-c7d721ed\" href=\"https:\/\/download.gdgsoftware.com\/xlspadlock\/xlspadlocksetup64.exe\" target=\"_blank\" rel=\"noopener\"><span class=\"gb-icon\"><svg xmlns=\"http:\/\/www.w3.org\/2000\/svg\" width=\"512\" viewbox=\"0 0 32 32\" height=\"512\"><path d=\"m28 24v-4a1 1 0 0 0 -2 0v4a1 1 0 0 1 -1 1h-18a1 1 0 0 1 -1-1v-4a1 1 0 0 0 -2 0v4a3 3 0 0 0 3 3h18a3 3 0 0 0 3-3zm-6.38-5.22-5 4a1 1 0 0 1 -1.24 0l-5-4a1 1 0 0 1 1.24-1.56l3.38 2.7v-13.92a1 1 0 0 1 2 0v13.92l3.38-2.7a1 1 0 1 1 1.24 1.56z\"><\/path><\/svg><\/span><span class=\"gb-button-text\">T\u00e9l\u00e9charger XLS Padlock 64 bits<\/span><\/a>\n\n\n\n<span class=\"gb-button gb-button-716288a7 popmake-2906\" target=\"_blank\" rel=\"noopener noreferrer\"><span class=\"gb-icon\"><svg xmlns=\"http:\/\/www.w3.org\/2000\/svg\" width=\"512\" viewbox=\"0 0 32 32\" height=\"512\"><path d=\"m28 24v-4a1 1 0 0 0 -2 0v4a1 1 0 0 1 -1 1h-18a1 1 0 0 1 -1-1v-4a1 1 0 0 0 -2 0v4a3 3 0 0 0 3 3h18a3 3 0 0 0 3-3zm-6.38-5.22-5 4a1 1 0 0 1 -1.24 0l-5-4a1 1 0 0 1 1.24-1.56l3.38 2.7v-13.92a1 1 0 0 1 2 0v13.92l3.38-2.7a1 1 0 1 1 1.24 1.56z\"><\/path><\/svg><\/span><span class=\"gb-button-text\">T\u00e9l\u00e9charger depuis le miroir<\/span><\/span>\n\n<\/div>\n\n\n<p class=\"has-text-align-center popmake-2919\">&nbsp;<code><i class=\"fas fa-info-circle fa-2x\"><\/i><\/code> Comment choisir entre 32 bits et 64 bits<\/p>\n\n<\/div><\/div><\/div>\n\n<div class=\"gb-grid-column gb-grid-column-7d284102\"><div class=\"gb-container gb-container-7d284102\"><div class=\"gb-inside-container\"><\/div><\/div><\/div>\n<\/div>\n<\/div><\/div>\n\n<div class=\"gb-container gb-container-bd3c06a1\"><div class=\"gb-inside-container\">\n\n<div class=\"wp-block-uagb-tabs uagb-block-21377af0 uagb-tabs__wrap uagb-tabs__hstyle3-desktop uagb-tabs__vstyle6-tablet uagb-tabs__vstyle6-mobile\" data-tab-active=\"0\"><ul class=\"uagb-tabs__panel uagb-tabs__align-left\" role=\"tablist\"><li class=\"uagb-tab uagb-tabs__active\" role=\"none\"><a href=\"#uagb-tabs__tab0\" class=\"uagb-tabs-list uagb-tabs__icon-position-left\" data-tab=\"0\" role=\"tab\"><div>Comment installer (64 bits)<\/div><\/a><\/li><li class=\"uagb-tab\" role=\"none\"><a href=\"#uagb-tabs__tab1\" class=\"uagb-tabs-list uagb-tabs__icon-position-left\" data-tab=\"1\" role=\"tab\"><div>Comment installer (32 bits)<\/div><\/a><\/li><li class=\"uagb-tab\" role=\"none\"><a href=\"#uagb-tabs__tab2\" class=\"uagb-tabs-list uagb-tabs__icon-position-left\" data-tab=\"2\" role=\"tab\"><div>Configuration requise<\/div><\/a><\/li><li class=\"uagb-tab\" role=\"none\"><a href=\"#uagb-tabs__tab3\" class=\"uagb-tabs-list uagb-tabs__icon-position-left\" data-tab=\"3\" role=\"tab\"><div>R\u00e9parer et supprimer <\/div><\/a><\/li><\/ul><div class=\"uagb-tabs__body-wrap\">\n<div class=\"wp-block-uagb-tabs-child uagb-tabs__body-container uagb-inner-tab-0\" aria-labelledby=\"uagb-tabs__tab0\">\n<h2 class=\"gb-headline gb-headline-d420fa91\"><span class=\"gb-icon\"><svg aria-hidden=\"true\" role=\"img\" height=\"1em\" width=\"1em\" viewbox=\"0 0 640 512\" xmlns=\"http:\/\/www.w3.org\/2000\/svg\"><path fill=\"currentColor\" d=\"M425.7 256c-16.9 0-32.8-9-41.4-23.4L320 126l-64.2 106.6c-8.7 14.5-24.6 23.5-41.5 23.5-4.5 0-9-.6-13.3-1.9L64 215v178c0 14.7 10 27.5 24.2 31l216.2 54.1c10.2 2.5 20.9 2.5 31 0L551.8 424c14.2-3.6 24.2-16.4 24.2-31V215l-137 39.1c-4.3 1.3-8.8 1.9-13.3 1.9zm212.6-112.2L586.8 41c-3.1-6.2-9.8-9.8-16.7-8.9L320 64l91.7 152.1c3.8 6.3 11.4 9.3 18.5 7.3l197.9-56.5c9.9-2.9 14.7-13.9 10.2-23.1zM53.2 41L1.7 143.8c-4.6 9.2.3 20.2 10.1 23l197.9 56.5c7.1 2 14.7-1 18.5-7.3L320 64 69.8 32.1c-6.9-.8-13.5 2.7-16.6 8.9z\"><\/path><\/svg><\/span><span class=\"gb-headline-text\">Comment installer XLS Padlock (64 bits)<\/span><\/h2>\n\n\n\n<p>Apr\u00e8s avoir cliqu\u00e9 sur le bouton de t\u00e9l\u00e9chargement ci-dessus, une fen\u00eatre s'ouvrira vous demandant ce que vous voulez faire avec un fichier appel\u00e9 <code>xlspadlocksetup64.exe<\/code>. Vous pourriez voir un message de confirmation vous demandant si vous \u00eates s\u00fbr de vouloir ex\u00e9cuter ce logiciel. Cliquez \u00e0 nouveau sur \"Ex\u00e9cuter\". L'assistant d'installation de XLS Padlock d\u00e9marrera : suivez les instructions donn\u00e9es.<\/p>\n\n\n\n<p>Lorsque XLS Padlock est install\u00e9, vous pouvez <a href=\"\/fr\/proteger-classeur\/\">commencer \u00e0 l'utiliser<\/a>.<\/p>\n\n\n\n<p>La <a href=\"\/doc\/\" target=\"_blank\" rel=\"noreferrer noopener\">documentation du logiciel est disponible en ligne<\/a> et elle est livr\u00e9e au format HTML Help avec le logiciel. Vous pouvez \u00e9galement <a href=\"https:\/\/download.xlspadlock.com\/XLSPadlock-Guide.pdf\" target=\"_blank\" rel=\"noopener\">t\u00e9l\u00e9charger le guide utilisateur<\/a> en PDF si vous pr\u00e9f\u00e9rez.<\/p>\n\n\n\n<h3 class=\"wp-block-heading\">\u00c0 propos de ce t\u00e9l\u00e9chargement<\/h3>\n\n\n\n<ul class=\"wp-block-list\">\n<li>Nom de fichier : <strong>xlspadlocksetup64.exe<\/strong><\/li>\n\n\n\n<li>Taille : <strong>72.59 MB<\/strong><\/li>\n\n\n\n<li>R\u00e9f\u00e9rence de version : <strong>2025.2<\/strong> &#8211; <a href=\"\/fr\/blog\/xls-padlock-2025-2-release\/\">see what&#8217;s new?<\/a><\/li>\n\n\n\n<li><a href=\"https:\/\/download.xlspadlock.com\/xlspadlocksetup64.exe.sha256\" target=\"_blank\" rel=\"noopener\">Download SHA-256 checksum<\/a><\/li>\n<\/ul>\n<\/div>\n\n\n\n<div class=\"wp-block-uagb-tabs-child uagb-tabs__body-container uagb-inner-tab-1\" aria-labelledby=\"uagb-tabs__tab1\">\n<h2 class=\"gb-headline gb-headline-7e7596a1\"><span class=\"gb-icon\"><svg aria-hidden=\"true\" role=\"img\" height=\"1em\" width=\"1em\" viewbox=\"0 0 640 512\" xmlns=\"http:\/\/www.w3.org\/2000\/svg\"><path fill=\"currentColor\" d=\"M425.7 256c-16.9 0-32.8-9-41.4-23.4L320 126l-64.2 106.6c-8.7 14.5-24.6 23.5-41.5 23.5-4.5 0-9-.6-13.3-1.9L64 215v178c0 14.7 10 27.5 24.2 31l216.2 54.1c10.2 2.5 20.9 2.5 31 0L551.8 424c14.2-3.6 24.2-16.4 24.2-31V215l-137 39.1c-4.3 1.3-8.8 1.9-13.3 1.9zm212.6-112.2L586.8 41c-3.1-6.2-9.8-9.8-16.7-8.9L320 64l91.7 152.1c3.8 6.3 11.4 9.3 18.5 7.3l197.9-56.5c9.9-2.9 14.7-13.9 10.2-23.1zM53.2 41L1.7 143.8c-4.6 9.2.3 20.2 10.1 23l197.9 56.5c7.1 2 14.7-1 18.5-7.3L320 64 69.8 32.1c-6.9-.8-13.5 2.7-16.6 8.9z\"><\/path><\/svg><\/span><span class=\"gb-headline-text\">Comment installer XLS Padlock (32 bits)<\/span><\/h2>\n\n\n\n<p>Apr\u00e8s avoir cliqu\u00e9 sur le bouton de t\u00e9l\u00e9chargement ci-dessus, une fen\u00eatre s'ouvrira vous demandant ce que vous voulez faire avec un fichier appel\u00e9 <code>xlspadlocksetup32.exe<\/code>. Vous pourriez voir un message de confirmation vous demandant si vous \u00eates s\u00fbr de vouloir ex\u00e9cuter ce logiciel. Cliquez \u00e0 nouveau sur \"Ex\u00e9cuter\". L'assistant d'installation de XLS Padlock d\u00e9marrera : suivez les instructions donn\u00e9es. Plusieurs langues sont incluses.<\/p>\n\n\n\n<p>Lorsque XLS Padlock est install\u00e9, vous pouvez <a href=\"\/fr\/proteger-classeur\/\">commencer \u00e0 l'utiliser<\/a>.<\/p>\n\n\n\n<p>La <a href=\"https:\/\/www.xlspadlock.com\/doc\/\" data-no-translation-href=\"\" target=\"_blank\" rel=\"noopener\">documentation du logiciel est disponible en ligne<\/a> et il est fourni dans une application Help Viewer avec le logiciel. Vous pouvez \u00e9galement <a href=\"https:\/\/download.xlspadlock.com\/XLSPadlock-Guide.pdf\" target=\"_blank\" rel=\"noopener\">t\u00e9l\u00e9charger le guide utilisateur<\/a> en PDF si vous pr\u00e9f\u00e9rez.<\/p>\n\n\n\n<h3 class=\"wp-block-heading\">\u00c0 propos de ce t\u00e9l\u00e9chargement<\/h3>\n\n\n\n<ul class=\"wp-block-list\">\n<li>Nom de fichier : <strong>xlspadlocksetup32.exe<\/strong><\/li>\n\n\n\n<li>Taille : <strong>71.16 MB<\/strong><\/li>\n\n\n\n<li>R\u00e9f\u00e9rence de version : <strong>2025.2<\/strong> &#8211; <a href=\"\/fr\/blog\/xls-padlock-2025-2-release\/\">see what&#8217;s new?<\/a><\/li>\n\n\n\n<li><a href=\"https:\/\/download.xlspadlock.com\/xlspadlocksetup32.exe.sha256\" target=\"_blank\" rel=\"noopener\">Download SHA-256 checksum<\/a><\/li>\n<\/ul>\n<\/div>\n\n\n\n<div class=\"wp-block-uagb-tabs-child uagb-tabs__body-container uagb-inner-tab-2\" aria-labelledby=\"uagb-tabs__tab2\">\n<h2 class=\"gb-headline gb-headline-341de79d\"><span class=\"gb-icon\"><svg aria-hidden=\"true\" role=\"img\" height=\"1em\" width=\"1em\" viewbox=\"0 0 448 512\" xmlns=\"http:\/\/www.w3.org\/2000\/svg\"><path fill=\"currentColor\" d=\"M400 32H48C21.49 32 0 53.49 0 80v352c0 26.51 21.49 48 48 48h352c26.51 0 48-21.49 48-48V80c0-26.51-21.49-48-48-48zm0 400H48V80h352v352zm-35.864-241.724L191.547 361.48c-4.705 4.667-12.303 4.637-16.97-.068l-90.781-91.516c-4.667-4.705-4.637-12.303.069-16.971l22.719-22.536c4.705-4.667 12.303-4.637 16.97.069l59.792 60.277 141.352-140.216c4.705-4.667 12.303-4.637 16.97.068l22.536 22.718c4.667 4.706 4.637 12.304-.068 16.971z\"><\/path><\/svg><\/span><span class=\"gb-headline-text\">Configuration requise<\/span><\/h2>\n\n\n\n<ul class=\"wp-block-list\">\n<li>Microsoft Windows\u00ae 11, 10, 8.1, 8, Windows 7, Vista, XP SP3, Server 2008, Server 2003, ou sup\u00e9rieur.<\/li>\n\n\n\n<li>Microsoft Excel\u00ae 2024, 2021, 2019, 2016, 2013, 2010, 2007 SP3, 2003, 2002 ou <strong>Microsoft 365<\/strong> avec Excel (ou Office 365). Assurez-vous d'avoir les <strong>derniers SP<\/strong> (Service Pack), <strong>mises \u00e0 jour, correctifs<\/strong> install\u00e9s.<\/li>\n\n\n\n<li>256 Mo de RAM (Recommand\u00e9 : 512 Mo de RAM ou plus).<\/li>\n\n\n\n<li>Disque dur : environ 100 Mo d'espace libre. Plus sera n\u00e9cessaire pour prot\u00e9ger les classeurs.<\/li>\n<\/ul>\n\n\n\n<p>Note : la compilation de fichiers EXE 64 bits ne peut \u00eatre effectu\u00e9e que sur les \u00e9ditions Windows 64 bits. <a href=\"\/fr\/faq\/architecture-exe-classeur-excel\/\">En savoir plus sur la compilation de classeurs en fichiers EXE pour n'importe quelle architecture Excel<\/a>.<\/p>\n\n\n\n<p>L'installeur de XLS Padlock utilise <strong>Windows Installer<\/strong> (MSI) pour effectuer des modifications s\u00e9curis\u00e9es sur la configuration de votre ordinateur.<\/p>\n\n\n\n<p>L'installeur a \u00e9t\u00e9 cr\u00e9\u00e9 avec <a href=\"https:\/\/www.installpackbuilder.com\" target=\"_blank\" rel=\"noopener\">Paquet Builder<\/a> et <a href=\"https:\/\/wixtoolset.org\/\" target=\"_blank\" rel=\"noopener\">WiX<\/a>.<\/p>\n<\/div>\n\n\n\n<div class=\"wp-block-uagb-tabs-child uagb-tabs__body-container uagb-inner-tab-3\" aria-labelledby=\"uagb-tabs__tab3\">\n<h2 class=\"gb-headline gb-headline-855b2de3\"><span class=\"gb-icon\"><svg aria-hidden=\"true\" role=\"img\" height=\"1em\" width=\"1em\" viewbox=\"0 0 512 512\" xmlns=\"http:\/\/www.w3.org\/2000\/svg\"><path fill=\"currentColor\" d=\"M256 8C119.033 8 8 119.033 8 256s111.033 248 248 248 248-111.033 248-248S392.967 8 256 8zm0 48c110.532 0 200 89.451 200 200 0 110.532-89.451 200-200 200-110.532 0-200-89.451-200-200 0-110.532 89.451-200 200-200m140.204 130.267l-22.536-22.718c-4.667-4.705-12.265-4.736-16.97-.068L215.346 303.697l-59.792-60.277c-4.667-4.705-12.265-4.736-16.97-.069l-22.719 22.536c-4.705 4.667-4.736 12.265-.068 16.971l90.781 91.516c4.667 4.705 12.265 4.736 16.97.068l172.589-171.204c4.704-4.668 4.734-12.266.067-16.971z\"><\/path><\/svg><\/span><span class=\"gb-headline-text\">R\u00e9parer et supprimer XLS Padlock<\/span><\/h2>\n\n\n\n<p>Vous pouvez r\u00e9parer une fonctionnalit\u00e9 endommag\u00e9e (par exemple, si vous avez accidentellement supprim\u00e9 un fichier vital) ou simplement d\u00e9sinstaller XLS Padlock de votre syst\u00e8me.<\/p>\n\n\n\n<p>Pour <strong>d\u00e9sinstaller XLS Padlock<\/strong>, make sure Excel is closed. Then, select the Install Apps Add\/Remove in the Windows Parameters, highlight XLS Padlock in the list and click Remove.<\/p>\n\n\n\n<p>Pour <strong>r\u00e9parer XLS Padlock<\/strong> (ou m\u00eame le d\u00e9sinstaller), lancez le <code>xlspadlocksetupNN.exe<\/code> fichier d'installation ; l'assistant d'installation entrera automatiquement en <strong>mode maintenance<\/strong>: s\u00e9lectionnez l'action que vous souhaitez effectuer.<\/p>\n<\/div>\n<\/div><\/div>\n\n\n\n<p class=\"gb-headline gb-headline-66c393ae\"><span class=\"gb-icon\"><svg aria-hidden=\"true\" role=\"img\" height=\"1em\" width=\"1em\" viewbox=\"0 0 384 512\" xmlns=\"http:\/\/www.w3.org\/2000\/svg\"><path fill=\"currentColor\" d=\"M97.12 362.63c-8.69-8.69-4.16-6.24-25.12-11.85-9.51-2.55-17.87-7.45-25.43-13.32L1.2 448.7c-4.39 10.77 3.81 22.47 15.43 22.03l52.69-2.01L105.56 507c8 8.44 22.04 5.81 26.43-4.96l52.05-127.62c-10.84 6.04-22.87 9.58-35.31 9.58-19.5 0-37.82-7.59-51.61-21.37zM382.8 448.7l-45.37-111.24c-7.56 5.88-15.92 10.77-25.43 13.32-21.07 5.64-16.45 3.18-25.12 11.85-13.79 13.78-32.12 21.37-51.62 21.37-12.44 0-24.47-3.55-35.31-9.58L252 502.04c4.39 10.77 18.44 13.4 26.43 4.96l36.25-38.28 52.69 2.01c11.62.44 19.82-11.27 15.43-22.03zM263 340c15.28-15.55 17.03-14.21 38.79-20.14 13.89-3.79 24.75-14.84 28.47-28.98 7.48-28.4 5.54-24.97 25.95-45.75 10.17-10.35 14.14-25.44 10.42-39.58-7.47-28.38-7.48-24.42 0-52.83 3.72-14.14-.25-29.23-10.42-39.58-20.41-20.78-18.47-17.36-25.95-45.75-3.72-14.14-14.58-25.19-28.47-28.98-27.88-7.61-24.52-5.62-44.95-26.41-10.17-10.35-25-14.4-38.89-10.61-27.87 7.6-23.98 7.61-51.9 0-13.89-3.79-28.72.25-38.89 10.61-20.41 20.78-17.05 18.8-44.94 26.41-13.89 3.79-24.75 14.84-28.47 28.98-7.47 28.39-5.54 24.97-25.95 45.75-10.17 10.35-14.15 25.44-10.42 39.58 7.47 28.36 7.48 24.4 0 52.82-3.72 14.14.25 29.23 10.42 39.59 20.41 20.78 18.47 17.35 25.95 45.75 3.72 14.14 14.58 25.19 28.47 28.98C104.6 325.96 106.27 325 121 340c13.23 13.47 33.84 15.88 49.74 5.82a39.676 39.676 0 0 1 42.53 0c15.89 10.06 36.5 7.65 49.73-5.82zM97.66 175.96c0-53.03 42.24-96.02 94.34-96.02s94.34 42.99 94.34 96.02-42.24 96.02-94.34 96.02-94.34-42.99-94.34-96.02z\"><\/path><\/svg><\/span><span class=\"gb-headline-text\">Les fichiers sont <strong>sign\u00e9s num\u00e9riquement<\/strong> (avec Microsoft Authenticode) pour authentifier notre soci\u00e9t\u00e9 (G.D.G. Software SAS) ainsi que pour garantir que le code n'a pas \u00e9t\u00e9 modifi\u00e9. Veuillez v\u00e9rifier l'\u00e9diteur pour vous assurer que vous avez t\u00e9l\u00e9charg\u00e9 un logiciel authentique.<\/span><\/p>\n\n\n<div class=\"gb-container gb-container-a5c1112d\"><div class=\"gb-inside-container\">\n<div class=\"gb-container gb-container-814c6abf\"><div class=\"gb-inside-container\">\n\n<h2 class=\"gb-headline gb-headline-824242d8\"><span class=\"gb-icon\"><svg xmlns=\"http:\/\/www.w3.org\/2000\/svg\" viewbox=\"0 0 576 512\" width=\"1em\" height=\"1em\" aria-hidden=\"true\"><path d=\"M576 240c0-23.63-12.95-44.04-32-55.12V32.01C544 23.26 537.02 0 512 0c-7.12 0-14.19 2.38-19.98 7.02l-85.03 68.03C364.28 109.19 310.66 128 256 128H64c-35.35 0-64 28.65-64 64v96c0 35.35 28.65 64 64 64h33.7c-1.39 10.48-2.18 21.14-2.18 32 0 39.77 9.26 77.35 25.56 110.94 5.19 10.69 16.52 17.06 28.4 17.06h74.28c26.05 0 41.69-29.84 25.9-50.56-16.4-21.52-26.15-48.36-26.15-77.44 0-11.11 1.62-21.79 4.41-32H256c54.66 0 108.28 18.81 150.98 52.95l85.03 68.03a32.023 32.023 0 0 0 19.98 7.02c24.92 0 32-22.78 32-32V295.13C563.05 284.04 576 263.63 576 240zm-96 141.42l-33.05-26.44C392.95 311.78 325.12 288 256 288v-96c69.12 0 136.95-23.78 190.95-66.98L480 98.58v282.84z\" fill=\"currentColor\"><\/path><\/svg><\/span><span class=\"gb-headline-text\">Restez inform\u00e9 des nouvelles versions de XLS Padlock<\/span><\/h2>\n\n\n\n<p>Nous serons ravis de vous tenir au courant de XLS Padlock et des \u00e9v\u00e9nements. Vous pouvez vous d\u00e9sabonner \u00e0 tout moment.<\/p>\n\n\n<div class=\"gb-button-wrapper gb-button-wrapper-4715908d\">\n\n<a class=\"gb-button gb-button-8b657414\" href=\"https:\/\/www.xlspadlock.com\/fr\/newsletter\/\"><span class=\"gb-button-text\">Abonnez-vous \u00e0 notre Newsletter maintenant<\/span><span class=\"gb-icon\"><svg xmlns=\"http:\/\/www.w3.org\/2000\/svg\" viewbox=\"0 0 256 512\" width=\"1em\" height=\"1em\" aria-hidden=\"true\"><path d=\"M224.3 273l-136 136c-9.4 9.4-24.6 9.4-33.9 0l-22.6-22.6c-9.4-9.4-9.4-24.6 0-33.9l96.4-96.4-96.4-96.4c-9.4-9.4-9.4-24.6 0-33.9L54.3 103c9.4-9.4 24.6-9.4 33.9 0l136 136c9.5 9.4 9.5 24.6.1 34z\" fill=\"currentColor\"><\/path><\/svg><\/span><\/a>\n\n<\/div>\n<\/div><\/div>\n\n<div class=\"gb-grid-wrapper gb-grid-wrapper-fa517c0c\">\n<div class=\"gb-grid-column gb-grid-column-ff7b5ebc\"><div class=\"gb-container gb-container-ff7b5ebc\"><div class=\"gb-inside-container\">\n\n<h2 class=\"gb-headline gb-headline-b924e57c gb-headline-text\">\u00c9valuation : \u00c9dition d'essai gratuite<\/h2>\n\n\n\n<p>Lorsque vous installez XLS Padlock sans activation, il fonctionnera dans un \u00e9tat appel\u00e9 <strong>\u00c9dition d'essai<\/strong>. C'est un <strong>essai gratuit et complet<\/strong>: cela signifie que les m\u00eames capacit\u00e9s disponibles dans le logiciel enregistr\u00e9 sont pr\u00e9sentes dans cette \u00e9dition d'essai. Cela <strong>vous permet d'essayer toutes les fonctionnalit\u00e9s<\/strong> de XLS Padlock gratuitement : vous pouvez donc voir si cela fonctionne pour vous, aussi longtemps que vous le souhaitez.<\/p>\n\n\n\n<p>Il y a cependant quelques limitations : bien que l'\u00e9dition d'essai n'expire pas elle-m\u00eame, les applications s\u00e9curis\u00e9es cr\u00e9\u00e9es avec l'\u00e9dition d'essai expireront quelques jours apr\u00e8s leur cr\u00e9ation. Elles afficheront \u00e9galement un rappel (\u00e9cran de rappel) au d\u00e9marrage. Enfin, vous n'\u00eates pas autoris\u00e9 \u00e0 distribuer des applications cr\u00e9\u00e9es avec l'\u00e9dition d'essai.<\/p>\n\n\n<div class=\"gb-button-wrapper gb-button-wrapper-ca2cbf8b\">\n\n<a class=\"gb-button gb-button-2bfcc789\" href=\"\/fr\/boutique\/\"><span class=\"gb-button-text\">Achetez votre licence pour supprimer les restrictions<\/span><span class=\"gb-icon\"><svg xmlns=\"http:\/\/www.w3.org\/2000\/svg\" viewbox=\"0 0 256 512\" width=\"1em\" height=\"1em\" aria-hidden=\"true\"><path d=\"M224.3 273l-136 136c-9.4 9.4-24.6 9.4-33.9 0l-22.6-22.6c-9.4-9.4-9.4-24.6 0-33.9l96.4-96.4-96.4-96.4c-9.4-9.4-9.4-24.6 0-33.9L54.3 103c9.4-9.4 24.6-9.4 33.9 0l136 136c9.5 9.4 9.5 24.6.1 34z\" fill=\"currentColor\"><\/path><\/svg><\/span><\/a>\n\n<\/div>\n<\/div><\/div><\/div>\n\n<div class=\"gb-grid-column gb-grid-column-1c159f47\"><div class=\"gb-container gb-container-1c159f47\"><div class=\"gb-inside-container\">\n<div class=\"wp-block-image is-resized\">\n<figure class=\"aligncenter size-large\"><img decoding=\"async\" src=\"https:\/\/library.generateblocks.com\/wp-content\/uploads\/2020\/11\/pexels-christina-morillo-1181292.jpg\" alt=\"\" class=\"wp-image-2375\"\/><\/figure>\n<\/div>\n<\/div><\/div><\/div>\n<\/div>\n<\/div><\/div>\n<\/div><div class=\"gb-shapes\"><div class=\"gb-shape gb-shape-1\"><svg xmlns=\"http:\/\/www.w3.org\/2000\/svg\" viewbox=\"0 0 1200 360\" preserveaspectratio=\"none\"><path d=\"M1200 360H0V0l1200 348z\"\/><\/svg><\/div><\/div><\/div>\n\n<div class=\"gb-container gb-container-5ebe4225\"><div class=\"gb-inside-container\">\n\n<p><i class=\"fa fa-search\"><\/i> Vous cherchez des versions plus anciennes ou des t\u00e9l\u00e9chargements enregistr\u00e9s tels que le <a href=\"\/fr\/vendre-classeurs-excel-avec-woocommerce\/\">Kit d'Int\u00e9gration WooCommerce<\/a> ou <a href=\"\/fr\/abonnements-classeur-excel-gagner-argent\/\">Kit d'Abonnement<\/a>? <a href=\"\/fr\/compte\/telechargements\/\">Ils sont disponibles pour les utilisateurs enregistr\u00e9s<\/a>. Vous pouvez toujours t\u00e9l\u00e9charger et activer les anciennes versions, m\u00eame si votre maintenance a expir\u00e9.<\/p>\n\n\n\n<p><i class=\"fa fa-share\" style=\"color: rgb(51, 153, 255);\"><\/i> <a href=\"https:\/\/x.com\/gdgsoft\">Suivez-nous sur X<\/a>.<\/p>\n\n\n\n<p><i class=\"fa fa-rss-square\" style=\"color: rgb(255, 102, 0);\"><\/i> Restez inform\u00e9 des futures versions en <a href=\"https:\/\/www.xlspadlock.com\/fr\/newsletter\/\">vous inscrivant \u00e0 notre newsletter<\/a> ou <a href=\"\/fr\/blog\/\">visitez notre blog d\u00e9di\u00e9 \u00e0 XLS Padlock<\/a>.<\/p>\n\n\n\n<p>Vous pouvez consulter le <a href=\"\/guide\/xlspadlock-eula.pdf\">Contrat de Licence Utilisateur Final XLS Padlock<\/a> avant d'installer le logiciel.<\/p>\n\n<\/div><\/div>","protected":false},"excerpt":{"rendered":"<p>Files are digitally signed (with Microsoft Authenticode) to authenticate our company (G.D.G. Software SAS) as well as to ensure that the code has not been &#8230; <a title=\"T\u00e9l\u00e9charger XLS Padlock\" class=\"read-more\" href=\"https:\/\/www.xlspadlock.com\/fr\/download\" aria-label=\"En savoir plus sur Download XLS Padlock\">Lire la suite<\/a><\/p>","protected":false},"author":2,"featured_media":0,"parent":0,"menu_order":0,"comment_status":"closed","ping_status":"closed","template":"","meta":{"inline_featured_image":false,"_uag_custom_page_level_css":"","footnotes":""},"class_list":["post-2699","page","type-page","status-publish"],"uagb_featured_image_src":{"full":false,"thumbnail":false,"medium":false,"medium_large":false,"large":false,"1536x1536":false,"2048x2048":false,"trp-custom-language-flag":false,"betterdocs-category-thumb":false},"uagb_author_info":{"display_name":"G.D.G. Software","author_link":"https:\/\/www.xlspadlock.com\/fr\/author\/gdgsoft"},"uagb_comment_info":0,"uagb_excerpt":"Files are digitally signed (with Microsoft Authenticode) to authenticate our company (G.D.G. Software SAS) as well as to ensure that the code has not been ... Read More","_links":{"self":[{"href":"https:\/\/www.xlspadlock.com\/fr\/wp-json\/wp\/v2\/pages\/2699","targetHints":{"allow":["GET"]}}],"collection":[{"href":"https:\/\/www.xlspadlock.com\/fr\/wp-json\/wp\/v2\/pages"}],"about":[{"href":"https:\/\/www.xlspadlock.com\/fr\/wp-json\/wp\/v2\/types\/page"}],"author":[{"embeddable":true,"href":"https:\/\/www.xlspadlock.com\/fr\/wp-json\/wp\/v2\/users\/2"}],"replies":[{"embeddable":true,"href":"https:\/\/www.xlspadlock.com\/fr\/wp-json\/wp\/v2\/comments?post=2699"}],"version-history":[{"count":2,"href":"https:\/\/www.xlspadlock.com\/fr\/wp-json\/wp\/v2\/pages\/2699\/revisions"}],"predecessor-version":[{"id":4500,"href":"https:\/\/www.xlspadlock.com\/fr\/wp-json\/wp\/v2\/pages\/2699\/revisions\/4500"}],"wp:attachment":[{"href":"https:\/\/www.xlspadlock.com\/fr\/wp-json\/wp\/v2\/media?parent=2699"}],"curies":[{"name":"wp","href":"https:\/\/api.w.org\/{rel}","templated":true}]}}