{"id":2857,"date":"2022-07-17T10:33:14","date_gmt":"2022-07-17T08:33:14","guid":{"rendered":"https:\/\/www.xlspadlock.com\/?page_id=2857"},"modified":"2025-11-16T17:00:54","modified_gmt":"2025-11-16T16:00:54","slug":"affiliations","status":"publish","type":"page","link":"https:\/\/www.xlspadlock.com\/fr\/affiliate","title":{"rendered":"Rejoindre le programme d'affiliation XLS Padlock"},"content":{"rendered":"<div class=\"gb-container gb-container-aed942d4\"><div class=\"gb-inside-container\">\n<div class=\"gb-container gb-container-b29d8c10\"><div class=\"gb-inside-container\">\n\n<h1 class=\"gb-headline gb-headline-a9544655 gb-headline-text gb-headline-197f6b28\">Join XLS Padlock Affiliate Program and earn 30% commission<\/h1>\n\n\n<div class=\"gb-grid-wrapper gb-grid-wrapper-8d16e32d\">\n<div class=\"gb-grid-column gb-grid-column-06994670\"><div class=\"gb-container gb-container-06994670\"><div class=\"gb-inside-container\">\n\n<p class=\"has-medium-font-size\">Promote XLS Padlock, our powerful Excel compiler software, along with other G.D.G. Software products, and earn a <strong>competitive commission on every sale: a minimum of 30% on direct sales<\/strong>, plus <strong>additional earnings through our Multi-level Affiliates feature<\/strong>! <\/p>\n\n\n\n<div class=\"gb-headline gb-headline-cbf751da\"><span class=\"gb-icon\"><svg xmlns=\"http:\/\/www.w3.org\/2000\/svg\" width=\"512\" viewbox=\"0 0 32 32\" height=\"512\"><path fill=\"#ffca28\" d=\"m1 7v20c0 2.2050781 1.7939453 4 4 4h14c2.2060547 0 4-1.7949219 4-4v-20z\"><\/path><path fill=\"#66bb6a\" d=\"m17 10h-2v-4c0-1.6542969-1.3457031-3-3-3s-3 1.3457031-3 3v4h-2v-4c0-2.7568359 2.2431641-5 5-5s5 2.2431641 5 5z\"><\/path><path opacity=\".1\" d=\"m17 7v-1c0-2.7597656-2.2402344-5-5-5v2c1.6503906 0 3 1.3496094 3 3v1h-3v24h7c2.2099609 0 4-1.7900391 4-4v-20z\"><\/path><path transform=\"matrix(.82 .573 -.573 .82 17.517 -9.483)\" fill=\"#78909c\" d=\"m20.709 22.07h6.212v2h-6.212z\"><\/path><path transform=\"matrix(.573 .819 -.819 .573 22.396 -13.142)\" fill=\"#78909c\" d=\"m22.815 11.824h2v6.212h-2z\"><\/path><g fill=\"#42a5f5\"><path d=\"m18 14c-2.7568359 0-5 2.2431641-5 5s2.2431641 5 5 5 5-2.2431641 5-5-2.2431641-5-5-5z\"><\/path><circle r=\"3\" cy=\"12\" cx=\"28\"><\/circle><circle r=\"3\" cy=\"26\" cx=\"28\"><\/circle><\/g><path opacity=\".1\" d=\"m31 26c0 1.6503906-1.3496094 3-3 3s-3-1.3496094-3-3c0-.2802734.0498047-.5400391.1201172-.7998047l-3.6904297-2.5800781c-.8994141.8496094-2.0996094 1.3798828-3.4296875 1.3798828-2.7597656 0-5-2.2402344-5-5h10c0 .7099609-.1503906 1.3798828-.4199219 1.9902344l3.6796875 2.5693359c.4902344-.3496094 1.0898438-.5595703 1.7402344-.5595703 1.6503906 0 3 1.3496094 3 3z\"><\/path><\/svg><\/span><span class=\"gb-headline-text\"><a href=\"https:\/\/www.gdgsoft.com\/affiliate\" target=\"_blank\" rel=\"noopener\">Join the G.D.G. Software Affiliate Program today<\/a> and start making money by introducing our trusted tools to your audience of Excel users and developers worldwide.<\/span><\/div>\n\n<\/div><\/div><\/div>\n\n<div class=\"gb-grid-column gb-grid-column-fec3e325\"><div class=\"gb-container gb-container-fec3e325\"><div class=\"gb-inside-container\">\n\n<figure class=\"gb-block-image gb-block-image-550bd6ed\"><img loading=\"lazy\" decoding=\"async\" width=\"300\" height=\"300\" class=\"gb-image gb-image-550bd6ed\" src=\"https:\/\/www.xlspadlock.com\/wp-content\/uploads\/affiliate.png\" alt=\"affili\u00e9s\" title=\"programme d&#039;affiliation\" srcset=\"https:\/\/cdn.xlspadlock.com\/20251108181614\/affiliate.png 300w, https:\/\/cdn.xlspadlock.com\/20251108181614\/affiliate-150x150.png 150w\" sizes=\"auto, (max-width: 300px) 100vw, 300px\" \/><\/figure>\n\n<\/div><\/div><\/div>\n<\/div>\n\n\n<h2 class=\"wp-block-heading\">Why Join Our Affiliate Program?<\/h2>\n\n\n\n<ul class=\"wp-block-list\">\n<li><strong>Competitive Commissions<\/strong>: Earn a minimum of 30% commission on every sale of XLS Padlock and other G.D.G. Software products through our resellers Paddle or FastSpring. Plus, increase your earnings with our Multi-level Affiliates feature.<\/li>\n\n\n\n<li><strong>Reliable Payments<\/strong>: Receive your earnings via PayPal once you accumulate at least \u20ac100 in commissions.<\/li>\n\n\n\n<li><strong>Trusted Software Products<\/strong>: Promote high-quality tools developed by G.D.G. Software, including XLS Padlock, ExeOutput for PHP, Paquet Builder, HTML Executable, and more\u2014trusted by thousands of users worldwide.<\/li>\n<\/ul>\n\n\n\n<h2 class=\"wp-block-heading\">Liens pour les affili\u00e9s<\/h2>\n\n\n\n<p>When promoting XLS Padlock to your audience, use <strong>your direct affiliate links provided<\/strong> in your <a href=\"https:\/\/www.gdgsoft.com\/affiliate\/affiliate-account\" target=\"_blank\" rel=\"noopener\">Account dashboard<\/a>.<br>For instance, links must follow this format:<\/p>\n\n\n\n<p><code>https:\/\/www.xlspadlock.com\/?aff=XXXX<\/code> \u2013 o\u00f9 <code>XXXX<\/code> is your G.D.G. Software Affiliate ID.<\/p>\n\n\n\n<p>Our system sets a 30-day cookie for visitors who click your affiliate link. If they make a purchase within 30 days with FastSpring and\/or Paddle, you\u2019ll earn a commission after a successful sale from them. You can use your affiliate link on blogs, forums, social media, or emails, as long as your promotional methods comply with our <a href=\"https:\/\/www.gdgsoft.com\/affiliate\/affiliate-program-terms-and-conditions\" target=\"_blank\" rel=\"noopener\">Terms And Conditions<\/a>.<\/p>\n\n\n\n<figure class=\"gb-block-image gb-block-image-50ecc3a5\"><img loading=\"lazy\" decoding=\"async\" width=\"400\" height=\"325\" class=\"gb-image gb-image-50ecc3a5\" src=\"https:\/\/www.xlspadlock.com\/wp-content\/uploads\/affiliate-marketing.webp\" alt=\"marketing d&#039;affiliation\" title=\"marketing-d-affiliation\" srcset=\"https:\/\/cdn.xlspadlock.com\/20251108181614\/affiliate-marketing.webp 400w, https:\/\/cdn.xlspadlock.com\/20251108181614\/affiliate-marketing-300x244.webp 300w\" sizes=\"auto, (max-width: 400px) 100vw, 400px\" \/><\/figure>\n\n\n\n<h2 class=\"wp-block-heading\">How It Works<\/h2>\n\n\n\n<ol class=\"wp-block-list\">\n<li><strong>Sign Up<\/strong>: Register for free through our<a href=\"https:\/\/www.gdgsoft.com\/affiliate\" target=\"_blank\" rel=\"noopener\"> easy-to-use affiliate portal on the G.D.G. Software website<\/a>.<\/li>\n\n\n\n<li><strong>Promote<\/strong>: Share your unique affiliate links for XLS Padlock and other products, or use our marketing materials to reach your audience.<\/li>\n\n\n\n<li><strong>Earn<\/strong>: Receive a minimum of 30% commission for every successful sale due to your referral, plus additional earnings from your recruited affiliates.<\/li>\n<\/ol>\n\n\n\n<h2 class=\"wp-block-heading\">FAQ<\/h2>\n\n\n\n<h3 class=\"wp-block-heading\">Quel montant de commission vais-je recevoir ?<\/h3>\n\n\n\n<p>New affiliates receive a minimum of 30% commission on direct sales. You can also earn additional commissions through the Multi-level Affiliates feature (20% for Level 1, 10% for Level 2, 5% for Level 3). Commission rates may be adjusted with 30 days\u2019 prior notice via email.<\/p>\n\n\n\n<h3 class=\"wp-block-heading\">Y a-t-il un montant minimum dans votre programme d'affiliation que je dois gagner pour recevoir un paiement ?<\/h3>\n\n\n\n<p>Yes, you must earn a minimum of 100 EUR in commissions before payment can be made. If the minimum amount is not reached, the total is carried over to the next month.<\/p>\n\n\n\n<h3 class=\"wp-block-heading\">Quels modes de paiement et devises sont disponibles pour que je re\u00e7oive mes paiements ?<\/h3>\n\n\n\n<p>Payments are made via PayPal in Euros (\u20ac). You can specify your PayPal details in the <a href=\"https:\/\/www.gdgsoft.com\/affiliate\/affiliate-account\" target=\"_blank\" rel=\"noopener\">affiliate dashboard under the \u201cAccount\u201d page<\/a>.<\/p>\n\n\n\n<h3 class=\"wp-block-heading\">Je n'ai pas re\u00e7u mon paiement pour les ventes du mois dernier, que dois-je faire ?<\/h3>\n\n\n\n<p>This may be due to several reasons: you may not have reached the \u20ac100 threshold, your invoice may not have been uploaded by the 10th of the month, or the sales may still be within the 30-day money-back guarantee period. If you believe there\u2019s an error, please <a href=\"https:\/\/www.xlspadlock.com\/fr\/contact\/\" data-type=\"page\" data-id=\"500\">email us<\/a>.<\/p>\n\n\n\n<h3 class=\"wp-block-heading\">Y a-t-il des co\u00fbts pour participer en tant qu'affili\u00e9 \u00e0 votre programme d'affiliation ?<\/h3>\n\n\n\n<p>There are no monthly or fixed costs to you for participating in the G.D.G. Software Affiliate Program.<\/p>\n\n\n\n<h3 class=\"wp-block-heading\">Quelles informations vais-je recevoir sur mes ventes ?<\/h3>\n\n\n\n<p>You can access detailed sales reports in your <a href=\"https:\/\/www.gdgsoft.com\/affiliate\/affiliate-account\" target=\"_blank\" rel=\"noopener\">Affiliate Account dashboard<\/a>, including visits, sales, and commission statuses (Pending, Unpaid, Rejected, or Paid). Note that we do not disclose end customer data, as you are not the legal owner of this data, in compliance with GDPR.<\/p>\n\n\n\n<h3 class=\"wp-block-heading\">How can I terminate my participation in the program?<\/h3>\n\n\n\n<p>You can terminate your participation at any time by sending a <a href=\"https:\/\/www.xlspadlock.com\/fr\/contact\/\" data-type=\"page\" data-id=\"500\">written notice via email<\/a>. After termination, remove all affiliate links from your website. Any unpaid commissions related to violations of our <a href=\"https:\/\/www.gdgsoft.com\/affiliate\/affiliate-program-terms-and-conditions\" target=\"_blank\" rel=\"noopener\">Terms And Conditions<\/a> will be withheld.<\/p>\n\n\n\n<h2 class=\"wp-block-heading\">Terms of Service<\/h2>\n\n\n\n<p>Please review our Affiliate Program <a href=\"https:\/\/www.gdgsoft.com\/affiliate\/affiliate-program-terms-and-conditions\" target=\"_blank\" rel=\"noopener\">Terms And Conditions<\/a> for full details on eligibility, promotional guidelines, data protection, and more. By joining the program, you agree to comply with these terms, including GDPR and EU regulations.<\/p>\n\n\n\n<h2 class=\"wp-block-heading\">Des questions ?<\/h2>\n\n\n\n<p>Si vous avez des questions sur notre programme d'affiliation, n'h\u00e9sitez pas <a href=\"\/fr\/contact\/\">\u00e0 nous contacter<\/a>.<\/p>\n\n<\/div><\/div>\n<\/div><\/div>","protected":false},"excerpt":{"rendered":"<p>Join XLS Padlock Affiliate Program and earn 30% commission Why Join Our Affiliate Program? Links for affiliates When promoting XLS Padlock to your audience, use &#8230; <a title=\"Rejoindre le programme d&#039;affiliation XLS Padlock\" class=\"read-more\" href=\"https:\/\/www.xlspadlock.com\/fr\/affiliate\" aria-label=\"En savoir plus sur Join XLS Padlock Affiliate Program\">Lire la suite<\/a><\/p>","protected":false},"author":2,"featured_media":0,"parent":0,"menu_order":0,"comment_status":"closed","ping_status":"closed","template":"","meta":{"inline_featured_image":false,"_uag_custom_page_level_css":"","footnotes":""},"class_list":["post-2857","page","type-page","status-publish"],"uagb_featured_image_src":{"full":false,"thumbnail":false,"medium":false,"medium_large":false,"large":false,"1536x1536":false,"2048x2048":false,"trp-custom-language-flag":false,"betterdocs-category-thumb":false},"uagb_author_info":{"display_name":"G.D.G. Software","author_link":"https:\/\/www.xlspadlock.com\/fr\/author\/gdgsoft"},"uagb_comment_info":0,"uagb_excerpt":"Join XLS Padlock Affiliate Program and earn 30% commission Why Join Our Affiliate Program? Links for affiliates When promoting XLS Padlock to your audience, use ... Read More","_links":{"self":[{"href":"https:\/\/www.xlspadlock.com\/fr\/wp-json\/wp\/v2\/pages\/2857","targetHints":{"allow":["GET"]}}],"collection":[{"href":"https:\/\/www.xlspadlock.com\/fr\/wp-json\/wp\/v2\/pages"}],"about":[{"href":"https:\/\/www.xlspadlock.com\/fr\/wp-json\/wp\/v2\/types\/page"}],"author":[{"embeddable":true,"href":"https:\/\/www.xlspadlock.com\/fr\/wp-json\/wp\/v2\/users\/2"}],"replies":[{"embeddable":true,"href":"https:\/\/www.xlspadlock.com\/fr\/wp-json\/wp\/v2\/comments?post=2857"}],"version-history":[{"count":0,"href":"https:\/\/www.xlspadlock.com\/fr\/wp-json\/wp\/v2\/pages\/2857\/revisions"}],"wp:attachment":[{"href":"https:\/\/www.xlspadlock.com\/fr\/wp-json\/wp\/v2\/media?parent=2857"}],"curies":[{"name":"wp","href":"https:\/\/api.w.org\/{rel}","templated":true}]}}