{"id":2924,"date":"2022-07-17T12:28:11","date_gmt":"2022-07-17T10:28:11","guid":{"rendered":"https:\/\/www.xlspadlock.com\/?page_id=2924"},"modified":"2025-11-16T17:03:22","modified_gmt":"2025-11-16T16:03:22","slug":"demo-classeur-excel","status":"publish","type":"page","link":"https:\/\/www.xlspadlock.com\/fr\/excel-workbook-demo","title":{"rendered":"D\u00e9monstration de classeur en direct"},"content":{"rendered":"<div class=\"gb-container gb-container-aed942d4\"><div class=\"gb-inside-container\">\n\n<h1 class=\"gb-headline gb-headline-a9544655 gb-headline-text gb-headline-197f6b28\">Essayez vous-m\u00eame une application de classeur compil\u00e9e avec XLS Padlock<\/h1>\n\n\n\n<p>Nous avons compil\u00e9 une d\u00e9monstration de classeur Excel avec XLS Padlock pour que vous puissiez l'essayer vous-m\u00eame.<\/p>\n\n\n\n<p class=\"gb-headline gb-headline-0f4cb2d2\"><span class=\"gb-icon\"><svg xmlns=\"http:\/\/www.w3.org\/2000\/svg\" width=\"512\" viewbox=\"0 0 58 54.497\" height=\"512\"><path fill=\"#ffd858\" d=\"m6.67 7.527-6.67.92 5.08 36.69 36.69-5.08-.41-2.95-3.47-25.1-1.2-8.64-7.78 1.08\"><\/path><path transform=\"matrix(.991 -.137 .137 .991 -.653 2.497)\" fill=\"#0085ff\" d=\"m6.565 1.497h22.449v8.98h-22.449z\"><\/path><path transform=\"matrix(.995 -.102 .102 .995 -1.808 2.019)\" fill=\"#fff\" d=\"m6.988 17.772h23.874v2.001h-23.874z\"><\/path><path transform=\"matrix(.997 -.08 .08 .997 -1.91 1.89)\" fill=\"#ffd858\" d=\"m17.706 23.763h9.806v2.001h-9.806z\"><\/path><path transform=\"matrix(.997 -.08 .08 .997 -2.028 .914)\" fill=\"#fff\" d=\"m7.938 24.748h4.904v2.001h-4.904z\"><\/path><path transform=\"matrix(.995 -.105 .105 .995 -3.254 2.226)\" fill=\"#fff\" d=\"m8.339 31.152h22.543v1.999h-22.543z\"><\/path><circle r=\"12.853\" fill=\"#d6dce0\" cy=\"24.259\" cx=\"41.774\"><\/circle><circle r=\"10.735\" fill=\"#fff\" cy=\"24.252\" cx=\"41.774\"><\/circle><path transform=\"matrix(.902 -.433 .433 .902 -12.268 25.151)\" fill=\"#d6dce0\" d=\"m48.122 35.433h2v8.19h-2z\"><\/path><path fill=\"#d6dce0\" d=\"m56.18 54.174c-1.599.77-3.519.098-4.289-1.501l-4.647-9.65 2.43-2.359 3.36-.429 4.647 9.65c.77 1.599.098 3.519-1.501 4.289z\"><\/path><path opacity=\".52\" fill=\"#f2f2f2\" d=\"m56.18 54.177c-.65.31-1.35.39-2 .26.26-.05.53-.14.78-.26 1.6-.77 2.27-2.69 1.5-4.29l-4.57-9.5 1.14-.15 4.65 9.65c.77 1.6.1 3.52-1.5 4.29z\"><\/path><path fill=\"#d6dce0\" d=\"m45.687 32.384-.867-1.803c3.493-1.682 4.967-5.894 3.284-9.388l1.803-.867c2.159 4.488.267 9.897-4.22 12.058z\"><\/path><path opacity=\".1\" d=\"m41.36 37.107v-.01c-6.9-.21-12.44-5.88-12.44-12.84 0-5.75 3.77-10.61 8.97-12.25l-.3-2.18c-6.53 1.59-11.38 7.47-11.38 14.49 0 8.23 6.68 14.91 14.91 14.91.18 0 .35 0 .53-.01z\"><\/path><\/svg><\/span><span class=\"gb-headline-text\">D\u00e9couvrez comment <a href=\"\/fr\/proteger-formules\/\">la protection des formules<\/a> fonctionne, comment ins\u00e9rer un \u00e9cran d'accueil personnalis\u00e9, <a href=\"\/fr\/protection-code-vba\/\">utiliser la protection VBA<\/a> et \u00e9ventuellement <a href=\"\/fr\/classeur-excel-activation-en-ligne\/\">l'activation en ligne pour vos classeurs<\/a>.<\/span><\/p>\n\n\n\n<div class=\"wp-block-uagb-inline-notice uagb-inline_notice__align-left uagb-block-d76faed7 uagb-inline_notice__outer-wrap\"><button class=\"uagb-notice-close-button\" type=\"button\" aria-label=\"Fermer\"><\/button><h4 class=\"uagb-notice-title\">\u00c0 propos de cette d\u00e9monstration<\/h4><div class=\"uagb-notice-text\">\n<p><strong>Diff\u00e9rentes versions de la d\u00e9monstration sont disponibles<\/strong>. Par exemple, une version est livr\u00e9e avec activation requise : vous devrez cliquer sur Activer sur l'\u00e9cran d'activation avant de pouvoir acc\u00e9der \u00e0 la d\u00e9mo. Cela vous permet de voir <a href=\"https:\/\/www.xlspadlock.com\/fr\/classeur-excel-activation-en-ligne\/\">comment fonctionne l'activation en ligne<\/a>.<\/p>\n<\/div><\/div>\n\n\n\n<p>N'h\u00e9sitez pas \u00e0 tester la version que vous souhaitez.<\/p>\n\n\n\n<div class=\"gb-headline gb-headline-e780b626\"><span class=\"gb-icon\"><svg aria-hidden=\"true\" role=\"img\" height=\"1em\" width=\"1em\" viewbox=\"0 0 512 512\" xmlns=\"http:\/\/www.w3.org\/2000\/svg\"><path fill=\"currentColor\" d=\"M173.898 439.404l-166.4-166.4c-9.997-9.997-9.997-26.206 0-36.204l36.203-36.204c9.997-9.998 26.207-9.998 36.204 0L192 312.69 432.095 72.596c9.997-9.997 26.207-9.997 36.204 0l36.203 36.204c9.997 9.997 9.997 26.206 0 36.204l-294.4 294.401c-9.998 9.997-26.207 9.997-36.204-.001z\"><\/path><\/svg><\/span><span class=\"gb-headline-text\"><strong>Tous les fichiers sont sign\u00e9s num\u00e9riquement pour garantir qu'ils n'ont pas \u00e9t\u00e9 modifi\u00e9s<\/strong> ni nuisibles.<\/span><\/div>\n\n\n\n<div class=\"wp-block-uagb-tabs uagb-block-c6f9e556 uagb-tabs__wrap uagb-tabs__hstyle3-desktop uagb-tabs__vstyle6-tablet uagb-tabs__vstyle6-mobile\" data-tab-active=\"0\"><ul class=\"uagb-tabs__panel uagb-tabs__align-left\" role=\"tablist\"><li class=\"uagb-tab uagb-tabs__active\" role=\"none\"><a href=\"#uagb-tabs__tab0\" class=\"uagb-tabs-list uagb-tabs__icon-position-left\" data-tab=\"0\" role=\"tab\"><div>D\u00e9mo sans activation requise<\/div><\/a><\/li><li class=\"uagb-tab\" role=\"none\"><a href=\"#uagb-tabs__tab1\" class=\"uagb-tabs-list uagb-tabs__icon-position-left\" data-tab=\"1\" role=\"tab\"><div>D\u00e9mo n\u00e9cessitant une cl\u00e9 d'activation<\/div><\/a><\/li><\/ul><div class=\"uagb-tabs__body-wrap\">\n<div class=\"wp-block-uagb-tabs-child uagb-tabs__body-container uagb-inner-tab-0\" aria-labelledby=\"uagb-tabs__tab0\"><div class=\"gb-container gb-container-5c79a8e1\"><div class=\"gb-inside-container\">\n\n<h2 class=\"wp-block-heading\">D\u00e9mo sans activation requise<\/h2>\n\n\n\n<p>Pour t\u00e9l\u00e9charger et tester le classeur compil\u00e9 sur votre ordinateur, veuillez choisir l'un de ces boutons. Si vous connaissez votre version d'Excel (32 bits ou 64 bits), vous pouvez t\u00e9l\u00e9charger un fichier plus petit. Sinon, choisissez simplement D\u00e9mo Compl\u00e8te.<\/p>\n\n\n\n<p>Lorsque votre navigateur vous demande si vous voulez ex\u00e9cuter ou enregistrer le fichier, choisissez <strong>Enregistrer<\/strong> et enregistrez le fichier de l'application dans un dossier tel que Mes Documents.<\/p>\n\n\n<div class=\"gb-button-wrapper gb-button-wrapper-0b9d5720\">\n\n<a class=\"gb-button gb-button-576593aa\" href=\"https:\/\/download.xlspadlock.com\/Markbook-Demo.exe\" target=\"_blank\" rel=\"noopener\"><span class=\"gb-icon\"><svg xmlns=\"http:\/\/www.w3.org\/2000\/svg\" width=\"512\" viewbox=\"0 0 32 32\" height=\"512\"><path d=\"m28 24v-4a1 1 0 0 0 -2 0v4a1 1 0 0 1 -1 1h-18a1 1 0 0 1 -1-1v-4a1 1 0 0 0 -2 0v4a3 3 0 0 0 3 3h18a3 3 0 0 0 3-3zm-6.38-5.22-5 4a1 1 0 0 1 -1.24 0l-5-4a1 1 0 0 1 1.24-1.56l3.38 2.7v-13.92a1 1 0 0 1 2 0v13.92l3.38-2.7a1 1 0 1 1 1.24 1.56z\"><\/path><\/svg><\/span><span class=\"gb-button-text\">T\u00e9l\u00e9charger Markbook Excel<br>D\u00e9mo Compl\u00e8te<\/span><\/a>\n\n\n\n<a class=\"gb-button gb-button-c7d721ed\" href=\"https:\/\/download.xlspadlock.com\/Markbook-Demo-32.exe\" target=\"_blank\" rel=\"noopener\"><span class=\"gb-icon\"><svg xmlns=\"http:\/\/www.w3.org\/2000\/svg\" width=\"512\" viewbox=\"0 0 32 32\" height=\"512\"><path d=\"m28 24v-4a1 1 0 0 0 -2 0v4a1 1 0 0 1 -1 1h-18a1 1 0 0 1 -1-1v-4a1 1 0 0 0 -2 0v4a3 3 0 0 0 3 3h18a3 3 0 0 0 3-3zm-6.38-5.22-5 4a1 1 0 0 1 -1.24 0l-5-4a1 1 0 0 1 1.24-1.56l3.38 2.7v-13.92a1 1 0 0 1 2 0v13.92l3.38-2.7a1 1 0 1 1 1.24 1.56z\"><\/path><\/svg><\/span><span class=\"gb-button-text\">T\u00e9l\u00e9charger Markbook Excel<br>D\u00e9mo (32 bits uniquement)&nbsp;&nbsp;<\/span><\/a>\n\n\n\n<a class=\"gb-button gb-button-8c6411e9\" href=\"https:\/\/download.xlspadlock.com\/Markbook-Demo-64.exe\" target=\"_blank\" rel=\"noopener\"><span class=\"gb-icon\"><svg xmlns=\"http:\/\/www.w3.org\/2000\/svg\" width=\"512\" viewbox=\"0 0 32 32\" height=\"512\"><path d=\"m28 24v-4a1 1 0 0 0 -2 0v4a1 1 0 0 1 -1 1h-18a1 1 0 0 1 -1-1v-4a1 1 0 0 0 -2 0v4a3 3 0 0 0 3 3h18a3 3 0 0 0 3-3zm-6.38-5.22-5 4a1 1 0 0 1 -1.24 0l-5-4a1 1 0 0 1 1.24-1.56l3.38 2.7v-13.92a1 1 0 0 1 2 0v13.92l3.38-2.7a1 1 0 1 1 1.24 1.56z\"><\/path><\/svg><\/span><span class=\"gb-button-text\">T\u00e9l\u00e9charger Markbook Excel<br>D\u00e9mo (64 bits uniquement)&nbsp;&nbsp;<\/span><\/a>\n\n<\/div>\n\n\n<p class=\"has-text-align-center popmake-2919\">&nbsp;<code><i class=\"fas fa-info-circle fa-2x\"><\/i><\/code> Comment choisir entre 32 bits et 64 bits<\/p>\n\n\n\n<p>Lorsque vous ex\u00e9cutez l'application, un \u00e9cran d'accueil s'affiche et Excel d\u00e9marre :<\/p>\n\n\n<div class=\"wp-block-image\">\n<figure class=\"aligncenter size-full\"><img loading=\"lazy\" decoding=\"async\" width=\"693\" height=\"542\" src=\"https:\/\/cdn.xlspadlock.com\/20251116150051\/image-43.png\" alt=\"Excel Workbook Demo\" class=\"wp-image-4637\" srcset=\"https:\/\/cdn.xlspadlock.com\/20251116150051\/image-43.png 693w, https:\/\/cdn.xlspadlock.com\/20251116150051\/image-43-300x235.png 300w, https:\/\/cdn.xlspadlock.com\/20251116150051\/image-43-15x12.png 15w, https:\/\/cdn.xlspadlock.com\/20251116150051\/image-43-360x282.png 360w\" sizes=\"auto, (max-width: 693px) 100vw, 693px\" \/><\/figure>\n<\/div>\n\n\n<p>Vous avez deux feuilles de calcul : la premi\u00e8re vous permet de tester <a href=\"\/fr\/protection-code-vba\/\">les macros VBA prot\u00e9g\u00e9es<\/a>, la seconde vous permet de tester <a href=\"\/fr\/proteger-formules\/\">les fonctions de formule prot\u00e9g\u00e9es<\/a>.<\/p>\n\n\n\n<p>The first one has two VBA macros, associated to radio buttons. If you choose &#8220;Sort on Surname&#8221;, the corresponding macro is run. But, if you try to look at the source code of the VBA macro, you get:<\/p>\n\n\n<div class=\"wp-block-image\">\n<figure class=\"aligncenter size-full\"><img loading=\"lazy\" decoding=\"async\" width=\"722\" height=\"520\" src=\"https:\/\/cdn.xlspadlock.com\/20251116150112\/image-44.png\" alt=\"Hidden VBA Code\" class=\"wp-image-4638\" srcset=\"https:\/\/cdn.xlspadlock.com\/20251116150112\/image-44.png 722w, https:\/\/cdn.xlspadlock.com\/20251116150112\/image-44-300x216.png 300w, https:\/\/cdn.xlspadlock.com\/20251116150112\/image-44-18x12.png 18w, https:\/\/cdn.xlspadlock.com\/20251116150112\/image-44-360x259.png 360w\" sizes=\"auto, (max-width: 722px) 100vw, 722px\" \/><\/figure>\n<\/div>\n\n\n<p>Comme vous pouvez le voir, le code VBA qui trie les donn\u00e9es n'est pas disponible pour la copie ni l'\u00e9tude. Il a \u00e9t\u00e9 compil\u00e9 en bytecode avec le <a href=\"\/fr\/protection-code-vba\/\">compilateur VBA de XLS Padlock<\/a>. Par cons\u00e9quent, le code VBA original ne peut pas \u00eatre copi\u00e9 et il reste fonctionnel ! CallXLSPadlockVBA est l'assistant qui vous permet d'appeler des sous-routines et fonctions prot\u00e9g\u00e9es.<\/p>\n\n\n\n<p>Si vous choisissez \"D\u00e9mo Protection Formule\", les formules en jaune sont masqu\u00e9es. Elles ne sont plus accessibles aux utilisateurs finaux, tout en restant fonctionnelles bien s\u00fbr.<\/p>\n\n\n<div class=\"wp-block-image\">\n<figure class=\"aligncenter size-full\"><img loading=\"lazy\" decoding=\"async\" width=\"636\" height=\"554\" src=\"https:\/\/cdn.xlspadlock.com\/20251116150127\/image-45.png\" alt=\"Hidden Formula\" class=\"wp-image-4639\" srcset=\"https:\/\/cdn.xlspadlock.com\/20251116150127\/image-45.png 636w, https:\/\/cdn.xlspadlock.com\/20251116150127\/image-45-300x261.png 300w, https:\/\/cdn.xlspadlock.com\/20251116150127\/image-45-14x12.png 14w, https:\/\/cdn.xlspadlock.com\/20251116150127\/image-45-360x314.png 360w\" sizes=\"auto, (max-width: 636px) 100vw, 636px\" \/><\/figure>\n<\/div>\n<\/div><\/div><\/div>\n\n\n\n<div class=\"wp-block-uagb-tabs-child uagb-tabs__body-container uagb-inner-tab-1\" aria-labelledby=\"uagb-tabs__tab1\">\n<h2 class=\"wp-block-heading\">D\u00e9mo avec activation requise<\/h2>\n\n\n\n<p>Pour t\u00e9l\u00e9charger et tester le classeur compil\u00e9 sur votre ordinateur, veuillez choisir l'un de ces boutons. Si vous connaissez votre version d'Excel (32 bits ou 64 bits), vous pouvez t\u00e9l\u00e9charger un fichier plus petit. Sinon, choisissez simplement D\u00e9mo Compl\u00e8te.<\/p>\n\n\n\n<p>Lorsque votre navigateur vous demande si vous voulez ex\u00e9cuter ou enregistrer le fichier, choisissez <strong>Enregistrer<\/strong> et enregistrez le fichier de l'application dans un dossier tel que Mes Documents.<\/p>\n\n\n<div class=\"gb-button-wrapper gb-button-wrapper-c455e61a\">\n\n<a class=\"gb-button gb-button-32ddb504\" href=\"https:\/\/download.xlspadlock.com\/Markbook-Demo-Activation.exe\" target=\"_blank\" rel=\"noopener\"><span class=\"gb-icon\"><svg xmlns=\"http:\/\/www.w3.org\/2000\/svg\" width=\"512\" viewbox=\"0 0 32 32\" height=\"512\"><path d=\"m28 24v-4a1 1 0 0 0 -2 0v4a1 1 0 0 1 -1 1h-18a1 1 0 0 1 -1-1v-4a1 1 0 0 0 -2 0v4a3 3 0 0 0 3 3h18a3 3 0 0 0 3-3zm-6.38-5.22-5 4a1 1 0 0 1 -1.24 0l-5-4a1 1 0 0 1 1.24-1.56l3.38 2.7v-13.92a1 1 0 0 1 2 0v13.92l3.38-2.7a1 1 0 1 1 1.24 1.56z\"><\/path><\/svg><\/span><span class=\"gb-button-text\">T\u00e9l\u00e9charger Markbook Excel<br>Activation D\u00e9mo Compl\u00e8te<\/span><\/a>\n\n\n\n<a class=\"gb-button gb-button-cd83dd9c\" href=\"https:\/\/download.xlspadlock.com\/Markbook-Demo-Activation-32.exe\" target=\"_blank\" rel=\"noopener\"><span class=\"gb-icon\"><svg xmlns=\"http:\/\/www.w3.org\/2000\/svg\" width=\"512\" viewbox=\"0 0 32 32\" height=\"512\"><path d=\"m28 24v-4a1 1 0 0 0 -2 0v4a1 1 0 0 1 -1 1h-18a1 1 0 0 1 -1-1v-4a1 1 0 0 0 -2 0v4a3 3 0 0 0 3 3h18a3 3 0 0 0 3-3zm-6.38-5.22-5 4a1 1 0 0 1 -1.24 0l-5-4a1 1 0 0 1 1.24-1.56l3.38 2.7v-13.92a1 1 0 0 1 2 0v13.92l3.38-2.7a1 1 0 1 1 1.24 1.56z\"><\/path><\/svg><\/span><span class=\"gb-button-text\">T\u00e9l\u00e9charger Markbook Excel<br>Activation D\u00e9mo (32 bits uniquement)  <\/span><\/a>\n\n\n\n<a class=\"gb-button gb-button-414117f7\" href=\"https:\/\/download.xlspadlock.com\/Markbook-Demo-Activation-64.exe\" target=\"_blank\" rel=\"noopener\"><span class=\"gb-icon\"><svg xmlns=\"http:\/\/www.w3.org\/2000\/svg\" width=\"512\" viewbox=\"0 0 32 32\" height=\"512\"><path d=\"m28 24v-4a1 1 0 0 0 -2 0v4a1 1 0 0 1 -1 1h-18a1 1 0 0 1 -1-1v-4a1 1 0 0 0 -2 0v4a3 3 0 0 0 3 3h18a3 3 0 0 0 3-3zm-6.38-5.22-5 4a1 1 0 0 1 -1.24 0l-5-4a1 1 0 0 1 1.24-1.56l3.38 2.7v-13.92a1 1 0 0 1 2 0v13.92l3.38-2.7a1 1 0 1 1 1.24 1.56z\"><\/path><\/svg><\/span><span class=\"gb-button-text\">T\u00e9l\u00e9charger Markbook Excel<br>Activation D\u00e9mo (64 bits uniquement)  <\/span><\/a>\n\n<\/div>\n\n\n<p class=\"has-text-align-center popmake-2919\">&nbsp;<code><i class=\"fas fa-info-circle fa-2x\"><\/i><\/code> Comment choisir entre 32 bits et 64 bits<\/p>\n\n\n\n<p>Lorsque vous ex\u00e9cutez l'application, la bo\u00eete de dialogue suivante s'affiche. Elle vous demande d'activer votre copie :<\/p>\n\n\n<div class=\"wp-block-image\">\n<figure class=\"aligncenter size-full\"><img loading=\"lazy\" decoding=\"async\" width=\"654\" height=\"420\" src=\"https:\/\/cdn.xlspadlock.com\/20251108182206\/image-30.png\" alt=\"Enter Activation Code\" class=\"wp-image-3428\" srcset=\"https:\/\/cdn.xlspadlock.com\/20251108182206\/image-30.png 654w, https:\/\/cdn.xlspadlock.com\/20251108182206\/image-30-300x193.png 300w\" sizes=\"auto, (max-width: 654px) 100vw, 654px\" \/><\/figure>\n<\/div>\n\n\n<p class=\"gb-headline gb-headline-7af4c500\"><span class=\"gb-icon\"><svg xmlns=\"http:\/\/www.w3.org\/2000\/svg\" width=\"512\" viewbox=\"0 0 512 512\" height=\"512\"><path fill=\"#dadcde\" d=\"m280 192a8 8 0 0 1 -8-8v-80a56 56 0 0 0 -112 0v80a8 8 0 0 1 -16 0v-80a72 72 0 0 1 144 0v80a8 8 0 0 1 -8 8z\"><\/path><path fill=\"#eb423f\" d=\"m296 472h-272l16-320h240z\"><\/path><path fill=\"#d13330\" d=\"m360 472h-64l-16-320h64z\"><\/path><path fill=\"#a82a27\" d=\"m328.47 431.99c-.16.01-.32.01-.48.01a8 8 0 0 1 -7.98-7.53l-16-272c-.01-.16-.01-.31-.01-.47h16.02l15.97 271.53a8.007 8.007 0 0 1 -7.52 8.46z\"><\/path><path fill=\"#eba72e\" d=\"m488 472h-64l-1-12.93v-.01l-15-195.06h64l14.75 191.69v.01z\"><\/path><path fill=\"#e09f2c\" d=\"m456.8 431.96a7.322 7.322 0 0 1 -.81.04 8 8 0 0 1 -7.95-7.2l-.29-2.86-15.71-157.14a7.143 7.143 0 0 1 -.04-.8h16.04l15.72 157.21.2 1.99a8 8 0 0 1 -7.16 8.76z\"><\/path><path fill=\"#e09f2c\" d=\"m488 472h-9.62l-22.38-33.58-22.38 33.58h-9.62l-1-12.93v-.01l24.75-37.12 1.59-2.38a8.01 8.01 0 0 1 13.32 0l1.1 1.65 22.99 34.48v.01z\"><\/path><path fill=\"#f7b030\" d=\"m424 472h-208l16-208h176z\"><\/path><path fill=\"#e9eef2\" d=\"m328 416h-16a40.045 40.045 0 0 1 -40-40v-64a8 8 0 0 1 16 0v64a24.027 24.027 0 0 0 24 24h16a24.027 24.027 0 0 0 24-24v-64a8 8 0 0 1 16 0v64a40.045 40.045 0 0 1 -40 40z\"><\/path><path fill=\"#dadcde\" d=\"m96 184h16v48h-16z\"><\/path><path fill=\"#e9eef2\" d=\"m104 192a8 8 0 0 1 -8-8v-80a72 72 0 0 1 144 0v80a8 8 0 0 1 -16 0v-80a56 56 0 0 0 -112 0v80a8 8 0 0 1 -8 8z\"><\/path><path fill=\"#f7b030\" d=\"m128 296h-48v-64l24-16 24 16z\"><\/path><\/svg><\/span><span class=\"gb-headline-text\"> Afin de <strong>recevoir votre code d'activation<\/strong>, veuillez vous rendre sur notre <a href=\"https:\/\/demo.xlspadlock.com\" target=\"_blank\" rel=\"noopener\">boutique de d\u00e9monstration et passer une commande pour le classeur<\/a> (<strong>aucun paiement r\u00e9el<\/strong> n'est requis, c'est juste une d\u00e9mo !).<\/span><\/p>\n\n\n\n<p>Apr\u00e8s votre commande, vous recevrez imm\u00e9diatement votre code d'activation : entrez-le dans le formulaire et cliquez sur <strong>Activer<\/strong>. Gr\u00e2ce \u00e0 <a href=\"\/fr\/classeur-excel-activation-en-ligne\/\">l'activation en ligne<\/a> et notre <a href=\"\/fr\/vendre-classeurs-excel-avec-woocommerce\/\">Kit d'Int\u00e9gration WooCommerce<\/a>, tout est automatis\u00e9.<\/p>\n\n\n\n<p>Les clients de XLS Padlock ont acc\u00e8s <a href=\"https:\/\/www.xlspadlock.com\/fr\/compte\/telechargements\/\" data-type=\"page\" data-id=\"2849\">au Kit d'Activation XLS Padlock<\/a> et au <a href=\"\/fr\/vendre-classeurs-excel-avec-woocommerce\/\">Kit d'Int\u00e9gration WooCommerce<\/a> qui offrent des applications web en PHP pour g\u00e9rer les activations automatiquement. Ces applications web peuvent \u00eatre \u00e9tendues par n'importe quel d\u00e9veloppeur PHP. <strong>Des guides \u00e9tape par \u00e9tape sont \u00e9galement inclus<\/strong>.<\/p>\n\n\n\n<h3 class=\"wp-block-heading\">Activation Manuelle<\/h3>\n\n\n\n<p>Si votre ordinateur n'a pas de connexion Internet active, vous pouvez choisir <strong>Activation Manuelle<\/strong>.<\/p>\n\n\n\n<p>Veuillez alors cliquer sur \"<strong>Copier dans le presse-papiers<\/strong>\" et collez l'ID syst\u00e8me dans le formulaire suivant. Puis cliquez sur \"<strong>G\u00e9n\u00e9rer<\/strong>\" pour obtenir instantan\u00e9ment votre cl\u00e9 d'activation.<\/p>\n\n\n\n<form action=\"\/fr\/manager\/markbookkeygen\/\" method=\"post\" class=\"form-inline\" id=\"keyForm\" role=\"form\" data-trp-original-action=\"\/manager\/markbookkeygen\">\n<div class=\"form-group\"><label for=\"sid\">ID Syst\u00e8me :<\/label> <input class=\"form-control\" name=\"sid\" placeholder=\"ID Syst\u00e8me\" type=\"text\">&nbsp;&nbsp;<button class=\"button gb-button\" type=\"submit\">G\u00e9n\u00e9rer<\/button><\/div>\n<input type=\"hidden\" name=\"trp-form-language\" value=\"fr\"\/><\/form>\n<!-- the result of the search will be rendered inside this div -->\n\n<div class=\"alert alert-info\" id=\"result\">&nbsp;<\/div>\n\n\n\n<p>Comme vous pouvez le voir, les cl\u00e9s d'activation peuvent \u00eatre g\u00e9n\u00e9r\u00e9es \u00e0 la vol\u00e9e pour vos propres utilisateurs finaux et classeurs. Cela peut \u00eatre fait gr\u00e2ce au SDK PHP du g\u00e9n\u00e9rateur de cl\u00e9s fourni gratuitement \u00e0 tous les utilisateurs enregistr\u00e9s de XLS Padlock.<\/p>\n\n\n\n<p>Copiez et collez la cl\u00e9 d'activation dans le programme. Appuyez sur \"<strong>Activer<\/strong>\" et le classeur sera d\u00e9verrouill\u00e9. Notez que cette cl\u00e9 d'activation ne fonctionnera que sur votre ordinateur. Cela garantit que vous ne pouvez pas distribuer votre cl\u00e9 d'activation \u00e0 d'autres.<\/p>\n\n\n\n<p>Le classeur fonctionne alors comme la version normale d\u00e9crite dans \"D\u00e9mo sans activation requise\". Veuillez vous r\u00e9f\u00e9rer \u00e0 la section correspondante.<\/p>\n<\/div>\n<\/div><\/div>\n\n<\/div><\/div>","protected":false},"excerpt":{"rendered":"<p>Try a workbook application compiled with XLS Padlock yourself We compiled an Excel workbook demonstration with XLS Padlock so that you can try it yourself. &#8230; <a title=\"D\u00e9monstration de classeur en direct\" class=\"read-more\" href=\"https:\/\/www.xlspadlock.com\/fr\/excel-workbook-demo\" aria-label=\"En savoir plus sur Live Workbook Demonstration\">Lire la suite<\/a><\/p>","protected":false},"author":2,"featured_media":0,"parent":0,"menu_order":0,"comment_status":"closed","ping_status":"closed","template":"","meta":{"inline_featured_image":false,"_uag_custom_page_level_css":"","footnotes":""},"class_list":["post-2924","page","type-page","status-publish"],"uagb_featured_image_src":{"full":false,"thumbnail":false,"medium":false,"medium_large":false,"large":false,"1536x1536":false,"2048x2048":false,"trp-custom-language-flag":false,"betterdocs-category-thumb":false},"uagb_author_info":{"display_name":"G.D.G. Software","author_link":"https:\/\/www.xlspadlock.com\/fr\/author\/gdgsoft"},"uagb_comment_info":0,"uagb_excerpt":"Try a workbook application compiled with XLS Padlock yourself We compiled an Excel workbook demonstration with XLS Padlock so that you can try it yourself. ... Read More","_links":{"self":[{"href":"https:\/\/www.xlspadlock.com\/fr\/wp-json\/wp\/v2\/pages\/2924","targetHints":{"allow":["GET"]}}],"collection":[{"href":"https:\/\/www.xlspadlock.com\/fr\/wp-json\/wp\/v2\/pages"}],"about":[{"href":"https:\/\/www.xlspadlock.com\/fr\/wp-json\/wp\/v2\/types\/page"}],"author":[{"embeddable":true,"href":"https:\/\/www.xlspadlock.com\/fr\/wp-json\/wp\/v2\/users\/2"}],"replies":[{"embeddable":true,"href":"https:\/\/www.xlspadlock.com\/fr\/wp-json\/wp\/v2\/comments?post=2924"}],"version-history":[{"count":0,"href":"https:\/\/www.xlspadlock.com\/fr\/wp-json\/wp\/v2\/pages\/2924\/revisions"}],"wp:attachment":[{"href":"https:\/\/www.xlspadlock.com\/fr\/wp-json\/wp\/v2\/media?parent=2924"}],"curies":[{"name":"wp","href":"https:\/\/api.w.org\/{rel}","templated":true}]}}