{"id":2956,"date":"2022-07-17T13:57:01","date_gmt":"2022-07-17T11:57:01","guid":{"rendered":"https:\/\/www.xlspadlock.com\/faq"},"modified":"2024-10-08T15:09:17","modified_gmt":"2024-10-08T13:09:17","slug":"faq","status":"publish","type":"page","link":"https:\/\/www.xlspadlock.com\/fr\/faq","title":{"rendered":"Foire Aux Questions"},"content":{"rendered":"<div class=\"gb-grid-wrapper gb-grid-wrapper-1b27edd1\">\n<div class=\"gb-grid-column gb-grid-column-033791e1\"><div class=\"gb-container gb-container-033791e1\"><div class=\"gb-inside-container\">\n\n<h1 class=\"gb-headline gb-headline-a9544655 gb-headline-text gb-headline-197f6b28\">Foire Aux Questions XLS Padlock<\/h1>\n\n\n\n<p>Ci-dessous, vous trouverez quelques r\u00e9ponses aux questions fr\u00e9quemment pos\u00e9es.<\/p>\n\n\n\n<p>N'h\u00e9sitez pas \u00e0 <a href=\"\/fr\/contact\/\">Contactez nous<\/a> ou <a href=\"https:\/\/www.gdgsoft.info\" target=\"_blank\" rel=\"noopener\">poster votre question sur notre forum<\/a> aussi.<\/p>\n\n<\/div><\/div><\/div>\n\n<div class=\"gb-grid-column gb-grid-column-816b9041\"><div class=\"gb-container gb-container-816b9041\"><div class=\"gb-inside-container\">\n\n<figure class=\"gb-block-image gb-block-image-8e1f5beb\"><img loading=\"lazy\" decoding=\"async\" width=\"400\" height=\"267\" class=\"gb-image gb-image-8e1f5beb\" src=\"https:\/\/www.xlspadlock.com\/wp-content\/uploads\/faq.webp\" alt=\"faq\" title=\"faq\" srcset=\"https:\/\/cdn.xlspadlock.com\/20251108181615\/faq.webp 400w, https:\/\/cdn.xlspadlock.com\/20251108181615\/faq-300x200.webp 300w\" sizes=\"auto, (max-width: 400px) 100vw, 400px\" \/><\/figure>\n\n<\/div><\/div><\/div>\n<\/div>","protected":false},"excerpt":{"rendered":"","protected":false},"author":2,"featured_media":0,"parent":0,"menu_order":0,"comment_status":"closed","ping_status":"closed","template":"","meta":{"inline_featured_image":false,"_uag_custom_page_level_css":"","footnotes":""},"class_list":["post-2956","page","type-page","status-publish"],"uagb_featured_image_src":{"full":false,"thumbnail":false,"medium":false,"medium_large":false,"large":false,"1536x1536":false,"2048x2048":false,"trp-custom-language-flag":false,"betterdocs-category-thumb":false},"uagb_author_info":{"display_name":"G.D.G. Software","author_link":"https:\/\/www.xlspadlock.com\/fr\/author\/gdgsoft"},"uagb_comment_info":0,"uagb_excerpt":null,"_links":{"self":[{"href":"https:\/\/www.xlspadlock.com\/fr\/wp-json\/wp\/v2\/pages\/2956","targetHints":{"allow":["GET"]}}],"collection":[{"href":"https:\/\/www.xlspadlock.com\/fr\/wp-json\/wp\/v2\/pages"}],"about":[{"href":"https:\/\/www.xlspadlock.com\/fr\/wp-json\/wp\/v2\/types\/page"}],"author":[{"embeddable":true,"href":"https:\/\/www.xlspadlock.com\/fr\/wp-json\/wp\/v2\/users\/2"}],"replies":[{"embeddable":true,"href":"https:\/\/www.xlspadlock.com\/fr\/wp-json\/wp\/v2\/comments?post=2956"}],"version-history":[{"count":0,"href":"https:\/\/www.xlspadlock.com\/fr\/wp-json\/wp\/v2\/pages\/2956\/revisions"}],"wp:attachment":[{"href":"https:\/\/www.xlspadlock.com\/fr\/wp-json\/wp\/v2\/media?parent=2956"}],"curies":[{"name":"wp","href":"https:\/\/api.w.org\/{rel}","templated":true}]}}