{"id":2993,"date":"2022-07-17T15:38:47","date_gmt":"2022-07-17T13:38:47","guid":{"rendered":"https:\/\/www.xlspadlock.com\/?page_id=2993"},"modified":"2025-11-16T13:33:57","modified_gmt":"2025-11-16T12:33:57","slug":"creer-installateur-pour-classeur-excel","status":"publish","type":"page","link":"https:\/\/www.xlspadlock.com\/fr\/faq\/make-installer-for-excel-workbook","title":{"rendered":"Tutoriel : Cr\u00e9er un installeur pour votre classeur Excel"},"content":{"rendered":"<h1 class=\"gb-headline gb-headline-a9544655 gb-headline-text gb-headline-197f6b28\">Tutorial: how to make an installer for your Excel workbooks<\/h1>\n\n\n<div class=\"gb-grid-wrapper gb-grid-wrapper-8d16e32d\">\n<div class=\"gb-grid-column gb-grid-column-06994670\"><div class=\"gb-container gb-container-06994670\"><div class=\"gb-inside-container\">\n\n<p>XLS Padlock vous permet de compiler vos classeurs Excel en fichiers EXE d'application s\u00e9curis\u00e9s. De plus, les utilisateurs qui travaillent avec ces classeurs compil\u00e9s peuvent \u00eatre autoris\u00e9s \u00e0 <a href=\"\/fr\/options-sauvegarde\/\">enregistrer les modifications apport\u00e9es au classeur<\/a>. Ces modifications sont stock\u00e9es dans des fichiers de sauvegarde crypt\u00e9s dont l'extension est XLSC par d\u00e9faut. Seul le classeur compil\u00e9 peut rouvrir ces fichiers de sauvegarde crypt\u00e9s.<\/p>\n\n\n\n<p>Dans ce tutoriel, nous allons montrer <strong>comment utiliser une extension personnalis\u00e9e<\/strong> pour les fichiers de sauvegarde crypt\u00e9s, <strong>comment cr\u00e9er un installeur<\/strong> pour un classeur compil\u00e9 et comment configurer l'installeur pour associer l'extension personnalis\u00e9e au fichier EXE du classeur compil\u00e9. L'objectif est que <strong>les utilisateurs finaux puissent double-cliquer sur un fichier de sauvegarde pour l'ouvrir imm\u00e9diatement dans Excel<\/strong> sans aucune invite.<\/p>\n\n\n\n<p><i class=\"fa fa-info-circle\">&nbsp;<\/i>Pr\u00e9requis : Paquet Builder, <a href=\"https:\/\/www.installpackbuilder.com\" target=\"_blank\" rel=\"noopener\">un logiciel de cr\u00e9ation d'installeur facile \u00e0 utiliser et puissant<\/a>.<\/p>\n\n<\/div><\/div><\/div>\n\n<div class=\"gb-grid-column gb-grid-column-fec3e325\"><div class=\"gb-container gb-container-fec3e325\"><div class=\"gb-inside-container\">\n\n<figure class=\"gb-block-image gb-block-image-550bd6ed\"><img loading=\"lazy\" decoding=\"async\" width=\"367\" height=\"351\" class=\"gb-image gb-image-550bd6ed\" src=\"https:\/\/www.xlspadlock.com\/wp-content\/uploads\/setup.webp\" alt=\"installation\" title=\"installation\" srcset=\"https:\/\/cdn.xlspadlock.com\/20251108181615\/setup.webp 367w, https:\/\/cdn.xlspadlock.com\/20251108181615\/setup-300x287.webp 300w\" sizes=\"auto, (max-width: 367px) 100vw, 367px\" \/><\/figure>\n\n<\/div><\/div><\/div>\n<\/div>\n\n\n<h2 class=\"wp-block-heading\">Step 1: Configure Workbook in XLS Padlock<\/h2>\n\n\n\n<h3 class=\"wp-block-heading\" id=\"1-first-we-choose-which-extension-we-want-for-our-save-files-for-this-tutorial-well-choose-mbx\">1. D'abord, nous choisissons l'extension que nous voulons pour nos fichiers de sauvegarde. Pour ce tutoriel, nous choisirons MBX<\/h3>\n\n\n<div class=\"wp-block-image\">\n<figure class=\"aligncenter size-large\"><img loading=\"lazy\" decoding=\"async\" width=\"594\" height=\"1024\" src=\"https:\/\/cdn.xlspadlock.com\/20251108181615\/image-22-594x1024.png\" alt=\"\" class=\"wp-image-2997\" srcset=\"https:\/\/cdn.xlspadlock.com\/20251108181615\/image-22-594x1024.png 594w, https:\/\/cdn.xlspadlock.com\/20251108181615\/image-22-174x300.png 174w, https:\/\/cdn.xlspadlock.com\/20251108181615\/image-22-768x1324.png 768w, https:\/\/cdn.xlspadlock.com\/20251108181615\/image-22.png 841w\" sizes=\"auto, (max-width: 594px) 100vw, 594px\" \/><\/figure>\n<\/div>\n\n\n<p>Entrez .MBX dans le champ appropri\u00e9 comme indiqu\u00e9 ci-dessus (ou toute extension que vous souhaitez utiliser pour votre propre classeur).<\/p>\n\n\n\n<h3 class=\"wp-block-heading\" id=\"2-create-the-compiled-workbook-to-take-account-of-changes\">2. Cr\u00e9ez le classeur compil\u00e9 pour prendre en compte les modifications<\/h3>\n\n\n<div class=\"wp-block-image\">\n<figure class=\"aligncenter size-full\"><img loading=\"lazy\" decoding=\"async\" width=\"841\" height=\"729\" src=\"https:\/\/cdn.xlspadlock.com\/20251108181615\/image-23.png\" alt=\"\" class=\"wp-image-2998\" srcset=\"https:\/\/cdn.xlspadlock.com\/20251108181615\/image-23.png 841w, https:\/\/cdn.xlspadlock.com\/20251108181615\/image-23-300x260.png 300w, https:\/\/cdn.xlspadlock.com\/20251108181615\/image-23-768x666.png 768w\" sizes=\"auto, (max-width: 841px) 100vw, 841px\" \/><\/figure>\n<\/div>\n\n\n<h2 class=\"wp-block-heading\">Step 2: Generate Setup Project<\/h2>\n\n\n\n<h3 class=\"wp-block-heading\" id=\"3-click-distribute-exe-and-then-generate-setup\">3. Cliquez sur Distribuer EXE puis sur G\u00e9n\u00e9rer l'installation<\/h3>\n\n\n<div class=\"wp-block-image\">\n<figure class=\"aligncenter size-full\"><img loading=\"lazy\" decoding=\"async\" width=\"841\" height=\"729\" src=\"https:\/\/cdn.xlspadlock.com\/20251108181615\/image-24.png\" alt=\"\" class=\"wp-image-2999\" srcset=\"https:\/\/cdn.xlspadlock.com\/20251108181615\/image-24.png 841w, https:\/\/cdn.xlspadlock.com\/20251108181615\/image-24-300x260.png 300w, https:\/\/cdn.xlspadlock.com\/20251108181615\/image-24-768x666.png 768w\" sizes=\"auto, (max-width: 841px) 100vw, 841px\" \/><\/figure>\n<\/div>\n\n\n<h3 class=\"wp-block-heading\" id=\"4-fill-in-all-the-fields-with-information-about-your-workbook-then-press-generate-setup\">4. Remplissez tous les champs avec les informations sur votre classeur puis appuyez sur G\u00e9n\u00e9rer l'installation<\/h3>\n\n\n<div class=\"wp-block-image\">\n<figure class=\"aligncenter size-full\"><img loading=\"lazy\" decoding=\"async\" width=\"841\" height=\"729\" src=\"https:\/\/cdn.xlspadlock.com\/20251108181615\/image-25.png\" alt=\"\" class=\"wp-image-3000\" srcset=\"https:\/\/cdn.xlspadlock.com\/20251108181615\/image-25.png 841w, https:\/\/cdn.xlspadlock.com\/20251108181615\/image-25-300x260.png 300w, https:\/\/cdn.xlspadlock.com\/20251108181615\/image-25-768x666.png 768w\" sizes=\"auto, (max-width: 841px) 100vw, 841px\" \/><\/figure>\n<\/div>\n\n\n<h3 class=\"wp-block-heading\" id=\"5-choose-the-filename-for-the-installer-project-file-and-click-save\">5. Choisissez le nom de fichier pour le fichier projet d'installeur et cliquez sur Enregistrer<\/h3>\n\n\n<div class=\"wp-block-image\">\n<figure class=\"aligncenter size-full\"><img loading=\"lazy\" decoding=\"async\" width=\"841\" height=\"729\" src=\"https:\/\/cdn.xlspadlock.com\/20251108181615\/image-26.png\" alt=\"\" class=\"wp-image-3001\" srcset=\"https:\/\/cdn.xlspadlock.com\/20251108181615\/image-26.png 841w, https:\/\/cdn.xlspadlock.com\/20251108181615\/image-26-300x260.png 300w, https:\/\/cdn.xlspadlock.com\/20251108181615\/image-26-768x666.png 768w\" sizes=\"auto, (max-width: 841px) 100vw, 841px\" \/><\/figure>\n<\/div>\n\n\n<h3 class=\"wp-block-heading\" id=\"6-the-installer-project-file-is-created-click-ok-and-the-installer-creator-software-paquet-builder-is-started\">6. Le fichier projet d'installeur est cr\u00e9\u00e9. Cliquez sur OK et le logiciel de cr\u00e9ation d'installeur \"Paquet Builder\" est lanc\u00e9.<\/h3>\n\n\n<div class=\"wp-block-image\">\n<figure class=\"aligncenter size-full\"><img loading=\"lazy\" decoding=\"async\" width=\"841\" height=\"729\" src=\"https:\/\/cdn.xlspadlock.com\/20251108181615\/image-27.png\" alt=\"\" class=\"wp-image-3002\" srcset=\"https:\/\/cdn.xlspadlock.com\/20251108181615\/image-27.png 841w, https:\/\/cdn.xlspadlock.com\/20251108181615\/image-27-300x260.png 300w, https:\/\/cdn.xlspadlock.com\/20251108181615\/image-27-768x666.png 768w\" sizes=\"auto, (max-width: 841px) 100vw, 841px\" \/><\/figure>\n<\/div>\n\n\n<p>D\u00e9sormais, tous vos utilisateurs finaux qui installent les classeurs compil\u00e9s gr\u00e2ce \u00e0 notre nouvel installeur pourront charger les fichiers de sauvegarde crypt\u00e9s et les modifier. Bien s\u00fbr, vous devez avoir autoris\u00e9 ce comportement dans XLS Padlock\u2026<\/p>\n\n\n\n<h2 class=\"wp-block-heading\">Step 3: Configure Installer Details in PaquetBuilder<\/h2>\n\n\n\n<h3 class=\"wp-block-heading\">7. Paquet Builder est lanc\u00e9. Remplissez tous les champs des informations de l'entreprise, puis cliquez sur Gestionnaire de fichiers :<\/h3>\n\n\n<div class=\"wp-block-image\">\n<figure class=\"aligncenter\"><img decoding=\"async\" src=\"https:\/\/www.xlspadlock.com\/img\/make-an-installer\/paquet-builder-is-started-fill-in-all-fields-of-the-company-information--then-click-file-manager-.png\" alt=\"Paquet Builder est lanc\u00e9. Remplissez tous les champs des informations de l&#039;entreprise, puis cliquez sur Gestionnaire de fichiers :\"\/><\/figure>\n<\/div>\n\n\n<h3 class=\"wp-block-heading\">8. Comme vous pouvez le voir, le classeur compil\u00e9 TestWorkbook.exe est list\u00e9.<\/h3>\n\n\n\n<figure class=\"wp-block-image\"><img decoding=\"async\" src=\"https:\/\/www.xlspadlock.com\/img\/make-an-installer\/as-you-can-see--the-compiled-workbook-testworkbookexe-is-listed.png\" alt=\"Comme vous pouvez le voir, le classeur compil\u00e9 TestWorkbook.exe est list\u00e9.\"\/><\/figure>\n\n\n\n<p>Cela indique que le classeur compil\u00e9 sera compress\u00e9 et install\u00e9 par l'installeur dans le dossier de destination par d\u00e9faut. Voyons quel est le dossier de destination par d\u00e9faut. Fermez le Gestionnaire de fichiers.<\/p>\n\n\n\n<h3 class=\"wp-block-heading\">9. V\u00e9rifiez le dossier de destination et modifiez-le si vous ne voulez pas celui par d\u00e9faut.<\/h3>\n\n\n\n<figure class=\"wp-block-image\"><img decoding=\"async\" src=\"https:\/\/www.xlspadlock.com\/img\/make-an-installer\/verify-the-destination-folder-and-modify-it-if-you-don-t-want-the-default-one.png\" alt=\"V\u00e9rifiez le dossier de destination et modifiez-le si vous ne voulez pas celui par d\u00e9faut.\"\/><\/figure>\n\n\n\n<p>%PROGFILESDIR% indique que le classeur compil\u00e9 sera copi\u00e9 dans le r\u00e9pertoire standard Program Files. Donc %PROGFILESDIR%\\Pupil Markbook Demo signifie que le dossier d'installation sera C:\\Program Files (x86)\\Pupil Markbook Demo. G\u00e9n\u00e9ralement sous Windows, les applications (telles que les classeurs compil\u00e9s) doivent \u00eatre stock\u00e9es dans le r\u00e9pertoire Program Files.<\/p>\n\n\n\n<h2 class=\"wp-block-heading\">Step 4: Add File Association Actions<\/h2>\n\n\n\n<h3 class=\"wp-block-heading\">10. Maintenant, nous allons configurer l'installeur pour cr\u00e9er l'association de fichiers. Allez dans Actions personnalis\u00e9es, s\u00e9lectionnez l'\u00e9v\u00e9nement \"Apr\u00e8s l'extraction des fichiers\" et cliquez sur Mod\u00e8les d'actions<\/h3>\n\n\n\n<figure class=\"wp-block-image\"><img decoding=\"async\" src=\"https:\/\/www.xlspadlock.com\/img\/make-an-installer\/now-we-ll-configure-the-installer-to-create-the-file-association-go-to-custom-actions--select--after.png\" alt=\"Maintenant, nous allons configurer l&#039;installeur pour cr\u00e9er l&#039;association de fichiers. Allez dans Actions personnalis\u00e9es, s\u00e9lectionnez l&#039;\u00e9v\u00e9nement &quot;Apr\u00e8s l&#039;extraction des fichiers&quot; et cliquez sur Mod\u00e8les d&#039;actions\"\/><\/figure>\n\n\n\n<h3 class=\"wp-block-heading\">11. S\u00e9lectionnez \"Enregistrer l'association de fichiers\" et cliquez sur OK<\/h3>\n\n\n\n<figure class=\"wp-block-image\"><img decoding=\"async\" src=\"https:\/\/www.xlspadlock.com\/img\/make-an-installer\/select--register-file-association--and-click-ok.png\" alt=\"S\u00e9lectionnez &quot;Enregistrer l&#039;association de fichiers&quot; et cliquez sur OK\"\/><\/figure>\n\n\n\n<h2 class=\"wp-block-heading\">Step 5: Edit Association Actions<\/h2>\n\n\n\n<h3 class=\"wp-block-heading\">12. Des actions personnalis\u00e9es sont cr\u00e9\u00e9es pour enregistrer l'association de fichiers. Nous devons les modifier pour cr\u00e9er l'association correcte. D'abord, nous devons changer tous les .ext en .mbx (l'extension que nous avons choisie au d\u00e9but)<\/h3>\n\n\n\n<figure class=\"wp-block-image\"><img decoding=\"async\" src=\"https:\/\/www.xlspadlock.com\/img\/make-an-installer\/custom-actions-are-created-to-register-the-file-association-we-need-to-edit-them-to-create-the-corre.png\" alt=\"Des actions personnalis\u00e9es sont cr\u00e9\u00e9es pour enregistrer l&#039;association de fichiers. Nous devons les modifier pour cr\u00e9er l&#039;association correcte. D&#039;abord, nous devons changer tous les .ext en .mbx (l&#039;extension que nous avons choisie au d\u00e9but)\"\/><\/figure>\n\n\n\n<h3 class=\"wp-block-heading\">13. Modifiez les propri\u00e9t\u00e9s de la premi\u00e8re action : deux entr\u00e9es doivent \u00eatre modifi\u00e9es selon la description ci-dessous<\/h3>\n\n\n\n<figure class=\"wp-block-image\"><img decoding=\"async\" src=\"https:\/\/www.xlspadlock.com\/img\/make-an-installer\/edit-the-properties-of-the-first-action--two-entries-must-be-modified-according-to-the-description-b.png\" alt=\"Modifiez les propri\u00e9t\u00e9s de la premi\u00e8re action : deux entr\u00e9es doivent \u00eatre modifi\u00e9es selon la description ci-dessous\"\/><\/figure>\n\n\n\n<h3 class=\"wp-block-heading\">14. Double-cliquez sur la deuxi\u00e8me action qui d\u00e9finit la description du fichier :<\/h3>\n\n\n\n<figure class=\"wp-block-image\"><img decoding=\"async\" src=\"https:\/\/www.xlspadlock.com\/img\/make-an-installer\/double-click-on-the-second-action-which-sets-the-file-description-.png\" alt=\"Double-cliquez sur la deuxi\u00e8me action qui d\u00e9finit la description du fichier :\"\/><\/figure>\n\n\n\n<h3 class=\"wp-block-heading\">15. Modifiez la troisi\u00e8me action en double-cliquant dessus<\/h3>\n\n\n\n<figure class=\"wp-block-image\"><img decoding=\"async\" src=\"https:\/\/www.xlspadlock.com\/img\/make-an-installer\/edit-the-third-action-by-double-clicking-it.png\" alt=\"Modifiez la troisi\u00e8me action en double-cliquant dessus\"\/><\/figure>\n\n\n\n<h3 class=\"wp-block-heading\">16. Configurez l'action gr\u00e2ce aux instructions affich\u00e9es sur la capture d'\u00e9cran<\/h3>\n\n\n\n<figure class=\"wp-block-image\"><img decoding=\"async\" src=\"https:\/\/www.xlspadlock.com\/img\/make-an-installer\/configure-the-action-thanks-to-instructions-shown-on-the-screenshot.png\" alt=\"Configurez l&#039;action gr\u00e2ce aux instructions affich\u00e9es sur la capture d&#039;\u00e9cran\"\/><\/figure>\n\n\n\n<h3 class=\"wp-block-heading\">17. Enfin, modifiez la derni\u00e8re action de la m\u00eame mani\u00e8re<\/h3>\n\n\n\n<figure class=\"wp-block-image\"><img decoding=\"async\" src=\"https:\/\/www.xlspadlock.com\/img\/make-an-installer\/finally--edit-the-last-action-in-the-same-way.png\" alt=\"Enfin, modifiez la derni\u00e8re action de la m\u00eame mani\u00e8re\"\/><\/figure>\n\n\n\n<p>Ne touchez pas aux autres caract\u00e8res lors du remplacement des valeurs. Par exemple, le \"%1\" final est obligatoire.<\/p>\n\n\n\n<h3 class=\"wp-block-heading\">18. Fermez l'\u00e9diteur d'actions personnalis\u00e9es<\/h3>\n\n\n\n<figure class=\"wp-block-image\"><img decoding=\"async\" src=\"https:\/\/www.xlspadlock.com\/img\/make-an-installer\/close-the-custom-action-editor.png\" alt=\"Fermez l&#039;\u00e9diteur d&#039;actions personnalis\u00e9es\"\/><\/figure>\n\n\n\n<h2 class=\"wp-block-heading\">Step 6: Build and Test the Installer<\/h2>\n\n\n\n<h3 class=\"wp-block-heading\">19. Cr\u00e9ez l'installeur gr\u00e2ce \u00e0 \"Construire maintenant\"<\/h3>\n\n\n\n<figure class=\"wp-block-image\"><img decoding=\"async\" src=\"https:\/\/www.xlspadlock.com\/img\/make-an-installer\/create-the-installer-thanks-to--build-now-.png\" alt=\"Cr\u00e9ez l&#039;installeur gr\u00e2ce \u00e0 &quot;Construire maintenant&quot;\"\/><\/figure>\n\n\n\n<h3 class=\"wp-block-heading\">20. Testez votre nouvel installeur<\/h3>\n\n\n\n<figure class=\"wp-block-image\"><img decoding=\"async\" src=\"https:\/\/www.xlspadlock.com\/img\/make-an-installer\/test-your-new-installer.png\" alt=\"Testez votre nouvel installeur\"\/><\/figure>\n\n\n\n<h3 class=\"wp-block-heading\">21. Vous \u00eates invit\u00e9 \u00e0 accorder des droits \u00e9lev\u00e9s, ce qui est normal car vous ex\u00e9cutez un installeur pour configurer une nouvelle application (le classeur compil\u00e9)<\/h3>\n\n\n\n<figure class=\"wp-block-image\"><img decoding=\"async\" src=\"https:\/\/www.xlspadlock.com\/img\/make-an-installer\/you-are-prompted-for-elevated-rights-which-is-normal-because-you-are-running-an-installer-to-set-up-.png\" alt=\"Vous \u00eates invit\u00e9 \u00e0 accorder des droits \u00e9lev\u00e9s, ce qui est normal car vous ex\u00e9cutez un installeur pour configurer une nouvelle application (le classeur compil\u00e9)\"\/><\/figure>\n\n\n\n<p>\u00c9diteur inconnu est affich\u00e9 car nous n'avons pas sign\u00e9 le paquet. La signature est possible bien s\u00fbr : r\u00e9f\u00e9rez-vous \u00e0 la documentation de Paquet Builder.<\/p>\n\n\n\n<h3 class=\"wp-block-heading\">22. Suivez les instructions de l'installeur. Apr\u00e8s l'installation, un raccourci vers le classeur compil\u00e9 est cr\u00e9\u00e9 sur le bureau.<\/h3>\n\n\n\n<figure class=\"wp-block-image\"><img decoding=\"async\" src=\"https:\/\/www.xlspadlock.com\/img\/make-an-installer\/follow-instructions-of-the-installer-after-installation--a-shortcut-to-the-compiled-workbook-is-crea.png\" alt=\"Suivez les instructions de l&#039;installeur. Apr\u00e8s l&#039;installation, un raccourci vers le classeur compil\u00e9 est cr\u00e9\u00e9 sur le bureau.\"\/><\/figure>\n\n\n\n<h3 class=\"wp-block-heading\">23. Le classeur s\u00e9curis\u00e9 est affich\u00e9 dans Excel. Cliquez simplement sur Enregistrer pour cr\u00e9er un fichier de sauvegarde crypt\u00e9 et choisir son nom de fichier<\/h3>\n\n\n\n<figure class=\"wp-block-image\"><img decoding=\"async\" src=\"https:\/\/www.xlspadlock.com\/img\/make-an-installer\/the-secure-workbook-is-displayed-in-excel-just-click-save-to-create-an-encrypted-save-file-and-choos.png\" alt=\"Le classeur s\u00e9curis\u00e9 est affich\u00e9 dans Excel. Cliquez simplement sur Enregistrer pour cr\u00e9er un fichier de sauvegarde crypt\u00e9 et choisir son nom de fichier\"\/><\/figure>\n\n\n\n<h3 class=\"wp-block-heading\">24. Fermez Excel et naviguez jusqu'au dossier o\u00f9 vous avez enregistr\u00e9. Comme vous pouvez le voir, le fichier de sauvegarde a notre extension personnalis\u00e9e .MBX et le Type est ce que nous avons d\u00e9fini pr\u00e9c\u00e9demment \"Fichier de sauvegarde Markbook\"<\/h3>\n\n\n\n<figure class=\"wp-block-image\"><img decoding=\"async\" src=\"https:\/\/www.xlspadlock.com\/img\/make-an-installer\/close-excel-and-navigate-to-the-folder-where-you-saved-as-you-can-see--the-save-file-has-our-custom-.png\" alt=\"Fermez Excel et naviguez jusqu&#039;au dossier o\u00f9 vous avez enregistr\u00e9. Comme vous pouvez le voir, le fichier de sauvegarde a notre extension personnalis\u00e9e .MBX et le Type est ce que nous avons d\u00e9fini pr\u00e9c\u00e9demment &quot;Fichier de sauvegarde Markbook&quot;\"\/><\/figure>\n\n\n\n<h3 class=\"wp-block-heading\">25. Double-cliquez sur le fichier de sauvegarde : Excel est automatiquement d\u00e9marr\u00e9 et le fichier de sauvegarde charg\u00e9. Pas besoin d'utiliser le raccourci du classeur compil\u00e9.<\/h3>\n\n\n\n<figure class=\"wp-block-image\"><img decoding=\"async\" src=\"https:\/\/www.xlspadlock.com\/img\/make-an-installer\/double-click-on-the-save-file--excel-is-automatically-started-and-the-save-file-loaded-no-need-to-us.png\" alt=\"Double-cliquez sur le fichier de sauvegarde : Excel est automatiquement d\u00e9marr\u00e9 et le fichier de sauvegarde charg\u00e9. Pas besoin d&#039;utiliser le raccourci du classeur compil\u00e9.\"\/><\/figure>\n\n\n\n<p>D\u00e9sormais, tous vos utilisateurs finaux qui installent les classeurs compil\u00e9s gr\u00e2ce \u00e0 notre nouvel installeur pourront charger les fichiers de sauvegarde crypt\u00e9s et les modifier. Bien s\u00fbr, vous devez avoir autoris\u00e9 ce comportement dans XLS Padlock\u2026<\/p>\n\n\n\n<p><strong>C'est la fin de ce tutoriel.<\/strong><\/p>\n\n\n\n<p><a href=\"https:\/\/www.installpackbuilder.com\" target=\"_blank\" rel=\"noopener\">En savoir plus sur le logiciel d'installation<br>Paquet Builder<\/a><\/p>\n\n\n\n<p><\/p>","protected":false},"excerpt":{"rendered":"<p>Tutorial: how to make an installer for your Excel workbooks Step 1: Configure Workbook in XLS Padlock 1. First we choose which extension we want &#8230; <a title=\"Tutoriel : Cr\u00e9er un installeur pour votre classeur Excel\" class=\"read-more\" href=\"https:\/\/www.xlspadlock.com\/fr\/faq\/make-installer-for-excel-workbook\" aria-label=\"En savoir plus sur Tutorial : Make Installer for your Excel Workbook\">Lire la suite<\/a><\/p>","protected":false},"author":2,"featured_media":0,"parent":2956,"menu_order":0,"comment_status":"closed","ping_status":"closed","template":"","meta":{"inline_featured_image":false,"_uag_custom_page_level_css":"","footnotes":""},"class_list":["post-2993","page","type-page","status-publish"],"uagb_featured_image_src":{"full":false,"thumbnail":false,"medium":false,"medium_large":false,"large":false,"1536x1536":false,"2048x2048":false,"trp-custom-language-flag":false,"betterdocs-category-thumb":false},"uagb_author_info":{"display_name":"G.D.G. Software","author_link":"https:\/\/www.xlspadlock.com\/fr\/author\/gdgsoft"},"uagb_comment_info":0,"uagb_excerpt":"Tutorial: how to make an installer for your Excel workbooks Step 1: Configure Workbook in XLS Padlock 1. First we choose which extension we want ... Read More","_links":{"self":[{"href":"https:\/\/www.xlspadlock.com\/fr\/wp-json\/wp\/v2\/pages\/2993","targetHints":{"allow":["GET"]}}],"collection":[{"href":"https:\/\/www.xlspadlock.com\/fr\/wp-json\/wp\/v2\/pages"}],"about":[{"href":"https:\/\/www.xlspadlock.com\/fr\/wp-json\/wp\/v2\/types\/page"}],"author":[{"embeddable":true,"href":"https:\/\/www.xlspadlock.com\/fr\/wp-json\/wp\/v2\/users\/2"}],"replies":[{"embeddable":true,"href":"https:\/\/www.xlspadlock.com\/fr\/wp-json\/wp\/v2\/comments?post=2993"}],"version-history":[{"count":0,"href":"https:\/\/www.xlspadlock.com\/fr\/wp-json\/wp\/v2\/pages\/2993\/revisions"}],"up":[{"embeddable":true,"href":"https:\/\/www.xlspadlock.com\/fr\/wp-json\/wp\/v2\/pages\/2956"}],"wp:attachment":[{"href":"https:\/\/www.xlspadlock.com\/fr\/wp-json\/wp\/v2\/media?parent=2993"}],"curies":[{"name":"wp","href":"https:\/\/api.w.org\/{rel}","templated":true}]}}