{"id":3,"date":"2022-06-05T23:53:22","date_gmt":"2022-06-05T21:53:22","guid":{"rendered":"https:\/\/www.xlspadlock.com\/?page_id=3"},"modified":"2025-11-16T13:06:20","modified_gmt":"2025-11-16T12:06:20","slug":"politique-confidentialite","status":"publish","type":"page","link":"https:\/\/www.xlspadlock.com\/fr\/privacy-policy","title":{"rendered":"Politique de confidentialit\u00e9"},"content":{"rendered":"<h1 class=\"gb-headline gb-headline-a9544655 gb-headline-text gb-headline-197f6b28\">XLS Padlock \u2013 Politique de confidentialit\u00e9<\/h1>\n\n\n\n<p>Nous voulons que vous sachiez que nous prenons votre vie priv\u00e9e au s\u00e9rieux. Nous collectons des informations standard de l'industrie pour nous aider \u00e0 vous fournir de meilleurs logiciels et services comme d\u00e9crit ci-dessous.<\/p>\n\n\n\n<p>Ce site web utilise \u00e9galement des services et des liens de\/vers notre <a href=\"https:\/\/www.gdgsoft.com\" target=\"_blank\" rel=\"noopener\">site web principal<\/a>. Vous pouvez lire la politique de confidentialit\u00e9 correspondante <a href=\"https:\/\/www.gdgsoft.com\/privacy-policy\" target=\"_blank\" rel=\"noopener\">ici<\/a>.<\/p>\n\n\n\n<p>Cette Politique de Confidentialit\u00e9, qui est \u00e9galement une Politique de Protection des Donn\u00e9es Personnelles, illustre les types de donn\u00e9es personnelles que nous collectons, sauvegardons, traitons et \u00e0 quelles fins G.D.G. Software SAS (\u00ab G.D.G. Software \u00bb ou \u00ab nous \u00bb) utilise les donn\u00e9es personnelles dont vous \u00eates responsable.<br>Si vous avez des questions relatives \u00e0 cette Politique de Protection des Donn\u00e9es Personnelles ou \u00e0 l'utilisation des donn\u00e9es personnelles dont vous \u00eates responsable, n'h\u00e9sitez pas \u00e0 nous contacter par email ou par courrier postal aux adresses indiqu\u00e9es ci-dessous<\/p>\n\n\n\n<h2 class=\"wp-block-heading\">1. Collecte et traitement des donn\u00e9es personnelles, informations<\/h2>\n\n\n\n<h3 class=\"wp-block-heading\">Visiteurs du site Web<\/h3>\n\n\n\n<p>\u2022 <strong>Nom, adresse e-mail et autres informations de contact<\/strong>. Nous vous demandons et collectons des informations personnelles lorsque vous soumettez des formulaires web sur nos Sites Web (par exemple <a href=\"\/fr\/contact\/\">notre formulaire de contact<\/a>), y compris les opportunit\u00e9s de vous inscrire et d'accepter de recevoir des communications par e-mail de notre part. Nous pouvons \u00e9galement vous demander de soumettre de telles informations personnelles si vous choisissez d'utiliser des fonctionnalit\u00e9s interactives des Sites Web, y compris la participation \u00e0 des sondages, la demande de support client ou toute autre communication avec nous. Nous enverrons ces communications conform\u00e9ment \u00e0 la loi applicable.<br>\u2022 <strong>Fichiers journaux<\/strong>. Tout comme lorsque vous visitez et interagissez avec la plupart des sites web et services fournis via Internet, lorsque vous visitez notre site web, nous recueillons certaines informations et les stockons dans des fichiers journaux. Ces informations peuvent inclure, sans s'y limiter, les adresses de protocole Internet (IP), les informations de configuration du syst\u00e8me, les URL des pages de r\u00e9f\u00e9rence, ainsi que les pr\u00e9f\u00e9rences de localisation et de langue. Ces informations de visite Web sont utilis\u00e9es pour g\u00e9n\u00e9rer des donn\u00e9es statistiques agr\u00e9g\u00e9es afin d'analyser les tendances et d'administrer le site, et elles peuvent \u00eatre conserv\u00e9es sous forme anonymis\u00e9e pour des enregistrements historiques. Les adresses IP ne sont pas li\u00e9es \u00e0 des informations personnellement identifiables par nous.<br>\u2022 <strong>Cookies et autres technologies de suivi<\/strong>. Nous pouvons utiliser des cookies et d'autres technologies de collecte d'informations \u00e0 diverses fins, telles que nous fournir des informations sur la fa\u00e7on dont vous interagissez avec notre site web et nous aider dans nos efforts marketing. Vous pouvez contr\u00f4ler la mani\u00e8re dont les sites web utilisent les cookies en configurant les param\u00e8tres de confidentialit\u00e9 de votre navigateur (veuillez consulter la fonction d'aide de votre navigateur pour en savoir plus sur les contr\u00f4les des cookies). Notez que si vous d\u00e9sactivez enti\u00e8rement les cookies, notre site web pourrait ne pas fonctionner correctement.<\/p>\n\n\n\n<p>Veuillez <a href=\"https:\/\/www.xlspadlock.com\/fr\/politique-cookies-ue\/\" data-type=\"page\" data-id=\"3494\">consultez notre politique de cookies ici<\/a>.<\/p>\n\n\n\n<p>\u2022 <strong>Zones interactives<\/strong>. Notre site web peut proposer des blogs accessibles au public, des forums communautaires, des sections de commentaires, des forums de discussion ou d'autres fonctionnalit\u00e9s interactives (\u00ab Zones interactives \u00bb). Si vous choisissez de participer \u00e0 l'une de ces Zones interactives, sachez que toute information que vous publiez dans une Zone interactive peut \u00eatre lue, collect\u00e9e et utilis\u00e9e par d'autres personnes qui y acc\u00e8dent. Si vous souhaitez supprimer vos informations personnelles de l'une de nos Zones interactives, veuillez consulter la section ci-dessous intitul\u00e9e Vos droits sur les donn\u00e9es.<\/p>\n\n\n\n<h3 class=\"wp-block-heading\">Clients<\/h3>\n\n\n\n<p>Nous collectons les informations personnelles que vous fournissez lorsque vous achetez nos produits logiciels aupr\u00e8s de nos revendeurs. Cela peut inclure, sans s'y limiter, les situations suivantes : lorsque vous fournissez des informations lorsque vous demandez des informations sur, ou utilisez, un produit ou service disponible via ce site web, ou les informations que vous fournissez lorsque vous achetez nos produits ou services logiciels via nos revendeurs ; et lorsque vous soumettez une commande ou achetez et\/ou enregistrez des produits logiciels et\/ou vous inscrivez \u00e0 des services suppl\u00e9mentaires.<\/p>\n\n\n\n<p>Les informations que nous collectons peuvent inclure, sans s'y limiter, votre nom, nom d'entreprise, adresse e-mail, adresse IP, adresse de facturation et\/ou d'exp\u00e9dition, num\u00e9ro de t\u00e9l\u00e9phone, nom du mode de paiement. Nous <strong>n'avons jamais acc\u00e8s aux informations de carte de cr\u00e9dit et autres informations de paiement sensibles lors des achats<\/strong>.<\/p>\n\n\n\n<p>Paddle et FastSpring sont nos revendeurs officiels (Merchants Of Record) :<\/p>\n\n\n\n<ul class=\"wp-block-list\">\n<li>Paddle.com Market Ltd: Judd House 18-29 Mora Street London EC1V 8BT United Kingdom<\/li>\n\n\n\n<li>Bright Market, LLC d\/b\/a FastSpring, ATTN: Privacy Department, 801 Garden Street, Santa Barbara, CA 93101, \u00c9tats-Unis d'Am\u00e9rique.<\/li>\n<\/ul>\n\n\n\n<p>Toutes les ventes et achats de licences logicielles pour XLS Padlock sont g\u00e9r\u00e9s par Paddle ou FastSpring. Vous pouvez consulter leur d\u00e9claration de confidentialit\u00e9 : <a href=\"https:\/\/www.paddle.com\/legal\/privacy\" target=\"_blank\" rel=\"noopener\">Paddle <\/a>ou <a href=\"http:\/\/www.fastspring.com\/privacy\" target=\"_blank\" rel=\"noopener\">FastSpring<\/a>.<\/p>\n\n\n\n<h3 class=\"wp-block-heading\">Comment nous utilisons les donn\u00e9es personnelles<\/h3>\n\n\n\n<p>Nous pouvons utiliser les donn\u00e9es personnelles, \u00e0 notre seule discr\u00e9tion, pour satisfaire \u00e0 toute exigence l\u00e9gale applicable, enqu\u00eater et pr\u00e9venir la fraude potentielle, les abus ou toute autre activit\u00e9 ill\u00e9gale, g\u00e9rer les licences de nos logiciels, g\u00e9rer les activations de logiciels, g\u00e9rer les comptes utilisateurs, \u00e9tudier les m\u00e9triques d'utilisation, fournir nos logiciels ou autres produits et services, prot\u00e9ger les int\u00e9r\u00eats l\u00e9gaux de G.D.G. Software, de nos revendeurs et de nos utilisateurs, ou d\u00e9velopper et am\u00e9liorer nos produits et services logiciels.<\/p>\n\n\n\n<h3 class=\"wp-block-heading\">Quand nous partageons des donn\u00e9es personnelles<\/h3>\n\n\n\n<p>Nous pouvons partager les donn\u00e9es personnelles que nous traitons dans la mesure o\u00f9 cela est n\u00e9cessaire, \u00e0 notre seule discr\u00e9tion, pour satisfaire \u00e0 toute exigence l\u00e9gale applicable, enqu\u00eater et pr\u00e9venir la fraude potentielle, les abus ou toute autre activit\u00e9 ill\u00e9gale, ou prot\u00e9ger les int\u00e9r\u00eats l\u00e9gaux de G.D.G. Software, de nos revendeurs et de nos utilisateurs.<\/p>\n\n\n\n<p>Nous pouvons partager des donn\u00e9es personnelles avec nos revendeurs et des tiers sous contrat pour les traiter, conform\u00e9ment aux termes de cette politique et \u00e0 l'adoption de mesures techniques et organisationnelles ad\u00e9quates.<\/p>\n\n\n\n<h3 class=\"wp-block-heading\">Comment nous utilisons les donn\u00e9es personnelles pour vous contacter<\/h3>\n\n\n\n<p>De plus, nous pouvons traiter vos donn\u00e9es personnelles afin de<\/p>\n\n\n\n<ul class=\"wp-block-list\">\n<li>vous contacter si vous avez demand\u00e9 des informations ou une communication de notre part ;<\/li>\n\n\n\n<li>vous fournir des mises \u00e0 jour et des mises \u00e0 niveau de produits, des offres sp\u00e9ciales, des informations sur les prix, des newsletters et d'autres informations, en notre propre nom ;<\/li>\n\n\n\n<li>entreprendre toute autre activit\u00e9 promotionnelle lorsque vous avez consenti \u00e0 de telles activit\u00e9s promotionnelles ;<\/li>\n\n\n\n<li>vous permettre d'acc\u00e9der \u00e0 l'espace client ou aux services du site web, de recevoir des produits, des mises \u00e0 jour ou des services en relation avec des cl\u00e9s, des codes de connexion ou d'autres informations n\u00e9cessaires ;<\/li>\n\n\n\n<li>vous fournir un service client et\/ou un support technique efficace ;<\/li>\n\n\n\n<li>g\u00e9rer les licences logicielles que vous avez achet\u00e9es ;<\/li>\n\n\n\n<li>modifier nos sites web en fonction de vos int\u00e9r\u00eats ;<\/li>\n<\/ul>\n\n\n\n<p>Dans le cas o\u00f9 nous serions impliqu\u00e9s dans une fusion, une acquisition ou une vente d'actifs, nous pourrions divulguer vos donn\u00e9es personnelles au vendeur ou \u00e0 l'acheteur potentiel de cette entreprise ou de ces actifs.<\/p>\n\n\n\n<h3 class=\"wp-block-heading\">Newsletter<\/h3>\n\n\n\n<p>Avec votre consentement sp\u00e9cial conform\u00e9ment \u00e0 la proc\u00e9dure de double opt-in, nous utilisons votre adresse e-mail et les autres informations que vous avez fournies pour envoyer notre newsletter, \u00e0 laquelle vous pouvez vous d\u00e9sabonner \u00e0 tout moment en cliquant sur le lien de d\u00e9sactivation fourni dans chaque newsletter.<\/p>\n\n\n\n<p>Le texte du consentement est le suivant : <em>Je donne mon consentement pour \u00eatre contact\u00e9 par e-mail en utilisant les informations que j'ai fournies dans ce formulaire \u00e0 des fins d'actualit\u00e9s, de mises \u00e0 jour et de marketing<\/em>.<\/p>\n\n\n\n<h3 class=\"wp-block-heading\">Commentaires<\/h3>\n\n\n\n<p>Lorsque les visiteurs laissent des commentaires sur le site, nous collectons les donn\u00e9es affich\u00e9es dans le formulaire de commentaires, ainsi que l'adresse IP du visiteur et la cha\u00eene de l'agent utilisateur du navigateur pour aider \u00e0 la d\u00e9tection du spam.<\/p>\n\n\n\n<p>Une cha\u00eene anonymis\u00e9e cr\u00e9\u00e9e \u00e0 partir de votre adresse e-mail (\u00e9galement appel\u00e9e hash) peut \u00eatre fournie au service Gravatar pour voir si vous l'utilisez. La politique de confidentialit\u00e9 du service Gravatar est disponible ici : https:\/\/automattic.com\/privacy\/. Apr\u00e8s approbation de votre commentaire, votre photo de profil est visible au public dans le contexte de votre commentaire.<\/p>\n\n\n\n<h3 class=\"wp-block-heading\">Dur\u00e9e<\/h3>\n\n\n\n<p>Nous ne conservons vos informations personnelles que le temps n\u00e9cessaire aux fins pour lesquelles elles ont \u00e9t\u00e9 initialement collect\u00e9es (ou auxquelles vous avez ult\u00e9rieurement consenti), et comme autoris\u00e9 ou requis par la loi applicable. Nous respecterons la loi applicable et prendrons des mesures raisonnables pour nous assurer que toute personne ou entit\u00e9 recevant des informations personnelles aux fins d\u00e9crites ci-dessus est tenue de prot\u00e9ger et de s\u00e9curiser les informations personnelles en votre nom.<\/p>\n\n\n\n<h3 class=\"wp-block-heading\">Droits<\/h3>\n\n\n\n<p>Conform\u00e9ment aux lois applicables sur la protection des donn\u00e9es, vous pouvez avoir le droit d'information, de notification, de blocage ou de suppression et de r\u00e9vocation (voir ci-dessous \u00e0 la clause 6).<\/p>\n\n\n\n<h2 class=\"wp-block-heading\">2. S\u00e9curit\u00e9 et int\u00e9grit\u00e9 des donn\u00e9es<\/h2>\n\n\n\n<p>Your personal information provided to us will be processed on the computer servers (currently Microsoft Azure) on which our website is hosted. G.D.G. Software takes commercially reasonable precautions to protect the information about our customers and visitors of our website. Your personal data is transmitted in encrypted form over the Internet via an SSL process (Secure Socket Layer). We use adequate technical and organizational measures designed to secure our website and the personal data for which you are responsible against loss, destruction, access, modification or distribution by unauthorized personnel.<\/p>\n\n\n\n<p>Cependant, \u00e9tant donn\u00e9 la nature d'Internet et le fait que les mesures de s\u00e9curit\u00e9 r\u00e9seau ne sont pas infaillibles, nous ne pouvons garantir la s\u00e9curit\u00e9 des informations personnelles soumises par les clients et les visiteurs du site web. Nous d\u00e9clinons toute garantie, expresse ou implicite, que de telles pr\u00e9cautions de s\u00e9curit\u00e9 ne seront pas enfreintes, viol\u00e9es ou compromises d'une mani\u00e8re ou d'une autre.<\/p>\n\n\n\n<p>Votre compte client ne peut \u00eatre consult\u00e9 que par votre personnel autoris\u00e9 saisissant ses mots de passe personnels (code d'activation). Vous \u00eates responsable du maintien de la confidentialit\u00e9 de tous les mots de passe, qui ne doivent pas \u00eatre partag\u00e9s entre vos employ\u00e9s. Vous devez toujours garder votre mot de passe et vos informations d'acc\u00e8s confidentiels et fermer la fen\u00eatre du navigateur une fois que vous avez fini de communiquer avec nous, surtout si votre personnel partage un seul ordinateur avec d'autres. Vous disposez des droits expliqu\u00e9s ci-dessous afin de contr\u00f4ler les donn\u00e9es personnelles dont vous \u00eates responsable. Nous nous assurons que vous avez acc\u00e8s aux donn\u00e9es personnelles que vous nous avez fournies et que vous pouvez les consulter et les corriger si n\u00e9cessaire.<\/p>\n\n\n\n<h2 class=\"wp-block-heading\">3. Nos fournisseurs de services<\/h2>\n\n\n\n<p>Nous utilisons d'autres entreprises, qui peuvent inclure, sans s'y limiter, des soci\u00e9t\u00e9s affili\u00e9es actuelles ou futures, pour fournir des services conjoints ou certains services pour nous ou en notre nom et nous aider \u00e0 exploiter notre entreprise. Nous pouvons partager vos informations avec nos fournisseurs de services dans le cadre de leur prestation de services \u00e0 notre \u00e9gard. Nous pouvons \u00e9galement autoriser ces entreprises \u00e0 utiliser des informations anonymes et \u00e0 utiliser des informations personnelles agr\u00e9g\u00e9es de mani\u00e8re anonyme (c'est-\u00e0-dire lorsque les donn\u00e9es agr\u00e9g\u00e9es ne peuvent pas vous identifier personnellement), \u00e0 leurs propres fins commerciales. Nous ne partagerons pas vos informations personnelles avec nos affili\u00e9s ou des tiers non li\u00e9s pour les utiliser \u00e0 leurs propres fins marketing sans votre consentement.<\/p>\n\n\n\n<h2 class=\"wp-block-heading\">4. Droit d'information ; notification, blocage ou suppression ; r\u00e9vocation<\/h2>\n\n\n\n<p>Conform\u00e9ment aux r\u00e9glementations l\u00e9gales applicables en mati\u00e8re de protection des donn\u00e9es, les individus ont le droit d'obtenir leurs donn\u00e9es personnelles stock\u00e9es par G.D.G. Software et de comprendre les finalit\u00e9s pour lesquelles nous les traitons. Dans la zone s\u00e9curis\u00e9e de notre site web appel\u00e9e <a href=\"\/fr\/compte\/\">Mon Compte<\/a>, les clients peuvent consulter leurs donn\u00e9es personnelles li\u00e9es \u00e0 leur compte. Veuillez adresser votre demande \u00e0 l'adresse e-mail indiqu\u00e9e ci-dessous \u00e0 la clause 8.<\/p>\n\n\n\n<p>Si vous nous contactez, nous pouvons, pour votre protection, vous demander des informations suppl\u00e9mentaires pour v\u00e9rifier votre identit\u00e9. Dans la plupart des cas, nous fournirons l'acc\u00e8s que vous demandez et corrigerons ou supprimerons toute information personnelle inexacte que vous d\u00e9couvrez. Nous nous r\u00e9servons cependant le droit de limiter ou de refuser votre demande dans la mesure permise par la loi applicable si la divulgation peut entra\u00eener une violation de la loi et de la r\u00e9glementation applicables, par exemple en cas d'obligation l\u00e9gale de conserver certaines donn\u00e9es, ou si vous n'avez pas fourni de preuves suffisantes pour v\u00e9rifier votre identit\u00e9.<\/p>\n\n\n\n<p>Vous avez le droit de faire corriger toute donn\u00e9e incorrecte vous concernant. Pour ce faire, veuillez nous contacter et nous communiquer les donn\u00e9es personnelles correctes. La correction est effectu\u00e9e imm\u00e9diatement, sous r\u00e9serve d'un contr\u00f4le d'int\u00e9grit\u00e9.<\/p>\n\n\n\n<p>You also have the right to request the deletion of personal data held about you. For example, if the personal data was saved without your authorization or knowledge or if the personal data is no longer required in order to fulfill the purpose for which it was saved or to fulfill the role for which the relevant (public) body is responsible.<\/p>\n\n\n\n<p>Au lieu de la suppression, vous avez le droit de faire bloquer vos donn\u00e9es personnelles, si la suppression contrevenait aux p\u00e9riodes de conservation obligatoires, si la suppression n'est pas possible ou serait excessivement difficile ou s'il n'est pas possible de d\u00e9terminer si les donn\u00e9es personnelles sont correctes ou incorrectes. En cas de suppression de vos donn\u00e9es personnelles, ces donn\u00e9es seront supprim\u00e9es par nous imm\u00e9diatement ; si vous demandez le blocage, vos donn\u00e9es personnelles ne seront plus utilis\u00e9es par nous.<\/p>\n\n\n\n<p>Pour demander la suppression ou le blocage, il suffit de nous envoyer un e-mail informel (voir section 6).<\/p>\n\n\n\n<h2 class=\"wp-block-heading\">5. Liens vers des sites Web tiers<\/h2>\n\n\n\n<p>Ce site web fournit des liens vers des sites web tiers, qui ne sont pas sous le contr\u00f4le de G.D.G. Software. G.D.G. Software ne fait aucune d\u00e9claration concernant les sites web tiers. Lorsque vous acc\u00e9dez \u00e0 un site web non-G.D.G. Software, vous le faites \u00e0 vos propres risques. G.D.G. Software n'est pas responsable de la fiabilit\u00e9 des donn\u00e9es, opinions, conseils ou d\u00e9clarations faits sur des sites tiers. G.D.G. Software fournit ces liens uniquement pour des raisons de commodit\u00e9. L'inclusion de tels liens n'implique pas que G.D.G. Software approuve, recommande ou accepte une quelconque responsabilit\u00e9 quant au contenu de ces sites.<\/p>\n\n\n\n<h2 class=\"wp-block-heading\">6. Responsable du traitement et d\u00e9l\u00e9gu\u00e9 \u00e0 la protection des donn\u00e9es<\/h2>\n\n\n\n<p>Le responsable du traitement de ce site web est : G.D.G. Software SAS.<\/p>\n\n\n\n<p>Si vous avez d'autres questions sur la collecte, le traitement ou l'utilisation de vos donn\u00e9es personnelles, si vous souhaitez obtenir des informations sur vos donn\u00e9es ou les corriger, les bloquer ou les supprimer, si vous souhaitez r\u00e9voquer des consentements pr\u00e9c\u00e9demment \u00e9mis, veuillez contacter <a href=\"mailto:{{'privacy@gdgsoft.com'|safe_email}}\">privacy@gdgsoft.com<\/a><\/p>\n\n\n\n<p>Pour contacter le D\u00e9l\u00e9gu\u00e9 \u00e0 la Protection des Donn\u00e9es, veuillez consulter nos <a href=\"https:\/\/www.gdgsoft.com\/about\" target=\"_blank\" rel=\"noopener\">mentions l\u00e9gales sur notre site web principal<\/a> ou envoyez un e-mail \u00e0 <a href=\"mailto:{{'privacy@gdgsoft.com'|safe_email}}\">privacy@gdgsoft.com<\/a><\/p>\n\n\n\n<h2 class=\"wp-block-heading\">7. Modifications de la politique<\/h2>\n\n\n\n<p>Cette politique de confidentialit\u00e9 peut changer de temps \u00e0 autre conform\u00e9ment \u00e0 la l\u00e9gislation ou aux d\u00e9veloppements de l'industrie. Nous n'informerons pas explicitement nos clients ou utilisateurs du site web de ces changements. Au lieu de cela, nous vous recommandons de consulter cette page occasionnellement pour toute modification de la politique.<\/p>\n\n\n\n<p>Derni\u00e8re mise \u00e0 jour de la politique en avril 2025 (dernier changement : suppression de Share-It, ajout de Paddle).<\/p>\n\n\n\n<p>Ceci est la politique de protection des donn\u00e9es personnelles pour XLS Padlock par G.D.G. Software SAS. Si vous avez des questions sur cette politique de confidentialit\u00e9, n'h\u00e9sitez pas \u00e0 nous contacter \u00e0 <a href=\"mailto:{{'privacy@gdgsoft.com'|safe_email}}\">privacy@gdgsoft.com<\/a><\/p>","protected":false},"excerpt":{"rendered":"<p>XLS Padlock &#8211; Privacy Policy We want you to know that we take your privacy seriously. We collect industry standard information to help us provide &#8230; <a title=\"Politique de confidentialit\u00e9\" class=\"read-more\" href=\"https:\/\/www.xlspadlock.com\/fr\/privacy-policy\" aria-label=\"En savoir plus sur Politique de confidentialit\u00e9\">Lire la suite<\/a><\/p>","protected":false},"author":2,"featured_media":0,"parent":0,"menu_order":0,"comment_status":"closed","ping_status":"closed","template":"","meta":{"inline_featured_image":false,"_uag_custom_page_level_css":"","footnotes":""},"class_list":["post-3","page","type-page","status-publish"],"uagb_featured_image_src":{"full":false,"thumbnail":false,"medium":false,"medium_large":false,"large":false,"1536x1536":false,"2048x2048":false,"trp-custom-language-flag":false,"betterdocs-category-thumb":false},"uagb_author_info":{"display_name":"G.D.G. Software","author_link":"https:\/\/www.xlspadlock.com\/fr\/author\/gdgsoft"},"uagb_comment_info":0,"uagb_excerpt":"XLS Padlock &#8211; Privacy Policy We want you to know that we take your privacy seriously. We collect industry standard information to help us provide ... Read More","_links":{"self":[{"href":"https:\/\/www.xlspadlock.com\/fr\/wp-json\/wp\/v2\/pages\/3","targetHints":{"allow":["GET"]}}],"collection":[{"href":"https:\/\/www.xlspadlock.com\/fr\/wp-json\/wp\/v2\/pages"}],"about":[{"href":"https:\/\/www.xlspadlock.com\/fr\/wp-json\/wp\/v2\/types\/page"}],"author":[{"embeddable":true,"href":"https:\/\/www.xlspadlock.com\/fr\/wp-json\/wp\/v2\/users\/2"}],"replies":[{"embeddable":true,"href":"https:\/\/www.xlspadlock.com\/fr\/wp-json\/wp\/v2\/comments?post=3"}],"version-history":[{"count":0,"href":"https:\/\/www.xlspadlock.com\/fr\/wp-json\/wp\/v2\/pages\/3\/revisions"}],"wp:attachment":[{"href":"https:\/\/www.xlspadlock.com\/fr\/wp-json\/wp\/v2\/media?parent=3"}],"curies":[{"name":"wp","href":"https:\/\/api.w.org\/{rel}","templated":true}]}}