{"id":3102,"date":"2022-07-17T18:35:54","date_gmt":"2022-07-17T16:35:54","guid":{"rendered":"https:\/\/www.xlspadlock.com\/?page_id=3102"},"modified":"2025-11-16T17:07:51","modified_gmt":"2025-11-16T16:07:51","slug":"video","status":"publish","type":"page","link":"https:\/\/www.xlspadlock.com\/fr\/video","title":{"rendered":"Vid\u00e9os et tutoriels"},"content":{"rendered":"<div class=\"gb-grid-wrapper gb-grid-wrapper-8d16e32d\">\n<div class=\"gb-grid-column gb-grid-column-06994670\"><div class=\"gb-container gb-container-06994670\"><div class=\"gb-inside-container\">\n\n<h1 class=\"gb-headline gb-headline-a9544655 gb-headline-text gb-headline-197f6b28\">Vid\u00e9os et tutoriels de XLS Padlock<\/h1>\n\n\n\n<p>Quelques vid\u00e9os sur XLS Padlock et des tutoriels.<\/p>\n\n\n\n<p class=\"gb-headline gb-headline-79b3fb13\"><span class=\"gb-icon\"><svg aria-hidden=\"true\" role=\"img\" height=\"1em\" width=\"1em\" viewbox=\"0 0 512 512\" xmlns=\"http:\/\/www.w3.org\/2000\/svg\"><path fill=\"currentColor\" d=\"M256 8C119.033 8 8 119.033 8 256s111.033 248 248 248 248-111.033 248-248S392.967 8 256 8zm0 48c110.532 0 200 89.451 200 200 0 110.532-89.451 200-200 200-110.532 0-200-89.451-200-200 0-110.532 89.451-200 200-200m140.204 130.267l-22.536-22.718c-4.667-4.705-12.265-4.736-16.97-.068L215.346 303.697l-59.792-60.277c-4.667-4.705-12.265-4.736-16.97-.069l-22.719 22.536c-4.705 4.667-4.736 12.265-.068 16.971l90.781 91.516c4.667 4.705 12.265 4.736 16.97.068l172.589-171.204c4.704-4.668 4.734-12.266.067-16.971z\"><\/path><\/svg><\/span><span class=\"gb-headline-text\"><strong>Vous voulez apprendre avec des vid\u00e9os \u00e9tape par \u00e9tape ?<\/strong><br>Procurez-vous notre cours de 4,5 heures sur les fonctionnalit\u00e9s, conseils et astuces de XLS Padlock !<br>\ud83d\udc49 <a href=\"https:\/\/excelvbaisfun.com\/product\/excel-to-exe-make-secure-windows-applications-from-excel\/?ref=5\" rel=\"sponsored nofollow noopener\" target=\"_blank\">Cliquez ici pour voir le cours<\/a><\/span><\/p>\n\n\n\t\t\t\t<div class=\"wp-block-uagb-table-of-contents uagb-toc__align-left uagb-toc__columns-1  uagb-block-514e7e65\"\n\t\t\t\t\tdata-scroll= \"1\"\n\t\t\t\t\tdata-offset= \"30\"\n\t\t\t\t\tstyle=\"\"\n\t\t\t\t>\n\t\t\t\t<div class=\"uagb-toc__wrap\">\n\t\t\t\t\t\t<div class=\"uagb-toc__title\">\n\t\t\t\t\t\t\tTable des mati\u00e8res\t\t\t\t\t\t<\/div>\n\t\t\t\t\t\t\t\t\t\t\t\t\t\t\t\t\t\t\t\t\t\t<div class=\"uagb-toc__list-wrap\">\n\t\t\t\t\t\t<ol class=\"uagb-toc__list\"><li class=\"uagb-toc__list\"><a href=\"#stronger-excel-formula-protection-with-xls-padlock\" class=\"uagb-toc-link__trigger\">Protection renforc\u00e9e des formules Excel avec XLS Padlock<\/a><li class=\"uagb-toc__list\"><a href=\"#hardware-locking-excel-spreadsheets-with-xls-padlock\" class=\"uagb-toc-link__trigger\">Verrouillage mat\u00e9riel des feuilles de calcul Excel avec XLS Padlock<\/a><li class=\"uagb-toc__list\"><a href=\"#convert-excel-files-to-exe-windows-executable-apps\" class=\"uagb-toc-link__trigger\">Convertir les fichiers Excel en applications ex\u00e9cutables EXE Windows<\/a><li class=\"uagb-toc__list\"><a href=\"#xls-padlock-presentation\" class=\"uagb-toc-link__trigger\">Pr\u00e9sentation de XLS Padlock<\/a><li class=\"uagb-toc__list\"><a href=\"#how-to-use-the-vba-compiler-of-xls-padlock\" class=\"uagb-toc-link__trigger\">Comment utiliser le compilateur VBA de XLS Padlock<\/a><\/ol>\t\t\t\t\t<\/div>\n\t\t\t\t\t\t\t\t\t<\/div>\n\t\t\t\t<\/div>\n\t\t\t\n\n<div class=\"gb-container gb-container-de243463\"><div class=\"gb-inside-container\">\n\n<h2 class=\"gb-headline gb-headline-17e65438 gb-headline-text\">Protection renforc\u00e9e des formules Excel avec XLS Padlock<\/h2>\n\n\n\n<p>La Protection des Formules de XLS Padlock est une fonctionnalit\u00e9 de s\u00e9curit\u00e9 robuste pour les classeurs Excel car les formules originales n'existent plus dans le classeur s\u00e9curis\u00e9 : elles sont remplac\u00e9es par des formules cryptiques reconnues uniquement par les applications s\u00e9curis\u00e9es. Bien s\u00fbr, les formules et le classeur fonctionnent toujours comme pr\u00e9vu.<\/p>\n\n<\/div><\/div>\n<\/div><\/div><\/div>\n\n<div class=\"gb-grid-column gb-grid-column-fec3e325\"><div class=\"gb-container gb-container-fec3e325\"><div class=\"gb-inside-container\">\n\n<figure class=\"gb-block-image gb-block-image-550bd6ed\"><img loading=\"lazy\" decoding=\"async\" width=\"400\" height=\"371\" class=\"gb-image gb-image-550bd6ed\" src=\"https:\/\/www.xlspadlock.com\/wp-content\/uploads\/videotuto.webp\" alt=\"\" title=\"videotuto\" srcset=\"https:\/\/cdn.xlspadlock.com\/20251108181617\/videotuto.webp 400w, https:\/\/cdn.xlspadlock.com\/20251108181617\/videotuto-300x278.webp 300w\" sizes=\"auto, (max-width: 400px) 100vw, 400px\" \/><\/figure>\n\n<\/div><\/div><\/div>\n<\/div>\n\n<div class=\"gb-container gb-container-343537b9\"><div class=\"gb-inside-container\">\n\n<figure class=\"wp-block-embed is-type-rich is-provider-embed-handler wp-block-embed-embed-handler wp-embed-aspect-16-9 wp-has-aspect-ratio\"><div class=\"wp-block-embed__wrapper\">\n<iframe loading=\"lazy\" title=\"Protection renforc\u00e9e des formules Excel avec XLS Padlock - Revue\" width=\"1200\" height=\"675\" src=\"https:\/\/www.youtube.com\/embed\/EEPHekybgZ4?feature=oembed\" frameborder=\"0\" allow=\"accelerometer; autoplay; clipboard-write; encrypted-media; gyroscope; picture-in-picture; web-share\" referrerpolicy=\"strict-origin-when-cross-origin\" allowfullscreen><\/iframe>\n<\/div><\/figure>\n\n\n\n<h2 class=\"gb-headline gb-headline-ac383681 gb-headline-text wp-embed-aspect-4-3 wp-has-aspect-ratio\">Verrouillage mat\u00e9riel des feuilles de calcul Excel avec XLS Padlock<\/h2>\n\n\n\n<p class=\"wp-embed-aspect-4-3 wp-has-aspect-ratio\">Apprenez \u00e0 s\u00e9curiser vos classeurs Excel avec le verrouillage mat\u00e9riel dans ce tutoriel vid\u00e9o. D\u00e9couvrez \u00e9tape par \u00e9tape comment prot\u00e9ger vos fichiers et restreindre l'acc\u00e8s avec des cl\u00e9s d'activation verrouill\u00e9es mat\u00e9riellement, garantissant que seuls les utilisateurs autoris\u00e9s peuvent acc\u00e9der \u00e0 vos donn\u00e9es.<\/p>\n\n\n\n<figure class=\"wp-block-embed is-type-rich is-provider-embed-handler wp-block-embed-embed-handler wp-embed-aspect-16-9 wp-has-aspect-ratio\"><div class=\"wp-block-embed__wrapper\">\n<iframe loading=\"lazy\" title=\"Verrouillage mat\u00e9riel des classeurs Excel avec XLS Padlock : S\u00e9curisez vos feuilles de calcul - Tutoriel \u00e9tape par \u00e9tape\" width=\"1200\" height=\"675\" src=\"https:\/\/www.youtube.com\/embed\/OK86zsA6hRk?feature=oembed\" frameborder=\"0\" allow=\"accelerometer; autoplay; clipboard-write; encrypted-media; gyroscope; picture-in-picture; web-share\" referrerpolicy=\"strict-origin-when-cross-origin\" allowfullscreen><\/iframe>\n<\/div><\/figure>\n\n\n\n<h2 class=\"gb-headline gb-headline-d83f5fe1 gb-headline-text wp-embed-aspect-4-3 wp-has-aspect-ratio\">Convertir les fichiers Excel en applications ex\u00e9cutables EXE Windows<\/h2>\n\n\n\n<p class=\"wp-embed-aspect-4-3 wp-has-aspect-ratio\">Dan de <a href=\"https:\/\/excelvbaisfun.com\/product\/excel-to-exe-make-secure-windows-applications-from-excel\/?ref=5\" rel=\"sponsored nofollow noopener\" target=\"_blank\">ExcelVBAIsFun<\/a> vous explique comment utiliser XLS Padlock pour convertir des fichiers Excel en EXE (deux parties) :<\/p>\n\n\n\n<figure class=\"wp-block-embed is-type-video is-provider-youtube wp-block-embed-youtube wp-embed-aspect-16-9 wp-has-aspect-ratio\"><div class=\"wp-block-embed__wrapper\">\n<iframe loading=\"lazy\" title=\"Convertir les fichiers Excel en applications ex\u00e9cutables EXE Windows - Extrait de d\u00e9mo ExcelVbaIsFun - Partie 1\" width=\"1200\" height=\"675\" src=\"https:\/\/www.youtube.com\/embed\/AQfL4PFJkBk?feature=oembed\" frameborder=\"0\" allow=\"accelerometer; autoplay; clipboard-write; encrypted-media; gyroscope; picture-in-picture; web-share\" referrerpolicy=\"strict-origin-when-cross-origin\" allowfullscreen><\/iframe>\n<\/div><\/figure>\n\n\n\n<figure class=\"wp-block-embed is-type-video is-provider-youtube wp-block-embed-youtube wp-embed-aspect-16-9 wp-has-aspect-ratio\"><div class=\"wp-block-embed__wrapper\">\n<iframe loading=\"lazy\" title=\"Comment convertir les fichiers Excel en applications ex\u00e9cutables EXE Windows - Extrait de d\u00e9mo ExcelVbaIsFun - Partie 2\" width=\"1200\" height=\"675\" src=\"https:\/\/www.youtube.com\/embed\/SrxdPQX62UQ?feature=oembed\" frameborder=\"0\" allow=\"accelerometer; autoplay; clipboard-write; encrypted-media; gyroscope; picture-in-picture; web-share\" referrerpolicy=\"strict-origin-when-cross-origin\" allowfullscreen><\/iframe>\n<\/div><\/figure>\n\n\n\n<h2 class=\"gb-headline gb-headline-1a6460a3 gb-headline-text wp-embed-aspect-4-3 wp-has-aspect-ratio\">Pr\u00e9sentation de XLS Padlock<\/h2>\n\n\n\n<p class=\"wp-embed-aspect-4-3 wp-has-aspect-ratio\">Les bases de XLS Padlock sont rapidement pass\u00e9es en revue dans cette courte pr\u00e9sentation vid\u00e9o.<\/p>\n\n\n\n<figure class=\"wp-block-embed is-type-rich is-provider-embed-handler wp-block-embed-embed-handler wp-embed-aspect-4-3 wp-has-aspect-ratio\"><div class=\"wp-block-embed__wrapper\">\n<iframe loading=\"lazy\" title=\"Pr\u00e9sentation de XLS Padlock - Logiciel de protection Excel\" width=\"1200\" height=\"900\" src=\"https:\/\/www.youtube.com\/embed\/WogKUpvBlrw?feature=oembed\" frameborder=\"0\" allow=\"accelerometer; autoplay; clipboard-write; encrypted-media; gyroscope; picture-in-picture; web-share\" referrerpolicy=\"strict-origin-when-cross-origin\" allowfullscreen><\/iframe>\n<\/div><\/figure>\n\n\n\n<h2 class=\"gb-headline gb-headline-50bd4627 gb-headline-text\">Comment utiliser le compilateur VBA de XLS Padlock<\/h2>\n\n\n\n<p>XLS Padlock dispose d'un compilateur VBA int\u00e9gr\u00e9 : il peut transformer votre code VBA Excel en bytecode fonctionnel non accessible aux utilisateurs finaux. Transformer des parties de vos macros VBA en code compil\u00e9 permet de les s\u00e9curiser : le code original n'existe plus et ne peut pas \u00eatre copi\u00e9.<\/p>\n\n\n\n<p>Ce tutoriel vid\u00e9o vise \u00e0 vous montrer comment prot\u00e9ger une simple fonction VBA Excel :<\/p>\n\n\n\n<figure class=\"wp-block-embed is-type-rich is-provider-embed-handler wp-block-embed-embed-handler wp-embed-aspect-16-9 wp-has-aspect-ratio\"><div class=\"wp-block-embed__wrapper\">\n<iframe loading=\"lazy\" title=\"Prot\u00e9ger le code VBA dans Excel contre la copie avec XLS Padlock\" width=\"1200\" height=\"675\" src=\"https:\/\/www.youtube.com\/embed\/pSSvBXm6Cg4?feature=oembed\" frameborder=\"0\" allow=\"accelerometer; autoplay; clipboard-write; encrypted-media; gyroscope; picture-in-picture; web-share\" referrerpolicy=\"strict-origin-when-cross-origin\" allowfullscreen><\/iframe>\n<\/div><\/figure>\n\n\n\n<p><\/p>\n\n<\/div><\/div>","protected":false},"excerpt":{"rendered":"<p>Hardware Locking Excel Spreadsheets with XLS Padlock Learn how to secure your Excel workbooks with hardware locking in this video tutorial. Discover step-by-step how to &#8230; <a title=\"Vid\u00e9os et tutoriels\" class=\"read-more\" href=\"https:\/\/www.xlspadlock.com\/fr\/video\" aria-label=\"En savoir plus sur Screencasts and Video\">Lire la suite<\/a><\/p>","protected":false},"author":2,"featured_media":0,"parent":0,"menu_order":0,"comment_status":"closed","ping_status":"closed","template":"","meta":{"inline_featured_image":false,"_uag_custom_page_level_css":"","footnotes":""},"class_list":["post-3102","page","type-page","status-publish"],"uagb_featured_image_src":{"full":false,"thumbnail":false,"medium":false,"medium_large":false,"large":false,"1536x1536":false,"2048x2048":false,"trp-custom-language-flag":false,"betterdocs-category-thumb":false},"uagb_author_info":{"display_name":"G.D.G. Software","author_link":"https:\/\/www.xlspadlock.com\/fr\/author\/gdgsoft"},"uagb_comment_info":0,"uagb_excerpt":"Hardware Locking Excel Spreadsheets with XLS Padlock Learn how to secure your Excel workbooks with hardware locking in this video tutorial. Discover step-by-step how to ... Read More","_links":{"self":[{"href":"https:\/\/www.xlspadlock.com\/fr\/wp-json\/wp\/v2\/pages\/3102","targetHints":{"allow":["GET"]}}],"collection":[{"href":"https:\/\/www.xlspadlock.com\/fr\/wp-json\/wp\/v2\/pages"}],"about":[{"href":"https:\/\/www.xlspadlock.com\/fr\/wp-json\/wp\/v2\/types\/page"}],"author":[{"embeddable":true,"href":"https:\/\/www.xlspadlock.com\/fr\/wp-json\/wp\/v2\/users\/2"}],"replies":[{"embeddable":true,"href":"https:\/\/www.xlspadlock.com\/fr\/wp-json\/wp\/v2\/comments?post=3102"}],"version-history":[{"count":0,"href":"https:\/\/www.xlspadlock.com\/fr\/wp-json\/wp\/v2\/pages\/3102\/revisions"}],"wp:attachment":[{"href":"https:\/\/www.xlspadlock.com\/fr\/wp-json\/wp\/v2\/media?parent=3102"}],"curies":[{"name":"wp","href":"https:\/\/api.w.org\/{rel}","templated":true}]}}