{"id":3363,"date":"2023-02-25T01:03:21","date_gmt":"2023-02-25T00:03:21","guid":{"rendered":"https:\/\/www.xlspadlock.com\/?page_id=3363"},"modified":"2025-11-16T13:29:33","modified_gmt":"2025-11-16T12:29:33","slug":"compilateur-vba","status":"publish","type":"page","link":"https:\/\/www.xlspadlock.com\/fr\/vba-compiler","title":{"rendered":"Compilateur VBA"},"content":{"rendered":"<h1 class=\"gb-headline gb-headline-a9544655 gb-headline-text gb-headline-197f6b28\">Un Compilateur VBA Int\u00e9gr\u00e9 pour Macros Excel. Conversion VBA vers EXE Facilit\u00e9e.<\/h1>\n\n\n<div class=\"gb-grid-wrapper gb-grid-wrapper-e22c996b\">\n<div class=\"gb-grid-column gb-grid-column-550ff7d6\"><div class=\"gb-container gb-container-550ff7d6\">\n\n<p>Vous cherchez un compilateur VBA robuste pour vos macros Excel ? En effet, <a href=\"https:\/\/learn.microsoft.com\/en-us\/office\/vba\/language\/reference\/user-interface-help\/visual-basic-conceptual-topics\" target=\"_blank\" rel=\"noopener\">les macros VBA<\/a> dans les feuilles de calcul Excel peuvent \u00eatre des outils incroyablement puissants, vous permettant d'automatiser des t\u00e2ches r\u00e9p\u00e9titives et d'effectuer facilement des calculs complexes. Cependant, le code VBA Excel qui sous-tend ces macros est vuln\u00e9rable au vol, \u00e0 la copie et \u00e0 la falsification.<\/p>\n\n\n\n<p>Heureusement, notre <a href=\"https:\/\/www.xlspadlock.com\/fr\/compilateur-excel\/\">compilateur Excel<\/a> XLS Padlock offre un int\u00e9gr\u00e9 <strong>compilateur VBA<\/strong>. Ce dernier peut <strong>prot\u00e9ger votre code VBA Excel en le compilant en code binaire<\/strong> <strong>totalement s\u00e9curis\u00e9 et inaccessible aux autres<\/strong>. De plus, avec la fonctionnalit\u00e9 de conversion VBA vers EXE de XLS Padlock, vous pouvez s\u00e9curiser davantage votre code. Ensuite, distribuez-le comme une application autonome et <a href=\"https:\/\/www.xlspadlock.com\/fr\/vendre-classeurs-excel-avec-woocommerce\/\">gagnez de l'argent en le vendant \u00e0 vos clients<\/a>!<\/p>\n\n<\/div><\/div>\n\n<div class=\"gb-grid-column gb-grid-column-90ebb7a2\"><div class=\"gb-container gb-container-90ebb7a2\">\n\n<figure class=\"wp-block-image size-full\"><img loading=\"lazy\" decoding=\"async\" width=\"512\" height=\"394\" src=\"https:\/\/cdn.xlspadlock.com\/20251108182206\/vba-compiling.webp\" alt=\"Compilation VBA\" class=\"wp-image-3384\" srcset=\"https:\/\/cdn.xlspadlock.com\/20251108182206\/vba-compiling.webp 512w, https:\/\/cdn.xlspadlock.com\/20251108182206\/vba-compiling-300x231.webp 300w\" sizes=\"auto, (max-width: 512px) 100vw, 512px\" \/><\/figure>\n\n<\/div><\/div>\n<\/div>\n\n\n<h2 class=\"wp-block-heading\" id=\"h-what-is-xls-padlock\">Qu'est-ce que XLS Padlock ?<\/h2>\n\n\n\n<p>XLS Padlock est un outil puissant qui offre une protection compl\u00e8te pour les classeurs Excel. Il fonctionne comme un <a href=\"https:\/\/www.xlspadlock.com\/fr\/compilateur-excel\/\">compilateur de feuilles de calcul<\/a> qui offre de nombreuses fonctionnalit\u00e9s, y compris <a href=\"https:\/\/www.xlspadlock.com\/fr\/proteger-classeur\/\">la protection des fichiers de classeur par virtualisation<\/a>, polyvalentes<a href=\"https:\/\/www.xlspadlock.com\/fr\/classeur-excel-activation-en-ligne\/\"> fonctionnalit\u00e9s de licence<\/a> (y compris <a href=\"https:\/\/www.xlspadlock.com\/fr\/excel-cles-verrouillees-materiel\/\">le verrouillage mat\u00e9riel<\/a>) pour emp\u00eacher l'acc\u00e8s non autoris\u00e9 et prot\u00e9ger votre propri\u00e9t\u00e9 intellectuelle. De plus, XLS Padlock comprend un compilateur VBA int\u00e9gr\u00e9 qui peut compiler votre code VBA en code binaire.<\/p>\n\n\n\n<div style=\"height:19px\" aria-hidden=\"true\" class=\"wp-block-spacer\"><\/div>\n\n\n\n<h2 class=\"wp-block-heading\" id=\"h-how-does-the-vba-compiler-in-xls-padlock-work\">Comment fonctionne le Compilateur VBA dans XLS Padlock ?<\/h2>\n\n\n\n<p>Le compilateur VBA dans XLS Padlock fonctionne en prenant votre code VBA Excel et en le convertissant en une forme. Ce code VBA compil\u00e9 est donc totalement s\u00e9curis\u00e9 et inaccessible aux autres. Le <strong>code VBA original n'est plus visible, donc les utilisateurs finaux ne peuvent pas le copier ou le modifier<\/strong>. En compilant vos macros VBA en code binaire, vous pouvez vous assurer de prot\u00e9ger votre propri\u00e9t\u00e9 intellectuelle. Enfin, avec la fonctionnalit\u00e9 de conversion VBA vers EXE, vous pouvez s\u00e9curiser davantage votre code VBA et le partager comme une application autonome.<\/p>\n\n\n\n<p>Voici du code VBA d\u00e9plac\u00e9 dans le compilateur VBA. Vous conservez simplement la d\u00e9claration Sub et son End Sub :<\/p>\n\n\n<div class=\"wp-block-image\">\n<figure class=\"aligncenter\"><img loading=\"lazy\" decoding=\"async\" width=\"500\" height=\"157\" src=\"https:\/\/cdn.xlspadlock.com\/20251108181613\/image-14.png\" alt=\"Code VBA Original\" class=\"wp-image-2609\" srcset=\"https:\/\/cdn.xlspadlock.com\/20251108181613\/image-14.png 500w, https:\/\/cdn.xlspadlock.com\/20251108181613\/image-14-300x94.png 300w\" sizes=\"auto, (max-width: 500px) 100vw, 500px\" \/><\/figure>\n<\/div>\n\n\n<p>Une fois d\u00e9plac\u00e9 dans notre compilateur VBA, vous invoquez le code remplac\u00e9 avec une fonction cryptique nomm\u00e9e CallXLSPadlockVBA :<\/p>\n\n\n<div class=\"wp-block-image\">\n<figure class=\"aligncenter\"><img loading=\"lazy\" decoding=\"async\" width=\"633\" height=\"227\" src=\"https:\/\/cdn.xlspadlock.com\/20251108181613\/image-15.png\" alt=\"Code VBA Prot\u00e9g\u00e9\" class=\"wp-image-2610\" srcset=\"https:\/\/cdn.xlspadlock.com\/20251108181613\/image-15.png 633w, https:\/\/cdn.xlspadlock.com\/20251108181613\/image-15-300x108.png 300w\" sizes=\"auto, (max-width: 633px) 100vw, 633px\" \/><\/figure>\n<\/div>\n\n\n<p>Comme indiqu\u00e9, nous avons substitu\u00e9 le code original dans la fonction calculate() par un appel \u00e0 CallXLSPadlockVBA, une fonction int\u00e9gr\u00e9e de XLS Padlock. <strong>Cette fonction ex\u00e9cute le bytecode compil\u00e9, qui est inaccessible aux utilisateurs finaux<\/strong>. Cependant, la fonction VBA calculate() reste enti\u00e8rement fonctionnelle, m\u00eame dans le classeur Excel original avant le processus de compilation.<\/p>\n\n\n\n<p>Nous avons transf\u00e9r\u00e9 le code VBA original de calculate() vers le Compilateur VBA de XLS Padlock directement dans Microsoft Excel. Ensuite, nous avons compil\u00e9 le code. Nous pouvons maintenant l'invoquer avec CallXLSPadlockVBA({nom de la sous-routine VBA compil\u00e9e \u00e0 invoquer}).<\/p>\n\n\n<div class=\"wp-block-image\">\n<figure class=\"aligncenter size-full\"><img loading=\"lazy\" decoding=\"async\" width=\"824\" height=\"363\" src=\"https:\/\/cdn.xlspadlock.com\/20251108184327\/image_58.png\" alt=\"Compilateur VBA\" class=\"wp-image-4326\" srcset=\"https:\/\/cdn.xlspadlock.com\/20251108184327\/image_58.png 824w, https:\/\/cdn.xlspadlock.com\/20251108184327\/image_58-300x132.png 300w, https:\/\/cdn.xlspadlock.com\/20251108184327\/image_58-768x338.png 768w, https:\/\/cdn.xlspadlock.com\/20251108184327\/image_58-18x8.png 18w, https:\/\/cdn.xlspadlock.com\/20251108184327\/image_58-360x159.png 360w\" sizes=\"auto, (max-width: 824px) 100vw, 824px\" \/><\/figure>\n<\/div>\n\n\n<div style=\"height:34px\" aria-hidden=\"true\" class=\"wp-block-spacer\"><\/div>\n\n\n\n<h2 class=\"wp-block-heading\" id=\"h-what-are-the-benefits-of-using-the-vba-compiler-in-xls-padlock\">Quels sont les avantages d'utiliser le Compilateur VBA dans XLS Padlock ?<\/h2>\n\n\n\n<p>Le Compilateur VBA Excel dans XLS Padlock offre de nombreux avantages, notamment :<\/p>\n\n\n\n<div class=\"wp-block-uagb-icon-list uagb-block-bcad4476\"><div class=\"uagb-icon-list__wrap\">\n<div class=\"wp-block-uagb-icon-list-child uagb-block-98ce140e\"><span class=\"uagb-icon-list__source-wrap\"><svg xmlns=\"https:\/\/www.w3.org\/2000\/svg\" viewbox=\"0 0 512 512\"><path d=\"M256 0C114.6 0 0 114.6 0 256c0 141.4 114.6 256 256 256s256-114.6 256-256C512 114.6 397.4 0 256 0zM406.6 278.6l-103.1 103.1c-12.5 12.5-32.75 12.5-45.25 0s-12.5-32.75 0-45.25L306.8 288H128C110.3 288 96 273.7 96 256s14.31-32 32-32h178.8l-49.38-49.38c-12.5-12.5-12.5-32.75 0-45.25s32.75-12.5 45.25 0l103.1 103.1C414.6 241.3 416 251.1 416 256C416 260.9 414.6 270.7 406.6 278.6z\"><\/path><\/svg><\/span><span class=\"uagb-icon-list__label\"><strong>Protection de votre propri\u00e9t\u00e9 intellectuelle :<\/strong> avec le compilateur VBA Excel, rendez vos macros VBA totalement s\u00e9curis\u00e9es et leur code inaccessible aux autres. Votre code original n'existe plus, vous n'avez donc pas \u00e0 vous soucier de l'acc\u00e8s non autoris\u00e9 ou de la copie.<\/span><\/div>\n\n\n\n<div class=\"wp-block-uagb-icon-list-child uagb-block-1ef9dfb8\"><span class=\"uagb-icon-list__source-wrap\"><svg xmlns=\"https:\/\/www.w3.org\/2000\/svg\" viewbox=\"0 0 512 512\"><path d=\"M256 0C114.6 0 0 114.6 0 256c0 141.4 114.6 256 256 256s256-114.6 256-256C512 114.6 397.4 0 256 0zM406.6 278.6l-103.1 103.1c-12.5 12.5-32.75 12.5-45.25 0s-12.5-32.75 0-45.25L306.8 288H128C110.3 288 96 273.7 96 256s14.31-32 32-32h178.8l-49.38-49.38c-12.5-12.5-12.5-32.75 0-45.25s32.75-12.5 45.25 0l103.1 103.1C414.6 241.3 416 251.1 416 256C416 260.9 414.6 270.7 406.6 278.6z\"><\/path><\/svg><\/span><span class=\"uagb-icon-list__label\"><strong>Performance accrue :<\/strong> le code compil\u00e9 s'ex\u00e9cute plus rapidement que le code interpr\u00e9t\u00e9, de sorte que vos macros s'ex\u00e9cuteront plus rapidement et efficacement.<\/span><\/div>\n\n\n\n<div class=\"wp-block-uagb-icon-list-child uagb-block-d5a3f79f\"><span class=\"uagb-icon-list__source-wrap\"><svg xmlns=\"https:\/\/www.w3.org\/2000\/svg\" viewbox=\"0 0 512 512\"><path d=\"M256 0C114.6 0 0 114.6 0 256c0 141.4 114.6 256 256 256s256-114.6 256-256C512 114.6 397.4 0 256 0zM406.6 278.6l-103.1 103.1c-12.5 12.5-32.75 12.5-45.25 0s-12.5-32.75 0-45.25L306.8 288H128C110.3 288 96 273.7 96 256s14.31-32 32-32h178.8l-49.38-49.38c-12.5-12.5-12.5-32.75 0-45.25s32.75-12.5 45.25 0l103.1 103.1C414.6 241.3 416 251.1 416 256C416 260.9 414.6 270.7 406.6 278.6z\"><\/path><\/svg><\/span><span class=\"uagb-icon-list__label\"><strong>Plus puissant que la simple obfuscation VBA : <\/strong>des fonctions enti\u00e8res ou des parties de votre code VBA peuvent \u00eatre d\u00e9plac\u00e9es vers notre compilateur VBA. Contrairement \u00e0 l'obfuscation VBA, notre compilateur transforme le code VBA lisible par l'homme en bytecode con\u00e7u pour les machines.<\/span><\/div>\n\n\n\n<div class=\"wp-block-uagb-icon-list-child uagb-block-208b90ef\"><span class=\"uagb-icon-list__source-wrap\"><svg xmlns=\"https:\/\/www.w3.org\/2000\/svg\" viewbox=\"0 0 512 512\"><path d=\"M256 0C114.6 0 0 114.6 0 256c0 141.4 114.6 256 256 256s256-114.6 256-256C512 114.6 397.4 0 256 0zM406.6 278.6l-103.1 103.1c-12.5 12.5-32.75 12.5-45.25 0s-12.5-32.75 0-45.25L306.8 288H128C110.3 288 96 273.7 96 256s14.31-32 32-32h178.8l-49.38-49.38c-12.5-12.5-12.5-32.75 0-45.25s32.75-12.5 45.25 0l103.1 103.1C414.6 241.3 416 251.1 416 256C416 260.9 414.6 270.7 406.6 278.6z\"><\/path><\/svg><\/span><span class=\"uagb-icon-list__label\"><strong>Convertir VBA en EXE :<\/strong> En convertissant votre code VBA en EXE, vous pouvez cr\u00e9er des applications autonomes encore plus s\u00e9curis\u00e9es qui ne peuvent pas \u00eatre ouvertes ou modifi\u00e9es sans votre permission, gr\u00e2ce \u00e0 notre cl\u00e9 d'activation optionnelle et \u00e0 notre syst\u00e8me de licence pour les classeurs Excel. Le code VBA compil\u00e9 est stock\u00e9 de mani\u00e8re s\u00e9curis\u00e9e dans le fichier EXE par notre compilateur Excel.<\/span><\/div>\n<\/div><\/div>\n\n\n\n<div style=\"height:16px\" aria-hidden=\"true\" class=\"wp-block-spacer\"><\/div>\n\n\n\n<h2 class=\"wp-block-heading\" id=\"h-conclusion\">Conclusion<\/h2>\n\n\n\n<p>XLS Padlock offre une<strong> solution puissante et pratique pour prot\u00e9ger vos macros VBA<\/strong> dans les feuilles de calcul Excel. Avec son compilateur VBA int\u00e9gr\u00e9, vous pouvez compiler votre code VBA en code binaire totalement s\u00e9curis\u00e9 et inaccessible aux autres. De plus, avec la fonctionnalit\u00e9 de conversion VBA vers EXE, vous pouvez s\u00e9curiser davantage votre code et <a href=\"https:\/\/www.xlspadlock.com\/fr\/vendre-classeurs-excel-avec-woocommerce\/\">le distribuer comme une application autonome<\/a>, et vendre vos applications Excel. Cela offre une protection d\u00e9finitive pour votre code VBA, m\u00eame sans une faible protection par mot de passe VBA.<\/p>\n\n\n<div class=\"gb-container gb-container-62df9841\">\n\n<div class=\"wp-block-uagb-call-to-action uagb-block-d7504857 wp-block-button\"><div class=\"uagb-cta__wrap\"><h3 class=\"uagb-cta__title\">Essayez notre Compilateur VBA<\/h3><p class=\"uagb-cta__desc\">Essayez XLS Padlock d\u00e8s aujourd'hui et profitez de la tranquillit\u00e9 d'esprit en sachant que votre propri\u00e9t\u00e9 intellectuelle est prot\u00e9g\u00e9e gr\u00e2ce \u00e0 notre compilateur VBA Excel, inclus sans co\u00fbt suppl\u00e9mentaire dans notre logiciel de protection de classeur Excel XLS Padlock.<\/p><\/div><div class=\"uagb-cta__buttons\"><a href=\"\/fr\/telecharger\/\" class=\"uagb-cta__button-link-wrapper wp-block-button__link\" target=\"_self\" rel=\"noopener noreferrer\">Essai gratuit<svg xmlns=\"https:\/\/www.w3.org\/2000\/svg\" viewbox=\"0 0 512 512\"><path d=\"M504.3 273.6l-112.1 104c-6.992 6.484-17.18 8.218-25.94 4.406c-8.758-3.812-14.42-12.45-14.42-21.1L351.9 288H32C14.33 288 .0002 273.7 .0002 255.1S14.33 224 32 224h319.9l0-72c0-9.547 5.66-18.19 14.42-22c8.754-3.809 18.95-2.075 25.94 4.41l112.1 104C514.6 247.9 514.6 264.1 504.3 273.6z\"><\/path><\/svg><\/a><\/div><\/div>\n\n<\/div>","protected":false},"excerpt":{"rendered":"<p>An Integrated VBA Compiler for Excel Macros. Easy VBA to EXE. What is XLS Padlock? XLS Padlock is a powerful tool that provides complete protection &#8230; <a title=\"Compilateur VBA\" class=\"read-more\" href=\"https:\/\/www.xlspadlock.com\/fr\/vba-compiler\" aria-label=\"En savoir plus sur VBA Compiler\">Lire la suite<\/a><\/p>","protected":false},"author":2,"featured_media":0,"parent":0,"menu_order":0,"comment_status":"closed","ping_status":"closed","template":"","meta":{"inline_featured_image":false,"_uag_custom_page_level_css":"","footnotes":""},"class_list":["post-3363","page","type-page","status-publish"],"uagb_featured_image_src":{"full":false,"thumbnail":false,"medium":false,"medium_large":false,"large":false,"1536x1536":false,"2048x2048":false,"trp-custom-language-flag":false,"betterdocs-category-thumb":false},"uagb_author_info":{"display_name":"G.D.G. Software","author_link":"https:\/\/www.xlspadlock.com\/fr\/author\/gdgsoft"},"uagb_comment_info":0,"uagb_excerpt":"An Integrated VBA Compiler for Excel Macros. Easy VBA to EXE. What is XLS Padlock? XLS Padlock is a powerful tool that provides complete protection ... Read More","_links":{"self":[{"href":"https:\/\/www.xlspadlock.com\/fr\/wp-json\/wp\/v2\/pages\/3363","targetHints":{"allow":["GET"]}}],"collection":[{"href":"https:\/\/www.xlspadlock.com\/fr\/wp-json\/wp\/v2\/pages"}],"about":[{"href":"https:\/\/www.xlspadlock.com\/fr\/wp-json\/wp\/v2\/types\/page"}],"author":[{"embeddable":true,"href":"https:\/\/www.xlspadlock.com\/fr\/wp-json\/wp\/v2\/users\/2"}],"replies":[{"embeddable":true,"href":"https:\/\/www.xlspadlock.com\/fr\/wp-json\/wp\/v2\/comments?post=3363"}],"version-history":[{"count":0,"href":"https:\/\/www.xlspadlock.com\/fr\/wp-json\/wp\/v2\/pages\/3363\/revisions"}],"wp:attachment":[{"href":"https:\/\/www.xlspadlock.com\/fr\/wp-json\/wp\/v2\/media?parent=3363"}],"curies":[{"name":"wp","href":"https:\/\/api.w.org\/{rel}","templated":true}]}}